{"id":9941,"date":"2021-01-23T19:59:50","date_gmt":"2021-01-23T18:59:50","guid":{"rendered":"http:\/\/agora.xtec.cat\/ceip-practiques-tarragona\/?page_id=9941"},"modified":"2024-04-10T23:59:48","modified_gmt":"2024-04-10T21:59:48","slug":"xandall","status":"publish","type":"page","link":"https:\/\/agora.xtec.cat\/ceip-practiques-tarragona\/afa\/xandall\/","title":{"rendered":"Xandall"},"content":{"rendered":"<style><{visibility:hidden;height:0px}<\/style>\n<p><strong>Mitjan\u00e7ant la tenda virtual que trobareu en aquesta p\u00e0gina podeu comprar l\u2019equipaci\u00f3 esportiva escolar.<\/strong><\/p>\n<table style=\"width: 100%; height: 552px;\">\n<tbody>\n<tr style=\"height: 106px;\">\n<td style=\"height: 106px;\" colspan=\"2\"><img loading=\"lazy\" decoding=\"async\" class=\"\" src=\"https:\/\/agora.xtec.cat\/ceip-practiques-tarragona\/wp-content\/uploads\/usu583\/2021\/06\/logo-uni4me.png\" width=\"263\" height=\"85\" \/><\/td>\n<\/tr>\n<tr style=\"height: 446px;\">\n<td style=\"width: 30%; height: 446px;\"><img decoding=\"async\" class=\"\" src=\"https:\/\/agora.xtec.cat\/ceip-practiques-tarragona\/wp-content\/uploads\/usu583\/2021\/08\/xandall-def.png\" width=\"300\" \/><\/td>\n<td style=\"width: 70%; height: 446px;\"><strong>Les peces de roba i teixits s\u00f3n 100% de fabricaci\u00f3 local i de proximitat.<\/strong><\/p>\n<ul>\n<li>S'ha habilitat un acc\u00e9s directe a la <u><a href=\"https:\/\/school.uni4me.net\/_escola\/intranet.php?action=school_login&amp;lang=ca&amp;school_code=EPTA-01\" target=\"_blank\" rel=\"noopener noreferrer\">Tenda virtual<\/a><\/u> que us dirigir\u00e0 directament i on podreu realitzar la vostra comanda del xandall<\/li>\n<li>Si us demana codi de centre, cal que indiqueu EPTA-01<\/li>\n<li>Cal registrar-se per tenir-hi acc\u00e9s i rebre informaci\u00f3 de qualsevol novetat o promoci\u00f3. Una vegada registrats, podreu accedir-hi escrivint l\u2019e-mail i la contrasenya.<\/li>\n<li>Alternativament, el registre es pot fer via telef\u00f2nica trucant al tel\u00e8fon <a href=\"tel:\/\/+34931847229\">931 847 229<\/a> on us ajudaran a realitzar el registre i la comanda desitjada.<\/li>\n<\/ul>\n<\/td>\n<\/tr>\n<\/tbody>\n<\/table>\n<p class=\"link link_tenda\"><a href=\"https:\/\/school.uni4me.net\/_escola\/intranet.php?action=school_login&amp;lang=ca&amp;school_code=EPTA-01\" target=\"_blank\" rel=\"noopener noreferrer\">Tenda virtual<\/a><\/p>\n<p class=\"link link_page\"><a href=\"https:\/\/agora.xtec.cat\/ceip-practiques-tarragona\/afa\/xandall\/normativa-i-instruccions-de-compra-enviament-recollida-i-devolucions\/\" target=\"_blank\" rel=\"noopener noreferrer\">Normativa i instruccions de compra, enviament, recollida i devolucions <\/a><\/p>\n<p class=\"link link_page\"><a href=\"http:\/\/agora.xtec.cat\/ceip-practiques-tarragona\/ampa\/xandall\/faqs-xandall\/\" rel=\"noopener noreferrer\">Preguntes freq\u00fcents<\/a><\/p>\n<p class=\"link link_jaqueta\"><a href=\"https:\/\/agora.xtec.cat\/ceip-practiques-tarragona\/afa\/xandall\/jaqueta-families\"><b>Jaqueta de xandall <\/b>per a fam\u00edlies<\/a><\/p>\n","protected":false},"excerpt":{"rendered":"","protected":false},"author":55,"featured_media":0,"parent":9539,"menu_order":10,"comment_status":"closed","ping_status":"closed","template":"","meta":{"_bbp_topic_count":0,"_bbp_reply_count":0,"_bbp_total_topic_count":0,"_bbp_total_reply_count":0,"_bbp_voice_count":0,"_bbp_anonymous_reply_count":0,"_bbp_topic_count_hidden":0,"_bbp_reply_count_hidden":0,"_bbp_forum_subforum_count":0,"footnotes":""},"class_list":["post-9941","page","type-page","status-publish","hentry"],"post_mailing_queue_ids":[],"_links":{"self":[{"href":"https:\/\/agora.xtec.cat\/ceip-practiques-tarragona\/wp-json\/wp\/v2\/pages\/9941","targetHints":{"allow":["GET"]}}],"collection":[{"href":"https:\/\/agora.xtec.cat\/ceip-practiques-tarragona\/wp-json\/wp\/v2\/pages"}],"about":[{"href":"https:\/\/agora.xtec.cat\/ceip-practiques-tarragona\/wp-json\/wp\/v2\/types\/page"}],"author":[{"embeddable":true,"href":"https:\/\/agora.xtec.cat\/ceip-practiques-tarragona\/wp-json\/wp\/v2\/users\/55"}],"replies":[{"embeddable":true,"href":"https:\/\/agora.xtec.cat\/ceip-practiques-tarragona\/wp-json\/wp\/v2\/comments?post=9941"}],"version-history":[{"count":7,"href":"https:\/\/agora.xtec.cat\/ceip-practiques-tarragona\/wp-json\/wp\/v2\/pages\/9941\/revisions"}],"predecessor-version":[{"id":14701,"href":"https:\/\/agora.xtec.cat\/ceip-practiques-tarragona\/wp-json\/wp\/v2\/pages\/9941\/revisions\/14701"}],"up":[{"embeddable":true,"href":"https:\/\/agora.xtec.cat\/ceip-practiques-tarragona\/wp-json\/wp\/v2\/pages\/9539"}],"wp:attachment":[{"href":"https:\/\/agora.xtec.cat\/ceip-practiques-tarragona\/wp-json\/wp\/v2\/media?parent=9941"}],"curies":[{"name":"wp","href":"https:\/\/api.w.org\/{rel}","templated":true}]}}