{"id":9730,"date":"2020-12-30T22:04:02","date_gmt":"2020-12-30T21:04:02","guid":{"rendered":"http:\/\/agora.xtec.cat\/ceip-practiques-tarragona\/?page_id=9730"},"modified":"2025-10-14T13:12:00","modified_gmt":"2025-10-14T11:12:00","slug":"activitats-extraescolars","status":"publish","type":"page","link":"https:\/\/agora.xtec.cat\/ceip-practiques-tarragona\/afa\/serveis-afa\/activitats-extraescolars\/","title":{"rendered":"Activitats extraescolars curs 2025\/26"},"content":{"rendered":"<p>Aqu\u00ed trobar\u00e0s la informaci\u00f3 sobre les <b>activitats extraescolars pel curs 2025\/26.<\/b><\/p>\n<p><a href=\"https:\/\/agora.xtec.cat\/ceip-practiques-tarragona\/wp-content\/uploads\/usu583\/2025\/07\/Extraescolars-AFAPractiques-2526.png\"><img loading=\"lazy\" decoding=\"async\" class=\"alignnone size-full wp-image-15887\" src=\"https:\/\/agora.xtec.cat\/ceip-practiques-tarragona\/wp-content\/uploads\/usu583\/2025\/07\/Extraescolars-AFAPractiques-2526.png\" alt=\"\" width=\"615\" height=\"870\" srcset=\"https:\/\/agora.xtec.cat\/ceip-practiques-tarragona\/wp-content\/uploads\/usu583\/2025\/07\/Extraescolars-AFAPractiques-2526.png 615w, https:\/\/agora.xtec.cat\/ceip-practiques-tarragona\/wp-content\/uploads\/usu583\/2025\/07\/Extraescolars-AFAPractiques-2526-212x300.png 212w\" sizes=\"auto, (max-width: 615px) 100vw, 615px\" \/><\/a><\/p>\n<p>Si us plau, fam\u00edlies, <b>llegiu el <\/b><strong>dossier<\/strong>, ja que hi consta la\u00a0<b>normativa a seguir<\/b>, els <b>quadrants de les activitats<\/b> de migdia, de tarda i els <strong>preus<\/strong> de les activitats.<\/p>\n<p class=\"link\"><a href=\"https:\/\/agora.xtec.cat\/ceip-practiques-tarragona\/wp-content\/uploads\/usu583\/2025\/10\/INFORMACIO-DE-LES-ACTIVITATS-EXTRAESCOLARS-2025.26-141025.pdf\"><strong>DOSSIER DE LES ACTIVITATS EXTRAESCOLARS DE L\u2019AFA CURS 2025-26<\/strong><\/a><\/p>\n<p><em>Actualitzat 23 de juliol de 2025<\/em><\/p>\n<p>Per a poder-se apuntar a les activitats extraescolars <strong>caldr\u00e0 ser fam\u00edlia associada.<\/strong><\/p>\n<blockquote><p><strong>Formulari d&#8217;inscripci\u00f3<\/strong><\/p><\/blockquote>\n<p>Per fer la inscripci\u00f3 de cada activitat, caldr\u00e0 fer un pagament previ de la quantitat de la quota mensual de cada activitat en concepte de matr\u00edcula (aquest import es descomptar\u00e0 de la mensualitat de maig) en el termini d\u2019inscripci\u00f3 (del 17 al 27 de juliol) per transfer\u00e8ncia banc\u00e0ria al compte corrent de l\u2019AFA del BBVA: ES15 0182 4359 4202 0000 3910. Excepte en cros, que no caldr\u00e0 matr\u00edcula.<\/p>\n<p>Caldr\u00e0 enviar el justificant bancari mitjan\u00e7ant dinantia.<\/p>\n<p>Per exemple, per l&#8217;activitat de judo, que t\u00e9 una quota mensual de 30 \u20ac, caldr\u00e0 fer una transfer\u00e8ncia de 30 \u20ac en concepte de matr\u00edcula. I aix\u00ed, per cada activitat amb les seves corresponents quotes.<\/p>\n<div data-pm-slice=\"2 4 [&quot;divBlock&quot;,{},&quot;divBlock&quot;,{},&quot;divBlock&quot;,{}]\">\n<p><strong>Les novetats d&#8217;enguany s\u00f3n les seg\u00fcents:<\/strong><\/p>\n<ul>\n<li>S&#8217;ha incorporat <strong>Handbol<\/strong>.<\/li>\n<li>S&#8217;han obert grups de <strong>Costura <\/strong>a les tardes per poder repartir millor els grups i acollir m\u00e9s infants. Tot i que en el formulari veureu dos dies, l&#8217;activitat \u00e9s nom\u00e9s una tarda. Si esteu interessats\/des en l&#8217;horari de tarda marqueu la tarda que desitgeu i us vagi millor. Si teniu disponibilitat els dos dies, marqueu-los els dos, ja que ens ajudar\u00e0 per a configurar i distribuir grups.<\/li>\n<li>S&#8217;ha obert tamb\u00e9 un segon grup per <strong>Dibuix i Creativitat<\/strong>. Tot i que en el formulari veureu dos dies, l&#8217;activitat \u00e9s nom\u00e9s una tarda. Si hi esteu interessats\/des marqueu la tarda que desitgeu i us vagi millor. Si teniu disponibilitat els dos dies, marqueu els dos, ja que ens ajudar\u00e0 per a configurar i distribuir grups.<\/li>\n<li>Depenent del nombre d&#8217;inscripcions es podrien <strong>desdoblar grups<\/strong> de Patinatge i V\u00f2lei, per\u00f2 ara mateix no est\u00e0 contemplat en la proposta d&#8217;horari.<\/li>\n<\/ul>\n<\/div>\n<p><strong>El proc\u00e9s i les dates a recordar per tal d&#8217;apuntar-se a les activitats extraescolars \u00e9s el seg\u00fcent:<\/strong><\/p>\n<table style=\"border-collapse: collapse; width: 100%; height: 131px;\">\n<tbody>\n<tr style=\"height: 33px;\">\n<td style=\"width: 33%; height: 33px;\"><strong>Inscripci\u00f3<\/strong><\/td>\n<td style=\"width: 33%; height: 33px;\"><strong>Formaci\u00f3 de grups<\/strong><\/td>\n<td style=\"width: 33%; height: 33px;\"><strong>Inici d&#8217;activitats<\/strong><\/td>\n<\/tr>\n<tr style=\"height: 33px;\">\n<td style=\"width: 33%; height: 32px;\">\u00a0del 17 al 27 de juliol de 2025<\/td>\n<td style=\"width: 33%; height: 32px;\">Despr\u00e9s del tancament d&#8217;inscripcions<\/td>\n<td style=\"width: 33%; height: 32px;\">El dimecres 1 d&#8217;octubre de 2025<\/td>\n<\/tr>\n<tr style=\"height: 66px;\">\n<td style=\"width: 33%; height: 66px;\">\n<ul>\n<li>El dia 17 de juliol s&#8217;envia un Dinantia amb la informaci\u00f3 sobre el proc\u00e9s d&#8217;inscripci\u00f3 i informaci\u00f3 sobre les activitats.<\/li>\n<li>Haureu d&#8217;emplenar el formulari i fer el pagament previ de l&#8217;import corresponent a la matr\u00edcula per a cada activitat.<\/li>\n<\/ul>\n<\/td>\n<td style=\"width: 33%; height: 66px;\">\n<ul>\n<li>Un cop ven\u00e7ut el termini d&#8217;inscripci\u00f3, es configuraran els grups, i es gestionaran possibles fusions o desdoblaments de grups si \u00e9s el cas. Estigueu atents i atentes al Dinantia perqu\u00e8 \u00e9s possible que us comuniquem algun canvi que requereixi la vostra resposta.<\/li>\n<\/ul>\n<\/td>\n<td style=\"width: 33%; height: 66px;\">\n<ul>\n<li>Un cop fetes les gestions de creaci\u00f3 de grups, s&#8217;iniciaran les activitats i grups que s&#8217;hagin pogut formar.<\/li>\n<li>Quedaran obertes les llistes d&#8217;espera per tots aquells alumnes que s&#8217;hagin inscrit, per\u00f2 que no hagin pogut accedir per manca de places.<\/li>\n<\/ul>\n<\/td>\n<\/tr>\n<\/tbody>\n<\/table>\n<p>Si durant el curs escolar alguna fam\u00edlia vol inscriure al seu fill o filla, haur\u00e0 d&#8217;enviar un missatge via <span style=\"text-decoration: underline;\"><a href=\"https:\/\/agora.xtec.cat\/ceip-practiques-tarragona\/afa\/dinantia\/\">Dinantia<\/a><\/span>. Caldr\u00e0 indicar l&#8217;activitat, nom i cognoms del fill o filla i el curs i classe. La inscripci\u00f3 quedar\u00e0 subjecta a disponibilitat de places i a la valoraci\u00f3 per part de l&#8217;AFA, si s&#8217;escau.<\/p>\n<p>PROPOSTA D&#8217;HORARIS ACTIVITATS EXTRAESCOLARS AFA PR\u00c0CTIQUES CURS 2025-26 (actualitzat 23\/7\/2025)<\/p>\n<p><em>Nota: L&#8217;horari de rob\u00f2tica de tarda continuar\u00e0 sent de 16.30 h a 18.00 h, com fins ara.<\/em><\/p>\n<div id=\"HORARIS 2024-25_2006\" align=\"center\">\n<table width=\"602\">\n<tbody>\n<tr>\n<td colspan=\"7\" width=\"602\">HORARIS ACTIVITATS EXTRAESCOLARS AFA PR\u00c0CTIQUES CURS 2025-26<\/td>\n<\/tr>\n<tr>\n<td colspan=\"7\">Actualitzaci\u00f3 25\/09\/25<\/td>\n<\/tr>\n<tr>\n<td><\/td>\n<td><\/td>\n<td><\/td>\n<td><\/td>\n<td><\/td>\n<td><\/td>\n<td><\/td>\n<\/tr>\n<tr>\n<td colspan=\"2\">\u00a0MIGDIA<\/td>\n<td>DILLUNS<\/td>\n<td>DIMARTS<\/td>\n<td>DIMECRES<\/td>\n<td>DIJOUS<\/td>\n<td>DIVENDRES<\/td>\n<\/tr>\n<tr>\n<td>I4<\/td>\n<td width=\"94\">14:00 a 15:00<\/td>\n<td style=\"font-weight: 400;\" width=\"94\">CANTAR, SALT.<\/td>\n<td style=\"font-weight: 400;\">ANGL\u00c8S<\/td>\n<td style=\"font-weight: 400;\">ROB\u00d2TICA<\/td>\n<td style=\"font-weight: 400;\">ANGL\u00c8S<\/td>\n<td style=\"font-weight: 400;\">CONTES I AV.<\/td>\n<\/tr>\n<tr>\n<td>I5<\/td>\n<td width=\"94\">14:00 a 15:00<\/td>\n<td style=\"font-weight: 400;\" width=\"94\">CANTAR, SALT.<\/td>\n<td style=\"font-weight: 400;\">ANGL\u00c8S<\/td>\n<td style=\"font-weight: 400;\">ROB\u00d2TICA<\/td>\n<td style=\"font-weight: 400;\">ANGL\u00c8S<\/td>\n<td style=\"font-weight: 400;\">CONTES I AV.<\/td>\n<\/tr>\n<tr>\n<td rowspan=\"2\">1r<\/td>\n<td rowspan=\"2\">14:00 a 15:00<\/td>\n<td style=\"font-weight: 400;\" rowspan=\"2\">ANGL\u00c8S<\/td>\n<td style=\"font-weight: 400;\">MANUALITATS<\/td>\n<td style=\"font-weight: 400;\">TEATRE<\/td>\n<td rowspan=\"2\">BALL I COREO.<\/td>\n<td rowspan=\"2\"><\/td>\n<\/tr>\n<tr>\n<td style=\"font-weight: 400;\">COSTURA<\/td>\n<td style=\"font-weight: 400;\">ANGL\u00c8S<\/td>\n<\/tr>\n<tr>\n<td rowspan=\"3\">2n<\/td>\n<td width=\"94\">12:30 a 13:30<\/td>\n<td><\/td>\n<td><\/td>\n<td><\/td>\n<td><\/td>\n<td style=\"font-weight: 400;\">COSTURA<\/td>\n<\/tr>\n<tr>\n<td rowspan=\"2\">14:00 a 15:00<\/td>\n<td style=\"font-weight: 400;\" rowspan=\"2\">ANGL\u00c8S<\/td>\n<td style=\"font-weight: 400;\" rowspan=\"2\">MANUALITATS<\/td>\n<td style=\"font-weight: 400;\">TEATRE<\/td>\n<td rowspan=\"2\">BALL I COREO.<\/td>\n<td rowspan=\"2\"><\/td>\n<\/tr>\n<tr>\n<td style=\"font-weight: 400;\">ANGL\u00c8S<\/td>\n<\/tr>\n<tr>\n<td rowspan=\"3\">3r<\/td>\n<td width=\"94\">12:30 a 13:30<\/td>\n<td style=\"font-weight: 400;\">MANUALITATS<\/td>\n<td style=\"font-weight: 400;\">ANGL\u00c8S<\/td>\n<td><\/td>\n<td style=\"font-weight: 400;\">ANGL\u00c8S<\/td>\n<td><\/td>\n<\/tr>\n<tr>\n<td rowspan=\"2\" width=\"94\">14:00 a 15:00<\/td>\n<td rowspan=\"2\"><\/td>\n<td rowspan=\"2\"><\/td>\n<td style=\"font-weight: 400;\">COSTURA<\/td>\n<td rowspan=\"2\">BALL I COREO.<\/td>\n<td rowspan=\"2\"><\/td>\n<\/tr>\n<tr>\n<td style=\"font-weight: 400;\">TEATRE<\/td>\n<\/tr>\n<tr>\n<td rowspan=\"2\">4t<\/td>\n<td width=\"94\">12:30 a 13:30<\/td>\n<td style=\"font-weight: 400;\">MANUALITATS<\/td>\n<td style=\"font-weight: 400;\">ANGL\u00c8S<\/td>\n<td style=\"font-weight: 400;\">COSTURA<\/td>\n<td style=\"font-weight: 400;\">ANGL\u00c8S<\/td>\n<td><\/td>\n<\/tr>\n<tr>\n<td width=\"94\">14:00 a 15:00<\/td>\n<td><\/td>\n<td><\/td>\n<td style=\"font-weight: 400;\">TEATRE<\/td>\n<td>BALL I COREO.<\/td>\n<td><\/td>\n<\/tr>\n<tr>\n<td rowspan=\"2\">5\u00e8<\/td>\n<td width=\"94\">12:30 a 13:30<\/td>\n<td style=\"font-weight: 400;\" width=\"94\">ANGL\u00c8S<\/td>\n<td width=\"100\"><\/td>\n<td style=\"font-weight: 400;\" width=\"98\">ANGL\u00c8S<\/td>\n<td style=\"font-weight: 400;\" width=\"94\">MANUALITATS<\/td>\n<td><\/td>\n<\/tr>\n<tr>\n<td width=\"94\">14:00 a 15:00<\/td>\n<td width=\"94\"><\/td>\n<td width=\"100\"><\/td>\n<td style=\"font-weight: 400;\" width=\"98\">TEATRE<\/td>\n<td width=\"94\">BALL I COREO.<\/td>\n<td style=\"font-weight: 400;\">COSTURA<\/td>\n<\/tr>\n<tr>\n<td rowspan=\"2\">6\u00e8<\/td>\n<td width=\"94\">12:30 a 13:30<\/td>\n<td style=\"font-weight: 400;\" width=\"94\">ANGL\u00c8S<\/td>\n<td style=\"font-weight: 400;\">COSTURA<\/td>\n<td style=\"font-weight: 400;\" width=\"98\">ANGL\u00c8S<\/td>\n<td style=\"font-weight: 400;\">MANUALITATS<\/td>\n<td><\/td>\n<\/tr>\n<tr>\n<td width=\"94\">14:00 a 15:00<\/td>\n<td width=\"94\"><\/td>\n<td><\/td>\n<td style=\"font-weight: 400;\" width=\"98\">TEATRE<\/td>\n<td width=\"94\">BALL I COREO.<\/td>\n<td><\/td>\n<\/tr>\n<tr>\n<td><\/td>\n<td><\/td>\n<td><\/td>\n<td><\/td>\n<td><\/td>\n<td><\/td>\n<td><\/td>\n<\/tr>\n<tr>\n<td colspan=\"2\">\u00a0TARDA<\/td>\n<td>DILLUNS<\/td>\n<td>DIMARTS<\/td>\n<td>DIMECRES<\/td>\n<td>DIJOUS<\/td>\n<td>DIVENDRES<\/td>\n<\/tr>\n<tr>\n<td>I3<\/td>\n<td width=\"94\">16.30 a 17:30<\/td>\n<td><\/td>\n<td><\/td>\n<td>PSICOESPORT<\/td>\n<td><\/td>\n<td><\/td>\n<\/tr>\n<tr>\n<td rowspan=\"3\">I4<\/td>\n<td width=\"94\">16.30 a 17:30<\/td>\n<td><\/td>\n<td><\/td>\n<td>PSICOESPORT<\/td>\n<td><\/td>\n<td><\/td>\n<\/tr>\n<tr>\n<td rowspan=\"2\" width=\"94\">16.30 a 18:00<\/td>\n<td style=\"font-weight: 400;\">PSICOJUDO<\/td>\n<td rowspan=\"2\"><\/td>\n<td rowspan=\"2\"><\/td>\n<td rowspan=\"2\"><\/td>\n<td rowspan=\"2\"><\/td>\n<\/tr>\n<tr>\n<td style=\"font-weight: 400;\">PATINATGE<\/td>\n<\/tr>\n<tr>\n<td rowspan=\"3\">I5<\/td>\n<td width=\"94\">16.30 a 17:45<\/td>\n<td><\/td>\n<td><\/td>\n<td><\/td>\n<td>INICIAESPORT<\/td>\n<td><\/td>\n<\/tr>\n<tr>\n<td rowspan=\"2\" width=\"94\">16.30 a 18:00<\/td>\n<td style=\"font-weight: 400;\">PSICOJUDO<\/td>\n<td rowspan=\"2\"><\/td>\n<td rowspan=\"2\"><\/td>\n<td rowspan=\"2\"><\/td>\n<td rowspan=\"2\"><\/td>\n<\/tr>\n<tr>\n<td style=\"font-weight: 400;\">PATINATGE<\/td>\n<\/tr>\n<tr>\n<td rowspan=\"4\">1r<\/td>\n<td>16.30 a 17.30<\/td>\n<td><\/td>\n<td><\/td>\n<td>COSTURA<\/td>\n<td><\/td>\n<td><\/td>\n<\/tr>\n<tr>\n<td>16.30 a 17.45<\/td>\n<td style=\"font-weight: 400;\">VOLEI<\/td>\n<td><\/td>\n<td style=\"font-weight: 400;\">VOLEI<\/td>\n<td>INICIAESPORT<\/td>\n<td><\/td>\n<\/tr>\n<tr>\n<td rowspan=\"2\" width=\"94\">16.30 a 18:00<\/td>\n<td style=\"font-weight: 400;\">PSICOJUDO<\/td>\n<td rowspan=\"2\"><\/td>\n<td style=\"font-weight: 400;\" rowspan=\"2\">JUDO<\/td>\n<td style=\"font-weight: 400;\" rowspan=\"2\">ROB\u00d2TICA<\/td>\n<td rowspan=\"2\"><\/td>\n<\/tr>\n<tr>\n<td style=\"font-weight: 400;\">PATINATGE<\/td>\n<\/tr>\n<tr>\n<td rowspan=\"3\">2n<\/td>\n<td>16.30 a 17.30<\/td>\n<td><\/td>\n<td><\/td>\n<td>COSTURA<\/td>\n<td><\/td>\n<td><\/td>\n<\/tr>\n<tr>\n<td>16.30 a 17.45<\/td>\n<td style=\"font-weight: 400;\">VOLEI<\/td>\n<td><\/td>\n<td style=\"font-weight: 400;\">VOLEI<\/td>\n<td><\/td>\n<td><\/td>\n<\/tr>\n<tr>\n<td>16.30 a 18:00<\/td>\n<td style=\"font-weight: 400;\">PATINATGE<\/td>\n<td width=\"100\"><\/td>\n<td style=\"font-weight: 400;\">JUDO<\/td>\n<td style=\"font-weight: 400;\">ROB\u00d2TICA<\/td>\n<td><\/td>\n<\/tr>\n<tr>\n<td rowspan=\"3\">3r<\/td>\n<td>16.30 a 17.30<\/td>\n<td>DIBUIX I CREATIVITAT<\/td>\n<td>DIBUIX I CREATIVITAT<\/td>\n<td>COSTURA<\/td>\n<td><\/td>\n<td><\/td>\n<\/tr>\n<tr>\n<td>16.30 a 17.45<\/td>\n<td style=\"font-weight: 400;\" width=\"94\">VOLEI<\/td>\n<td><\/td>\n<td style=\"font-weight: 400;\" width=\"98\">VOLEI<\/td>\n<td><\/td>\n<td><\/td>\n<\/tr>\n<tr>\n<td>16.30 a 18:00<\/td>\n<td style=\"font-weight: 400;\">PATINATGE<\/td>\n<td width=\"100\"><\/td>\n<td style=\"font-weight: 400;\">JUDO<\/td>\n<td style=\"font-weight: 400;\">ROB\u00d2TICA<\/td>\n<td><\/td>\n<\/tr>\n<tr>\n<td rowspan=\"3\">4t<\/td>\n<td>16.30 a 17.30<\/td>\n<td>DIBUIX I CREATIVITAT<\/td>\n<td>DIBUIX I CREATIVITAT<\/td>\n<td>COSTURA<\/td>\n<td><\/td>\n<td><\/td>\n<\/tr>\n<tr>\n<td>16.30 a 17.45<\/td>\n<td style=\"font-weight: 400;\">VOLEI<\/td>\n<td><\/td>\n<td style=\"font-weight: 400;\">VOLEI<\/td>\n<td><\/td>\n<td><\/td>\n<\/tr>\n<tr>\n<td>16.30 a 18:00<\/td>\n<td width=\"94\"><\/td>\n<td width=\"100\"><\/td>\n<td style=\"font-weight: 400;\">JUDO<\/td>\n<td style=\"font-weight: 400;\">ROB\u00d2TICA<\/td>\n<td><\/td>\n<\/tr>\n<tr>\n<td rowspan=\"4\">5\u00e8<\/td>\n<td>16.30 a 17.30<\/td>\n<td>DIBUIX I CREATIVITAT<\/td>\n<td>DIBUIX I CREATIVITAT<\/td>\n<td>COSTURA<\/td>\n<td><\/td>\n<td><\/td>\n<\/tr>\n<tr>\n<td>16.30 a 17:45<\/td>\n<td style=\"font-weight: 400;\">VOLEI<\/td>\n<td><\/td>\n<td style=\"font-weight: 400;\">VOLEI<\/td>\n<td><\/td>\n<td><\/td>\n<\/tr>\n<tr>\n<td rowspan=\"2\">16.30 a 18:00<\/td>\n<td rowspan=\"2\"><\/td>\n<td rowspan=\"2\" width=\"100\"><\/td>\n<td style=\"font-weight: 400;\">JUDO<\/td>\n<td style=\"font-weight: 400;\" rowspan=\"2\">ROB\u00d2TICA<\/td>\n<td style=\"font-weight: 400;\" rowspan=\"2\">B\u00c0SQUET<\/td>\n<\/tr>\n<tr>\n<td style=\"font-weight: 400;\">B\u00c0SQUET<\/td>\n<\/tr>\n<tr>\n<td rowspan=\"4\">6\u00e8<\/td>\n<td>16.30 a 17.30<\/td>\n<td>DIBUIX I CREATIVITAT<\/td>\n<td>DIBUIX I CREATIVITAT<\/td>\n<td>COSTURA<\/td>\n<td><\/td>\n<td><\/td>\n<\/tr>\n<tr>\n<td>16.30 a 17:45<\/td>\n<td style=\"font-weight: 400;\">VOLEI<\/td>\n<td><\/td>\n<td style=\"font-weight: 400;\">VOLEI<\/td>\n<td><\/td>\n<td><\/td>\n<\/tr>\n<tr>\n<td rowspan=\"2\">16.30 a 18:00<\/td>\n<td rowspan=\"2\" width=\"94\"><\/td>\n<td rowspan=\"2\" width=\"100\"><\/td>\n<td style=\"font-weight: 400;\">JUDO<\/td>\n<td style=\"font-weight: 400;\" rowspan=\"2\">ROB\u00d2TICA<\/td>\n<td style=\"font-weight: 400;\" rowspan=\"2\">B\u00c0SQUET<\/td>\n<\/tr>\n<tr>\n<td style=\"font-weight: 400;\">B\u00c0SQUET<\/td>\n<\/tr>\n<\/tbody>\n<\/table>\n<\/div>\n","protected":false},"excerpt":{"rendered":"<p>Aqu\u00ed trobar\u00e0s la informaci\u00f3 sobre les activitats extraescolars pel curs 2025\/26.<br \/>\n<a href=\"https:\/\/agora.xtec.cat\/ceip-practiques-tarragona\/wp-content\/uploads\/usu583\/2025\/07\/Extraescolars-AFAPractiques-2526.png\"><\/a><br \/>\nSi us plau, fam\u00edlies, llegiu el dossier, ja que hi consta la\u00a0normativa a seguir, els quadrants de les activitats de migdia, de tarda i els preus de les activitats.<br \/>\n<a href=\"https:\/\/agora.xtec.cat\/ceip-practiques-tarragona\/wp-content\/uploads\/usu583\/2025\/10\/INFORMACIO-DE-LES-ACTIVITATS-EXTRAESCOLARS-2025.26-141025.pdf\">DOSSIER DE LES ACTIVITATS EXTRAESCOLARS&hellip;  <a href=\"https:\/\/agora.xtec.cat\/ceip-practiques-tarragona\/afa\/serveis-afa\/activitats-extraescolars\/\" title=\"Read Activitats extraescolars curs 2025\/26\">Llegeix m\u00e9s\u00bb<\/a><\/p>\n","protected":false},"author":55,"featured_media":0,"parent":9555,"menu_order":4,"comment_status":"closed","ping_status":"closed","template":"","meta":{"_bbp_topic_count":0,"_bbp_reply_count":0,"_bbp_total_topic_count":0,"_bbp_total_reply_count":0,"_bbp_voice_count":0,"_bbp_anonymous_reply_count":0,"_bbp_topic_count_hidden":0,"_bbp_reply_count_hidden":0,"_bbp_forum_subforum_count":0,"footnotes":""},"class_list":["post-9730","page","type-page","status-publish","hentry"],"post_mailing_queue_ids":[],"_links":{"self":[{"href":"https:\/\/agora.xtec.cat\/ceip-practiques-tarragona\/wp-json\/wp\/v2\/pages\/9730","targetHints":{"allow":["GET"]}}],"collection":[{"href":"https:\/\/agora.xtec.cat\/ceip-practiques-tarragona\/wp-json\/wp\/v2\/pages"}],"about":[{"href":"https:\/\/agora.xtec.cat\/ceip-practiques-tarragona\/wp-json\/wp\/v2\/types\/page"}],"author":[{"embeddable":true,"href":"https:\/\/agora.xtec.cat\/ceip-practiques-tarragona\/wp-json\/wp\/v2\/users\/55"}],"replies":[{"embeddable":true,"href":"https:\/\/agora.xtec.cat\/ceip-practiques-tarragona\/wp-json\/wp\/v2\/comments?post=9730"}],"version-history":[{"count":7,"href":"https:\/\/agora.xtec.cat\/ceip-practiques-tarragona\/wp-json\/wp\/v2\/pages\/9730\/revisions"}],"predecessor-version":[{"id":16034,"href":"https:\/\/agora.xtec.cat\/ceip-practiques-tarragona\/wp-json\/wp\/v2\/pages\/9730\/revisions\/16034"}],"up":[{"embeddable":true,"href":"https:\/\/agora.xtec.cat\/ceip-practiques-tarragona\/wp-json\/wp\/v2\/pages\/9555"}],"wp:attachment":[{"href":"https:\/\/agora.xtec.cat\/ceip-practiques-tarragona\/wp-json\/wp\/v2\/media?parent=9730"}],"curies":[{"name":"wp","href":"https:\/\/api.w.org\/{rel}","templated":true}]}}