{"id":9617,"date":"2020-12-30T04:10:26","date_gmt":"2020-12-30T03:10:26","guid":{"rendered":"http:\/\/agora.xtec.cat\/ceip-practiques-tarragona\/?page_id=9617"},"modified":"2025-09-02T21:48:37","modified_gmt":"2025-09-02T19:48:37","slug":"fer-se-soci-socia","status":"publish","type":"page","link":"https:\/\/agora.xtec.cat\/ceip-practiques-tarragona\/afa\/fer-se-soci-socia\/","title":{"rendered":"Fer-se fam\u00edlia associada"},"content":{"rendered":"<p>Fam\u00edlies, si voleu associar-vos a l&#8217;AFA, \u00e9s molt f\u00e0cil, nom\u00e9s cal que <strong>ompliu els seg\u00fcents documents<\/strong>, tot indicant les dades banc\u00e0ries per poder passar-vos el rebut.<\/p>\n<table>\n<tbody>\n<tr>\n<td colspan=\"2\"><img decoding=\"async\" class=\"\" src=\"https:\/\/agora.xtec.cat\/ceip-practiques-tarragona\/wp-content\/uploads\/usu583\/2022\/10\/FERSE_FAMILIA_ASSOCIADA.png\" width=\"100%\" \/><\/td>\n<\/tr>\n<tr>\n<td style=\"width: 50%;\"><b>La <\/b><b>QUOTA d\u2019AFA anual <\/b><span style=\"font-weight: 400;\">del curs 2025-26<\/span><b>\u00a0\u00e9s de 40 \u20ac per fam\u00edlia. <\/b><span style=\"font-weight: 400;\">Es cobrar\u00e0 \u00edntegrament entre el 15 de setembre aprox. per rebut bancari.<\/span><\/p>\n<p>En cas que no sigui possible fer-vos la remesa poseu-vos en contacte amb l&#8217;AFA mitjan\u00e7ant <strong><span style=\"text-decoration: underline;\"><a href=\"https:\/\/agora.xtec.cat\/ceip-practiques-tarragona\/afa\/dinantia\/\">Dinantia<\/a><\/span><\/strong><\/td>\n<td style=\"width: 50%;\"><img loading=\"lazy\" decoding=\"async\" class=\"alignright\" src=\"https:\/\/ampaescolaargentona.files.wordpress.com\/2020\/01\/turu.png?w=730&amp;h=426\" width=\"471\" height=\"275\" \/><\/td>\n<\/tr>\n<\/tbody>\n<\/table>\n<p><a href=\"https:\/\/agora.xtec.cat\/ceip-practiques-tarragona\/wp-content\/uploads\/usu583\/2024\/05\/preu_quota.png\"><img loading=\"lazy\" decoding=\"async\" class=\"alignnone size-full wp-image-14849\" src=\"https:\/\/agora.xtec.cat\/ceip-practiques-tarragona\/wp-content\/uploads\/usu583\/2024\/05\/preu_quota.png\" alt=\"\" width=\"964\" height=\"292\" srcset=\"https:\/\/agora.xtec.cat\/ceip-practiques-tarragona\/wp-content\/uploads\/usu583\/2024\/05\/preu_quota.png 964w, https:\/\/agora.xtec.cat\/ceip-practiques-tarragona\/wp-content\/uploads\/usu583\/2024\/05\/preu_quota-300x91.png 300w, https:\/\/agora.xtec.cat\/ceip-practiques-tarragona\/wp-content\/uploads\/usu583\/2024\/05\/preu_quota-768x233.png 768w\" sizes=\"auto, (max-width: 964px) 100vw, 964px\" \/><\/a><\/p>\n<p><strong>Documents d&#8217;alta de soci\/s\u00f2cia:<\/strong><\/p>\n<p class=\"link\" style=\"text-decoration: underline; width: 100%;\"><a href=\"https:\/\/agora.xtec.cat\/ceip-practiques-tarragona\/wp-content\/uploads\/usu583\/2022\/10\/1.-Fitxa-de-matricula-AFA.pdf\">Fitxa de matr\u00edcula de l&#8217;alumne a l&#8217;AFA<\/a><\/p>\n<p class=\"link\" style=\"text-decoration: underline; width: 100%;\"><a href=\"https:\/\/agora.xtec.cat\/ceip-practiques-tarragona\/wp-content\/uploads\/usu583\/2022\/10\/2.-Alta-soci-AFA.pdf\">Formulari d&#8217;alta de soci\/s\u00f2cia a l&#8217;AFA<\/a><\/p>\n<p class=\"link\" style=\"text-decoration: underline; width: 100%;\"><a href=\"https:\/\/agora.xtec.cat\/ceip-practiques-tarragona\/wp-content\/uploads\/usu583\/2022\/10\/3.-Drets-imatge-i-cesio\u0301-dades-AFA.pdf\">Drets d&#8217;imatge i cessi\u00f3 dades a l&#8217;AFA<\/a><\/p>\n<p class=\"link\" style=\"text-decoration: underline; width: 100%;\"><a href=\"https:\/\/agora.xtec.cat\/ceip-practiques-tarragona\/wp-content\/uploads\/usu583\/2021\/06\/Adaptacio\u0301-de-dades-banca\u0300ries-AMPA.pdf\">Formulari de dades banc\u00e0ries de l&#8217;AFA<\/a><\/p>\n<p>Si els vostres fills\/es han de fer \u00fas del servei de menjador i\/o acollida, caldr\u00e0 emplenar el formulari seg\u00fcent:<\/p>\n<p class=\"link link_page\" style=\"text-decoration: underline; width: 100;\"><a href=\"https:\/\/agora.xtec.cat\/ceip-practiques-tarragona\/afa\/tramits-i-normes-de-funcionament\/donar-se-dalta-al-servei-dacollida-o-de-menjador\/\">Inscriure&#8217;s al servei d&#8217;acollida o de menjador<\/a><\/p>\n<p>&nbsp;<\/p>\n<p><strong>Normativa:<\/strong><\/p>\n<p><a href=\"https:\/\/agora.xtec.cat\/ceip-practiques-tarragona\/wp-content\/uploads\/usu583\/2025\/09\/DOSSIER-INICI-CURS-2025-26.pdf\">DOSSIER INFORMATIU DE L&#8217;AFA PRACTIQUES CURS 2025-26<\/a><\/p>\n<p class=\"link link_page\"><a href=\"https:\/\/agora.xtec.cat\/ceip-practiques-tarragona\/wp-content\/uploads\/usu583\/2025\/09\/INFORMACIO-DE-LES-ACTIVITATS-EXTRAESCOLARS-2025-26-210725.pdf\">DOSSIER DE LES ACTIVITATS EXTRAESCOLARS DE L\u2019AFA \/ CURS 2025-26<\/a><\/p>\n","protected":false},"excerpt":{"rendered":"<p>Fam\u00edlies, si voleu associar-vos a l&#8217;AFA, \u00e9s molt f\u00e0cil, nom\u00e9s cal que ompliu els seg\u00fcents documents, tot indicant les dades banc\u00e0ries per poder passar-vos el rebut.<\/p>\n<p>La QUOTA d\u2019AFA anual del curs 2025-26\u00a0\u00e9s de 40 \u20ac per fam\u00edlia. Es cobrar\u00e0 \u00edntegrament entre el 15 de setembre&hellip;  <a href=\"https:\/\/agora.xtec.cat\/ceip-practiques-tarragona\/afa\/fer-se-soci-socia\/\" title=\"Read Fer-se fam\u00edlia associada\">Llegeix m\u00e9s\u00bb<\/a><\/p>\n","protected":false},"author":55,"featured_media":0,"parent":9539,"menu_order":2,"comment_status":"closed","ping_status":"closed","template":"","meta":{"_bbp_topic_count":0,"_bbp_reply_count":0,"_bbp_total_topic_count":0,"_bbp_total_reply_count":0,"_bbp_voice_count":0,"_bbp_anonymous_reply_count":0,"_bbp_topic_count_hidden":0,"_bbp_reply_count_hidden":0,"_bbp_forum_subforum_count":0,"footnotes":""},"class_list":["post-9617","page","type-page","status-publish","hentry"],"post_mailing_queue_ids":[],"_links":{"self":[{"href":"https:\/\/agora.xtec.cat\/ceip-practiques-tarragona\/wp-json\/wp\/v2\/pages\/9617","targetHints":{"allow":["GET"]}}],"collection":[{"href":"https:\/\/agora.xtec.cat\/ceip-practiques-tarragona\/wp-json\/wp\/v2\/pages"}],"about":[{"href":"https:\/\/agora.xtec.cat\/ceip-practiques-tarragona\/wp-json\/wp\/v2\/types\/page"}],"author":[{"embeddable":true,"href":"https:\/\/agora.xtec.cat\/ceip-practiques-tarragona\/wp-json\/wp\/v2\/users\/55"}],"replies":[{"embeddable":true,"href":"https:\/\/agora.xtec.cat\/ceip-practiques-tarragona\/wp-json\/wp\/v2\/comments?post=9617"}],"version-history":[{"count":7,"href":"https:\/\/agora.xtec.cat\/ceip-practiques-tarragona\/wp-json\/wp\/v2\/pages\/9617\/revisions"}],"predecessor-version":[{"id":15914,"href":"https:\/\/agora.xtec.cat\/ceip-practiques-tarragona\/wp-json\/wp\/v2\/pages\/9617\/revisions\/15914"}],"up":[{"embeddable":true,"href":"https:\/\/agora.xtec.cat\/ceip-practiques-tarragona\/wp-json\/wp\/v2\/pages\/9539"}],"wp:attachment":[{"href":"https:\/\/agora.xtec.cat\/ceip-practiques-tarragona\/wp-json\/wp\/v2\/media?parent=9617"}],"curies":[{"name":"wp","href":"https:\/\/api.w.org\/{rel}","templated":true}]}}