{"id":9609,"date":"2020-12-30T03:58:06","date_gmt":"2020-12-30T02:58:06","guid":{"rendered":"http:\/\/agora.xtec.cat\/ceip-practiques-tarragona\/?page_id=9609"},"modified":"2024-06-17T17:58:08","modified_gmt":"2024-06-17T15:58:08","slug":"junta-de-lafa-i-comissions-de-treball","status":"publish","type":"page","link":"https:\/\/agora.xtec.cat\/ceip-practiques-tarragona\/afa\/junta-de-lafa-i-comissions-de-treball\/","title":{"rendered":"Junta de l&#8217;AFA i comissions de treball"},"content":{"rendered":"<p><span style=\"font-weight: 400;\">L<\/span><span style=\"font-weight: 400;\">\u2019\u00f2rgan de gesti\u00f3 de l\u2019AFA \u00e9s la <\/span><b>Junta Directiva<\/b><span style=\"font-weight: 400;\">, que est\u00e0 formada per pares i mares de l\u2019escola. Com a m\u00ednim ha d&#8217;haver-hi un representant de cada nivell. <\/span><\/p>\n<p><span style=\"font-weight: 400;\">La Junta es reuneix aproximadament un cop al mes. En aquesta reuni\u00f3 es prenen les decisions que afecten directament en el funcionament i serveis de l\u2019AFA. <\/span><\/p>\n<p><span style=\"font-weight: 400;\">Els valors que regeixen la Junta s\u00f3n la <\/span><b>transpar\u00e8ncia<\/b><span style=\"font-weight: 400;\">, la <\/span><b>igualtat <\/b><span style=\"font-weight: 400;\">dels seus membres i la <\/span><b>cooperaci\u00f3<\/b><span style=\"font-weight: 400;\">.<\/span><\/p>\n<p class=\"link\" style=\"text-decoration: underline;\"><a href=\"#\"><strong>Composici\u00f3 de la Junta 2023-24<\/strong><\/a><\/p>\n<p><strong>President\/a<\/strong><br \/>\nNom i cognoms SILVIA MIQUEL MU\u00d1OZ<\/p>\n<p><strong>Secretari\/\u00e0ria<\/strong><br \/>\nNom i cognoms MARIA EUGENIA ARICHA CAMINERO<\/p>\n<p><strong>C\u00e0rrec SOTSPRESIDENT<\/strong><br \/>\nNom i cognoms VICTOR GIL FIGUEROLA<\/p>\n<p><strong>C\u00e0rrec TRESORER<\/strong><br \/>\nNom i cognoms ALBERT FABREGAT MEMBRADO<\/p>\n<p><strong>C\u00e0rrec SOTSSECRETARI<\/strong><br \/>\nNom i cognoms ANTONIO FELIX BEL<\/p>\n<p><strong>C\u00e0rrec SOTSTRESORER<\/strong><br \/>\nNom i cognoms OSCAR BALLABRIGA BEGUE<\/p>\n<p><strong>C\u00e0rrec VOCAL<\/strong><br \/>\nNom i cognoms ESTHER L\u00d3PEZ ORTEGA<\/p>\n<p><strong>C\u00e0rrec VOCAL<\/strong><br \/>\nNom i cognoms N\u00daRIA GOLOBARDES BOSCH<\/p>\n<p><strong>C\u00e0rrec VOCAL<\/strong><br \/>\nNom i cognoms AIDA VIZCARRO MELICH<\/p>\n<p><strong>C\u00e0rrec VOCAL<\/strong><br \/>\nNom i cognoms JOS\u00c9 RAMON M\u00c1RMOL MAZARIO<\/p>\n<p><b>Com puc col\u00b7laborar?<\/b><\/p>\n<p><span style=\"font-weight: 400;\">Les persones col\u00b7laboradores s\u00f3n pares i mares de l\u2019escola que participen en accions puntuals, dins del marc de les activitats que es realitzen fora de l\u2019horari lectiu, volunt\u00e0riament i sense contraprestacions econ\u00f2miques. La col\u00b7laboraci\u00f3 pot ser de manera fixa o puntual. Si vols formar part d&#8217;alguna de les comissions o grups de treball puntuals, nom\u00e9s cal que ens envi\u00efs un email a: <strong><span style=\"text-decoration: underline;\"><a href=\"mailto:afa@practiquestgn.cat\">afa<span class=\"\">@p<\/span>ractiquestgn.cat <\/a><\/span><\/strong><\/span>\u00a0i ens expliqueu en qu\u00e8 voleu ajudar i col\u00b7laborar.<\/p>\n","protected":false},"excerpt":{"rendered":"<p>L\u2019\u00f2rgan de gesti\u00f3 de l\u2019AFA \u00e9s la Junta Directiva, que est\u00e0 formada per pares i mares de l\u2019escola. Com a m\u00ednim ha d&#8217;haver-hi un representant de cada nivell.<br \/>\nLa Junta es reuneix aproximadament un cop al mes. En aquesta reuni\u00f3 es prenen les decisions que&hellip;  <a href=\"https:\/\/agora.xtec.cat\/ceip-practiques-tarragona\/afa\/junta-de-lafa-i-comissions-de-treball\/\" title=\"Read Junta de l&#8217;AFA i comissions de treball\">Llegeix m\u00e9s\u00bb<\/a><\/p>\n","protected":false},"author":55,"featured_media":0,"parent":9539,"menu_order":2,"comment_status":"closed","ping_status":"closed","template":"","meta":{"_bbp_topic_count":0,"_bbp_reply_count":0,"_bbp_total_topic_count":0,"_bbp_total_reply_count":0,"_bbp_voice_count":0,"_bbp_anonymous_reply_count":0,"_bbp_topic_count_hidden":0,"_bbp_reply_count_hidden":0,"_bbp_forum_subforum_count":0,"footnotes":""},"class_list":["post-9609","page","type-page","status-publish","hentry"],"post_mailing_queue_ids":[],"_links":{"self":[{"href":"https:\/\/agora.xtec.cat\/ceip-practiques-tarragona\/wp-json\/wp\/v2\/pages\/9609","targetHints":{"allow":["GET"]}}],"collection":[{"href":"https:\/\/agora.xtec.cat\/ceip-practiques-tarragona\/wp-json\/wp\/v2\/pages"}],"about":[{"href":"https:\/\/agora.xtec.cat\/ceip-practiques-tarragona\/wp-json\/wp\/v2\/types\/page"}],"author":[{"embeddable":true,"href":"https:\/\/agora.xtec.cat\/ceip-practiques-tarragona\/wp-json\/wp\/v2\/users\/55"}],"replies":[{"embeddable":true,"href":"https:\/\/agora.xtec.cat\/ceip-practiques-tarragona\/wp-json\/wp\/v2\/comments?post=9609"}],"version-history":[{"count":6,"href":"https:\/\/agora.xtec.cat\/ceip-practiques-tarragona\/wp-json\/wp\/v2\/pages\/9609\/revisions"}],"predecessor-version":[{"id":14989,"href":"https:\/\/agora.xtec.cat\/ceip-practiques-tarragona\/wp-json\/wp\/v2\/pages\/9609\/revisions\/14989"}],"up":[{"embeddable":true,"href":"https:\/\/agora.xtec.cat\/ceip-practiques-tarragona\/wp-json\/wp\/v2\/pages\/9539"}],"wp:attachment":[{"href":"https:\/\/agora.xtec.cat\/ceip-practiques-tarragona\/wp-json\/wp\/v2\/media?parent=9609"}],"curies":[{"name":"wp","href":"https:\/\/api.w.org\/{rel}","templated":true}]}}