{"id":77,"date":"2014-09-18T14:05:08","date_gmt":"2014-09-18T12:05:08","guid":{"rendered":"http:\/\/agora.xtec.cat\/ceip-practiques-tarragona\/?page_id=77"},"modified":"2025-09-02T21:55:21","modified_gmt":"2025-09-02T19:55:21","slug":"acollida","status":"publish","type":"page","link":"https:\/\/agora.xtec.cat\/ceip-practiques-tarragona\/afa\/serveis-afa\/acollida\/","title":{"rendered":"Servei d&#8217;acollida curs 2024\/25"},"content":{"rendered":"<p>El servei d\u2019acollida contempla tant l\u2019acollida d\u2019abans de l\u2019horari lectiu com una vegada finalitzat, amb la finalitat de potenciar la conciliaci\u00f3 familiar.<\/p>\n<table>\n<tbody><!--\n\n\n<tr>\n\n\n<td colspan=\"2\"><img decoding=\"async\" class=\"\" src=\"https:\/\/agora.xtec.cat\/ceip-practiques-tarragona\/wp-content\/uploads\/usu583\/2022\/10\/SERVEI_ACOLLIDA.png\" width=\"100%\" \/><\/td>\n\n\n<\/tr>\n\n\n--><\/p>\n<tr>\n<td style=\"width: 50%;\"><strong>Els serveis d\u2019acollida s\u00f3n:<\/strong><\/p>\n<p>Servei d\u2019acollida matinal:<br \/>\nDes de les 7:45 h fins a les 9:00 h.<\/p>\n<p>Servei d&#8217;acollida de tarda:<br \/>\nDes de les 16:30 h a 17:30 h.<\/p>\n<p><strong>Caracter\u00edstiques:<\/strong><\/p>\n<p>El servei es computar\u00e0 en franges d\u2019hora i quart, hora, tres quarts d\u2019hora, mitja hora o d\u2019un quart d\u2019hora.<br \/>\nEs pot fer un \u00fas fix o espor\u00e0dic d\u2019aquest servei.<\/p>\n<p>Tant les acollides de mat\u00ed com les de tarda s\u2019oferiran des del primer dia de curs.<\/p>\n<p>Preu de les acollides pel curs 2024\/25 consulteu apartat 4. Gesti\u00f3 econ\u00f2mica del dossier que trobareu en aquesta mateixa p\u00e0gina.<\/td>\n<td style=\"width: 50%;\"><img decoding=\"async\" class=\"alignright\" src=\"https:\/\/agora.xtec.cat\/ceip-practiques-tarragona\/wp-content\/uploads\/usu583\/2022\/10\/FOTO_ACOLLIDA.png\" width=\"100%\" \/><\/td>\n<\/tr>\n<\/tbody>\n<\/table>\n<p><strong>Tr\u00e0mits:<\/strong><\/p>\n<p class=\"link link_page\" style=\"text-decoration: underline; width: 100;\"><a href=\"https:\/\/agora.xtec.cat\/ceip-practiques-tarragona\/afa\/tramits-i-normes-de-funcionament\/donar-se-dalta-al-servei-dacollida-o-de-menjador\/\">Inscriure&#8217;s al servei d&#8217;acollida o de menjador<\/a><\/p>\n<p class=\"link link_page\" style=\"text-decoration: underline; width: 100%;\"><a href=\"https:\/\/agora.xtec.cat\/ceip-practiques-tarragona\/afa\/tramits-i-normes-de-funcionament\/altes-i-baixes-als-serveis-de-lafa\/\">Sol\u00b7licitar un servei puntual d&#8217;acollida o de menjador<\/a><\/p>\n<p class=\"link link_page\" style=\"text-decoration: underline; width: 100%;\"><a href=\"https:\/\/agora.xtec.cat\/ceip-practiques-tarragona\/afa\/tramits-i-normes-de-funcionament\/altes-i-baixes-als-serveis-de-lafa\/\">Donar-se de baixa del servei<\/a><\/p>\n<p>En aquest apartat trobareu tota la informaci\u00f3 relativa als horaris d&#8217;entrada i sortida aix\u00ed com del preu dels serveis pels socis i no socis de l&#8217;AFA.<\/p>\n<p class=\"link link_page\" style=\"text-decoration: underline;\"><a href=\"https:\/\/agora.xtec.cat\/ceip-practiques-tarragona\/wp-content\/uploads\/usu583\/2025\/09\/PREUS-ACOLLIDES-CURS-2025-26.pdf\">Preus acollides AFA Escola de Pr\u00e0ctiques del curs 2025\/26<\/a><\/p>\n<p><!--\n<b>Per tal de regir-nos a la normativa del Departament d\u2019Educaci\u00f3,<\/b><span style=\"font-weight: 400;\"> aquest curs continuem amb les entrades i sortides esglaonades establertes per la direcci\u00f3 de l\u2019escola.<\/span>\n\n<strong>Horari d\u2019entrades i sortides:<\/strong>\n\n\n<ul>\n \t\n\n<li><b>Cicle mitj\u00e0 i cicle superior<\/b><b>:<\/b><span style=\"font-weight: 400;\"> 08:45 - 12:15 h i 14:45 - 16:15 h.<\/span><\/li>\n\n\n \t\n\n<li><b>Cicle infantil i cicle inicial:<\/b><span style=\"font-weight: 400;\"> 09:00\u00a0 - 12:30 h i de 15:00 - 16:30 h.<\/span><\/li>\n\n\n<\/ul>\n\n\n<span style=\"font-weight: 400;\">Els <strong>serveis d\u2019acollida s\u00f3n:<\/strong><\/span>\n\n\n<ul>\n \t\n\n<li>A- <b>servei d\u2019acollida matinal <\/b><span style=\"font-weight: 400;\">des de les 8:00 fins a les 9:00 h.<\/span><\/li>\n\n\n \t\n\n<li>B- <b>servei d'acollida de tarda<\/b><span style=\"font-weight: 400;\">: en horari de 16:15\u00a0 a 17:30 h.<\/span><\/li>\n\n\n \t\n\n<li><span style=\"font-weight: 400;\">El servei es computar\u00e0 en <\/span><b>franges d\u2019hora, mitja hora o d\u2019un quart d\u2019hora.<\/b><\/li>\n\n\n \t\n\n<li><span style=\"font-weight: 400;\">Es pot fer un <strong>\u00fas fix o espor\u00e0dic<\/strong> d\u2019aquest servei.\u00a0<\/span><\/li>\n\n\n<\/ul>\n\n\n<span style=\"font-weight: 400;\">El <\/span><b>preu de les acollides pel curs 2021 \/ 2022 ser\u00e0 el seg\u00fcent<\/b><span style=\"font-weight: 400;\">:<\/span>\n\n<strong>Acollida Matinal<\/strong>\n\n\n<table style=\"width: 69.0316%; height: 63px;\">\n\n\n<tbody>\n\n\n<tr style=\"height: 33px;\">\n\n\n<td style=\"width: 25.2059%; height: 33px;\"><\/td>\n\n\n\n\n<td style=\"width: 33.9374%; height: 33px;\"><strong>fam\u00edlia associada<\/strong><\/td>\n\n\n\n\n<td style=\"width: 39.5387%; height: 33px;\"><strong>fam\u00edlia NO associada<\/strong><\/td>\n\n\n<\/tr>\n\n\n\n\n<tr style=\"height: 44px;\">\n\n\n<td style=\"width: 25.2059%; height: 10px; text-align: left;\"><strong>franja d'1 hora<\/strong><\/td>\n\n\n\n\n<td style=\"width: 33.9374%; height: 10px; text-align: left;\"><b>17 \u20ac al mes <\/b><span style=\"font-weight: 400;\">per infant<\/span><\/td>\n\n\n\n\n<td style=\"width: 39.5387%; height: 10px; text-align: left;\"><b>34 \u20ac al mes <\/b><span style=\"font-weight: 400;\">per infant<\/span><\/td>\n\n\n<\/tr>\n\n\n\n\n<tr style=\"height: 53px;\">\n\n\n<td style=\"width: 25.2059%; height: 10px; text-align: left;\"><b>franja de 3\/4 d'hora<\/b><\/td>\n\n\n\n\n<td style=\"width: 33.9374%; height: 10px; text-align: left;\"><b>15 \u20ac al mes <\/b><span style=\"font-weight: 400;\">per infant<\/span><\/td>\n\n\n\n\n<td style=\"width: 39.5387%; height: 10px; text-align: left;\"><b>30 \u20ac al mes<\/b><span style=\"font-weight: 400;\"> per infant\u00a0<\/span><\/td>\n\n\n<\/tr>\n\n\n\n\n<tr style=\"height: 53px;\">\n\n\n<td style=\"width: 25.2059%; height: 10px; text-align: left;\"><b>franja de \u00bd d'hora<\/b><\/td>\n\n\n\n\n<td style=\"width: 33.9374%; height: 10px; text-align: left;\"><b>10 \u20ac al mes <\/b><span style=\"font-weight: 400;\">per infant<\/span><\/td>\n\n\n\n\n<td style=\"width: 39.5387%; height: 10px; text-align: left;\"><b>20 \u20ac al mes<\/b><span style=\"font-weight: 400;\"> per infant\u00a0<\/span><\/td>\n\n\n<\/tr>\n\n\n\n\n<tr style=\"height: 57px;\">\n\n\n<td style=\"width: 25.2059%; height: 10px; text-align: left;\"><b>franja de \u00bc d'hora\u00a0<\/b><\/td>\n\n\n\n\n<td style=\"width: 33.9374%; height: 10px; text-align: left;\"><b>5 \u20ac al mes<\/b><span style=\"font-weight: 400;\"> per infant<\/span><\/td>\n\n\n\n\n<td style=\"width: 39.5387%; height: 10px; text-align: left;\"><b>10 \u20ac al mes<\/b><span style=\"font-weight: 400;\"> per infant<\/span><\/td>\n\n\n<\/tr>\n\n\n<\/tbody>\n\n\n<\/table>\n\n\n<strong>Acollida de Tarda (preus actualitzats segons darrera assemblea general)<\/strong>\n\n\n<table style=\"width: 69.0316%; height: 63px;\">\n\n\n<tbody>\n\n\n<tr style=\"height: 33px;\">\n\n\n<td style=\"width: 25.2059%; height: 33px;\"><\/td>\n\n\n\n\n<td style=\"width: 33.9374%; height: 33px;\"><strong>fam\u00edlia associada<\/strong><\/td>\n\n\n\n\n<td style=\"width: 39.5387%; height: 33px;\"><strong>fam\u00edlia NO associada<\/strong><\/td>\n\n\n<\/tr>\n\n\n\n\n<tr style=\"height: 44px;\">\n\n\n<td style=\"width: 25.2059%; height: 10px; text-align: left;\"><strong>franja d'1 hora<\/strong><\/td>\n\n\n\n\n<td style=\"width: 33.9374%; height: 10px; text-align: left;\"><b>22 \u20ac al mes <\/b><span style=\"font-weight: 400;\">per infant<\/span><\/td>\n\n\n\n\n<td style=\"width: 39.5387%; height: 10px; text-align: left;\"><b>44 \u20ac al mes <\/b><span style=\"font-weight: 400;\">per infant<\/span><\/td>\n\n\n<\/tr>\n\n\n\n\n<tr style=\"height: 53px;\">\n\n\n<td style=\"width: 25.2059%; height: 10px; text-align: left;\"><b>franja de 3\/4 d'hora<\/b><\/td>\n\n\n\n\n<td style=\"width: 33.9374%; height: 10px; text-align: left;\"><b>19,5 \u20ac al mes <\/b><span style=\"font-weight: 400;\">per infant<\/span><\/td>\n\n\n\n\n<td style=\"width: 39.5387%; height: 10px; text-align: left;\"><b>39 \u20ac al mes<\/b><span style=\"font-weight: 400;\"> per infant\u00a0<\/span><\/td>\n\n\n<\/tr>\n\n\n\n\n<tr style=\"height: 57px;\">\n\n\n<td style=\"width: 25.2059%; height: 10px; text-align: left;\"><b>franja de \u00bd hora\u00a0<\/b><\/td>\n\n\n\n\n<td style=\"width: 33.9374%; height: 10px; text-align: left;\"><b>13 \u20ac al mes<\/b><span style=\"font-weight: 400;\"> per infant<\/span><\/td>\n\n\n\n\n<td style=\"width: 39.5387%; height: 10px; text-align: left;\"><b>26 \u20ac al mes<\/b><span style=\"font-weight: 400;\"> per infant<\/span><\/td>\n\n\n<\/tr>\n\n\n\n\n<tr style=\"height: 57px;\">\n\n\n<td style=\"width: 25.2059%; height: 10px; text-align: left;\"><b>franja de \u00bc d'hora\u00a0<\/b><\/td>\n\n\n\n\n<td style=\"width: 33.9374%; height: 10px; text-align: left;\"><b>8 \u20ac al mes<\/b><span style=\"font-weight: 400;\"> per infant<\/span><\/td>\n\n\n\n\n<td style=\"width: 39.5387%; height: 10px; text-align: left;\"><b>16 \u20ac al mes<\/b><span style=\"font-weight: 400;\"> per infant<\/span><\/td>\n\n\n<\/tr>\n\n\n<\/tbody>\n\n\n<\/table>\n\n\n<span style=\"font-weight: 400;\"><strong>Acollida espor\u00e0dica<\/strong><\/span>\n\n<span style=\"font-weight: 400;\">El preu de l\u2019acollida espor\u00e0dica (de mat\u00ed o de tarda) \u00e9s de:<\/span><b> 2 \u20ac<\/b><span style=\"font-weight: 400;\">\u00a0 fam\u00edlia associada \/ <\/span><b>4 \u20ac<\/b><span style=\"font-weight: 400;\"> fam\u00edlia no associada.<\/span>\n\n<b>L\u2019import de les acollides es cobrar\u00e0 a mes ven\u00e7ut.<\/b>\n--><\/p>\n","protected":false},"excerpt":{"rendered":"<p>El servei d\u2019acollida contempla tant l\u2019acollida d\u2019abans de l\u2019horari lectiu com una vegada finalitzat, amb la finalitat de potenciar la conciliaci\u00f3 familiar.<\/p>\n<p>Els serveis d\u2019acollida s\u00f3n:<br \/>\nServei d\u2019acollida matinal:<br \/>\nDes de les 7:45 h fins a les 9:00 h.<br \/>\nServei d&#8217;acollida de tarda:<br \/>\nDes de les 16:30 h a 17:30&hellip;  <a href=\"https:\/\/agora.xtec.cat\/ceip-practiques-tarragona\/afa\/serveis-afa\/acollida\/\" title=\"Read Servei d&#8217;acollida curs 2024\/25\">Llegeix m\u00e9s\u00bb<\/a><\/p>\n","protected":false},"author":55,"featured_media":0,"parent":9555,"menu_order":0,"comment_status":"closed","ping_status":"closed","template":"","meta":{"_bbp_topic_count":0,"_bbp_reply_count":0,"_bbp_total_topic_count":0,"_bbp_total_reply_count":0,"_bbp_voice_count":0,"_bbp_anonymous_reply_count":0,"_bbp_topic_count_hidden":0,"_bbp_reply_count_hidden":0,"_bbp_forum_subforum_count":0,"footnotes":""},"class_list":["post-77","page","type-page","status-publish","hentry"],"post_mailing_queue_ids":[],"_links":{"self":[{"href":"https:\/\/agora.xtec.cat\/ceip-practiques-tarragona\/wp-json\/wp\/v2\/pages\/77","targetHints":{"allow":["GET"]}}],"collection":[{"href":"https:\/\/agora.xtec.cat\/ceip-practiques-tarragona\/wp-json\/wp\/v2\/pages"}],"about":[{"href":"https:\/\/agora.xtec.cat\/ceip-practiques-tarragona\/wp-json\/wp\/v2\/types\/page"}],"author":[{"embeddable":true,"href":"https:\/\/agora.xtec.cat\/ceip-practiques-tarragona\/wp-json\/wp\/v2\/users\/55"}],"replies":[{"embeddable":true,"href":"https:\/\/agora.xtec.cat\/ceip-practiques-tarragona\/wp-json\/wp\/v2\/comments?post=77"}],"version-history":[{"count":8,"href":"https:\/\/agora.xtec.cat\/ceip-practiques-tarragona\/wp-json\/wp\/v2\/pages\/77\/revisions"}],"predecessor-version":[{"id":15917,"href":"https:\/\/agora.xtec.cat\/ceip-practiques-tarragona\/wp-json\/wp\/v2\/pages\/77\/revisions\/15917"}],"up":[{"embeddable":true,"href":"https:\/\/agora.xtec.cat\/ceip-practiques-tarragona\/wp-json\/wp\/v2\/pages\/9555"}],"wp:attachment":[{"href":"https:\/\/agora.xtec.cat\/ceip-practiques-tarragona\/wp-json\/wp\/v2\/media?parent=77"}],"curies":[{"name":"wp","href":"https:\/\/api.w.org\/{rel}","templated":true}]}}