{"id":66,"date":"2014-09-18T12:40:47","date_gmt":"2014-09-18T10:40:47","guid":{"rendered":"http:\/\/agora.xtec.cat\/ceip-practiques-tarragona\/?page_id=66"},"modified":"2025-10-31T00:16:30","modified_gmt":"2025-10-30T23:16:30","slug":"servei-menjador","status":"publish","type":"page","link":"https:\/\/agora.xtec.cat\/ceip-practiques-tarragona\/afa\/serveis-afa\/servei-menjador\/","title":{"rendered":"Servei de menjador"},"content":{"rendered":"<p>La gesti\u00f3 de la cuina de l\u2019escola continua adjudicada a l\u2019empresa<strong> Self Service \u201cEL M\u00c8DOL<\/strong>. La contractaci\u00f3 dels monitors del menjador \u00e9s a c\u00e0rrec de l&#8217;empresa <strong>&#8220;Fundaci\u00f3 Privada En Xarxa&#8221;.<\/strong><\/p>\n<p><strong>Informaci\u00f3 important:<\/strong><\/p>\n<p class=\"link link_page\" style=\"text-decoration: underline;\"><a href=\"https:\/\/agora.xtec.cat\/ceip-practiques-tarragona\/wp-content\/uploads\/usu583\/2025\/10\/DOSSIER-INICI-CURS-2025-26-3.pdf\" target=\"_blank\" rel=\"noopener\">Dossier informatiu de l\u2019AFA Pr\u00e0ctiques<\/a><\/p>\n<p class=\"link\" style=\"text-decoration: underline; width: 100%;\"><a href=\"https:\/\/agora.xtec.cat\/ceip-practiques-tarragona\/ampa\/quins-serveis-gestiona-lampa\/servei-menjador\/menu-del-mes\/\">Men\u00fa del mes<\/a><\/p>\n<p class=\"link\" style=\"text-decoration: underline; width: 100%;\"><a href=\"https:\/\/agora.xtec.cat\/ceip-practiques-tarragona\/wp-content\/uploads\/usu583\/2025\/10\/Normativa-pares-dinar-a-lescola-v4.pdf\">Normativa per venir a dinar com a fam\u00edlia al menjador de l&#8217;escola<\/a><\/p>\n<p><!--\n\n\n<p class=\"link\" style=\"text-decoration: underline;\"><a href=\"https:\/\/agora.xtec.cat\/ceip-practiques-tarragona\/wp-content\/uploads\/usu583\/2021\/09\/Pla-de-Funcionament-Pra\u0300ctiques-Curs-2021-22.pdf\">Pla de funcionament de l'Espai de Menjador 2021\/22<\/a><\/p>\n\n\n--><\/p>\n<p class=\"link\" style=\"text-decoration: underline;\"><a href=\"https:\/\/salutweb.gencat.cat\/ca\/ambits_actuacio\/per_perfils\/centres_educatius\/menus_escolars\"><span style=\"font-weight: 400;\">Criteris alimentaris d&#8217;elaboraci\u00f3 dels men\u00fas escolars del Departament de Salut<\/span><\/a><\/p>\n<p><strong>Tr\u00e0mits:<\/strong><\/p>\n<p class=\"link link_page\" style=\"text-decoration: underline; width: 100;\"><a href=\"https:\/\/agora.xtec.cat\/ceip-practiques-tarragona\/afa\/tramits-i-normes-de-funcionament\/donar-se-dalta-al-servei-dacollida-o-de-menjador\/\">Inscriure&#8217;s al servei fix d&#8217;acollida o de menjador<\/a><\/p>\n<p class=\"link link_page\" style=\"text-decoration: underline; width: 100%;\"><a href=\"https:\/\/agora.xtec.cat\/ceip-practiques-tarragona\/afa\/tramits-i-normes-de-funcionament\/altes-i-baixes-als-serveis-de-lafa\/\">Sol\u00b7licitar un servei puntual de menjador<\/a><\/p>\n<p class=\"link link_page\" style=\"text-decoration: underline; width: 100%;\"><a href=\"https:\/\/agora.xtec.cat\/ceip-practiques-tarragona\/afa\/tramits-i-normes-de-funcionament\/altes-i-baixes-als-serveis-de-lafa\/\">Donar-se de baixa del servei de menjador<\/a><\/p>\n<p class=\"link\" style=\"text-decoration: underline; width: 100%;\"><a href=\"https:\/\/agora.xtec.cat\/ceip-practiques-tarragona\/wp-content\/uploads\/usu583\/2022\/10\/Normativa-fami\u0301lies-dinar-a-lescola.pdf\">Venir a dinar com a fam\u00edlia al menjador de l&#8217;escola<\/a><\/p>\n<p class=\"link link_page\" style=\"text-decoration: underline; width: 100%;\"><a href=\"http:\/\/www.tarragones.cat\/ensenyament\/menjadors-escolars-ajuts-1\">Sol\u00b7licitud d&#8217;ajuts individuals de menjador <strong>gestionats pel Consell Comarcal del Tarragon\u00e8s (CCT)<\/strong><\/a><\/p>\n","protected":false},"excerpt":{"rendered":"<p>La gesti\u00f3 de la cuina de l\u2019escola continua adjudicada a l\u2019empresa Self Service \u201cEL M\u00c8DOL. La contractaci\u00f3 dels monitors del menjador \u00e9s a c\u00e0rrec de l&#8217;empresa &#8220;Fundaci\u00f3 Privada En Xarxa&#8221;.<br \/>\nInformaci\u00f3 important:<br \/>\n<a href=\"https:\/\/agora.xtec.cat\/ceip-practiques-tarragona\/wp-content\/uploads\/usu583\/2025\/10\/DOSSIER-INICI-CURS-2025-26-3.pdf\" target=\"_blank\" rel=\"noopener\">Dossier informatiu de l\u2019AFA Pr\u00e0ctiques<\/a><br \/>\n<a href=\"https:\/\/agora.xtec.cat\/ceip-practiques-tarragona\/ampa\/quins-serveis-gestiona-lampa\/servei-menjador\/menu-del-mes\/\">Men\u00fa del mes<\/a><br \/>\n<a href=\"https:\/\/agora.xtec.cat\/ceip-practiques-tarragona\/wp-content\/uploads\/usu583\/2025\/10\/Normativa-pares-dinar-a-lescola-v4.pdf\">Normativa per venir a&hellip;  <a href=\"https:\/\/agora.xtec.cat\/ceip-practiques-tarragona\/afa\/serveis-afa\/servei-menjador\/\" title=\"Read Servei de menjador\">Llegeix m\u00e9s\u00bb<\/a><\/p>\n","protected":false},"author":55,"featured_media":0,"parent":9555,"menu_order":1,"comment_status":"closed","ping_status":"closed","template":"","meta":{"_bbp_topic_count":0,"_bbp_reply_count":0,"_bbp_total_topic_count":0,"_bbp_total_reply_count":0,"_bbp_voice_count":0,"_bbp_anonymous_reply_count":0,"_bbp_topic_count_hidden":0,"_bbp_reply_count_hidden":0,"_bbp_forum_subforum_count":0,"footnotes":""},"class_list":["post-66","page","type-page","status-publish","hentry"],"post_mailing_queue_ids":[],"_links":{"self":[{"href":"https:\/\/agora.xtec.cat\/ceip-practiques-tarragona\/wp-json\/wp\/v2\/pages\/66","targetHints":{"allow":["GET"]}}],"collection":[{"href":"https:\/\/agora.xtec.cat\/ceip-practiques-tarragona\/wp-json\/wp\/v2\/pages"}],"about":[{"href":"https:\/\/agora.xtec.cat\/ceip-practiques-tarragona\/wp-json\/wp\/v2\/types\/page"}],"author":[{"embeddable":true,"href":"https:\/\/agora.xtec.cat\/ceip-practiques-tarragona\/wp-json\/wp\/v2\/users\/55"}],"replies":[{"embeddable":true,"href":"https:\/\/agora.xtec.cat\/ceip-practiques-tarragona\/wp-json\/wp\/v2\/comments?post=66"}],"version-history":[{"count":7,"href":"https:\/\/agora.xtec.cat\/ceip-practiques-tarragona\/wp-json\/wp\/v2\/pages\/66\/revisions"}],"predecessor-version":[{"id":16162,"href":"https:\/\/agora.xtec.cat\/ceip-practiques-tarragona\/wp-json\/wp\/v2\/pages\/66\/revisions\/16162"}],"up":[{"embeddable":true,"href":"https:\/\/agora.xtec.cat\/ceip-practiques-tarragona\/wp-json\/wp\/v2\/pages\/9555"}],"wp:attachment":[{"href":"https:\/\/agora.xtec.cat\/ceip-practiques-tarragona\/wp-json\/wp\/v2\/media?parent=66"}],"curies":[{"name":"wp","href":"https:\/\/api.w.org\/{rel}","templated":true}]}}