{"id":3986,"date":"2016-02-24T13:08:26","date_gmt":"2016-02-24T12:08:26","guid":{"rendered":"http:\/\/agora.xtec.cat\/ceip-practiques-tarragona\/?page_id=3986"},"modified":"2017-03-01T12:34:06","modified_gmt":"2017-03-01T11:34:06","slug":"smile-project","status":"publish","type":"page","link":"https:\/\/agora.xtec.cat\/ceip-practiques-tarragona\/projecte-educatiu\/smile-project\/","title":{"rendered":"Smile project."},"content":{"rendered":"<p>&nbsp;<\/p>\n<p><a href=\"http:\/\/agora.xtec.cat\/ceip-practiques-tarragona\/wp-content\/uploads\/usu583\/2016\/02\/Final-logo.jpg\"><img loading=\"lazy\" decoding=\"async\" class=\"alignnone wp-image-3987\" src=\"http:\/\/agora.xtec.cat\/ceip-practiques-tarragona\/wp-content\/uploads\/usu583\/2016\/02\/Final-logo.jpg\" alt=\"Final logo\" width=\"153\" height=\"90\" \/><\/a><\/p>\n<p>L&#8217;escola de Pr\u00e0ctiques de Tarragona col\u00b7labora activament amb el projecte SMiLE. Els beneficiaris d&#8217;aquest projecte en qu\u00e8 acollim un lector de parla anglesa \u00e9s gratificant pels alumnes a la vegada que profit\u00f3s per la immersi\u00f3 en aquesta llengua.<\/p>\n<p>Aqu\u00ed us deixem un video.<\/p>\n<p>&nbsp;<\/p>\n<p>&nbsp;<\/p>\n<p><iframe loading=\"lazy\" src=\"https:\/\/www.youtube.com\/embed\/IeF1gIQb-Q8\" width=\"560\" height=\"315\" frameborder=\"0\" allowfullscreen=\"allowfullscreen\"><\/iframe><\/p>\n","protected":false},"excerpt":{"rendered":"<p>&nbsp;<br \/>\n<a href=\"http:\/\/agora.xtec.cat\/ceip-practiques-tarragona\/wp-content\/uploads\/usu583\/2016\/02\/Final-logo.jpg\"><\/a><br \/>\nL&#8217;escola de Pr\u00e0ctiques de Tarragona col\u00b7labora activament amb el projecte SMiLE. Els beneficiaris d&#8217;aquest projecte en qu\u00e8 acollim un lector de parla anglesa \u00e9s gratificant pels alumnes a la vegada que profit\u00f3s per la immersi\u00f3 en aquesta llengua.<br \/>\nAqu\u00ed us deixem un video.<br \/>\n&nbsp;<br \/>\n&nbsp;<\/p>\n","protected":false},"author":1,"featured_media":0,"parent":64,"menu_order":0,"comment_status":"closed","ping_status":"closed","template":"","meta":{"_bbp_topic_count":0,"_bbp_reply_count":0,"_bbp_total_topic_count":0,"_bbp_total_reply_count":0,"_bbp_voice_count":0,"_bbp_anonymous_reply_count":0,"_bbp_topic_count_hidden":0,"_bbp_reply_count_hidden":0,"_bbp_forum_subforum_count":0,"footnotes":""},"class_list":["post-3986","page","type-page","status-publish","hentry"],"post_mailing_queue_ids":[],"_links":{"self":[{"href":"https:\/\/agora.xtec.cat\/ceip-practiques-tarragona\/wp-json\/wp\/v2\/pages\/3986","targetHints":{"allow":["GET"]}}],"collection":[{"href":"https:\/\/agora.xtec.cat\/ceip-practiques-tarragona\/wp-json\/wp\/v2\/pages"}],"about":[{"href":"https:\/\/agora.xtec.cat\/ceip-practiques-tarragona\/wp-json\/wp\/v2\/types\/page"}],"author":[{"embeddable":true,"href":"https:\/\/agora.xtec.cat\/ceip-practiques-tarragona\/wp-json\/wp\/v2\/users\/1"}],"replies":[{"embeddable":true,"href":"https:\/\/agora.xtec.cat\/ceip-practiques-tarragona\/wp-json\/wp\/v2\/comments?post=3986"}],"version-history":[{"count":2,"href":"https:\/\/agora.xtec.cat\/ceip-practiques-tarragona\/wp-json\/wp\/v2\/pages\/3986\/revisions"}],"predecessor-version":[{"id":4689,"href":"https:\/\/agora.xtec.cat\/ceip-practiques-tarragona\/wp-json\/wp\/v2\/pages\/3986\/revisions\/4689"}],"up":[{"embeddable":true,"href":"https:\/\/agora.xtec.cat\/ceip-practiques-tarragona\/wp-json\/wp\/v2\/pages\/64"}],"wp:attachment":[{"href":"https:\/\/agora.xtec.cat\/ceip-practiques-tarragona\/wp-json\/wp\/v2\/media?parent=3986"}],"curies":[{"name":"wp","href":"https:\/\/api.w.org\/{rel}","templated":true}]}}