{"id":38,"date":"2014-09-18T12:34:08","date_gmt":"2014-09-18T12:34:08","guid":{"rendered":"http:\/\/agora.xtec.cat\/ceip-practiques-tarragona\/?page_id=38"},"modified":"2017-03-10T12:28:11","modified_gmt":"2017-03-10T11:28:11","slug":"salut","status":"publish","type":"page","link":"https:\/\/agora.xtec.cat\/ceip-practiques-tarragona\/salut\/","title":{"rendered":"Salut i Drets d&#8217;Imatge"},"content":{"rendered":"<p><strong>PROGRAMA DE SALUT<\/strong><\/p>\n<p style=\"text-align: justify;\">Cada curs l\u2019Equip Municipal de Salut de Tarragona i el CAP de refer\u00e8ncia de l\u2019escola, el de Sant Pere i Sant Pau, organitza les intervencions al centre, d\u2019acord amb el Decret 155\/1993 d\u20191 de juny d\u2019actualitzaci\u00f3 del programa de Salut Escolar.<\/p>\n<p style=\"text-align: justify;\">Les activitats que estan previstes inicialment, <strong>a falta de confirmar<\/strong>, de les que rebran informaci\u00f3 en el seu moment s\u00f3n:<\/p>\n<p>&#8211; P4: Control del carnet de vacunes.<\/p>\n<p>&#8211; 6\u00e8 de prim\u00e0ria: Vacunaci\u00f3 Hepatitis A, VPH (nenes), Varicel\u00b7la i MCC.<\/p>\n<p>&#8211; 1r i 6\u00e8 de prim\u00e0ria: Revisi\u00f3 bucodental.<\/p>\n<p>&#8211; Tallers i altres activitats diverses en el camp d\u2019educaci\u00f3 per la salut que s\u2019aniran informant al llarg del curs.<\/p>\n<p>Est\u00e0 previst fer una revisi\u00f3 optom\u00e8trica a l\u2019alumnat de P5 com a col\u00b7laboraci\u00f3 d\u2019una entitat privada i sense cost econ\u00f2mic. S\u2019informar\u00e0 oportunament.<\/p>\n<p style=\"text-align: justify;\"><strong>ADMINISTRACI\u00d3 DE MEDICAMENTS<\/strong><\/p>\n<p style=\"text-align: justify;\">Per normativa del Departament d\u2019Ensenyament, per administrar medicaments als alumnes cal que el pare, mare o tutor legal aporti una recepta o informe del metge o metgessa on consti el nom de l\u2019alumne\/a, la pauta i el nom del medicament que ha de prendre i la forma d\u2019administraci\u00f3. Aix\u00ed mateix, el pare, mare o tutor legal ha d\u2019aportar un escrit on es demani i s\u2019autoritzi al personal del centre educatiu que administri al fill o filla la medicaci\u00f3 prescrita sempre que sigui imprescindible la seva administraci\u00f3 en horari lectiu. Podeu utilitzar el seg\u00fcent <a href=\"http:\/\/agora.xtec.cat\/ceip-practiques-tarragona\/wp-content\/uploads\/usu583\/2017\/02\/Autoritzaci\u00f3-medicaments.pdf\" target=\"_blank\">formulari<\/a>.<\/p>\n<p style=\"text-align: justify;\">El personal del centre nom\u00e9s podr\u00e0 administrar les medicaci\u00f3ns que no requereixin una formaci\u00f3 especial.<\/p>\n<p style=\"text-align: justify;\">El personal del centre no est\u00e0 obligat a manipular pr\u00f2tesis dent\u00e0ries, auditives, oculars, articulars,&#8230; en el sup\u00f2sit que s\u2019hagi de fer alguna actuaci\u00f3 en aquest sentit es parlar\u00e0 amb la fam\u00edlia i es buscar\u00e0 una soluci\u00f3.<\/p>\n<p style=\"text-align: justify;\"><strong>Important. <\/strong>Quan un\/a alumne\/a es troba malament o s\u2019ha fet mal de manera evident o suposadament, s\u2019avisar\u00e0 a la fam\u00edlia per tal que en siguin coneixedors i el vinguin a buscar. Siguin conscients que de vegades \u00e9s dif\u00edcil saber la import\u00e0ncia de la possible lesi\u00f3 o de la malaltia si no es porta al metge.<\/p>\n<p style=\"text-align: justify;\">Els alumnes que tenen febre no poden romandre a l\u2019escola i s\u2019han de venir a buscar. Informarem que un alumne\/a t\u00e9 febre quan t\u00e9 37\u00ba o m\u00e9s.<\/p>\n<p style=\"text-align: justify;\">En cas d\u2019accident o indisposici\u00f3 important i\/o urgent, s\u2019avisar\u00e0 a la fam\u00edlia i al servei m\u00e8dic d\u2019urg\u00e8ncies. Si no es pot contactar amb la fam\u00edlia l\u2019escola s\u2019encarregar\u00e0 d\u2019acompanyar l\u2019alumne\/a en el trasllat al centre d\u2019urg\u00e8ncies. Aquest servei es far\u00e0 amb una ambul\u00e0ncia.<\/p>\n<p style=\"text-align: justify;\"><strong>\u00daS D\u2019IMATGES DELS ALUMNES<\/strong><\/p>\n<p style=\"text-align: justify;\">At\u00e8s que el dret a la pr\u00f2pia imatge est\u00e0 reconegut en l\u2019article 18.1 de la Constituci\u00f3 i regulat per la Llei org\u00e0nica 1\/1982, de 5 de maig, sobre el dret a l\u2019honor, a la intimitat personal i familiar i a la pr\u00f2pia imatge i que el dret a l\u2019autodeterminaci\u00f3 informativa tamb\u00e9 est\u00e0 reconegut en el text constitucional en l\u2019art. 18.4 i regulat per la Llei org\u00e0nica 15\/1999, de 13 de desembre, de protecci\u00f3 de dades de car\u00e0cter personal es fa necessari que, pr\u00e8viament a la publicaci\u00f3 a les p\u00e0gines web dels centres educatius d\u2019imatges (fotos i v\u00eddeos) d\u2019alumnes on aquests siguin clarament identificables s\u2019hagi obtingut el consentiment dels pares, mares o tutors legals.<\/p>\n<p style=\"text-align: justify;\">El consentiment, en el cas d\u2019imatges clarament identificables (fotos i v\u00eddeos), s\u2019est\u00e9n tamb\u00e9 a la reproducci\u00f3 d\u2019imatges en televisi\u00f3, revistes i publicacions de l\u2019entorn educatiu i cultural, llibres o qualsevol altre mitj\u00e0 de difusi\u00f3 educativa p\u00fablica i premsa. Aix\u00ed mateix, l\u2019autoritzaci\u00f3 es fa extensible als treballs elaborats per l\u2019alumnat i que s\u2019hagin de publicar\/exposar en el bloc, web o altres mitjans digitals, gr\u00e0fics o d\u2019exposici\u00f3 p\u00fablica. \u00c9s per aix\u00f2 que els pares i mares que vulguin modificar l\u2019autoritzaci\u00f3 que van donar en el seu moment, a secretaria se\u2019ls facilitar\u00e0 l\u2019impr\u00e8s corresponent a petici\u00f3 seva.<\/p>\n<p>&nbsp;<\/p>\n<p>&nbsp;<\/p>\n<p>&nbsp;<\/p>\n<p>&nbsp;<\/p>\n","protected":false},"excerpt":{"rendered":"<p>PROGRAMA DE SALUT<br \/>\nCada curs l\u2019Equip Municipal de Salut de Tarragona i el CAP de refer\u00e8ncia de l\u2019escola, el de Sant Pere i Sant Pau, organitza les intervencions al centre, d\u2019acord amb el Decret 155\/1993 d\u20191 de juny d\u2019actualitzaci\u00f3 del programa de Salut Escolar.<br \/>\nLes activitats que&hellip;  <a href=\"https:\/\/agora.xtec.cat\/ceip-practiques-tarragona\/salut\/\" title=\"Read Salut i Drets d&#8217;Imatge\">Llegeix m\u00e9s\u00bb<\/a><\/p>\n","protected":false},"author":2,"featured_media":0,"parent":0,"menu_order":80,"comment_status":"closed","ping_status":"closed","template":"","meta":{"_bbp_topic_count":0,"_bbp_reply_count":0,"_bbp_total_topic_count":0,"_bbp_total_reply_count":0,"_bbp_voice_count":0,"_bbp_anonymous_reply_count":0,"_bbp_topic_count_hidden":0,"_bbp_reply_count_hidden":0,"_bbp_forum_subforum_count":0,"footnotes":""},"class_list":["post-38","page","type-page","status-publish","hentry"],"post_mailing_queue_ids":[],"_links":{"self":[{"href":"https:\/\/agora.xtec.cat\/ceip-practiques-tarragona\/wp-json\/wp\/v2\/pages\/38","targetHints":{"allow":["GET"]}}],"collection":[{"href":"https:\/\/agora.xtec.cat\/ceip-practiques-tarragona\/wp-json\/wp\/v2\/pages"}],"about":[{"href":"https:\/\/agora.xtec.cat\/ceip-practiques-tarragona\/wp-json\/wp\/v2\/types\/page"}],"author":[{"embeddable":true,"href":"https:\/\/agora.xtec.cat\/ceip-practiques-tarragona\/wp-json\/wp\/v2\/users\/2"}],"replies":[{"embeddable":true,"href":"https:\/\/agora.xtec.cat\/ceip-practiques-tarragona\/wp-json\/wp\/v2\/comments?post=38"}],"version-history":[{"count":4,"href":"https:\/\/agora.xtec.cat\/ceip-practiques-tarragona\/wp-json\/wp\/v2\/pages\/38\/revisions"}],"predecessor-version":[{"id":4636,"href":"https:\/\/agora.xtec.cat\/ceip-practiques-tarragona\/wp-json\/wp\/v2\/pages\/38\/revisions\/4636"}],"wp:attachment":[{"href":"https:\/\/agora.xtec.cat\/ceip-practiques-tarragona\/wp-json\/wp\/v2\/media?parent=38"}],"curies":[{"name":"wp","href":"https:\/\/api.w.org\/{rel}","templated":true}]}}