{"id":36,"date":"2014-09-18T12:33:11","date_gmt":"2014-09-18T12:33:11","guid":{"rendered":"http:\/\/agora.xtec.cat\/ceip-practiques-tarragona\/?page_id=36"},"modified":"2025-07-11T10:00:07","modified_gmt":"2025-07-11T08:00:07","slug":"material-escolar","status":"publish","type":"page","link":"https:\/\/agora.xtec.cat\/ceip-practiques-tarragona\/material-escolar\/","title":{"rendered":"Material i llibres de text 2025-2026"},"content":{"rendered":"<table style=\"border-collapse: collapse; width: 100%;\">\n<tbody>\n<tr>\n<td style=\"width: 100%; text-align: center;\">&nbsp;<\/p>\n<p><a href=\"https:\/\/agora.xtec.cat\/ceip-practiques-tarragona\/wp-content\/uploads\/usu583\/2025\/07\/INFORMACIO-DELS-VALS-ESCOLARS-25-26_compressed.pdf\" target=\"_blank\" rel=\"noopener\"><img loading=\"lazy\" decoding=\"async\" class=\"aligncenter wp-image-15048 size-full\" src=\"https:\/\/agora.xtec.cat\/ceip-practiques-tarragona\/wp-content\/uploads\/usu583\/2024\/07\/Sin-titulo.jpg\" alt=\"\" width=\"436\" height=\"115\" srcset=\"https:\/\/agora.xtec.cat\/ceip-practiques-tarragona\/wp-content\/uploads\/usu583\/2024\/07\/Sin-titulo.jpg 436w, https:\/\/agora.xtec.cat\/ceip-practiques-tarragona\/wp-content\/uploads\/usu583\/2024\/07\/Sin-titulo-300x79.jpg 300w\" sizes=\"auto, (max-width: 436px) 100vw, 436px\" \/><\/a><\/p>\n<p><a href=\"https:\/\/agora.xtec.cat\/ceip-practiques-tarragona\/wp-content\/uploads\/usu583\/2025\/07\/INFORMACIO-DELS-VALS-ESCOLARS-25-26_compressed.pdf\" target=\"_blank\" rel=\"noopener\">FES CLIC A LA IMATGE PER ACCEDIR A LA INFORMACI\u00d3 DEL VAL ESCOLAR<\/a><\/td>\n<\/tr>\n<\/tbody>\n<\/table>\n<h2>Infantil<\/h2>\n<table style=\"border-collapse: collapse; width: 100%; height: 110px;\">\n<tbody>\n<tr style=\"height: 110px;\">\n<td style=\"width: 33.3333%; height: 110px;\"><a href=\"https:\/\/agora.xtec.cat\/ceip-practiques-tarragona\/wp-content\/uploads\/usu583\/2025\/07\/I3-MATERIAL_compressed-1.pdf\" target=\"_blank\" rel=\"noopener\"><img loading=\"lazy\" decoding=\"async\" class=\"aligncenter wp-image-13468 size-full\" src=\"https:\/\/agora.xtec.cat\/ceip-practiques-tarragona\/wp-content\/uploads\/usu583\/2023\/03\/16_1.png\" alt=\"\" width=\"1324\" height=\"361\" srcset=\"https:\/\/agora.xtec.cat\/ceip-practiques-tarragona\/wp-content\/uploads\/usu583\/2023\/03\/16_1.png 1324w, https:\/\/agora.xtec.cat\/ceip-practiques-tarragona\/wp-content\/uploads\/usu583\/2023\/03\/16_1-300x82.png 300w, https:\/\/agora.xtec.cat\/ceip-practiques-tarragona\/wp-content\/uploads\/usu583\/2023\/03\/16_1-1024x279.png 1024w, https:\/\/agora.xtec.cat\/ceip-practiques-tarragona\/wp-content\/uploads\/usu583\/2023\/03\/16_1-768x209.png 768w\" sizes=\"auto, (max-width: 1324px) 100vw, 1324px\" \/><\/a><\/td>\n<td style=\"width: 33.3333%; height: 110px;\"><a href=\"https:\/\/agora.xtec.cat\/ceip-practiques-tarragona\/wp-content\/uploads\/usu583\/2025\/07\/I4-MATERIAL_compressed-1.pdf\" target=\"_blank\" rel=\"noopener\"><img loading=\"lazy\" decoding=\"async\" class=\"aligncenter wp-image-13469 size-full\" src=\"https:\/\/agora.xtec.cat\/ceip-practiques-tarragona\/wp-content\/uploads\/usu583\/2023\/03\/17_1.png\" alt=\"\" width=\"1324\" height=\"361\" srcset=\"https:\/\/agora.xtec.cat\/ceip-practiques-tarragona\/wp-content\/uploads\/usu583\/2023\/03\/17_1.png 1324w, https:\/\/agora.xtec.cat\/ceip-practiques-tarragona\/wp-content\/uploads\/usu583\/2023\/03\/17_1-300x82.png 300w, https:\/\/agora.xtec.cat\/ceip-practiques-tarragona\/wp-content\/uploads\/usu583\/2023\/03\/17_1-1024x279.png 1024w, https:\/\/agora.xtec.cat\/ceip-practiques-tarragona\/wp-content\/uploads\/usu583\/2023\/03\/17_1-768x209.png 768w\" sizes=\"auto, (max-width: 1324px) 100vw, 1324px\" \/><\/a><\/td>\n<td style=\"width: 33.3333%; height: 110px;\"><a href=\"https:\/\/agora.xtec.cat\/ceip-practiques-tarragona\/wp-content\/uploads\/usu583\/2025\/07\/I5-MATERIAL-_compressed.pdf\" target=\"_blank\" rel=\"noopener\"><img loading=\"lazy\" decoding=\"async\" class=\"aligncenter wp-image-13470 size-full\" src=\"https:\/\/agora.xtec.cat\/ceip-practiques-tarragona\/wp-content\/uploads\/usu583\/2023\/03\/18_1.png\" alt=\"\" width=\"1324\" height=\"361\" srcset=\"https:\/\/agora.xtec.cat\/ceip-practiques-tarragona\/wp-content\/uploads\/usu583\/2023\/03\/18_1.png 1324w, https:\/\/agora.xtec.cat\/ceip-practiques-tarragona\/wp-content\/uploads\/usu583\/2023\/03\/18_1-300x82.png 300w, https:\/\/agora.xtec.cat\/ceip-practiques-tarragona\/wp-content\/uploads\/usu583\/2023\/03\/18_1-1024x279.png 1024w, https:\/\/agora.xtec.cat\/ceip-practiques-tarragona\/wp-content\/uploads\/usu583\/2023\/03\/18_1-768x209.png 768w\" sizes=\"auto, (max-width: 1324px) 100vw, 1324px\" \/><\/a><\/td>\n<\/tr>\n<\/tbody>\n<\/table>\n<h2>Cicle inicial<\/h2>\n<table style=\"border-collapse: collapse; width: 100%; height: 174px;\">\n<tbody>\n<tr style=\"height: 174px;\">\n<td style=\"width: 50%; height: 174px;\"><a href=\"https:\/\/agora.xtec.cat\/ceip-practiques-tarragona\/wp-content\/uploads\/usu583\/2025\/07\/1.-LLIBRES-TEXT-1r-CURS-2025-2026_compressed.pdf\" target=\"_blank\" rel=\"noopener\"><img loading=\"lazy\" decoding=\"async\" class=\"aligncenter wp-image-13471 size-full\" src=\"https:\/\/agora.xtec.cat\/ceip-practiques-tarragona\/wp-content\/uploads\/usu583\/2023\/03\/19_1.png\" alt=\"\" width=\"1324\" height=\"361\" srcset=\"https:\/\/agora.xtec.cat\/ceip-practiques-tarragona\/wp-content\/uploads\/usu583\/2023\/03\/19_1.png 1324w, https:\/\/agora.xtec.cat\/ceip-practiques-tarragona\/wp-content\/uploads\/usu583\/2023\/03\/19_1-300x82.png 300w, https:\/\/agora.xtec.cat\/ceip-practiques-tarragona\/wp-content\/uploads\/usu583\/2023\/03\/19_1-1024x279.png 1024w, https:\/\/agora.xtec.cat\/ceip-practiques-tarragona\/wp-content\/uploads\/usu583\/2023\/03\/19_1-768x209.png 768w\" sizes=\"auto, (max-width: 1324px) 100vw, 1324px\" \/><\/a><\/td>\n<td style=\"width: 50%; height: 174px;\"><a href=\"https:\/\/agora.xtec.cat\/ceip-practiques-tarragona\/wp-content\/uploads\/usu583\/2025\/07\/2.-LLIBRES-TEXT-2n-CURS-2025-2026_compressed.pdf\" target=\"_blank\" rel=\"noopener\"><img loading=\"lazy\" decoding=\"async\" class=\"aligncenter wp-image-13473 size-full\" src=\"https:\/\/agora.xtec.cat\/ceip-practiques-tarragona\/wp-content\/uploads\/usu583\/2023\/03\/20_1.png\" alt=\"\" width=\"1324\" height=\"361\" srcset=\"https:\/\/agora.xtec.cat\/ceip-practiques-tarragona\/wp-content\/uploads\/usu583\/2023\/03\/20_1.png 1324w, https:\/\/agora.xtec.cat\/ceip-practiques-tarragona\/wp-content\/uploads\/usu583\/2023\/03\/20_1-300x82.png 300w, https:\/\/agora.xtec.cat\/ceip-practiques-tarragona\/wp-content\/uploads\/usu583\/2023\/03\/20_1-1024x279.png 1024w, https:\/\/agora.xtec.cat\/ceip-practiques-tarragona\/wp-content\/uploads\/usu583\/2023\/03\/20_1-768x209.png 768w\" sizes=\"auto, (max-width: 1324px) 100vw, 1324px\" \/><\/a><\/td>\n<\/tr>\n<\/tbody>\n<\/table>\n<p>A partir de cicle mitj\u00e0 podeu adherir-vos a la socialitzaci\u00f3, podeu consultar la informaci\u00f3 <a href=\"https:\/\/drive.google.com\/file\/d\/1W2ySmDnXf89uN1Dkfd48G4aA_TbqeyZJ\/view?usp=sharing\">aqu\u00ed<\/a>.<\/p>\n<h2>Cicle mitj\u00e0<\/h2>\n<table style=\"border-collapse: collapse; width: 100%;\">\n<tbody>\n<tr>\n<td style=\"width: 50%; text-align: center;\"><img loading=\"lazy\" decoding=\"async\" class=\"aligncenter wp-image-13474 size-full\" src=\"https:\/\/agora.xtec.cat\/ceip-practiques-tarragona\/wp-content\/uploads\/usu583\/2023\/03\/21_1.png\" alt=\"\" width=\"1324\" height=\"361\" srcset=\"https:\/\/agora.xtec.cat\/ceip-practiques-tarragona\/wp-content\/uploads\/usu583\/2023\/03\/21_1.png 1324w, https:\/\/agora.xtec.cat\/ceip-practiques-tarragona\/wp-content\/uploads\/usu583\/2023\/03\/21_1-300x82.png 300w, https:\/\/agora.xtec.cat\/ceip-practiques-tarragona\/wp-content\/uploads\/usu583\/2023\/03\/21_1-1024x279.png 1024w, https:\/\/agora.xtec.cat\/ceip-practiques-tarragona\/wp-content\/uploads\/usu583\/2023\/03\/21_1-768x209.png 768w\" sizes=\"auto, (max-width: 1324px) 100vw, 1324px\" \/><a href=\"https:\/\/agora.xtec.cat\/ceip-practiques-tarragona\/wp-content\/uploads\/usu583\/2025\/07\/3.-SOCIALITZACIO-3r-25-26_compressed.pdf\" target=\"_blank\" rel=\"noopener\">SOCIALITZACI\u00d3<\/a> | <a href=\"https:\/\/agora.xtec.cat\/ceip-practiques-tarragona\/wp-content\/uploads\/usu583\/2025\/07\/4.-NO-SOCIALITZACIO-3r-25-26_compressed.pdf\" target=\"_blank\" rel=\"noopener\">NO SOCIALITZACI\u00d3<\/a><\/td>\n<td style=\"width: 50%; text-align: center;\"><img loading=\"lazy\" decoding=\"async\" class=\"aligncenter wp-image-13476 size-full\" src=\"https:\/\/agora.xtec.cat\/ceip-practiques-tarragona\/wp-content\/uploads\/usu583\/2023\/03\/22_1.png\" alt=\"\" width=\"1324\" height=\"361\" srcset=\"https:\/\/agora.xtec.cat\/ceip-practiques-tarragona\/wp-content\/uploads\/usu583\/2023\/03\/22_1.png 1324w, https:\/\/agora.xtec.cat\/ceip-practiques-tarragona\/wp-content\/uploads\/usu583\/2023\/03\/22_1-300x82.png 300w, https:\/\/agora.xtec.cat\/ceip-practiques-tarragona\/wp-content\/uploads\/usu583\/2023\/03\/22_1-1024x279.png 1024w, https:\/\/agora.xtec.cat\/ceip-practiques-tarragona\/wp-content\/uploads\/usu583\/2023\/03\/22_1-768x209.png 768w\" sizes=\"auto, (max-width: 1324px) 100vw, 1324px\" \/><a href=\"https:\/\/agora.xtec.cat\/ceip-practiques-tarragona\/wp-content\/uploads\/usu583\/2025\/07\/5.-SOCIALITZACIO-4t-25-26_compressed.pdf\" target=\"_blank\" rel=\"noopener\">SOCIALITZACI\u00d3<\/a> | <a href=\"https:\/\/agora.xtec.cat\/ceip-practiques-tarragona\/wp-content\/uploads\/usu583\/2025\/07\/6.-NO-SOCIALITZACIO-4t-25-26-_compressed.pdf\" target=\"_blank\" rel=\"noopener\">NO SOCIALITZACI\u00d3<\/a><\/td>\n<\/tr>\n<\/tbody>\n<\/table>\n<h2>Cicle superior<\/h2>\n<table style=\"border-collapse: collapse; width: 100%;\">\n<tbody>\n<tr>\n<td style=\"width: 50%; text-align: center;\"><img loading=\"lazy\" decoding=\"async\" class=\"aligncenter wp-image-13477 size-full\" src=\"https:\/\/agora.xtec.cat\/ceip-practiques-tarragona\/wp-content\/uploads\/usu583\/2023\/03\/23_1.png\" alt=\"\" width=\"1324\" height=\"361\" srcset=\"https:\/\/agora.xtec.cat\/ceip-practiques-tarragona\/wp-content\/uploads\/usu583\/2023\/03\/23_1.png 1324w, https:\/\/agora.xtec.cat\/ceip-practiques-tarragona\/wp-content\/uploads\/usu583\/2023\/03\/23_1-300x82.png 300w, https:\/\/agora.xtec.cat\/ceip-practiques-tarragona\/wp-content\/uploads\/usu583\/2023\/03\/23_1-1024x279.png 1024w, https:\/\/agora.xtec.cat\/ceip-practiques-tarragona\/wp-content\/uploads\/usu583\/2023\/03\/23_1-768x209.png 768w\" sizes=\"auto, (max-width: 1324px) 100vw, 1324px\" \/><a href=\"https:\/\/agora.xtec.cat\/ceip-practiques-tarragona\/wp-content\/uploads\/usu583\/2025\/07\/7.-SOCIALITZACIO-LLIBRES-5e-25-26_compressed.pdf\" target=\"_blank\" rel=\"noopener\">SOCIALITZACI\u00d3<\/a> | <a href=\"https:\/\/agora.xtec.cat\/ceip-practiques-tarragona\/wp-content\/uploads\/usu583\/2025\/07\/8.-NO-SOCIALITZACIO-LLIBRES-5e-25-26__compressed.pdf\" target=\"_blank\" rel=\"noopener\">NO SOCIALITZACI\u00d3<\/a><\/td>\n<td style=\"width: 50%; text-align: center;\"><img loading=\"lazy\" decoding=\"async\" class=\"aligncenter wp-image-13478 size-full\" src=\"https:\/\/agora.xtec.cat\/ceip-practiques-tarragona\/wp-content\/uploads\/usu583\/2023\/03\/24_1.png\" alt=\"\" width=\"1324\" height=\"361\" srcset=\"https:\/\/agora.xtec.cat\/ceip-practiques-tarragona\/wp-content\/uploads\/usu583\/2023\/03\/24_1.png 1324w, https:\/\/agora.xtec.cat\/ceip-practiques-tarragona\/wp-content\/uploads\/usu583\/2023\/03\/24_1-300x82.png 300w, https:\/\/agora.xtec.cat\/ceip-practiques-tarragona\/wp-content\/uploads\/usu583\/2023\/03\/24_1-1024x279.png 1024w, https:\/\/agora.xtec.cat\/ceip-practiques-tarragona\/wp-content\/uploads\/usu583\/2023\/03\/24_1-768x209.png 768w\" sizes=\"auto, (max-width: 1324px) 100vw, 1324px\" \/><a href=\"https:\/\/agora.xtec.cat\/ceip-practiques-tarragona\/wp-content\/uploads\/usu583\/2025\/07\/9.-SOCIALITZACIO-LLIBRES-6e-25-26__compressed.pdf\" target=\"_blank\" rel=\"noopener\">SOCIALITZACI\u00d3<\/a> | <a href=\"https:\/\/agora.xtec.cat\/ceip-practiques-tarragona\/wp-content\/uploads\/usu583\/2025\/07\/10.-NO-SOCIALITZACIO-LLIBRES-6e-25-26_compressed.pdf\" target=\"_blank\" rel=\"noopener\">NO SOCIALITZACI\u00d3<\/a><\/td>\n<\/tr>\n<\/tbody>\n<\/table>\n<p style=\"text-align: center;\">\n","protected":false},"excerpt":{"rendered":"<p>&nbsp;<br \/>\n<a href=\"https:\/\/agora.xtec.cat\/ceip-practiques-tarragona\/wp-content\/uploads\/usu583\/2025\/07\/INFORMACIO-DELS-VALS-ESCOLARS-25-26_compressed.pdf\" target=\"_blank\" rel=\"noopener\"><\/a><br \/>\n<a href=\"https:\/\/agora.xtec.cat\/ceip-practiques-tarragona\/wp-content\/uploads\/usu583\/2025\/07\/INFORMACIO-DELS-VALS-ESCOLARS-25-26_compressed.pdf\" target=\"_blank\" rel=\"noopener\">FES CLIC A LA IMATGE PER ACCEDIR A LA INFORMACI\u00d3 DEL VAL ESCOLAR<\/a><\/p>\n<p>Infantil<\/p>\n<p><a href=\"https:\/\/agora.xtec.cat\/ceip-practiques-tarragona\/wp-content\/uploads\/usu583\/2025\/07\/I3-MATERIAL_compressed-1.pdf\" target=\"_blank\" rel=\"noopener\"><\/a><br \/>\n<a href=\"https:\/\/agora.xtec.cat\/ceip-practiques-tarragona\/wp-content\/uploads\/usu583\/2025\/07\/I4-MATERIAL_compressed-1.pdf\" target=\"_blank\" rel=\"noopener\"><\/a><br \/>\n<a href=\"https:\/\/agora.xtec.cat\/ceip-practiques-tarragona\/wp-content\/uploads\/usu583\/2025\/07\/I5-MATERIAL-_compressed.pdf\" target=\"_blank\" rel=\"noopener\"><\/a><\/p>\n<p>Cicle inicial<\/p>\n<p><a href=\"https:\/\/agora.xtec.cat\/ceip-practiques-tarragona\/wp-content\/uploads\/usu583\/2025\/07\/1.-LLIBRES-TEXT-1r-CURS-2025-2026_compressed.pdf\" target=\"_blank\" rel=\"noopener\"><\/a><br \/>\n<a href=\"https:\/\/agora.xtec.cat\/ceip-practiques-tarragona\/wp-content\/uploads\/usu583\/2025\/07\/2.-LLIBRES-TEXT-2n-CURS-2025-2026_compressed.pdf\" target=\"_blank\" rel=\"noopener\"><\/a><\/p>\n<p>A partir de cicle mitj\u00e0 podeu adherir-vos a la socialitzaci\u00f3, podeu&hellip;  <a href=\"https:\/\/agora.xtec.cat\/ceip-practiques-tarragona\/material-escolar\/\" title=\"Read Material i llibres de text 2025-2026\">Llegeix m\u00e9s\u00bb<\/a><\/p>\n","protected":false},"author":2,"featured_media":0,"parent":0,"menu_order":70,"comment_status":"closed","ping_status":"closed","template":"","meta":{"_bbp_topic_count":0,"_bbp_reply_count":0,"_bbp_total_topic_count":0,"_bbp_total_reply_count":0,"_bbp_voice_count":0,"_bbp_anonymous_reply_count":0,"_bbp_topic_count_hidden":0,"_bbp_reply_count_hidden":0,"_bbp_forum_subforum_count":0,"footnotes":""},"class_list":["post-36","page","type-page","status-publish","hentry"],"post_mailing_queue_ids":[],"_links":{"self":[{"href":"https:\/\/agora.xtec.cat\/ceip-practiques-tarragona\/wp-json\/wp\/v2\/pages\/36","targetHints":{"allow":["GET"]}}],"collection":[{"href":"https:\/\/agora.xtec.cat\/ceip-practiques-tarragona\/wp-json\/wp\/v2\/pages"}],"about":[{"href":"https:\/\/agora.xtec.cat\/ceip-practiques-tarragona\/wp-json\/wp\/v2\/types\/page"}],"author":[{"embeddable":true,"href":"https:\/\/agora.xtec.cat\/ceip-practiques-tarragona\/wp-json\/wp\/v2\/users\/2"}],"replies":[{"embeddable":true,"href":"https:\/\/agora.xtec.cat\/ceip-practiques-tarragona\/wp-json\/wp\/v2\/comments?post=36"}],"version-history":[{"count":9,"href":"https:\/\/agora.xtec.cat\/ceip-practiques-tarragona\/wp-json\/wp\/v2\/pages\/36\/revisions"}],"predecessor-version":[{"id":15885,"href":"https:\/\/agora.xtec.cat\/ceip-practiques-tarragona\/wp-json\/wp\/v2\/pages\/36\/revisions\/15885"}],"wp:attachment":[{"href":"https:\/\/agora.xtec.cat\/ceip-practiques-tarragona\/wp-json\/wp\/v2\/media?parent=36"}],"curies":[{"name":"wp","href":"https:\/\/api.w.org\/{rel}","templated":true}]}}