{"id":34,"date":"2014-09-18T12:32:18","date_gmt":"2014-09-18T12:32:18","guid":{"rendered":"http:\/\/agora.xtec.cat\/ceip-practiques-tarragona\/?page_id=34"},"modified":"2023-03-20T11:30:09","modified_gmt":"2023-03-20T10:30:09","slug":"oferta-educativa","status":"publish","type":"page","link":"https:\/\/agora.xtec.cat\/ceip-practiques-tarragona\/lescola\/oferta-educativa\/","title":{"rendered":"Oferta educativa"},"content":{"rendered":"<p style=\"text-align: justify;\">El nostre centre est\u00e0 considerat un centre d&#8217;Educaci\u00f3 infantil i Prim\u00e0ria.<\/p>\n<p style=\"text-align: justify;\">Oferim una educaci\u00f3 integral i innovadora fomentant el treball cooperatiu i l&#8217;educaci\u00f3 en valors. Proporcionem una doc\u00e8ncia de qualitat basada en el projecte educatiu del nostre centre i incorporant-nos als canvis que demana la nostra societat. Per a tal efecte, disposem de:<\/p>\n<ul style=\"text-align: justify;\">\n<li>2 l\u00ednies d&#8217;Educaci\u00f3 infantil dels 3 als 6 anys.<\/li>\n<li>2 l\u00ednies d&#8217;Educaci\u00f3 Prim\u00e0ria dels 6 als 12 anys<\/li>\n<\/ul>\n<p style=\"text-align: justify;\">Entre altres serveis proporcionats pel departament tamb\u00e9 disposem d&#8217;una mestra d&#8217;audici\u00f3 i llenguatge i una SIEI (Suport intensiu escolaritzaci\u00f3 inclusiva).<\/p>\n<p style=\"text-align: justify;\">El centre tamb\u00e9 disposa de personal col\u00b7laborador en Teatre i Educaci\u00f3 Visual i Pl\u00e0stica, aix\u00ed com tamb\u00e9 en treball de Respiraci\u00f3 i Relaxaci\u00f3 proporcionats per l&#8217;Ajuntament de Tarragona.<\/p>\n<p style=\"text-align: justify;\">Seguint la nostra l\u00ednia innovadora, col\u00b7laborem amb projectes Puntedu\/Biblioteca Escolar, Aula TIC, Escola Verda, <a href=\"https:\/\/agora.xtec.cat\/ceip-practiques-tarragona\/programa-gep\/\" target=\"_blank\" rel=\"noopener\">Programa GEP<\/a> (Projectes transversals en angl\u00e8s), Projecte Erasmus+, incorporant aix\u00ed un progressiu augment del temps d&#8217;exposici\u00f3 dels alumnes a les lleng\u00fces estrangeres.<\/p>\n<p style=\"text-align: justify;\">Mantenim un estret contacte amb els serveis externs proporcionats pel Departament d&#8217;Ensenyament: CREDA, EAP&#8230; Aix\u00ed com tamb\u00e9 amb aquells serveis privats als quals assisteixen alguns dels nostres alumnes, mantenint sempre un di\u00e0leg constant amb totes les entitats educatives de l&#8217;entorn.<\/p>\n","protected":false},"excerpt":{"rendered":"<p>El nostre centre est\u00e0 considerat un centre d&#8217;Educaci\u00f3 infantil i Prim\u00e0ria.<br \/>\nOferim una educaci\u00f3 integral i innovadora fomentant el treball cooperatiu i l&#8217;educaci\u00f3 en valors. Proporcionem una doc\u00e8ncia de qualitat basada en el projecte educatiu del nostre centre i incorporant-nos als canvis que demana la nostra&hellip;  <a href=\"https:\/\/agora.xtec.cat\/ceip-practiques-tarragona\/lescola\/oferta-educativa\/\" title=\"Read Oferta educativa\">Llegeix m\u00e9s\u00bb<\/a><\/p>\n","protected":false},"author":2,"featured_media":0,"parent":22,"menu_order":60,"comment_status":"closed","ping_status":"closed","template":"page-templates\/side-menu.php","meta":{"_bbp_topic_count":0,"_bbp_reply_count":0,"_bbp_total_topic_count":0,"_bbp_total_reply_count":0,"_bbp_voice_count":0,"_bbp_anonymous_reply_count":0,"_bbp_topic_count_hidden":0,"_bbp_reply_count_hidden":0,"_bbp_forum_subforum_count":0,"footnotes":""},"class_list":["post-34","page","type-page","status-publish","hentry"],"post_mailing_queue_ids":[],"_links":{"self":[{"href":"https:\/\/agora.xtec.cat\/ceip-practiques-tarragona\/wp-json\/wp\/v2\/pages\/34","targetHints":{"allow":["GET"]}}],"collection":[{"href":"https:\/\/agora.xtec.cat\/ceip-practiques-tarragona\/wp-json\/wp\/v2\/pages"}],"about":[{"href":"https:\/\/agora.xtec.cat\/ceip-practiques-tarragona\/wp-json\/wp\/v2\/types\/page"}],"author":[{"embeddable":true,"href":"https:\/\/agora.xtec.cat\/ceip-practiques-tarragona\/wp-json\/wp\/v2\/users\/2"}],"replies":[{"embeddable":true,"href":"https:\/\/agora.xtec.cat\/ceip-practiques-tarragona\/wp-json\/wp\/v2\/comments?post=34"}],"version-history":[{"count":4,"href":"https:\/\/agora.xtec.cat\/ceip-practiques-tarragona\/wp-json\/wp\/v2\/pages\/34\/revisions"}],"predecessor-version":[{"id":13523,"href":"https:\/\/agora.xtec.cat\/ceip-practiques-tarragona\/wp-json\/wp\/v2\/pages\/34\/revisions\/13523"}],"up":[{"embeddable":true,"href":"https:\/\/agora.xtec.cat\/ceip-practiques-tarragona\/wp-json\/wp\/v2\/pages\/22"}],"wp:attachment":[{"href":"https:\/\/agora.xtec.cat\/ceip-practiques-tarragona\/wp-json\/wp\/v2\/media?parent=34"}],"curies":[{"name":"wp","href":"https:\/\/api.w.org\/{rel}","templated":true}]}}