{"id":30,"date":"2014-09-18T12:30:23","date_gmt":"2014-09-18T12:30:23","guid":{"rendered":"http:\/\/agora.xtec.cat\/ceip-practiques-tarragona\/?page_id=30"},"modified":"2023-03-20T11:26:18","modified_gmt":"2023-03-20T10:26:18","slug":"instal%c2%b7lacions","status":"publish","type":"page","link":"https:\/\/agora.xtec.cat\/ceip-practiques-tarragona\/lescola\/instal%c2%b7lacions\/","title":{"rendered":"Instal\u00b7lacions"},"content":{"rendered":"<p style=\"text-align: justify;\">El Centre consta de dos edificis.<\/p>\n<p style=\"text-align: justify;\">L\u2019edifici de Parvulari t\u00e9 dues aules de P 3 i dues aules de P 4 a m\u00e9s d\u2019una aula d\u2019inform\u00e0tica, d\u2019una sala d\u2019usos m\u00faltiples, dos despatxos, un magatzem, lavabos interns a les aules de P-3, lavabos per P-4 i lavabos pels mestres.<\/p>\n<p style=\"text-align: justify;\">El pati que envolta aquest edifici \u00e9s un espai for\u00e7a ampli amb arbres, diverses estructures l\u00fadiques, un jard\u00ed i un hort i uns lavabos.<\/p>\n<p style=\"text-align: justify;\">L\u2019edifici de Prim\u00e0ria consta de 14 aules repartides des de P 5 fins a 6\u00e8 de\u00a0Prim\u00e0ria a m\u00e9s d\u2019una aula de ci\u00e8ncies TIC, una aula d\u2019inform\u00e0tica, una aula\u00a0multim\u00e8dia, una aula d\u2019idiomes, tres aules d\u2019educaci\u00f3 especial, una aula de\u00a0religi\u00f3, una biblioteca, un aula de psicomotricitat, una sala de professors, un\u00a0espai de recursos, uns vestidors, quatre sales d\u2019usos m\u00faltiples, una estaci\u00f3\u00a0d\u2019observaci\u00f3 meteorol\u00f2gica, diversos despatxos i una petita aula per desdoblaments.<\/p>\n<p style=\"text-align: justify;\">Tamb\u00e9 disposa d\u2019una sala pel menjador gran i dues aules pels menjadors de parvulari, totes al voltant de la instal.laci\u00f3 de la cuina i el rebost. Tamb\u00e9 tres lavabos d\u2019alumnes, dos situats a la primera planta i un a la planta baixa. Els lavabos de professors estan situats, dos a la primera planta i dos a la planta baixa.<\/p>\n<p style=\"text-align: justify;\">L\u2019edifici est\u00e0 envoltat per patis a l\u2019aire lliure, amb estructures l\u00fadiques, un ampli pati cobert amb uns lavabos i dos pistes esportives amb material divers i tamb\u00e9 amb uns lavabos.<\/p>\n","protected":false},"excerpt":{"rendered":"<p>El Centre consta de dos edificis.<br \/>\nL\u2019edifici de Parvulari t\u00e9 dues aules de P 3 i dues aules de P 4 a m\u00e9s d\u2019una aula d\u2019inform\u00e0tica, d\u2019una sala d\u2019usos m\u00faltiples, dos despatxos, un magatzem, lavabos interns a les aules de P-3, lavabos per P-4 i lavabos&hellip;  <a href=\"https:\/\/agora.xtec.cat\/ceip-practiques-tarragona\/lescola\/instal%c2%b7lacions\/\" title=\"Read Instal\u00b7lacions\">Llegeix m\u00e9s\u00bb<\/a><\/p>\n","protected":false},"author":2,"featured_media":0,"parent":22,"menu_order":40,"comment_status":"closed","ping_status":"closed","template":"page-templates\/side-menu.php","meta":{"_bbp_topic_count":0,"_bbp_reply_count":0,"_bbp_total_topic_count":0,"_bbp_total_reply_count":0,"_bbp_voice_count":0,"_bbp_anonymous_reply_count":0,"_bbp_topic_count_hidden":0,"_bbp_reply_count_hidden":0,"_bbp_forum_subforum_count":0,"footnotes":""},"class_list":["post-30","page","type-page","status-publish","hentry"],"post_mailing_queue_ids":[],"_links":{"self":[{"href":"https:\/\/agora.xtec.cat\/ceip-practiques-tarragona\/wp-json\/wp\/v2\/pages\/30","targetHints":{"allow":["GET"]}}],"collection":[{"href":"https:\/\/agora.xtec.cat\/ceip-practiques-tarragona\/wp-json\/wp\/v2\/pages"}],"about":[{"href":"https:\/\/agora.xtec.cat\/ceip-practiques-tarragona\/wp-json\/wp\/v2\/types\/page"}],"author":[{"embeddable":true,"href":"https:\/\/agora.xtec.cat\/ceip-practiques-tarragona\/wp-json\/wp\/v2\/users\/2"}],"replies":[{"embeddable":true,"href":"https:\/\/agora.xtec.cat\/ceip-practiques-tarragona\/wp-json\/wp\/v2\/comments?post=30"}],"version-history":[{"count":4,"href":"https:\/\/agora.xtec.cat\/ceip-practiques-tarragona\/wp-json\/wp\/v2\/pages\/30\/revisions"}],"predecessor-version":[{"id":13521,"href":"https:\/\/agora.xtec.cat\/ceip-practiques-tarragona\/wp-json\/wp\/v2\/pages\/30\/revisions\/13521"}],"up":[{"embeddable":true,"href":"https:\/\/agora.xtec.cat\/ceip-practiques-tarragona\/wp-json\/wp\/v2\/pages\/22"}],"wp:attachment":[{"href":"https:\/\/agora.xtec.cat\/ceip-practiques-tarragona\/wp-json\/wp\/v2\/media?parent=30"}],"curies":[{"name":"wp","href":"https:\/\/api.w.org\/{rel}","templated":true}]}}