{"id":28,"date":"2014-09-18T12:29:35","date_gmt":"2014-09-18T12:29:35","guid":{"rendered":"http:\/\/agora.xtec.cat\/ceip-practiques-tarragona\/?page_id=28"},"modified":"2025-03-29T17:45:13","modified_gmt":"2025-03-29T16:45:13","slug":"consell-escolar","status":"publish","type":"page","link":"https:\/\/agora.xtec.cat\/ceip-practiques-tarragona\/lescola\/consell-escolar\/","title":{"rendered":"Consell escolar"},"content":{"rendered":"<p><span style=\"text-decoration: underline;\"><strong>Qu\u00e8 \u00e9s el consell escolar de centre?<\/strong><\/span><\/p>\n<p>El consell escolar de centre \u00e9s un \u00f2rgan de govern col\u00b7legiat on es troba representat tota la comunitat educativa. \u00c9s un \u00f2rgan de decisi\u00f3 i participaci\u00f3 que juga un paper important en el funcionament del centre.<\/p>\n<p><span style=\"text-decoration: underline;\"><strong>Formaci\u00f3 del consell escolar del nostre centre<\/strong><\/span><\/p>\n<table style=\"border-collapse: collapse; width: 100%;\">\n<tbody>\n<tr>\n<td style=\"width: 100%;\"><strong>Presidenta: <\/strong>N\u00faria Grabiel Bosch.<\/p>\n<p><strong>Cap d&#8217;estudis: <\/strong>M. Ant\u00f2nia Cassado Garriga.<\/p>\n<p><strong>Secretari:<\/strong> David Marqu\u00e8s Verderes.<\/td>\n<\/tr>\n<\/tbody>\n<\/table>\n<table style=\"border-collapse: collapse; width: 100%;\">\n<tbody>\n<tr>\n<td style=\"width: 50%; text-align: center;\"><strong>Sector mestres<br \/>\n<\/strong>S\u00f2nia Jim\u00e9nez Vega, Jordina Abell\u00e1n Ruiz, Ricard Marrugat Ber, N\u00faria Egea Aguilar, Andrea P\u00e9rez Ruiz, Elvira Vidal Secall i Laura Rodr\u00edguez Gallego.<\/td>\n<td style=\"width: 50%;\">\n<p style=\"text-align: center;\"><strong>Sector fam\u00edlies<\/strong><\/p>\n<p style=\"text-align: center;\">Albert Fabregat Membrado, Aida Vizcarro Melich, Montserrat Pinent Armengol, Victor Gil Figuerola i Esther L\u00f3pez Ortega, Est\u00edbaliz Mart\u00ednez Torres.<\/p>\n<\/td>\n<\/tr>\n<tr>\n<td style=\"width: 50%;\">\n<p style=\"text-align: center;\"><strong>Representant de l&#8217;AFA<\/strong><\/p>\n<p style=\"text-align: center;\">S\u00edlvia Miquel Mu\u00f1oz<\/p>\n<\/td>\n<td style=\"width: 50%; text-align: center;\"><strong>Representant d&#8217;administraci\u00f3 i serveis\u00a0<\/strong><\/p>\n<p>M. Jos\u00e9 Lorca Abad i Jessica Padillo Garcia.<\/td>\n<\/tr>\n<\/tbody>\n<\/table>\n<p><span style=\"text-decoration: underline;\"><strong>Resums i acords de les reunions del consell escolar <\/strong><\/span>(en actualitzaci\u00f3)<\/p>\n<table style=\"border-collapse: collapse; width: 100%; height: 320px;\">\n<tbody>\n<tr style=\"height: 32px;\">\n<td style=\"width: 21.4479%; text-align: center; height: 32px;\"><strong>Data de la reuni\u00f3<\/strong><\/td>\n<td style=\"width: 78.5521%; text-align: center; height: 32px;\"><strong>Document<\/strong><\/td>\n<\/tr>\n<tr style=\"height: 32px;\">\n<td style=\"width: 21.4479%; height: 32px;\">02\/11\/23<\/td>\n<td style=\"width: 78.5521%; height: 32px;\"><a href=\"https:\/\/agora.xtec.cat\/ceip-practiques-tarragona\/wp-content\/uploads\/usu583\/2023\/12\/ACORDS-CONSELL-ESCOLAR-02-11-2023-.pdf\">ACORDS CONSELL ESCOLAR 02-11-2023<\/a><\/td>\n<\/tr>\n<tr style=\"height: 32px;\">\n<td style=\"width: 21.4479%; height: 32px;\">13\/12\/23<\/td>\n<td style=\"width: 78.5521%; height: 32px;\"><a href=\"https:\/\/agora.xtec.cat\/ceip-practiques-tarragona\/wp-content\/uploads\/usu583\/2024\/04\/ACORDS-CONSELL-ESCOLAR-13-12-2023-.pdf\">ACORDS CONSELL ESCOLAR 13-12-2023<\/a><\/td>\n<\/tr>\n<tr style=\"height: 32px;\">\n<td style=\"width: 21.4479%; height: 32px;\">13\/12\/23<\/td>\n<td style=\"width: 78.5521%; height: 32px;\"><a href=\"https:\/\/agora.xtec.cat\/ceip-practiques-tarragona\/wp-content\/uploads\/usu583\/2024\/04\/ACORDS-CONSELL-ESCOLAR-13-12-2023-CONSTITUCIO-NOU-CONSELL-ESCOLAR.pdf\">ACORDS CONSELL ESCOLAR 13-12-2023 CONSTITUCI\u00d3 NOU CONSELL ESCOLAR<\/a><\/td>\n<\/tr>\n<tr>\n<td style=\"width: 21.4479%;\">11\/04\/24<\/td>\n<td style=\"width: 78.5521%;\"><a href=\"https:\/\/agora.xtec.cat\/ceip-practiques-tarragona\/wp-content\/uploads\/usu583\/2025\/03\/5.-ACORDS-CONSELL-ESCOLAR-11-04-2024__compressed.pdf\" target=\"_blank\" rel=\"noopener\">ACORDS CONSELL ESCOLAR 11-04-24<\/a><\/td>\n<\/tr>\n<tr style=\"height: 32px;\">\n<td style=\"width: 21.4479%; height: 32px;\">22\/04\/24<\/td>\n<td style=\"width: 78.5521%; height: 32px;\"><a href=\"https:\/\/agora.xtec.cat\/ceip-practiques-tarragona\/wp-content\/uploads\/usu583\/2025\/03\/4.-ACORDS-CONSELL-ESCOLAR-22-02-2024__compressed.pdf\" target=\"_blank\" rel=\"noopener\">ACORDS CONSELL ESCOLAR 22-04-24<\/a><\/td>\n<\/tr>\n<tr style=\"height: 32px;\">\n<td style=\"width: 21.4479%; height: 32px;\">17\/06\/24<\/td>\n<td style=\"width: 78.5521%; height: 32px;\"><a href=\"https:\/\/agora.xtec.cat\/ceip-practiques-tarragona\/wp-content\/uploads\/usu583\/2025\/03\/6.-ACORDS-CONSELL-ESCOLAR-17-06-2024__compressed.pdf\" target=\"_blank\" rel=\"noopener\">ACORDS CONSELL ESCOLAR 17-06-24<\/a><\/td>\n<\/tr>\n<tr style=\"height: 32px;\">\n<td style=\"width: 21.4479%; height: 32px;\">16\/10\/24<\/td>\n<td style=\"width: 78.5521%; height: 32px;\"><a href=\"https:\/\/agora.xtec.cat\/ceip-practiques-tarragona\/wp-content\/uploads\/usu583\/2025\/03\/7.-ACORDS-CONSELL-ESCOLAR-16-10-2024__compressed.pdf\" target=\"_blank\" rel=\"noopener\">ACORDS CONSELL ESCOLAR 16-10-24<\/a><\/td>\n<\/tr>\n<tr style=\"height: 32px;\">\n<td style=\"width: 21.4479%; height: 32px;\">28\/11\/24<\/td>\n<td style=\"width: 78.5521%; height: 32px;\"><a href=\"https:\/\/agora.xtec.cat\/ceip-practiques-tarragona\/wp-content\/uploads\/usu583\/2025\/03\/8.-ACORDS-CONSELL-ESCOLAR-28-11-2024__compressed.pdf\" target=\"_blank\" rel=\"noopener\">ACORDS CONSELL ESCOLAR 28-11-24<\/a><\/td>\n<\/tr>\n<tr style=\"height: 32px;\">\n<td style=\"width: 21.4479%; height: 32px;\">10\/02\/25<\/td>\n<td style=\"width: 78.5521%; height: 32px;\"><a href=\"https:\/\/agora.xtec.cat\/ceip-practiques-tarragona\/wp-content\/uploads\/usu583\/2025\/03\/9.-ACORDS-CONSELL-ESCOLAR-10-02-2025__compressed.pdf\" target=\"_blank\" rel=\"noopener\">ACORDS CONSELL ESCOLAR 10-02-25<\/a><\/td>\n<\/tr>\n<\/tbody>\n<\/table>\n","protected":false},"excerpt":{"rendered":"<p>Qu\u00e8 \u00e9s el consell escolar de centre?<br \/>\nEl consell escolar de centre \u00e9s un \u00f2rgan de govern col\u00b7legiat on es troba representat tota la comunitat educativa. \u00c9s un \u00f2rgan de decisi\u00f3 i participaci\u00f3 que juga un paper important en el funcionament del centre.<br \/>\nFormaci\u00f3 del consell escolar&hellip;  <a href=\"https:\/\/agora.xtec.cat\/ceip-practiques-tarragona\/lescola\/consell-escolar\/\" title=\"Read Consell escolar\">Llegeix m\u00e9s\u00bb<\/a><\/p>\n","protected":false},"author":2,"featured_media":0,"parent":22,"menu_order":30,"comment_status":"closed","ping_status":"closed","template":"page-templates\/side-menu.php","meta":{"_bbp_topic_count":0,"_bbp_reply_count":0,"_bbp_total_topic_count":0,"_bbp_total_reply_count":0,"_bbp_voice_count":0,"_bbp_anonymous_reply_count":0,"_bbp_topic_count_hidden":0,"_bbp_reply_count_hidden":0,"_bbp_forum_subforum_count":0,"footnotes":""},"class_list":["post-28","page","type-page","status-publish","hentry"],"post_mailing_queue_ids":[],"_links":{"self":[{"href":"https:\/\/agora.xtec.cat\/ceip-practiques-tarragona\/wp-json\/wp\/v2\/pages\/28","targetHints":{"allow":["GET"]}}],"collection":[{"href":"https:\/\/agora.xtec.cat\/ceip-practiques-tarragona\/wp-json\/wp\/v2\/pages"}],"about":[{"href":"https:\/\/agora.xtec.cat\/ceip-practiques-tarragona\/wp-json\/wp\/v2\/types\/page"}],"author":[{"embeddable":true,"href":"https:\/\/agora.xtec.cat\/ceip-practiques-tarragona\/wp-json\/wp\/v2\/users\/2"}],"replies":[{"embeddable":true,"href":"https:\/\/agora.xtec.cat\/ceip-practiques-tarragona\/wp-json\/wp\/v2\/comments?post=28"}],"version-history":[{"count":8,"href":"https:\/\/agora.xtec.cat\/ceip-practiques-tarragona\/wp-json\/wp\/v2\/pages\/28\/revisions"}],"predecessor-version":[{"id":15547,"href":"https:\/\/agora.xtec.cat\/ceip-practiques-tarragona\/wp-json\/wp\/v2\/pages\/28\/revisions\/15547"}],"up":[{"embeddable":true,"href":"https:\/\/agora.xtec.cat\/ceip-practiques-tarragona\/wp-json\/wp\/v2\/pages\/22"}],"wp:attachment":[{"href":"https:\/\/agora.xtec.cat\/ceip-practiques-tarragona\/wp-json\/wp\/v2\/media?parent=28"}],"curies":[{"name":"wp","href":"https:\/\/api.w.org\/{rel}","templated":true}]}}