{"id":26,"date":"2014-09-18T12:24:32","date_gmt":"2014-09-18T12:24:32","guid":{"rendered":"http:\/\/agora.xtec.cat\/ceip-practiques-tarragona\/?page_id=26"},"modified":"2023-03-20T11:25:08","modified_gmt":"2023-03-20T10:25:08","slug":"historia","status":"publish","type":"page","link":"https:\/\/agora.xtec.cat\/ceip-practiques-tarragona\/lescola\/historia\/","title":{"rendered":"Hist\u00f2ria"},"content":{"rendered":"<p style=\"text-align: justify;\"><span style=\"font-weight: 400;\">El centre d\u2019Educaci\u00f3 Infantil i Prim\u00e0ria de Pr\u00e0ctiques, annex a la Facultat de Ci\u00e8ncies de l\u2019Educaci\u00f3 i Psicologia de la Universitat Rovira i Virgili de Tarragona, va \u00e9sser inaugurat l\u2019any 1975 com a centre annex a l\u2019Escola de Magisteri i est\u00e0 situat als afores de la ciutat a la partida Sescelades a la zona Educacional a la carretera de Valls s\/n.<\/span><\/p>\n<p style=\"text-align: justify;\"><span style=\"font-weight: 400;\">Actualment el titular del centre \u00e9s el Departament d\u2019Educaci\u00f3 per\u00f2 l\u2019edifici est\u00e0 situat en el campus universitari de la Facultat de ci\u00e8ncies de l\u2019Educaci\u00f3 i Psicologia i pertany al complex universitari de la Universitat Rovira i Virgili.<\/span><\/p>\n<p style=\"text-align: justify;\"><span style=\"font-weight: 400;\">Aquest centre fins l\u2019any 2002, va tenir la consideraci\u00f3 per part del Departament d\u2019Educaci\u00f3 de centre experimental, per tant una de les seves l\u00ednies b\u00e0siques d\u2019actuaci\u00f3 ha estat desenvolupar els programes d\u2019investigaci\u00f3 i experimentaci\u00f3 que podien ser dissenyats per l\u2019administraci\u00f3 educativa, claustre de professors del centre, institucions universit\u00e0ries o equips de recerca i assessorament psicopedag\u00f2gic. Malgrat que normativament aquesta consideraci\u00f3 ja no \u00e9s efectiva, el tarann\u00e0 del centre, el reconeixement del Departament d\u2019Educaci\u00f3 i a trav\u00e9s de les relacions de col\u0097laboraci\u00f3 amb la Facultat, segueix amb la mateixa l\u00ednia d\u2019actuaci\u00f3.<\/span><\/p>\n","protected":false},"excerpt":{"rendered":"<p>El centre d\u2019Educaci\u00f3 Infantil i Prim\u00e0ria de Pr\u00e0ctiques, annex a la Facultat de Ci\u00e8ncies de l\u2019Educaci\u00f3 i Psicologia de la Universitat Rovira i Virgili de Tarragona, va \u00e9sser inaugurat l\u2019any 1975 com a centre annex a l\u2019Escola de Magisteri i est\u00e0 situat als afores de&hellip;  <a href=\"https:\/\/agora.xtec.cat\/ceip-practiques-tarragona\/lescola\/historia\/\" title=\"Read Hist\u00f2ria\">Llegeix m\u00e9s\u00bb<\/a><\/p>\n","protected":false},"author":2,"featured_media":0,"parent":22,"menu_order":20,"comment_status":"closed","ping_status":"closed","template":"page-templates\/side-menu.php","meta":{"_bbp_topic_count":0,"_bbp_reply_count":0,"_bbp_total_topic_count":0,"_bbp_total_reply_count":0,"_bbp_voice_count":0,"_bbp_anonymous_reply_count":0,"_bbp_topic_count_hidden":0,"_bbp_reply_count_hidden":0,"_bbp_forum_subforum_count":0,"footnotes":""},"class_list":["post-26","page","type-page","status-publish","hentry"],"post_mailing_queue_ids":[],"_links":{"self":[{"href":"https:\/\/agora.xtec.cat\/ceip-practiques-tarragona\/wp-json\/wp\/v2\/pages\/26","targetHints":{"allow":["GET"]}}],"collection":[{"href":"https:\/\/agora.xtec.cat\/ceip-practiques-tarragona\/wp-json\/wp\/v2\/pages"}],"about":[{"href":"https:\/\/agora.xtec.cat\/ceip-practiques-tarragona\/wp-json\/wp\/v2\/types\/page"}],"author":[{"embeddable":true,"href":"https:\/\/agora.xtec.cat\/ceip-practiques-tarragona\/wp-json\/wp\/v2\/users\/2"}],"replies":[{"embeddable":true,"href":"https:\/\/agora.xtec.cat\/ceip-practiques-tarragona\/wp-json\/wp\/v2\/comments?post=26"}],"version-history":[{"count":3,"href":"https:\/\/agora.xtec.cat\/ceip-practiques-tarragona\/wp-json\/wp\/v2\/pages\/26\/revisions"}],"predecessor-version":[{"id":13518,"href":"https:\/\/agora.xtec.cat\/ceip-practiques-tarragona\/wp-json\/wp\/v2\/pages\/26\/revisions\/13518"}],"up":[{"embeddable":true,"href":"https:\/\/agora.xtec.cat\/ceip-practiques-tarragona\/wp-json\/wp\/v2\/pages\/22"}],"wp:attachment":[{"href":"https:\/\/agora.xtec.cat\/ceip-practiques-tarragona\/wp-json\/wp\/v2\/media?parent=26"}],"curies":[{"name":"wp","href":"https:\/\/api.w.org\/{rel}","templated":true}]}}