{"id":15992,"date":"2025-10-08T17:03:27","date_gmt":"2025-10-08T15:03:27","guid":{"rendered":"https:\/\/agora.xtec.cat\/ceip-practiques-tarragona\/?page_id=15992"},"modified":"2025-10-08T17:04:02","modified_gmt":"2025-10-08T15:04:02","slug":"beneficis-per-les-families-associades","status":"publish","type":"page","link":"https:\/\/agora.xtec.cat\/ceip-practiques-tarragona\/afa\/serveis-afa\/beneficis-per-les-families-associades\/","title":{"rendered":"Beneficis per les fam\u00edlies associades"},"content":{"rendered":"<p><strong>Ep fam\u00edlia! Saps que ser s\u00f2cia de l&#8217;AFA Pr\u00e0ctiques tens beneficis al teu barri?<\/strong><\/p>\n<ul>\n<li>Matr\u00edcula gratu\u00efta a l&#8217;<a href=\"https:\/\/dansamontserrat.com\/ca\/\">Estudi de Dansa Montserrat<\/a><\/li>\n<\/ul>\n<p><a href=\"https:\/\/agora.xtec.cat\/ceip-practiques-tarragona\/wp-content\/uploads\/usu583\/2025\/10\/WhatsApp-Image-2025-09-30-at-18.29.46.jpeg\"><img loading=\"lazy\" decoding=\"async\" class=\"alignnone size-large wp-image-15994\" src=\"https:\/\/agora.xtec.cat\/ceip-practiques-tarragona\/wp-content\/uploads\/usu583\/2025\/10\/WhatsApp-Image-2025-09-30-at-18.29.46-1024x750.jpeg\" alt=\"\" width=\"1024\" height=\"750\" srcset=\"https:\/\/agora.xtec.cat\/ceip-practiques-tarragona\/wp-content\/uploads\/usu583\/2025\/10\/WhatsApp-Image-2025-09-30-at-18.29.46-1024x750.jpeg 1024w, https:\/\/agora.xtec.cat\/ceip-practiques-tarragona\/wp-content\/uploads\/usu583\/2025\/10\/WhatsApp-Image-2025-09-30-at-18.29.46-300x220.jpeg 300w, https:\/\/agora.xtec.cat\/ceip-practiques-tarragona\/wp-content\/uploads\/usu583\/2025\/10\/WhatsApp-Image-2025-09-30-at-18.29.46-768x562.jpeg 768w, https:\/\/agora.xtec.cat\/ceip-practiques-tarragona\/wp-content\/uploads\/usu583\/2025\/10\/WhatsApp-Image-2025-09-30-at-18.29.46-1536x1124.jpeg 1536w, https:\/\/agora.xtec.cat\/ceip-practiques-tarragona\/wp-content\/uploads\/usu583\/2025\/10\/WhatsApp-Image-2025-09-30-at-18.29.46.jpeg 2048w\" sizes=\"auto, (max-width: 1024px) 100vw, 1024px\" \/><\/a><\/p>\n","protected":false},"excerpt":{"rendered":"<p>Ep fam\u00edlia! Saps que ser s\u00f2cia de l&#8217;AFA Pr\u00e0ctiques tens beneficis al teu barri?<\/p>\n<ul>\n<li>Matr\u00edcula gratu\u00efta a l&#8217;<a href=\"https:\/\/dansamontserrat.com\/ca\/\">Estudi de Dansa Montserrat<\/a><\/li>\n<\/ul>\n<p><a href=\"https:\/\/agora.xtec.cat\/ceip-practiques-tarragona\/wp-content\/uploads\/usu583\/2025\/10\/WhatsApp-Image-2025-09-30-at-18.29.46.jpeg\"><\/a><\/p>\n","protected":false},"author":89,"featured_media":0,"parent":9555,"menu_order":5,"comment_status":"closed","ping_status":"closed","template":"","meta":{"_bbp_topic_count":0,"_bbp_reply_count":0,"_bbp_total_topic_count":0,"_bbp_total_reply_count":0,"_bbp_voice_count":0,"_bbp_anonymous_reply_count":0,"_bbp_topic_count_hidden":0,"_bbp_reply_count_hidden":0,"_bbp_forum_subforum_count":0,"footnotes":""},"class_list":["post-15992","page","type-page","status-publish","hentry"],"post_mailing_queue_ids":[],"_links":{"self":[{"href":"https:\/\/agora.xtec.cat\/ceip-practiques-tarragona\/wp-json\/wp\/v2\/pages\/15992","targetHints":{"allow":["GET"]}}],"collection":[{"href":"https:\/\/agora.xtec.cat\/ceip-practiques-tarragona\/wp-json\/wp\/v2\/pages"}],"about":[{"href":"https:\/\/agora.xtec.cat\/ceip-practiques-tarragona\/wp-json\/wp\/v2\/types\/page"}],"author":[{"embeddable":true,"href":"https:\/\/agora.xtec.cat\/ceip-practiques-tarragona\/wp-json\/wp\/v2\/users\/89"}],"replies":[{"embeddable":true,"href":"https:\/\/agora.xtec.cat\/ceip-practiques-tarragona\/wp-json\/wp\/v2\/comments?post=15992"}],"version-history":[{"count":3,"href":"https:\/\/agora.xtec.cat\/ceip-practiques-tarragona\/wp-json\/wp\/v2\/pages\/15992\/revisions"}],"predecessor-version":[{"id":15996,"href":"https:\/\/agora.xtec.cat\/ceip-practiques-tarragona\/wp-json\/wp\/v2\/pages\/15992\/revisions\/15996"}],"up":[{"embeddable":true,"href":"https:\/\/agora.xtec.cat\/ceip-practiques-tarragona\/wp-json\/wp\/v2\/pages\/9555"}],"wp:attachment":[{"href":"https:\/\/agora.xtec.cat\/ceip-practiques-tarragona\/wp-json\/wp\/v2\/media?parent=15992"}],"curies":[{"name":"wp","href":"https:\/\/api.w.org\/{rel}","templated":true}]}}