{"id":15127,"date":"2024-10-30T22:52:07","date_gmt":"2024-10-30T21:52:07","guid":{"rendered":"https:\/\/agora.xtec.cat\/ceip-practiques-tarragona\/?page_id=15127"},"modified":"2025-11-17T18:08:13","modified_gmt":"2025-11-17T17:08:13","slug":"assemblea-afa","status":"publish","type":"page","link":"https:\/\/agora.xtec.cat\/ceip-practiques-tarragona\/afa\/dossiers-i-normatives\/assemblea-afa\/","title":{"rendered":"Assemblea General Ordin\u00e0ria AFA &#8211; novembre 2025"},"content":{"rendered":"<div data-v-2bed8167=\"\">\n<div class=\"rich-text-editor position-relative message-body\" data-v-4a6d1098=\"\" data-v-2bed8167=\"\">\n<div class=\"editor message-body disabled\" spellcheck=\"false\" data-v-4a6d1098=\"\">\n<div data-v-2bed8167=\"\">\n<div class=\"rich-text-editor position-relative message-body\" data-v-4a6d1098=\"\" data-v-2bed8167=\"\">\n<div class=\"editor message-body disabled\" spellcheck=\"false\" data-v-4a6d1098=\"\">\n<div id=\"uid-3082-editor\" class=\"tiptap ProseMirror ProseMirror-focused\" tabindex=\"-1\" role=\"textbox\" contenteditable=\"false\" translate=\"no\" aria-multiline=\"true\">\n<p>Benvolgudes fam\u00edlies associades,<\/p>\n<p>Us convoquem a l&#8217;Assemblea General Ordin\u00e0ria de l&#8217;AFA de l&#8217;Escola Pr\u00e0ctiques, <strong><em><u>el divendres 7 de novembre a les 16:45h i fins les 17.45h<\/u><\/em><\/strong>, a la biblioteca del centre.<\/p>\n<p>La farem en <strong>format h\u00edbrid<\/strong>, \u00e9s a dir, aquelles fam\u00edlies que vulgueu podreu venir a l\u2019escola i les que ho necessite<a href=\"https:\/\/agora.xtec.cat\/ceip-practiques-tarragona\/assemblea-afa\/\" target=\"_blank\" rel=\"noreferrer noopener\">u podreu seguir-la des de casa amb un enlla\u00e7 que pr\u00f2ximament us farem arribar.<\/a><\/p>\n<p><strong><u>Ordre del dia:<\/u><\/strong><\/p>\n<ul>\n<li>Composici\u00f3 de la Junta i opcions de participaci\u00f3<\/li>\n<li>Tancament curs 2024\/25<\/li>\n<li>Pressupost 2025\/26<\/li>\n<li>Informaci\u00f3 activitats AFA<\/li>\n<li>Torn obert de paraula<\/li>\n<\/ul>\n<\/div>\n<\/div>\n<\/div>\n<\/div>\n<\/div>\n<\/div>\n<\/div>\n<p><strong><u>Instruccions per participar i votar:<\/u><\/strong><\/p>\n<p>&#8211; Quan accediu a la sala, en el xat haureu d&#8217;indicar el vostre nom i cognoms i cursos dels vostres fills i filles.<br \/>\n&#8211; En el moment de les votacions caldr\u00e0 tenir la c\u00e0mera oberta, per tal de poder comptabilitzar d\u2019una forma segura els vots.<\/p>\n<p><strong><u>Servei d&#8217;acollida<\/u>:<\/strong><\/p>\n<p>Disposarem de servei d&#8217;acollida gratu\u00efta pels alumnes associats.<\/p>\n<p>Al dinantia de la convocat\u00f2ria podeu indicar si en fareu \u00fas responent a la pregunta per cada fill\/a.<\/p>\n<p><strong><u>Per aquelles fam\u00edlies que no sabeu qu\u00e8 \u00e9s l\u2019Assemblea General us ho expliquem:<\/u><\/strong><\/p>\n<p>&#8211; A l\u2019Assemblea General de l\u2019AFA, es ratifiquen, s\u2019amplien o es modifiquen els components de la Junta.<br \/>\n&#8211; S\u2019aprova el balan\u00e7 econ\u00f2mic de l\u2019Associaci\u00f3, i el pressupost per aquest curs que acabem de comen\u00e7ar.<br \/>\n&#8211; Tamb\u00e9 explicarem el nostre funcionament i les diferents activitats que duem a terme. Esperem la vostra participaci\u00f3 i col\u00b7laboraci\u00f3!<\/p>\n<p>La participaci\u00f3 de les fam\u00edlies a l\u2019Assemblea \u00e9s un factor clau per garantir la continu\u00eftat de l\u2019associaci\u00f3 i dels serveis que s\u2019hi ofereixen.<\/p>\n<p data-pm-slice=\"1 1 []\">A m\u00e9s, <strong>aquest any cal renovar part de la Junta<\/strong>, aix\u00ed que us animem molt a participar-hi i implicar-vos. L\u2019AFA \u00e9s m\u00e9s forta amb la col\u00b7laboraci\u00f3 de totes les fam\u00edlies!<\/p>\n<p>Esperem comptar amb tots vosaltres!<\/p>\n<p><a href=\"https:\/\/agora.xtec.cat\/ceip-practiques-tarragona\/wp-content\/uploads\/usu583\/2025\/11\/ACTA-ASSEMBLEA-AFA-PRACTIQUES-071125.pdf\">Acta Assemblea General AFA escola de Pr\u00e0ctiques 7\/11\/25<\/a><\/p>\n<p><a href=\"https:\/\/agora.xtec.cat\/ceip-practiques-tarragona\/wp-content\/uploads\/usu583\/2025\/11\/Memoria-24-25-INFO-curs-25-26.pdf\">Mem\u00f2ria 2024-25 informaci\u00f3 2025-26<\/a><\/p>\n<figure class=\"figure wp-caption alignnone\"><a href=\"https:\/\/agora.xtec.cat\/ceip-practiques-tarragona\/wp-content\/uploads\/usu583\/2024\/10\/4281689-scaled.jpg\"><img loading=\"lazy\" decoding=\"async\" class=\"size-large wp-image-15131\" src=\"https:\/\/agora.xtec.cat\/ceip-practiques-tarragona\/wp-content\/uploads\/usu583\/2024\/10\/4281689-1024x683.jpg\" alt=\"assemblea\" width=\"1024\" height=\"683\" srcset=\"https:\/\/agora.xtec.cat\/ceip-practiques-tarragona\/wp-content\/uploads\/usu583\/2024\/10\/4281689-1024x683.jpg 1024w, https:\/\/agora.xtec.cat\/ceip-practiques-tarragona\/wp-content\/uploads\/usu583\/2024\/10\/4281689-300x200.jpg 300w, https:\/\/agora.xtec.cat\/ceip-practiques-tarragona\/wp-content\/uploads\/usu583\/2024\/10\/4281689-768x512.jpg 768w, https:\/\/agora.xtec.cat\/ceip-practiques-tarragona\/wp-content\/uploads\/usu583\/2024\/10\/4281689-1536x1024.jpg 1536w, https:\/\/agora.xtec.cat\/ceip-practiques-tarragona\/wp-content\/uploads\/usu583\/2024\/10\/4281689-2048x1365.jpg 2048w\" sizes=\"auto, (max-width: 1024px) 100vw, 1024px\" \/><\/a><figcaption class=\"wp-caption-text\"><a href=\"http:\/\/www.freepik.com\">Designed by Freepik<\/a><\/figcaption><\/figure>\n","protected":false},"excerpt":{"rendered":"<p>Benvolgudes fam\u00edlies associades,<br \/>\nUs convoquem a l&#8217;Assemblea General Ordin\u00e0ria de l&#8217;AFA de l&#8217;Escola Pr\u00e0ctiques, el divendres 7 de novembre a les 16:45h i fins les 17.45h, a la biblioteca del centre.<br \/>\nLa farem en format h\u00edbrid, \u00e9s a dir, aquelles fam\u00edlies que vulgueu podreu venir a l\u2019escola&hellip;  <a href=\"https:\/\/agora.xtec.cat\/ceip-practiques-tarragona\/afa\/dossiers-i-normatives\/assemblea-afa\/\" title=\"Read Assemblea General Ordin\u00e0ria AFA &#8211; novembre 2025\">Llegeix m\u00e9s\u00bb<\/a><\/p>\n","protected":false},"author":89,"featured_media":0,"parent":12909,"menu_order":0,"comment_status":"closed","ping_status":"closed","template":"","meta":{"_bbp_topic_count":0,"_bbp_reply_count":0,"_bbp_total_topic_count":0,"_bbp_total_reply_count":0,"_bbp_voice_count":0,"_bbp_anonymous_reply_count":0,"_bbp_topic_count_hidden":0,"_bbp_reply_count_hidden":0,"_bbp_forum_subforum_count":0,"footnotes":""},"class_list":["post-15127","page","type-page","status-publish","hentry"],"post_mailing_queue_ids":[],"_links":{"self":[{"href":"https:\/\/agora.xtec.cat\/ceip-practiques-tarragona\/wp-json\/wp\/v2\/pages\/15127","targetHints":{"allow":["GET"]}}],"collection":[{"href":"https:\/\/agora.xtec.cat\/ceip-practiques-tarragona\/wp-json\/wp\/v2\/pages"}],"about":[{"href":"https:\/\/agora.xtec.cat\/ceip-practiques-tarragona\/wp-json\/wp\/v2\/types\/page"}],"author":[{"embeddable":true,"href":"https:\/\/agora.xtec.cat\/ceip-practiques-tarragona\/wp-json\/wp\/v2\/users\/89"}],"replies":[{"embeddable":true,"href":"https:\/\/agora.xtec.cat\/ceip-practiques-tarragona\/wp-json\/wp\/v2\/comments?post=15127"}],"version-history":[{"count":7,"href":"https:\/\/agora.xtec.cat\/ceip-practiques-tarragona\/wp-json\/wp\/v2\/pages\/15127\/revisions"}],"predecessor-version":[{"id":16290,"href":"https:\/\/agora.xtec.cat\/ceip-practiques-tarragona\/wp-json\/wp\/v2\/pages\/15127\/revisions\/16290"}],"up":[{"embeddable":true,"href":"https:\/\/agora.xtec.cat\/ceip-practiques-tarragona\/wp-json\/wp\/v2\/pages\/12909"}],"wp:attachment":[{"href":"https:\/\/agora.xtec.cat\/ceip-practiques-tarragona\/wp-json\/wp\/v2\/media?parent=15127"}],"curies":[{"name":"wp","href":"https:\/\/api.w.org\/{rel}","templated":true}]}}