{"id":12976,"date":"2022-10-08T19:03:51","date_gmt":"2022-10-08T17:03:51","guid":{"rendered":"https:\/\/agora.xtec.cat\/ceip-practiques-tarragona\/?page_id=12976"},"modified":"2022-10-09T23:13:26","modified_gmt":"2022-10-09T21:13:26","slug":"altes-i-baixes-als-serveis-de-lafa","status":"publish","type":"page","link":"https:\/\/agora.xtec.cat\/ceip-practiques-tarragona\/afa\/tramits-i-normes-de-funcionament\/altes-i-baixes-als-serveis-de-lafa\/","title":{"rendered":"Altes als serveis espor\u00e0dics de l&#8217;AFA"},"content":{"rendered":"<p>Per tal de sol\u00b7licitar un servei puntual d\u2019acollida o de menjador d\u2019algun caldr\u00e0 seguir els passos seg\u00fcents:<\/p>\n<p><strong>En el cas del servei de menjador espor\u00e0dic<\/strong><\/p>\n<ul>\n<li>Enviar un Dinantia -&gt; <a href=\"https:\/\/app.dinantia.com\">https:\/\/app.dinantia.com<\/a> a l&#8217;AFA indicant el nom del servei &#8220;MENJADOR ESPOR\u00c0DIC&#8221;, nom i cognoms del fill o filla, el curs que realitza i el dia que es quedar\u00e0 a dinar.<\/li>\n<li>Els men\u00fas de dies espor\u00e0dics s&#8217;han de pagar amb antelaci\u00f3 per demanar-los a la cuina, mitjan\u00e7ant ingr\u00e9s al n\u00ba de compte del BBVA <strong>ES15 0182 4359 4202 0000 3910<\/strong><\/li>\n<li>En l&#8217;ingr\u00e9s caldr\u00e0 indicar el nom del nen\/a, curs i data del servei, en el cas que es paguin per rebut bancari altres serveis de l\u2019AFA podem incloure\u2019ls en la liquidaci\u00f3 de final del mes.<\/li>\n<\/ul>\n<p><strong>En el cas del servei d&#8217;acollida espor\u00e0dic<\/strong><\/p>\n<ul>\n<li>Enviar un Dinantia -&gt; <a href=\"https:\/\/app.dinantia.com\">https:\/\/app.dinantia.com<\/a> a l&#8217;AFA indicant el nom del servei &#8220;ACOLLIDA ESPOR\u00c0DICA&#8221;, nom i cognoms del fill o filla, el curs que realitza i el dia o dies que es quedar\u00e0 a acollida i les hores concretes.<\/li>\n<li>En cas que es paguin per rebut bancari altres serveis de l\u2019AFA podem incloure els serveis d&#8217;acollida realitzats\u00a0en la liquidaci\u00f3 de final del mes. En cas contrari caldr\u00e0 fer una transfer\u00e8ncia al n\u00ba de compte del BBVA <strong>ES15 0182 4359 4202 0000 3910<\/strong> a tot tardar, el dia 5 del mes seg\u00fcent.<\/li>\n<\/ul>\n<p>Cal recordar que els serveis i activitats duen associades una normativa reguladora que caldr\u00e0 contemplar en cada cas.<\/p>\n<p class=\"link link_document\"><a href=\"https:\/\/agora.xtec.cat\/ceip-practiques-tarragona\/afa\/dossiers-i-normatives\/\">Normatives i estatuts<\/a><\/p>\n","protected":false},"excerpt":{"rendered":"<p>Per tal de sol\u00b7licitar un servei puntual d\u2019acollida o de menjador d\u2019algun caldr\u00e0 seguir els passos seg\u00fcents:<br \/>\nEn el cas del servei de menjador espor\u00e0dic<\/p>\n<ul>\n<li>Enviar un Dinantia -&gt; <a href=\"https:\/\/app.dinantia.com\">https:\/\/app.dinantia.com<\/a> a l&#8217;AFA indicant el nom del servei &#8220;MENJADOR ESPOR\u00c0DIC&#8221;, nom i cognoms del fill o filla,&hellip;  <a href=\"https:\/\/agora.xtec.cat\/ceip-practiques-tarragona\/afa\/tramits-i-normes-de-funcionament\/altes-i-baixes-als-serveis-de-lafa\/\" title=\"Read Altes als serveis espor\u00e0dics de l&#8217;AFA\">Llegeix m\u00e9s\u00bb<\/a><br \/>\n","protected":false},"author":55,"featured_media":0,"parent":9619,"menu_order":0,"comment_status":"closed","ping_status":"closed","template":"","meta":{"_bbp_topic_count":0,"_bbp_reply_count":0,"_bbp_total_topic_count":0,"_bbp_total_reply_count":0,"_bbp_voice_count":0,"_bbp_anonymous_reply_count":0,"_bbp_topic_count_hidden":0,"_bbp_reply_count_hidden":0,"_bbp_forum_subforum_count":0,"footnotes":""},"class_list":["post-12976","page","type-page","status-publish","hentry"],"post_mailing_queue_ids":[],"_links":{"self":[{"href":"https:\/\/agora.xtec.cat\/ceip-practiques-tarragona\/wp-json\/wp\/v2\/pages\/12976","targetHints":{"allow":["GET"]}}],"collection":[{"href":"https:\/\/agora.xtec.cat\/ceip-practiques-tarragona\/wp-json\/wp\/v2\/pages"}],"about":[{"href":"https:\/\/agora.xtec.cat\/ceip-practiques-tarragona\/wp-json\/wp\/v2\/types\/page"}],"author":[{"embeddable":true,"href":"https:\/\/agora.xtec.cat\/ceip-practiques-tarragona\/wp-json\/wp\/v2\/users\/55"}],"replies":[{"embeddable":true,"href":"https:\/\/agora.xtec.cat\/ceip-practiques-tarragona\/wp-json\/wp\/v2\/comments?post=12976"}],"version-history":[{"count":3,"href":"https:\/\/agora.xtec.cat\/ceip-practiques-tarragona\/wp-json\/wp\/v2\/pages\/12976\/revisions"}],"predecessor-version":[{"id":13034,"href":"https:\/\/agora.xtec.cat\/ceip-practiques-tarragona\/wp-json\/wp\/v2\/pages\/12976\/revisions\/13034"}],"up":[{"embeddable":true,"href":"https:\/\/agora.xtec.cat\/ceip-practiques-tarragona\/wp-json\/wp\/v2\/pages\/9619"}],"wp:attachment":[{"href":"https:\/\/agora.xtec.cat\/ceip-practiques-tarragona\/wp-json\/wp\/v2\/media?parent=12976"}],"curies":[{"name":"wp","href":"https:\/\/api.w.org\/{rel}","templated":true}]}}