{"id":12587,"date":"2022-05-19T22:13:37","date_gmt":"2022-05-19T20:13:37","guid":{"rendered":"https:\/\/agora.xtec.cat\/ceip-practiques-tarragona\/?page_id=12587"},"modified":"2023-04-24T13:12:54","modified_gmt":"2023-04-24T11:12:54","slug":"diagnosi","status":"publish","type":"page","link":"https:\/\/agora.xtec.cat\/ceip-practiques-tarragona\/estrategia-digital-de-centre\/estrategia-digital\/diagnosi\/","title":{"rendered":"Diagnosi"},"content":{"rendered":"<p>Per detectar els punts forts del centre a mantenir i potenciar, i els punts febles a millorar, cal fer una\u00a0<strong>bona diagnosi.<\/strong><\/p>\n<h5><strong>L\u2019objectiu de la diagnosi ser\u00e0 trobar aquells punts forts que el centre ja est\u00e0 fent correctament sobre l\u2019\u00fas de les tecnologies digitals i, tamb\u00e9, trobar aquells aspectes en qu\u00e8 el centre ha de millorar.<\/strong><\/h5>\n<p>Durant el curs 2021-2022 el professorat i l\u2019alumnat, juntament amb l\u2019equip Directiu van omplir el q\u00fcestionari de l\u2019eina SELFIE, i aquest van ser els resultats:<\/p>\n<p><a href=\"https:\/\/drive.google.com\/file\/d\/16yiSJk7jU9JkTr80mgzO_vtnsEZ9BRMN\/view?usp=share_link\" target=\"_blank\" rel=\"noopener\">RESULTATS EINA SELFIE<\/a><\/p>\n","protected":false},"excerpt":{"rendered":"<p>Per detectar els punts forts del centre a mantenir i potenciar, i els punts febles a millorar, cal fer una\u00a0bona diagnosi.<br \/>\nL\u2019objectiu de la diagnosi ser\u00e0 trobar aquells punts forts que el centre ja est\u00e0 fent correctament sobre l\u2019\u00fas de les tecnologies digitals i, tamb\u00e9, trobar&hellip;  <a href=\"https:\/\/agora.xtec.cat\/ceip-practiques-tarragona\/estrategia-digital-de-centre\/estrategia-digital\/diagnosi\/\" title=\"Read Diagnosi\">Llegeix m\u00e9s\u00bb<\/a><\/p>\n","protected":false},"author":48,"featured_media":0,"parent":12626,"menu_order":0,"comment_status":"closed","ping_status":"closed","template":"page-templates\/side-menu.php","meta":{"_bbp_topic_count":0,"_bbp_reply_count":0,"_bbp_total_topic_count":0,"_bbp_total_reply_count":0,"_bbp_voice_count":0,"_bbp_anonymous_reply_count":0,"_bbp_topic_count_hidden":0,"_bbp_reply_count_hidden":0,"_bbp_forum_subforum_count":0,"footnotes":""},"class_list":["post-12587","page","type-page","status-publish","hentry"],"post_mailing_queue_ids":[],"_links":{"self":[{"href":"https:\/\/agora.xtec.cat\/ceip-practiques-tarragona\/wp-json\/wp\/v2\/pages\/12587","targetHints":{"allow":["GET"]}}],"collection":[{"href":"https:\/\/agora.xtec.cat\/ceip-practiques-tarragona\/wp-json\/wp\/v2\/pages"}],"about":[{"href":"https:\/\/agora.xtec.cat\/ceip-practiques-tarragona\/wp-json\/wp\/v2\/types\/page"}],"author":[{"embeddable":true,"href":"https:\/\/agora.xtec.cat\/ceip-practiques-tarragona\/wp-json\/wp\/v2\/users\/48"}],"replies":[{"embeddable":true,"href":"https:\/\/agora.xtec.cat\/ceip-practiques-tarragona\/wp-json\/wp\/v2\/comments?post=12587"}],"version-history":[{"count":3,"href":"https:\/\/agora.xtec.cat\/ceip-practiques-tarragona\/wp-json\/wp\/v2\/pages\/12587\/revisions"}],"predecessor-version":[{"id":13582,"href":"https:\/\/agora.xtec.cat\/ceip-practiques-tarragona\/wp-json\/wp\/v2\/pages\/12587\/revisions\/13582"}],"up":[{"embeddable":true,"href":"https:\/\/agora.xtec.cat\/ceip-practiques-tarragona\/wp-json\/wp\/v2\/pages\/12626"}],"wp:attachment":[{"href":"https:\/\/agora.xtec.cat\/ceip-practiques-tarragona\/wp-json\/wp\/v2\/media?parent=12587"}],"curies":[{"name":"wp","href":"https:\/\/api.w.org\/{rel}","templated":true}]}}