{"id":12189,"date":"2024-02-29T08:00:32","date_gmt":"2024-02-29T07:00:32","guid":{"rendered":"https:\/\/agora.xtec.cat\/ceip-practiques-tarragona\/?page_id=12189"},"modified":"2026-04-23T15:44:22","modified_gmt":"2026-04-23T13:44:22","slug":"preinscripcio-i-matricula","status":"publish","type":"page","link":"https:\/\/agora.xtec.cat\/ceip-practiques-tarragona\/preinscripcio-i-matricula\/","title":{"rendered":"Preinscripci\u00f3 i matr\u00edcula 2026 &#8211; 2027"},"content":{"rendered":"<h1 style=\"text-align: center;\"><strong>PREINSCRIPCI\u00d3<\/strong><\/h1>\n<p><strong>Enlla\u00e7os d&#8217;inter\u00e8s, cliqueu al damunt per obrir l&#8217;enlla\u00e7.<\/strong><\/p>\n<ul>\n<li>Per reservar cita pr\u00e8via truqueu al tel\u00e8fon 977217711.<\/li>\n<li><strong><a href=\"https:\/\/preinscripcio.gencat.cat\/ca\/estudis\/infantil-3-6\/inici\/\">P\u00e0gina web del Departament per a fer la preinscripci\u00f3.\u00a0<\/a><\/strong><\/li>\n<li><strong><a href=\"https:\/\/drive.google.com\/file\/d\/1wxHGT-3VX_rj6cRU59P-q8z_aGKJvu9i\/view?usp=sharing\">Publicaci\u00f3 de la llista de sol\u00b7licituds que han demanat el centre i l&#8217;ensenyament en primera<\/a><\/strong><br \/>\n<strong>petici\u00f3 amb la puntuaci\u00f3 resoltes les reclamacions a 23\/04\/2026.\u00a0<\/strong><\/li>\n<\/ul>\n<p align=\"center\">\n<p class=\"western\" align=\"center\"><span style=\"font-size: x-large;\"><u><b>CALENDARI DEL PROC\u00c9S DE PREINSCRIPCI\u00d3 I<\/b><\/u><\/span><\/p>\n<p class=\"western\" align=\"center\"><span style=\"font-size: small;\"><span style=\"font-size: x-large;\"><u><b>MATRICULACI\u00d3 PER AL PROPER CURS 2026-2027<\/b><\/u><\/span><\/span><\/p>\n<ul>\n<li>\n<p class=\"western\"><span style=\"text-decoration: underline;\"><strong><a href=\"https:\/\/agora.xtec.cat\/ceip-practiques-tarragona\/wp-content\/uploads\/usu583\/2026\/03\/oferta-inicial-de-places-2026-2027.pdf\" target=\"_blank\" rel=\"noopener\"><span style=\"font-size: small;\"><span style=\"font-size: x-large;\">Publicaci\u00f3 de l\u2019oferta inicial de places 3 de mar\u00e7 de 2026<\/span><\/span><\/a><\/strong><\/span><\/p>\n<\/li>\n<\/ul>\n<ul>\n<li>\n<p class=\"western\"><a href=\"https:\/\/preinscripcio.gencat.cat\/ca\/estudis\/infantil-3-6\/inici\/\"><span style=\"font-size: small;\"><span style=\"font-size: x-large;\"><u><b>Presentaci\u00f3 de sol\u00b7licituds del 4 al 18 de mar\u00e7 de 2026<\/b><\/u><\/span><\/span><\/a><\/p>\n<\/li>\n<li>\n<p class=\"western\"><span style=\"font-size: small;\"><span style=\"font-size: x-large;\">Presentaci\u00f3 de la documentaci\u00f3 fins al 19 de mar\u00e7 de 2026<\/span><\/span><\/p>\n<\/li>\n<li>\n<p class=\"western\"><a href=\"https:\/\/drive.google.com\/file\/d\/1yTUg8MR17PNoiIzaGsOJyt_n96gRagCP\/view?usp=sharing\"><span style=\"font-size: small;\"><span style=\"font-size: x-large;\">Publicaci\u00f3 llistes amb puntuaci\u00f3 provisional 15 d\u2019abril de 2026<\/span><\/span><\/a><\/p>\n<\/li>\n<li>\n<p class=\"western\"><span style=\"font-size: small;\"><span style=\"font-size: x-large;\">Reclamacions del 15 al 20 d\u2019abril de 2026<\/span><\/span><\/p>\n<\/li>\n<li>\n<p class=\"western\"><a href=\"https:\/\/drive.google.com\/file\/d\/1wxHGT-3VX_rj6cRU59P-q8z_aGKJvu9i\/view?usp=sharing\"><span style=\"font-size: small;\"><span style=\"font-size: x-large;\">Publicaci\u00f3 llistes resoltes les reclamacions 23 d\u2019abril de 2026 <\/span><\/span><\/a><\/p>\n<\/li>\n<li>\n<p class=\"western\"><span style=\"font-size: small;\"><span style=\"font-size: x-large;\">Sorteig 28 d\u2019abril de 2026<\/span><\/span><\/p>\n<\/li>\n<li>\n<p class=\"western\"><span style=\"font-size: small;\"><span style=\"font-size: x-large;\">Publicaci\u00f3 llista ordenada 29 d\u2019abril de 2026<\/span><\/span><\/p>\n<\/li>\n<li>\n<p class=\"western\"><span style=\"font-size: small;\"><span style=\"font-size: x-large;\">Ampliaci\u00f3 de peticions alumnes NESE B sense pla\u00e7a 13 i 14 de maig de 2026<\/span><\/span><\/p>\n<\/li>\n<li>\n<p class=\"western\"><span style=\"font-size: small;\"><span style=\"font-size: x-large;\">Ampliaci\u00f3 de peticions alumnes ordinaris sense pla\u00e7a de l\u20191 al 3 de juny de 2026<\/span><\/span><\/p>\n<\/li>\n<li>\n<p class=\"western\"><span style=\"font-size: small;\"><span style=\"font-size: x-large;\"><u><b>Publicaci\u00f3 llistes admesos i llista d\u2019espera 10 de juny de 2026<\/b><\/u><\/span><\/span><\/p>\n<\/li>\n<li>\n<p class=\"western\"><span style=\"font-size: small;\"><span style=\"font-size: x-large;\"><u>Reclamacions a les llistes definitives davant CGA del 10 al 12 de juny de 2026<\/u><\/span><\/span><\/p>\n<\/li>\n<li>\n<p class=\"western\"><span style=\"font-size: small;\"><span style=\"font-size: x-large;\"><u><b>Matriculaci\u00f3 del nou alumnat del 22 al 30 de juny de 2026<\/b><\/u><\/span><\/span><\/p>\n<\/li>\n<\/ul>\n<p><a href=\"https:\/\/agora.xtec.cat\/ceip-practiques-tarragona\/wp-content\/uploads\/usu583\/2026\/02\/unnamed.jpg\"><img loading=\"lazy\" decoding=\"async\" class=\"size-full wp-image-16715 aligncenter\" src=\"https:\/\/agora.xtec.cat\/ceip-practiques-tarragona\/wp-content\/uploads\/usu583\/2026\/02\/unnamed.jpg\" alt=\"\" width=\"451\" height=\"643\" srcset=\"https:\/\/agora.xtec.cat\/ceip-practiques-tarragona\/wp-content\/uploads\/usu583\/2026\/02\/unnamed.jpg 451w, https:\/\/agora.xtec.cat\/ceip-practiques-tarragona\/wp-content\/uploads\/usu583\/2026\/02\/unnamed-210x300.jpg 210w\" sizes=\"auto, (max-width: 451px) 100vw, 451px\" \/><\/a><\/p>\n<p>&nbsp;<\/p>\n<h6><a href=\"https:\/\/agora.xtec.cat\/ceip-practiques-tarragona\/wp-content\/uploads\/usu583\/2025\/02\/Presentacio-Escola-de-Practiques-TGN.pdf\" target=\"_blank\" rel=\"noopener\"><img loading=\"lazy\" decoding=\"async\" class=\"aligncenter wp-image-13466\" src=\"https:\/\/agora.xtec.cat\/ceip-practiques-tarragona\/wp-content\/uploads\/usu583\/2023\/03\/Preinscripcio-i-matricula-5.png\" alt=\"\" width=\"304\" height=\"83\" srcset=\"https:\/\/agora.xtec.cat\/ceip-practiques-tarragona\/wp-content\/uploads\/usu583\/2023\/03\/Preinscripcio-i-matricula-5.png 1324w, https:\/\/agora.xtec.cat\/ceip-practiques-tarragona\/wp-content\/uploads\/usu583\/2023\/03\/Preinscripcio-i-matricula-5-300x82.png 300w, https:\/\/agora.xtec.cat\/ceip-practiques-tarragona\/wp-content\/uploads\/usu583\/2023\/03\/Preinscripcio-i-matricula-5-1024x279.png 1024w, https:\/\/agora.xtec.cat\/ceip-practiques-tarragona\/wp-content\/uploads\/usu583\/2023\/03\/Preinscripcio-i-matricula-5-768x209.png 768w\" sizes=\"auto, (max-width: 304px) 100vw, 304px\" \/><\/a><\/h6>\n<p><a href=\"https:\/\/www.tarragona.cat\/educacio\/estudiar-a-tgn\/oficina-municipal-descolaritzacio-ome-1\/preinscripcio-del-curs-escolar-de-p3-a4t-eso\/arxius\/preinscripcio-25-26\/guia-per-a-la-preinscripcio-en-linia\" target=\"_blank\" rel=\"noopener\"><img loading=\"lazy\" decoding=\"async\" class=\"aligncenter wp-image-13461 size-full\" src=\"https:\/\/agora.xtec.cat\/ceip-practiques-tarragona\/wp-content\/uploads\/usu583\/2023\/03\/Botons-web-petits-1.png\" alt=\"\" width=\"1324\" height=\"180\" srcset=\"https:\/\/agora.xtec.cat\/ceip-practiques-tarragona\/wp-content\/uploads\/usu583\/2023\/03\/Botons-web-petits-1.png 1324w, https:\/\/agora.xtec.cat\/ceip-practiques-tarragona\/wp-content\/uploads\/usu583\/2023\/03\/Botons-web-petits-1-300x41.png 300w, https:\/\/agora.xtec.cat\/ceip-practiques-tarragona\/wp-content\/uploads\/usu583\/2023\/03\/Botons-web-petits-1-1024x139.png 1024w, https:\/\/agora.xtec.cat\/ceip-practiques-tarragona\/wp-content\/uploads\/usu583\/2023\/03\/Botons-web-petits-1-768x104.png 768w\" sizes=\"auto, (max-width: 1324px) 100vw, 1324px\" \/><\/a><\/p>\n<table style=\"border-collapse: collapse; width: 100%;\">\n<tbody>\n<tr>\n<td style=\"width: 100%;\">\n<h4 style=\"text-align: center;\">Si teniu problemes per realitzar la preinscripci\u00f3 telem\u00e0tica podeu demanar cita a partir del mar\u00e7.<\/h4>\n<h4 style=\"text-align: center;\">Feu clic al seg\u00fcent bot\u00f3.<\/h4>\n<p><a href=\"https:\/\/aplicacions.gestioeducativa.gencat.cat\/ords\/pls\/apex\/f?p=CITA_PREVIA:4::::4:P4_TIPUS_CALENDARI\" target=\"_blank\" rel=\"noopener\"><img loading=\"lazy\" decoding=\"async\" class=\"aligncenter wp-image-13463\" src=\"https:\/\/agora.xtec.cat\/ceip-practiques-tarragona\/wp-content\/uploads\/usu583\/2023\/03\/Botons-web-petits-2.png\" alt=\"\" width=\"515\" height=\"70\" srcset=\"https:\/\/agora.xtec.cat\/ceip-practiques-tarragona\/wp-content\/uploads\/usu583\/2023\/03\/Botons-web-petits-2.png 1324w, https:\/\/agora.xtec.cat\/ceip-practiques-tarragona\/wp-content\/uploads\/usu583\/2023\/03\/Botons-web-petits-2-300x41.png 300w, https:\/\/agora.xtec.cat\/ceip-practiques-tarragona\/wp-content\/uploads\/usu583\/2023\/03\/Botons-web-petits-2-1024x139.png 1024w, https:\/\/agora.xtec.cat\/ceip-practiques-tarragona\/wp-content\/uploads\/usu583\/2023\/03\/Botons-web-petits-2-768x104.png 768w\" sizes=\"auto, (max-width: 515px) 100vw, 515px\" \/><\/a><\/td>\n<\/tr>\n<\/tbody>\n<\/table>\n<p>&nbsp;<\/p>\n<h3><strong>Informaci\u00f3 d&#8217;inter\u00e8s per a realitzar la preinscripci\u00f3 en l\u00ednia<\/strong><\/h3>\n<p>Feu clic a sobre dels apartats per a saber m\u00e9s informaci\u00f3.<\/p>\n<div style=\"width: 100%;\">\n<div style=\"position: relative; padding-bottom: 56.25%; padding-top: 0; height: 0;\"><iframe loading=\"lazy\" style=\"position: absolute; top: 0; left: 0; width: 100%; height: 100%;\" src=\"https:\/\/view.genial.ly\/622617fff9ad7d0012e8d0d4\" width=\"1200\" height=\"675\" frameborder=\"0\" scrolling=\"yes\" allowfullscreen=\"allowfullscreen\"><span style=\"display: inline-block; width: 0px; overflow: hidden; line-height: 0;\" data-mce-type=\"bookmark\" class=\"mce_SELRES_start\">\ufeff<\/span><\/iframe><\/div>\n<\/div>\n<p><!----comment node----><!--a=1--><\/p>\n<p><!----comment node----><!--a=1--><\/p>\n<p><!----comment node----><!--a=1--><\/p>\n<p><!----comment node----><!--a=1--><\/p>\n","protected":false},"excerpt":{"rendered":"<p>PREINSCRIPCI\u00d3<br \/>\nEnlla\u00e7os d&#8217;inter\u00e8s, cliqueu al damunt per obrir l&#8217;enlla\u00e7.<\/p>\n<ul>\n<li>Per reservar cita pr\u00e8via truqueu al tel\u00e8fon 977217711.<\/li>\n<li><a href=\"https:\/\/preinscripcio.gencat.cat\/ca\/estudis\/infantil-3-6\/inici\/\">P\u00e0gina web del Departament per a fer la preinscripci\u00f3.\u00a0<\/a><\/li>\n<li><a href=\"https:\/\/drive.google.com\/file\/d\/1wxHGT-3VX_rj6cRU59P-q8z_aGKJvu9i\/view?usp=sharing\">Publicaci\u00f3 de la llista de sol\u00b7licituds que han demanat el centre i l&#8217;ensenyament en primera<\/a><br \/>\npetici\u00f3 amb la puntuaci\u00f3 resoltes les reclamacions&hellip;  <a href=\"https:\/\/agora.xtec.cat\/ceip-practiques-tarragona\/preinscripcio-i-matricula\/\" title=\"Read Preinscripci\u00f3 i matr\u00edcula 2026 &#8211; 2027\">Llegeix m\u00e9s\u00bb<\/a><\/p>\n","protected":false},"author":48,"featured_media":0,"parent":0,"menu_order":0,"comment_status":"closed","ping_status":"closed","template":"","meta":{"_bbp_topic_count":0,"_bbp_reply_count":0,"_bbp_total_topic_count":0,"_bbp_total_reply_count":0,"_bbp_voice_count":0,"_bbp_anonymous_reply_count":0,"_bbp_topic_count_hidden":0,"_bbp_reply_count_hidden":0,"_bbp_forum_subforum_count":0,"footnotes":""},"class_list":["post-12189","page","type-page","status-publish","hentry"],"post_mailing_queue_ids":[],"_links":{"self":[{"href":"https:\/\/agora.xtec.cat\/ceip-practiques-tarragona\/wp-json\/wp\/v2\/pages\/12189","targetHints":{"allow":["GET"]}}],"collection":[{"href":"https:\/\/agora.xtec.cat\/ceip-practiques-tarragona\/wp-json\/wp\/v2\/pages"}],"about":[{"href":"https:\/\/agora.xtec.cat\/ceip-practiques-tarragona\/wp-json\/wp\/v2\/types\/page"}],"author":[{"embeddable":true,"href":"https:\/\/agora.xtec.cat\/ceip-practiques-tarragona\/wp-json\/wp\/v2\/users\/48"}],"replies":[{"embeddable":true,"href":"https:\/\/agora.xtec.cat\/ceip-practiques-tarragona\/wp-json\/wp\/v2\/comments?post=12189"}],"version-history":[{"count":9,"href":"https:\/\/agora.xtec.cat\/ceip-practiques-tarragona\/wp-json\/wp\/v2\/pages\/12189\/revisions"}],"predecessor-version":[{"id":17352,"href":"https:\/\/agora.xtec.cat\/ceip-practiques-tarragona\/wp-json\/wp\/v2\/pages\/12189\/revisions\/17352"}],"wp:attachment":[{"href":"https:\/\/agora.xtec.cat\/ceip-practiques-tarragona\/wp-json\/wp\/v2\/media?parent=12189"}],"curies":[{"name":"wp","href":"https:\/\/api.w.org\/{rel}","templated":true}]}}