{"id":10296,"date":"2021-02-21T13:21:02","date_gmt":"2021-02-21T12:21:02","guid":{"rendered":"http:\/\/agora.xtec.cat\/ceip-practiques-tarragona\/?page_id=10296"},"modified":"2026-01-28T09:34:27","modified_gmt":"2026-01-28T08:34:27","slug":"portes-obertes-curs-2022-23","status":"publish","type":"page","link":"https:\/\/agora.xtec.cat\/ceip-practiques-tarragona\/afa\/portes-obertes-curs-2022-23\/","title":{"rendered":"AMPA &#8211; Tr\u00edptic &#8211; Portes Obertes"},"content":{"rendered":"<style>\n.entry-header {visibility:hidden;height:0px}<br \/><\/style>\n<h3 style=\"text-align: center;\"><strong>\ud83d\udc47\ud83d\udc47 Voleu saber qu\u00e8 \u00e9s i qu\u00e8 fa l&#8217;AFA a l&#8217;Escola de Pr\u00e0ctiques? \ud83d\udc47\ud83d\udc47 <\/strong><\/h3>\n<p><a href=\"https:\/\/agora.xtec.cat\/ceip-practiques-tarragona\/wp-content\/uploads\/usu583\/2023\/03\/triptic-ampa-2023_ok.pdf\" target=\"_blank\" rel=\"noopener noreferrer\"><img decoding=\"async\" src=\"https:\/\/agora.xtec.cat\/ceip-practiques-tarragona\/wp-content\/uploads\/usu583\/2023\/03\/1web-1.png\" \/><\/a><\/p>\n<hr \/>\n<p><a href=\"https:\/\/agora.xtec.cat\/ceip-practiques-tarragona\/wp-content\/uploads\/usu583\/2023\/03\/triptic-ampa-2023_ok.pdf\" target=\"_blank\" rel=\"noopener noreferrer\"><br \/>\n<img decoding=\"async\" src=\"https:\/\/agora.xtec.cat\/ceip-practiques-tarragona\/wp-content\/uploads\/usu583\/2023\/03\/2web.png\" \/><\/a><\/p>\n<p>Fotografia: AFA Pr\u00e0ctiques. Autora: <u><a href=\"https:\/\/www.lilaalberich.com\/\">Lila Alberich<\/a><\/u><\/p>\n<p style=\"padding: 1.5625rem; margin: 1.875rem 0 2.5rem; background-color: #f5ae23; margin-bottom: 1.25rem;\">Us recordem que durant les portes obertes estarem per resoldre els vostres dubtes i acompanyar-vos durant la visita.<\/p>\n<p class=\"link\" style=\"text-decoration: underline; width: 100%;\"><a href=\"https:\/\/agora.xtec.cat\/ceip-practiques-tarragona\/wp-content\/uploads\/usu583\/2023\/03\/triptic-ampa-2023_ok.pdf\">Descarrega&#8217;t el tr\u00edptic<\/a><\/p>\n<p><strong style=\"padding-bottom: 10px;\">Xarxes socials<\/strong><\/p>\n<p>&nbsp;<\/p>\n<table style=\"border: none;\" cellspacing=\"0\" cellpadding=\"0\">\n<tbody>\n<tr>\n<td style=\"border: 0px;\"><a class=\"fa\" style=\"float: left; overflow: hidden;\" href=\"https:\/\/www.instagram.com\/afapractiquestgn\/\"><img decoding=\"async\" src=\"https:\/\/agora.xtec.cat\/ceip-practiques-tarragona\/wp-content\/uploads\/usu583\/2023\/03\/instagram.png\" width=\"64px&quot;\" \/><\/a><\/td>\n<td style=\"border: 0px;\"><a class=\"fa\" style=\"float: left; overflow: hidden;\" href=\"https:\/\/www.facebook.com\/afapractiquestgn\/\"><img decoding=\"async\" src=\"https:\/\/agora.xtec.cat\/ceip-practiques-tarragona\/wp-content\/uploads\/usu583\/2023\/03\/facebook.png\" width=\"64px&quot;\" \/><\/a><\/td>\n<td style=\"border: 0px;\"><a class=\"fa\" style=\"float: left; overflow: hidden;\" href=\"https:\/\/twitter.com\/AFA_Practiques\"><img decoding=\"async\" src=\"https:\/\/agora.xtec.cat\/ceip-practiques-tarragona\/wp-content\/uploads\/usu583\/2023\/03\/twitter.png\" width=\"64px&quot;\" \/><\/a><\/td>\n<\/tr>\n<\/tbody>\n<\/table>\n<p><strong>Tambi\u00e9n podr\u00e1s bajar el tr\u00edptico en otros idiomas:<\/strong> <a style=\"text-decoration: underline;\" href=\"https:\/\/agora.xtec.cat\/ceip-practiques-tarragona\/wp-content\/uploads\/usu583\/2023\/03\/triptic-ampa-2023_ok_ESP.pdf\">espa\u00f1ol<\/a>, <a style=\"text-decoration: underline;\" href=\"https:\/\/agora.xtec.cat\/ceip-practiques-tarragona\/wp-content\/uploads\/usu583\/2023\/03\/triptic-ampa-2023_ok_ENG.pdff\">english,<\/a><\/p>\n<p><!--<a href=\"https:\/\/drive.google.com\/file\/d\/1yxlKeybSo9LA9AY9GgybRO7ImVWb2wAH\/view?usp=sharing\">Presentaci\u00f3 PPT<\/a>\n<a href=\"https:\/\/drive.google.com\/file\/d\/1gsdGTjHnfAWEhhVF2iDO0GeuMgk2-eZR\/view?usp=sharing\">Presentaci\u00f3 PDF<\/a>--><\/p>\n","protected":false},"excerpt":{"rendered":"<p>.entry-header {visibility:hidden;height:0px}<br \/>\n\ud83d\udc47\ud83d\udc47 Voleu saber qu\u00e8 \u00e9s i qu\u00e8 fa l&#8217;AFA a l&#8217;Escola de Pr\u00e0ctiques? \ud83d\udc47\ud83d\udc47<br \/>\n<a href=\"https:\/\/agora.xtec.cat\/ceip-practiques-tarragona\/wp-content\/uploads\/usu583\/2023\/03\/triptic-ampa-2023_ok.pdf\" target=\"_blank\" rel=\"noopener noreferrer\"><\/a><\/p>\n<p><a href=\"https:\/\/agora.xtec.cat\/ceip-practiques-tarragona\/wp-content\/uploads\/usu583\/2023\/03\/triptic-ampa-2023_ok.pdf\" target=\"_blank\" rel=\"noopener noreferrer\"><br \/>\n<\/a><br \/>\nFotografia: AFA Pr\u00e0ctiques. Autora: <a href=\"https:\/\/www.lilaalberich.com\/\">Lila Alberich<\/a><br \/>\nUs recordem que durant les portes obertes estarem per resoldre els vostres dubtes i acompanyar-vos durant&hellip;  <a href=\"https:\/\/agora.xtec.cat\/ceip-practiques-tarragona\/afa\/portes-obertes-curs-2022-23\/\" title=\"Read AMPA &#8211; Tr\u00edptic &#8211; Portes Obertes\">Llegeix m\u00e9s\u00bb<\/a><\/p>\n","protected":false},"author":55,"featured_media":0,"parent":9539,"menu_order":0,"comment_status":"closed","ping_status":"closed","template":"","meta":{"_bbp_topic_count":0,"_bbp_reply_count":0,"_bbp_total_topic_count":0,"_bbp_total_reply_count":0,"_bbp_voice_count":0,"_bbp_anonymous_reply_count":0,"_bbp_topic_count_hidden":0,"_bbp_reply_count_hidden":0,"_bbp_forum_subforum_count":0,"footnotes":""},"class_list":["post-10296","page","type-page","status-publish","hentry"],"post_mailing_queue_ids":[],"_links":{"self":[{"href":"https:\/\/agora.xtec.cat\/ceip-practiques-tarragona\/wp-json\/wp\/v2\/pages\/10296","targetHints":{"allow":["GET"]}}],"collection":[{"href":"https:\/\/agora.xtec.cat\/ceip-practiques-tarragona\/wp-json\/wp\/v2\/pages"}],"about":[{"href":"https:\/\/agora.xtec.cat\/ceip-practiques-tarragona\/wp-json\/wp\/v2\/types\/page"}],"author":[{"embeddable":true,"href":"https:\/\/agora.xtec.cat\/ceip-practiques-tarragona\/wp-json\/wp\/v2\/users\/55"}],"replies":[{"embeddable":true,"href":"https:\/\/agora.xtec.cat\/ceip-practiques-tarragona\/wp-json\/wp\/v2\/comments?post=10296"}],"version-history":[{"count":6,"href":"https:\/\/agora.xtec.cat\/ceip-practiques-tarragona\/wp-json\/wp\/v2\/pages\/10296\/revisions"}],"predecessor-version":[{"id":16539,"href":"https:\/\/agora.xtec.cat\/ceip-practiques-tarragona\/wp-json\/wp\/v2\/pages\/10296\/revisions\/16539"}],"up":[{"embeddable":true,"href":"https:\/\/agora.xtec.cat\/ceip-practiques-tarragona\/wp-json\/wp\/v2\/pages\/9539"}],"wp:attachment":[{"href":"https:\/\/agora.xtec.cat\/ceip-practiques-tarragona\/wp-json\/wp\/v2\/media?parent=10296"}],"curies":[{"name":"wp","href":"https:\/\/api.w.org\/{rel}","templated":true}]}}