{"id":73,"date":"2014-09-18T14:01:51","date_gmt":"2014-09-18T13:01:51","guid":{"rendered":"http:\/\/agora.xtec.cat\/ceip-pompeufabra-parets\/?page_id=73"},"modified":"2026-04-09T08:48:10","modified_gmt":"2026-04-09T06:48:10","slug":"menjador-escolar","status":"publish","type":"page","link":"https:\/\/agora.xtec.cat\/ceip-pompeufabra-parets\/serveis\/menjador-escolar\/","title":{"rendered":"Menjador escolar"},"content":{"rendered":"<h3><a href=\"https:\/\/agora.xtec.cat\/ceip-pompeufabra-parets\/wp-content\/uploads\/usu1289\/2025\/03\/ausolan-1.jpg\"><img loading=\"lazy\" decoding=\"async\" class=\"aligncenter size-full wp-image-14642\" src=\"https:\/\/agora.xtec.cat\/ceip-pompeufabra-parets\/wp-content\/uploads\/usu1289\/2025\/03\/ausolan-1.jpg\" alt=\"\" width=\"848\" height=\"272\" srcset=\"https:\/\/agora.xtec.cat\/ceip-pompeufabra-parets\/wp-content\/uploads\/usu1289\/2025\/03\/ausolan-1.jpg 848w, https:\/\/agora.xtec.cat\/ceip-pompeufabra-parets\/wp-content\/uploads\/usu1289\/2025\/03\/ausolan-1-300x96.jpg 300w, https:\/\/agora.xtec.cat\/ceip-pompeufabra-parets\/wp-content\/uploads\/usu1289\/2025\/03\/ausolan-1-768x246.jpg 768w\" sizes=\"auto, (max-width: 848px) 100vw, 848px\" \/><\/a><\/h3>\n<p style=\"text-align: justify;\"><span class=\"\" lang=\"ca\" tabindex=\"-1\">El servei de menjador est\u00e0 pensat per afavorir la conciliaci\u00f3 de la vida laboral i familiar. Tamb\u00e9 est\u00e0 pensat com una continu\u00eftat en l&#8217;educaci\u00f3 dels alumnes, en salut, respecte i valors, sent un espai en qu\u00e8 els usuaris puguin continuar desenvolupant la seva formaci\u00f3 <span class=\"\">com a persones.\u00a0<\/span><\/span>Aquest curs la via de comunicaci\u00f3 amb la coordinadora ser\u00e0 per tel\u00e8fon m\u00f2bil, trucada o <strong>whatssap<\/strong>, o b\u00e9 via aplicatiu online del menjador per tal <strong>d\u2019evitar l\u2019acc\u00e9s de persones al recinte escolar<\/strong>. Si necessiteu parlar amb la coordinadora podeu demanar cita pr\u00e8via i us atendr\u00e0 el dia acordat.<\/p>\n<p style=\"text-align: justify;\">\ud83d\udcdeTel\u00e8fon Sara: <strong>607279508<\/strong><\/p>\n<h2><a href=\"https:\/\/comocomen.com\/__cecoc173\/\" target=\"_blank\" rel=\"noopener noreferrer\"><strong>\ud83d\udc49<span style=\"color: #33cccc;\">Acc\u00e9s aplicatiu<\/span><\/strong><\/a> (per apuntar-vos)<\/h2>\n<table style=\"width: 619px;\">\n<tbody>\n<tr>\n<td style=\"width: 614.444px;\">\n<h4><span style=\"color: #000000;\"><strong>Preu men\u00fa Curs 2025\/26:\u00a0<\/strong><\/span><\/h4>\n<\/td>\n<\/tr>\n<tr>\n<td style=\"width: 614.444px;\">\n<h4><span style=\"color: #ff9900;\"><strong>Men\u00fa Fix: 7,29 \u20ac<\/strong><\/span><\/h4>\n<\/td>\n<\/tr>\n<tr>\n<td style=\"width: 614.444px;\">\n<h4><span style=\"color: #ff9900;\"><strong>Men\u00fa Eventuals: 8,00 \u20ac\u00a0<\/strong><\/span><\/h4>\n<\/td>\n<\/tr>\n<\/tbody>\n<\/table>\n<h4><\/h4>\n<p>A continuaci\u00f3 podeu consultar el men\u00fa del primer trimestre:<\/p>\n<ul>\n<li><a href=\"https:\/\/www.dropbox.com\/scl\/fi\/xcsouyl4topisyut99tle\/Men-s-1r-trimestre.pdf?rlkey=2evtuephqikk0cj1k1gq3zjtb&amp;dl=0\">Men\u00fas 1r trimestre 25-26<\/a><\/li>\n<li><a href=\"https:\/\/www.dropbox.com\/scl\/fi\/p4gnjqie8tbfwxu7zuvkk\/MEN-S-2n-Trimestre.pdf?rlkey=0owjjbyap7oe6ufckjvlykwzr&amp;dl=0\">Men\u00fas 2n trimestre 25-26<\/a><\/li>\n<li><a href=\"https:\/\/www.dropbox.com\/scl\/fi\/yf14v8t79k2oy2ufx9by6\/NO-CARN.pdf?rlkey=uj6lt5xduvg0jm962zgg40ydz&amp;dl=0\">Men\u00fa NO CARN<\/a><\/li>\n<li><a href=\"https:\/\/www.dropbox.com\/scl\/fi\/20m5azg1vyawqb97uwgym\/NO-PORC.pdf?rlkey=2loqewup9hxeadugvsy26hi7s&amp;dl=0\">Men\u00fa NO PORC<\/a><\/li>\n<li><a href=\"https:\/\/www.dropbox.com\/scl\/fi\/ensab6aeyh678a020cfv6\/OVOLACTEOVEGETARIANA.pdf?rlkey=n2anaguida7g20awtamupbqnu&amp;dl=0\">Men\u00fa OVOLACTEOVEGETARIANA<\/a><\/li>\n<li><a href=\"https:\/\/www.dropbox.com\/scl\/fi\/u8lcpg785i9b3agqr5sia\/Menu-xai-fruits-secs-fruita.pdf?rlkey=rv7tmgnp73cambwy6fytnmrhn&amp;dl=0\">Men\u00fa LTP. XAI, FRUITS SECS, FRUITES<\/a><\/li>\n<\/ul>\n<p>*L&#8217;Empresa tamb\u00e9 ofereix men\u00fas per intoler\u00e0ncies, al\u00b7l\u00e8rgies i\/o altres necessitats.<\/p>\n<p><strong>PROJECTE EDUCATIU\u00a0<\/strong><\/p>\n<ul>\n<li><a href=\"https:\/\/www.dropbox.com\/scl\/fi\/zmmjn7srooy564witm677\/GRANS.pdf?rlkey=dk2aeww3sb1jvhwtb5rxhwsew&amp;dl=0\">Projecte educatiu Prim\u00e0ria<\/a><\/li>\n<li><a href=\"https:\/\/www.dropbox.com\/scl\/fi\/xduqh0inrqsxjmvn8z42r\/PETITS.pdf?rlkey=x6i0fkwn5jbtd4s0rx01iyewv&amp;dl=0\">Projecte educatiu Infantil<\/a><\/li>\n<li><a href=\"https:\/\/www.dropbox.com\/scl\/fi\/aghfzzug1od0p1i1x7tmg\/Resum-mensual.pdf?rlkey=a8fb4y98zz8jn11q7rcxwnnwr&amp;dl=0\">Resum projecte 2n trimestre<\/a><\/li>\n<li><a href=\"https:\/\/www.dropbox.com\/scl\/fi\/2cnxpitwzp38dgz34bl34\/0226_P.E.-FEBRER-GRANS.pdf?rlkey=hgq29ccwlsub1lqfmkkv5nbva&amp;dl=0\">Febrer GRANS<\/a><\/li>\n<li><a href=\"https:\/\/www.dropbox.com\/scl\/fi\/7zv3qmjei8nlv31qvjpz4\/0226_P.E.-FEBRER-PETITS.pdf?rlkey=wy2fqmaq31rdfbp2xbz9fafmc&amp;dl=0\">Febrer PETITS<\/a><\/li>\n<li><a href=\"https:\/\/www.dropbox.com\/scl\/fi\/gg523q5uxyj5nmccsbxsr\/Gener-El-cacau.pdf?rlkey=zqo6ibk0w5hgro5tu6uof1txx&amp;dl=0\">Gener:El cacau<\/a><\/li>\n<li><a href=\"https:\/\/www.dropbox.com\/scl\/fi\/a7mjebkgdy7wpfsu4m1r7\/2025__26RPRESENTACI-PROJECTE-EDUCATIU-1.pdf?rlkey=exvgkyaihfdahxsxj2vu51pmi&amp;dl=0\">Projecte 2n trimestre<\/a><\/li>\n<li><a href=\"https:\/\/www.dropbox.com\/scl\/fi\/924z42vbpp7tzdgho50yv\/Projecte-Sant-Jordi-2026SOSTENIBILITAT_RECICLATGE-BATES-1-1.pdf?rlkey=7r1vbvu24gtqx4iwpjpl0qfc6&amp;dl=0\">Projecte Sant Jordi<\/a><\/li>\n<\/ul>\n<p><em>*L&#8217;empresa Ausolan disposa de men\u00fas adaptats per a tots aquells alumnes amb al\u00b7l\u00e8rgies i\/o intoler\u00e0ncies.\u00a0<\/em><\/p>\n<p><strong>NORMATIVA DEL MENJADOR<\/strong><\/p>\n<p><a href=\"https:\/\/www.dropbox.com\/scl\/fi\/d3kpnz5o8lesvstphgmo7\/NORMATIVA-ESPAI-MIGDIA-POMPEU-FABRA-2526.pdf?rlkey=7suc0529swa6fzv057hxa7p7d&amp;dl=0\">Normativa menjador espai migdia 25-26<\/a><\/p>\n","protected":false},"excerpt":{"rendered":"<p>El servei de menjador est\u00e0 pensat per afavorir la conciliaci\u00f3 de la vida laboral i familiar. Tamb\u00e9 est\u00e0 pensat com una continu\u00eftat en l&#8217;educaci\u00f3 dels alumnes, en salut, respecte i valors, sent un espai en qu\u00e8 els usuaris puguin continuar desenvolupant la seva formaci\u00f3 com a persones.\u00a0Aquest curs la via de comunicaci\u00f3 amb la coordinadora [&hellip;]<\/p>\n","protected":false},"author":1,"featured_media":0,"parent":66,"menu_order":30,"comment_status":"closed","ping_status":"closed","template":"","meta":{"_bbp_topic_count":0,"_bbp_reply_count":0,"_bbp_total_topic_count":0,"_bbp_total_reply_count":0,"_bbp_voice_count":0,"_bbp_anonymous_reply_count":0,"_bbp_topic_count_hidden":0,"_bbp_reply_count_hidden":0,"_bbp_forum_subforum_count":0,"site-sidebar-layout":"default","site-content-layout":"","ast-site-content-layout":"default","site-content-style":"default","site-sidebar-style":"default","ast-global-header-display":"","ast-banner-title-visibility":"","ast-main-header-display":"","ast-hfb-above-header-display":"","ast-hfb-below-header-display":"","ast-hfb-mobile-header-display":"","site-post-title":"","ast-breadcrumbs-content":"","ast-featured-img":"","footer-sml-layout":"","theme-transparent-header-meta":"default","adv-header-id-meta":"","stick-header-meta":"","header-above-stick-meta":"","header-main-stick-meta":"","header-below-stick-meta":"","astra-migrate-meta-layouts":"set","ast-page-background-enabled":"default","ast-page-background-meta":{"desktop":{"background-color":"var(--ast-global-color-4)","background-image":"","background-repeat":"repeat","background-position":"center center","background-size":"auto","background-attachment":"scroll","background-type":"","background-media":"","overlay-type":"","overlay-color":"","overlay-opacity":"","overlay-gradient":""},"tablet":{"background-color":"","background-image":"","background-repeat":"repeat","background-position":"center center","background-size":"auto","background-attachment":"scroll","background-type":"","background-media":"","overlay-type":"","overlay-color":"","overlay-opacity":"","overlay-gradient":""},"mobile":{"background-color":"","background-image":"","background-repeat":"repeat","background-position":"center center","background-size":"auto","background-attachment":"scroll","background-type":"","background-media":"","overlay-type":"","overlay-color":"","overlay-opacity":"","overlay-gradient":""}},"ast-content-background-meta":{"desktop":{"background-color":"var(--ast-global-color-5)","background-image":"","background-repeat":"repeat","background-position":"center center","background-size":"auto","background-attachment":"scroll","background-type":"","background-media":"","overlay-type":"","overlay-color":"","overlay-opacity":"","overlay-gradient":""},"tablet":{"background-color":"var(--ast-global-color-5)","background-image":"","background-repeat":"repeat","background-position":"center center","background-size":"auto","background-attachment":"scroll","background-type":"","background-media":"","overlay-type":"","overlay-color":"","overlay-opacity":"","overlay-gradient":""},"mobile":{"background-color":"var(--ast-global-color-5)","background-image":"","background-repeat":"repeat","background-position":"center center","background-size":"auto","background-attachment":"scroll","background-type":"","background-media":"","overlay-type":"","overlay-color":"","overlay-opacity":"","overlay-gradient":""}},"footnotes":""},"class_list":["post-73","page","type-page","status-publish","hentry"],"post_mailing_queue_ids":[],"_links":{"self":[{"href":"https:\/\/agora.xtec.cat\/ceip-pompeufabra-parets\/wp-json\/wp\/v2\/pages\/73","targetHints":{"allow":["GET"]}}],"collection":[{"href":"https:\/\/agora.xtec.cat\/ceip-pompeufabra-parets\/wp-json\/wp\/v2\/pages"}],"about":[{"href":"https:\/\/agora.xtec.cat\/ceip-pompeufabra-parets\/wp-json\/wp\/v2\/types\/page"}],"author":[{"embeddable":true,"href":"https:\/\/agora.xtec.cat\/ceip-pompeufabra-parets\/wp-json\/wp\/v2\/users\/1"}],"replies":[{"embeddable":true,"href":"https:\/\/agora.xtec.cat\/ceip-pompeufabra-parets\/wp-json\/wp\/v2\/comments?post=73"}],"version-history":[{"count":6,"href":"https:\/\/agora.xtec.cat\/ceip-pompeufabra-parets\/wp-json\/wp\/v2\/pages\/73\/revisions"}],"predecessor-version":[{"id":15111,"href":"https:\/\/agora.xtec.cat\/ceip-pompeufabra-parets\/wp-json\/wp\/v2\/pages\/73\/revisions\/15111"}],"up":[{"embeddable":true,"href":"https:\/\/agora.xtec.cat\/ceip-pompeufabra-parets\/wp-json\/wp\/v2\/pages\/66"}],"wp:attachment":[{"href":"https:\/\/agora.xtec.cat\/ceip-pompeufabra-parets\/wp-json\/wp\/v2\/media?parent=73"}],"curies":[{"name":"wp","href":"https:\/\/api.w.org\/{rel}","templated":true}]}}