{"id":235,"date":"2016-05-04T14:12:08","date_gmt":"2016-05-04T13:12:08","guid":{"rendered":"http:\/\/agora.xtec.cat\/ceip-pompeufabra-parets\/?page_id=235"},"modified":"2026-02-25T10:39:04","modified_gmt":"2026-02-25T09:39:04","slug":"ampa","status":"publish","type":"page","link":"https:\/\/agora.xtec.cat\/ceip-pompeufabra-parets\/ampa\/","title":{"rendered":"AFA"},"content":{"rendered":"<h3><a href=\"https:\/\/agora.xtec.cat\/ceip-pompeufabra-parets\/wp-content\/uploads\/usu1289\/2021\/06\/WhatsApp-Image-2021-06-16-at-09.48.16.jpeg\"><img loading=\"lazy\" decoding=\"async\" class=\"aligncenter wp-image-12433\" src=\"https:\/\/agora.xtec.cat\/ceip-pompeufabra-parets\/wp-content\/uploads\/usu1289\/2021\/06\/WhatsApp-Image-2021-06-16-at-09.48.16-1024x982.jpeg\" alt=\"\" width=\"383\" height=\"367\" srcset=\"https:\/\/agora.xtec.cat\/ceip-pompeufabra-parets\/wp-content\/uploads\/usu1289\/2021\/06\/WhatsApp-Image-2021-06-16-at-09.48.16-1024x982.jpeg 1024w, https:\/\/agora.xtec.cat\/ceip-pompeufabra-parets\/wp-content\/uploads\/usu1289\/2021\/06\/WhatsApp-Image-2021-06-16-at-09.48.16-300x288.jpeg 300w, https:\/\/agora.xtec.cat\/ceip-pompeufabra-parets\/wp-content\/uploads\/usu1289\/2021\/06\/WhatsApp-Image-2021-06-16-at-09.48.16-768x736.jpeg 768w, https:\/\/agora.xtec.cat\/ceip-pompeufabra-parets\/wp-content\/uploads\/usu1289\/2021\/06\/WhatsApp-Image-2021-06-16-at-09.48.16.jpeg 1134w\" sizes=\"auto, (max-width: 383px) 100vw, 383px\" \/><\/a><\/h3>\n<h3>\u00a0<\/h3>\n<h3><b>QUI SOM I QU\u00c8 ES L\u2019AFA?<\/b><\/h3>\n<p><b>L\u2019AFA del Pompeu Fabra<\/b>\u00a0\u00e9s una associaci\u00f3, sense afany de lucre, que agrupa les fam\u00edlies de la nostra escola que decideixen col\u00b7laborar-hi.<\/p>\n<p><a href=\"https:\/\/agora.xtec.cat\/ceip-pompeufabra-parets\/wp-content\/uploads\/usu1289\/2025\/03\/TOTS-JUNTS-FEM-ESCOLA.png\"><img loading=\"lazy\" decoding=\"async\" class=\"aligncenter size-large wp-image-14618\" src=\"https:\/\/agora.xtec.cat\/ceip-pompeufabra-parets\/wp-content\/uploads\/usu1289\/2025\/03\/TOTS-JUNTS-FEM-ESCOLA-1024x724.png\" alt=\"\" width=\"1024\" height=\"724\" srcset=\"https:\/\/agora.xtec.cat\/ceip-pompeufabra-parets\/wp-content\/uploads\/usu1289\/2025\/03\/TOTS-JUNTS-FEM-ESCOLA-1024x724.png 1024w, https:\/\/agora.xtec.cat\/ceip-pompeufabra-parets\/wp-content\/uploads\/usu1289\/2025\/03\/TOTS-JUNTS-FEM-ESCOLA-300x212.png 300w, https:\/\/agora.xtec.cat\/ceip-pompeufabra-parets\/wp-content\/uploads\/usu1289\/2025\/03\/TOTS-JUNTS-FEM-ESCOLA-768x543.png 768w, https:\/\/agora.xtec.cat\/ceip-pompeufabra-parets\/wp-content\/uploads\/usu1289\/2025\/03\/TOTS-JUNTS-FEM-ESCOLA-1536x1086.png 1536w, https:\/\/agora.xtec.cat\/ceip-pompeufabra-parets\/wp-content\/uploads\/usu1289\/2025\/03\/TOTS-JUNTS-FEM-ESCOLA.png 2000w\" sizes=\"auto, (max-width: 1024px) 100vw, 1024px\" \/><\/a><\/p>\n<h3><b>QU\u00c8 VOLEM?<\/b><\/h3>\n<ul>\n<li aria-level=\"1\">Donar\u00a0<b>suport i assist\u00e8ncia<\/b>\u00a0a tota la comunitat educativa.<\/li>\n<li aria-level=\"1\">Promoure la\u00a0<b>participaci\u00f3 activa i la representaci\u00f3<\/b>\u00a0de les fam\u00edlies.<\/li>\n<li aria-level=\"1\"><b>Col\u00b7laborar amb l\u2019Escola<\/b>\u00a0i cooperar amb el Consell Escolar.<\/li>\n<li aria-level=\"1\">Promoure i realitzar\u00a0<b>activitats l\u00fadiques, culturals, solid\u00e0ries, formatives i esportives.<\/b><\/li>\n<li aria-level=\"1\"><b>Facilitar la conciliaci\u00f3 familiar.<\/b><\/li>\n<li aria-level=\"1\">Potenciar la\u00a0<b>formaci\u00f3 integral<\/b>\u00a0dels infants.<\/li>\n<li aria-level=\"1\">Fomentar el\u00a0<b>treball en xarxa<\/b>\u00a0amb entitats del barri i la ciutat.<\/li>\n<li aria-level=\"1\">Fomentar la\u00a0<b>conviv\u00e8ncia i la interrelaci\u00f3.<\/b><\/li>\n<\/ul>\n<h3>\u00a0<\/h3>\n<h3><b>COM ENS ORGANITZEM?<\/b><\/h3>\n<ul>\n<li aria-level=\"1\">La Junta Directiva s\u2019encarrega de la\u00a0<b>representaci\u00f3 i gesti\u00f3 di\u00e0ria<\/b>\u00a0de l\u2019associaci\u00f3.<\/li>\n<li aria-level=\"1\"><b>L\u2019\u00f2rgan sobir\u00e0 \u00e9s l\u2019assemblea<\/b>\u00a0general, que es convoca com a m\u00ednim un cop per curs.<\/li>\n<li aria-level=\"1\">Les\u00a0<strong>comissions de treball<\/strong> focalitzen la seva tasca en activitats espec\u00edfiques.<\/li>\n<li aria-level=\"1\">Treballem en\u00a0<strong>col\u00b7laboraci\u00f3 amb l\u2019Equip Directiu i amb entitats externes<\/strong>\u00a0del barri i de la ciutat.<\/li>\n<li aria-level=\"1\">Coordinem les <strong>activitats extraescolars<\/strong>.<\/li>\n<\/ul>\n<p><a href=\"https:\/\/agora.xtec.cat\/ceip-pompeufabra-parets\/wp-content\/uploads\/usu1289\/2025\/03\/TOTS-JUNTS-FEM-ESCOLA-1.png\"><img loading=\"lazy\" decoding=\"async\" class=\"aligncenter size-large wp-image-14617\" src=\"https:\/\/agora.xtec.cat\/ceip-pompeufabra-parets\/wp-content\/uploads\/usu1289\/2025\/03\/TOTS-JUNTS-FEM-ESCOLA-1-1024x724.png\" alt=\"\" width=\"1024\" height=\"724\" srcset=\"https:\/\/agora.xtec.cat\/ceip-pompeufabra-parets\/wp-content\/uploads\/usu1289\/2025\/03\/TOTS-JUNTS-FEM-ESCOLA-1-1024x724.png 1024w, https:\/\/agora.xtec.cat\/ceip-pompeufabra-parets\/wp-content\/uploads\/usu1289\/2025\/03\/TOTS-JUNTS-FEM-ESCOLA-1-300x212.png 300w, https:\/\/agora.xtec.cat\/ceip-pompeufabra-parets\/wp-content\/uploads\/usu1289\/2025\/03\/TOTS-JUNTS-FEM-ESCOLA-1-768x543.png 768w, https:\/\/agora.xtec.cat\/ceip-pompeufabra-parets\/wp-content\/uploads\/usu1289\/2025\/03\/TOTS-JUNTS-FEM-ESCOLA-1-1536x1086.png 1536w, https:\/\/agora.xtec.cat\/ceip-pompeufabra-parets\/wp-content\/uploads\/usu1289\/2025\/03\/TOTS-JUNTS-FEM-ESCOLA-1.png 2000w\" sizes=\"auto, (max-width: 1024px) 100vw, 1024px\" \/><\/a><\/p>\n<h3><b>Ser soci \/s\u00f2cia de l\u2019AMPA\u2026.<\/b><\/h3>\n<p>Fa possible que puguem\u00a0<strong>participar activament en la comunitat educativa<\/strong>.<br \/>L\u2019AMPA som totes les fam\u00edlies s\u00f2cies. Totes col\u00b7laborem en la mesura de les nostres possibilitats. Som persones volunt\u00e0ries, que dediquem el nostre temps i esfor\u00e7 en millorar la comunitat educativa, que reverteix inequ\u00edvocament en les nostres filles i fills, en tota l\u2019Escola, i en el seu entorn.<br \/>Si vols que es faci alguna cosa que penses que \u00e9s bo per l\u2019Escola, t\u2019animem a presentar la teva proposta i a participar en les comissions. Envia\u2019ns un\u00a0mail i en parlem!<\/p>\n<p><strong>Per contactar amb l\u2019AMPA:<\/strong><\/p>\n<p><strong>Adre\u00e7a electr\u00f2nica: <a href=\"mailto:afa.pompeufabra.parets@gmail.com\">afa.pompeufabra.parets@gmail.com<\/a><\/strong><\/p>\n<p><strong>Quota anual:<\/strong> 30\u20ac per fam\u00edlia<\/p>\n<ul>\n<li><strong>Transfer\u00e8ncia:<\/strong> Banc Sabadell ES 2300 8117 8002 0001 0075 04<\/li>\n<\/ul>\n<h3>\u00a0<\/h3>\n<h3><b>L&#8217;AFA gestiona les extraescolars<\/b><\/h3>\n<p data-start=\"89\" data-end=\"273\">Les activitats extraescolars de la nostra escola s\u00f3n organitzades per l&#8217;AFA, amb l&#8217;objectiu d&#8217;oferir als infants una experi\u00e8ncia enriquidora i divertida m\u00e9s enll\u00e0 de l&#8217;horari lectiu.\u00a0A continuaci\u00f3, podeu consultar la graella amb totes les activitats disponibles per a aquest curs. Us animem a participar-hi!<\/p>\n<p><a href=\"https:\/\/www.dropbox.com\/scl\/fi\/my3ypjuq1svpipchh1eqg\/GRAELLA.pdf?rlkey=f3bv5nd9he6ckrtbli9s1fy8y&amp;dl=0\">ACTIVITAATS EXTRAESCOLARS 25-26<\/a><\/p>\n<p>\u00a0<\/p>\n<p>\u00a0<\/p>\n\n\n<figure class=\"wp-block-image size-large\"><a href=\"https:\/\/agora.xtec.cat\/ceip-pompeufabra-parets\/wp-content\/uploads\/usu1289\/2026\/02\/image-6.png\"><img loading=\"lazy\" decoding=\"async\" width=\"1024\" height=\"614\" src=\"https:\/\/agora.xtec.cat\/ceip-pompeufabra-parets\/wp-content\/uploads\/usu1289\/2026\/02\/image-6-1024x614.png\" alt=\"\" class=\"wp-image-15008\" srcset=\"https:\/\/agora.xtec.cat\/ceip-pompeufabra-parets\/wp-content\/uploads\/usu1289\/2026\/02\/image-6-1024x614.png 1024w, https:\/\/agora.xtec.cat\/ceip-pompeufabra-parets\/wp-content\/uploads\/usu1289\/2026\/02\/image-6-300x180.png 300w, https:\/\/agora.xtec.cat\/ceip-pompeufabra-parets\/wp-content\/uploads\/usu1289\/2026\/02\/image-6-768x460.png 768w, https:\/\/agora.xtec.cat\/ceip-pompeufabra-parets\/wp-content\/uploads\/usu1289\/2026\/02\/image-6.png 1175w\" sizes=\"auto, (max-width: 1024px) 100vw, 1024px\" \/><\/a><\/figure>\n","protected":false},"excerpt":{"rendered":"<p>\u00a0 QUI SOM I QU\u00c8 ES L\u2019AFA? L\u2019AFA del Pompeu Fabra\u00a0\u00e9s una associaci\u00f3, sense afany de lucre, que agrupa les fam\u00edlies de la nostra escola que decideixen col\u00b7laborar-hi. QU\u00c8 VOLEM? Donar\u00a0suport i assist\u00e8ncia\u00a0a tota la comunitat educativa. Promoure la\u00a0participaci\u00f3 activa i la representaci\u00f3\u00a0de les fam\u00edlies. Col\u00b7laborar amb l\u2019Escola\u00a0i cooperar amb el Consell Escolar. Promoure i [&hellip;]<\/p>\n","protected":false},"author":1,"featured_media":0,"parent":0,"menu_order":0,"comment_status":"closed","ping_status":"closed","template":"","meta":{"_bbp_topic_count":0,"_bbp_reply_count":0,"_bbp_total_topic_count":0,"_bbp_total_reply_count":0,"_bbp_voice_count":0,"_bbp_anonymous_reply_count":0,"_bbp_topic_count_hidden":0,"_bbp_reply_count_hidden":0,"_bbp_forum_subforum_count":0,"site-sidebar-layout":"default","site-content-layout":"","ast-site-content-layout":"default","site-content-style":"default","site-sidebar-style":"default","ast-global-header-display":"","ast-banner-title-visibility":"","ast-main-header-display":"","ast-hfb-above-header-display":"","ast-hfb-below-header-display":"","ast-hfb-mobile-header-display":"","site-post-title":"","ast-breadcrumbs-content":"","ast-featured-img":"","footer-sml-layout":"","theme-transparent-header-meta":"","adv-header-id-meta":"","stick-header-meta":"","header-above-stick-meta":"","header-main-stick-meta":"","header-below-stick-meta":"","astra-migrate-meta-layouts":"set","ast-page-background-enabled":"default","ast-page-background-meta":{"desktop":{"background-color":"var(--ast-global-color-4)","background-image":"","background-repeat":"repeat","background-position":"center center","background-size":"auto","background-attachment":"scroll","background-type":"","background-media":"","overlay-type":"","overlay-color":"","overlay-opacity":"","overlay-gradient":""},"tablet":{"background-color":"","background-image":"","background-repeat":"repeat","background-position":"center center","background-size":"auto","background-attachment":"scroll","background-type":"","background-media":"","overlay-type":"","overlay-color":"","overlay-opacity":"","overlay-gradient":""},"mobile":{"background-color":"","background-image":"","background-repeat":"repeat","background-position":"center center","background-size":"auto","background-attachment":"scroll","background-type":"","background-media":"","overlay-type":"","overlay-color":"","overlay-opacity":"","overlay-gradient":""}},"ast-content-background-meta":{"desktop":{"background-color":"var(--ast-global-color-5)","background-image":"","background-repeat":"repeat","background-position":"center center","background-size":"auto","background-attachment":"scroll","background-type":"","background-media":"","overlay-type":"","overlay-color":"","overlay-opacity":"","overlay-gradient":""},"tablet":{"background-color":"var(--ast-global-color-5)","background-image":"","background-repeat":"repeat","background-position":"center center","background-size":"auto","background-attachment":"scroll","background-type":"","background-media":"","overlay-type":"","overlay-color":"","overlay-opacity":"","overlay-gradient":""},"mobile":{"background-color":"var(--ast-global-color-5)","background-image":"","background-repeat":"repeat","background-position":"center center","background-size":"auto","background-attachment":"scroll","background-type":"","background-media":"","overlay-type":"","overlay-color":"","overlay-opacity":"","overlay-gradient":""}},"footnotes":""},"class_list":["post-235","page","type-page","status-publish","hentry"],"post_mailing_queue_ids":[],"_links":{"self":[{"href":"https:\/\/agora.xtec.cat\/ceip-pompeufabra-parets\/wp-json\/wp\/v2\/pages\/235","targetHints":{"allow":["GET"]}}],"collection":[{"href":"https:\/\/agora.xtec.cat\/ceip-pompeufabra-parets\/wp-json\/wp\/v2\/pages"}],"about":[{"href":"https:\/\/agora.xtec.cat\/ceip-pompeufabra-parets\/wp-json\/wp\/v2\/types\/page"}],"author":[{"embeddable":true,"href":"https:\/\/agora.xtec.cat\/ceip-pompeufabra-parets\/wp-json\/wp\/v2\/users\/1"}],"replies":[{"embeddable":true,"href":"https:\/\/agora.xtec.cat\/ceip-pompeufabra-parets\/wp-json\/wp\/v2\/comments?post=235"}],"version-history":[{"count":6,"href":"https:\/\/agora.xtec.cat\/ceip-pompeufabra-parets\/wp-json\/wp\/v2\/pages\/235\/revisions"}],"predecessor-version":[{"id":15009,"href":"https:\/\/agora.xtec.cat\/ceip-pompeufabra-parets\/wp-json\/wp\/v2\/pages\/235\/revisions\/15009"}],"wp:attachment":[{"href":"https:\/\/agora.xtec.cat\/ceip-pompeufabra-parets\/wp-json\/wp\/v2\/media?parent=235"}],"curies":[{"name":"wp","href":"https:\/\/api.w.org\/{rel}","templated":true}]}}