{"id":22,"date":"2014-09-18T12:19:57","date_gmt":"2014-09-18T11:19:57","guid":{"rendered":"http:\/\/agora.xtec.cat\/ceip-pompeufabra-parets\/?page_id=22"},"modified":"2024-09-26T14:50:45","modified_gmt":"2024-09-26T12:50:45","slug":"lescola","status":"publish","type":"page","link":"https:\/\/agora.xtec.cat\/ceip-pompeufabra-parets\/lescola\/","title":{"rendered":"L&#8217;escola"},"content":{"rendered":"<p>&nbsp;<\/p>\n<p>L\u2019escola Pompeu Fabra segueix els principis b\u00e0sics de la LEC i adopta com a trets principals els seg\u00fcents: una <strong>escola catalana, p\u00fablica, inclusiva, activa que vetlla pel desenvolupament integral de l\u2019alumne, escola oberta a l\u2019entorn.<\/strong><\/p>\n<div id='gallery-1' class='gallery galleryid-22 gallery-columns-2 gallery-size-full'><figure class='gallery-item'>\n\t\t\t<div class='gallery-icon landscape'>\n\t\t\t\t<a href='https:\/\/agora.xtec.cat\/ceip-pompeufabra-parets\/lescola\/attachment\/img_20200702_085307\/'><img loading=\"lazy\" decoding=\"async\" width=\"2328\" height=\"1748\" src=\"https:\/\/agora.xtec.cat\/ceip-pompeufabra-parets\/wp-content\/uploads\/usu1289\/2020\/11\/IMG_20200702_085307.jpg\" class=\"attachment-full size-full\" alt=\"\" srcset=\"https:\/\/agora.xtec.cat\/ceip-pompeufabra-parets\/wp-content\/uploads\/usu1289\/2020\/11\/IMG_20200702_085307.jpg 2328w, https:\/\/agora.xtec.cat\/ceip-pompeufabra-parets\/wp-content\/uploads\/usu1289\/2020\/11\/IMG_20200702_085307-300x225.jpg 300w, https:\/\/agora.xtec.cat\/ceip-pompeufabra-parets\/wp-content\/uploads\/usu1289\/2020\/11\/IMG_20200702_085307-768x577.jpg 768w, https:\/\/agora.xtec.cat\/ceip-pompeufabra-parets\/wp-content\/uploads\/usu1289\/2020\/11\/IMG_20200702_085307-1024x769.jpg 1024w, https:\/\/agora.xtec.cat\/ceip-pompeufabra-parets\/wp-content\/uploads\/usu1289\/2020\/11\/IMG_20200702_085307-200x150.jpg 200w\" sizes=\"auto, (max-width: 2328px) 100vw, 2328px\" \/><\/a>\n\t\t\t<\/div><\/figure><figure class='gallery-item'>\n\t\t\t<div class='gallery-icon landscape'>\n\t\t\t\t<a href='https:\/\/agora.xtec.cat\/ceip-pompeufabra-parets\/lescola\/attachment\/img_20200702_142611\/'><img loading=\"lazy\" decoding=\"async\" width=\"2000\" height=\"1500\" src=\"https:\/\/agora.xtec.cat\/ceip-pompeufabra-parets\/wp-content\/uploads\/usu1289\/2020\/11\/IMG_20200702_142611.jpg\" class=\"attachment-full size-full\" alt=\"\" srcset=\"https:\/\/agora.xtec.cat\/ceip-pompeufabra-parets\/wp-content\/uploads\/usu1289\/2020\/11\/IMG_20200702_142611.jpg 2000w, https:\/\/agora.xtec.cat\/ceip-pompeufabra-parets\/wp-content\/uploads\/usu1289\/2020\/11\/IMG_20200702_142611-300x225.jpg 300w, https:\/\/agora.xtec.cat\/ceip-pompeufabra-parets\/wp-content\/uploads\/usu1289\/2020\/11\/IMG_20200702_142611-768x576.jpg 768w, https:\/\/agora.xtec.cat\/ceip-pompeufabra-parets\/wp-content\/uploads\/usu1289\/2020\/11\/IMG_20200702_142611-1024x768.jpg 1024w, https:\/\/agora.xtec.cat\/ceip-pompeufabra-parets\/wp-content\/uploads\/usu1289\/2020\/11\/IMG_20200702_142611-200x150.jpg 200w\" sizes=\"auto, (max-width: 2000px) 100vw, 2000px\" \/><\/a>\n\t\t\t<\/div><\/figure>\n\t\t<\/div>\n\n<h3><em>Prioritats educatives<\/em><\/h3>\n<ul>\n<li><strong>Escola innovadora<\/strong>, des del 2005 l\u2019escola aposta per la incorporaci\u00f3 de les noves tecnologies (TAC) en el curr\u00edculum amb l\u2019objectiu de dotar als alumnes de les capacitats b\u00e0siques per l\u2019alfabetitzaci\u00f3 tecnol\u00f2gica necess\u00e0ria en la Societat de la informaci\u00f3, \u00e9s un tret distintiu del centre. El Pla TAC del centre defineix unes bases clares per assegurar la compet\u00e8ncia digital dels alumnes, la integraci\u00f3 curricular, la inclusi\u00f3 digital i la innovaci\u00f3 metodol\u00f2gica.<\/li>\n<\/ul>\n<ul>\n<li>Escola que treballa per <strong>promoure l\u2019adquisici\u00f3 de les compet\u00e8ncies b\u00e0siques<\/strong>, que han de contribuir al desenvolupament personal de l\u2019alumne. En especial, l\u2019assoliment d\u2019un bon nivell d\u2019expressi\u00f3 i comprensi\u00f3 oral, d\u2019expressi\u00f3 escrita i de comprensi\u00f3 lectora. A nivell matem\u00e0tic incidim de manera especial en la resoluci\u00f3 de problemes de caire m\u00e9s competencial, potenciant l\u2019experimentaci\u00f3 i el raonament l\u00f2gic.<\/li>\n<\/ul>\n<ul>\n<li><strong>Escola pluriling\u00fce<\/strong> on les lleng\u00fces oficials i estrangera (angl\u00e8s) siguin les eines per desenvolupar la compet\u00e8ncia comunicativa i l\u2019eix dels aprenentatges en totes les \u00e0rees.<\/li>\n<\/ul>\n<ul>\n<li>Escola que pret\u00e9n adaptar-se als canvis i que <strong>aposta pels canvis metodol\u00f2gics<\/strong>, iniciaci\u00f3 al treball per ambients i augment del treball per projectes, per tal d\u2019afavorir l\u2019aprenentatge entre iguals i el treball cooperatiu.<\/li>\n<\/ul>\n","protected":false},"excerpt":{"rendered":"<p>&nbsp; L\u2019escola Pompeu Fabra segueix els principis b\u00e0sics de la LEC i adopta com a trets principals els seg\u00fcents: una escola catalana, p\u00fablica, inclusiva, activa que vetlla pel desenvolupament integral de l\u2019alumne, escola oberta a l\u2019entorn. Prioritats educatives Escola innovadora, des del 2005 l\u2019escola aposta per la incorporaci\u00f3 de les noves tecnologies (TAC) en el [&hellip;]<\/p>\n","protected":false},"author":1,"featured_media":0,"parent":0,"menu_order":0,"comment_status":"closed","ping_status":"closed","template":"page-templates\/side-menu.php","meta":{"_bbp_topic_count":0,"_bbp_reply_count":0,"_bbp_total_topic_count":0,"_bbp_total_reply_count":0,"_bbp_voice_count":0,"_bbp_anonymous_reply_count":0,"_bbp_topic_count_hidden":0,"_bbp_reply_count_hidden":0,"_bbp_forum_subforum_count":0,"site-sidebar-layout":"default","site-content-layout":"","ast-site-content-layout":"","site-content-style":"default","site-sidebar-style":"default","ast-global-header-display":"","ast-banner-title-visibility":"","ast-main-header-display":"","ast-hfb-above-header-display":"","ast-hfb-below-header-display":"","ast-hfb-mobile-header-display":"","site-post-title":"","ast-breadcrumbs-content":"","ast-featured-img":"","footer-sml-layout":"","theme-transparent-header-meta":"","adv-header-id-meta":"","stick-header-meta":"","header-above-stick-meta":"","header-main-stick-meta":"","header-below-stick-meta":"","astra-migrate-meta-layouts":"default","ast-page-background-enabled":"default","ast-page-background-meta":{"desktop":{"background-color":"var(--ast-global-color-4)","background-image":"","background-repeat":"repeat","background-position":"center center","background-size":"auto","background-attachment":"scroll","background-type":"","background-media":"","overlay-type":"","overlay-color":"","overlay-opacity":"","overlay-gradient":""},"tablet":{"background-color":"","background-image":"","background-repeat":"repeat","background-position":"center center","background-size":"auto","background-attachment":"scroll","background-type":"","background-media":"","overlay-type":"","overlay-color":"","overlay-opacity":"","overlay-gradient":""},"mobile":{"background-color":"","background-image":"","background-repeat":"repeat","background-position":"center center","background-size":"auto","background-attachment":"scroll","background-type":"","background-media":"","overlay-type":"","overlay-color":"","overlay-opacity":"","overlay-gradient":""}},"ast-content-background-meta":{"desktop":{"background-color":"var(--ast-global-color-5)","background-image":"","background-repeat":"repeat","background-position":"center center","background-size":"auto","background-attachment":"scroll","background-type":"","background-media":"","overlay-type":"","overlay-color":"","overlay-opacity":"","overlay-gradient":""},"tablet":{"background-color":"var(--ast-global-color-5)","background-image":"","background-repeat":"repeat","background-position":"center center","background-size":"auto","background-attachment":"scroll","background-type":"","background-media":"","overlay-type":"","overlay-color":"","overlay-opacity":"","overlay-gradient":""},"mobile":{"background-color":"var(--ast-global-color-5)","background-image":"","background-repeat":"repeat","background-position":"center center","background-size":"auto","background-attachment":"scroll","background-type":"","background-media":"","overlay-type":"","overlay-color":"","overlay-opacity":"","overlay-gradient":""}},"footnotes":""},"class_list":["post-22","page","type-page","status-publish","hentry"],"post_mailing_queue_ids":[],"_links":{"self":[{"href":"https:\/\/agora.xtec.cat\/ceip-pompeufabra-parets\/wp-json\/wp\/v2\/pages\/22","targetHints":{"allow":["GET"]}}],"collection":[{"href":"https:\/\/agora.xtec.cat\/ceip-pompeufabra-parets\/wp-json\/wp\/v2\/pages"}],"about":[{"href":"https:\/\/agora.xtec.cat\/ceip-pompeufabra-parets\/wp-json\/wp\/v2\/types\/page"}],"author":[{"embeddable":true,"href":"https:\/\/agora.xtec.cat\/ceip-pompeufabra-parets\/wp-json\/wp\/v2\/users\/1"}],"replies":[{"embeddable":true,"href":"https:\/\/agora.xtec.cat\/ceip-pompeufabra-parets\/wp-json\/wp\/v2\/comments?post=22"}],"version-history":[{"count":4,"href":"https:\/\/agora.xtec.cat\/ceip-pompeufabra-parets\/wp-json\/wp\/v2\/pages\/22\/revisions"}],"predecessor-version":[{"id":14467,"href":"https:\/\/agora.xtec.cat\/ceip-pompeufabra-parets\/wp-json\/wp\/v2\/pages\/22\/revisions\/14467"}],"wp:attachment":[{"href":"https:\/\/agora.xtec.cat\/ceip-pompeufabra-parets\/wp-json\/wp\/v2\/media?parent=22"}],"curies":[{"name":"wp","href":"https:\/\/api.w.org\/{rel}","templated":true}]}}