{"id":13580,"date":"2022-11-09T12:32:21","date_gmt":"2022-11-09T11:32:21","guid":{"rendered":"https:\/\/agora.xtec.cat\/ceip-pompeufabra-parets\/?page_id=13580"},"modified":"2025-02-11T10:24:59","modified_gmt":"2025-02-11T09:24:59","slug":"gestio-economica","status":"publish","type":"page","link":"https:\/\/agora.xtec.cat\/ceip-pompeufabra-parets\/lescola\/gestio-economica\/","title":{"rendered":"Gesti\u00f3 econ\u00f2mica"},"content":{"rendered":"<p>A continuaci\u00f3, podeu consultar les dades econ\u00f2miques vigents de la nostra escola:<\/p>\n<table style=\"width: 35.5014%; height: 43px;\">\n<tbody>\n<tr style=\"height: 33px;\">\n<td style=\"height: 10px;\" width=\"576\"><a href=\"https:\/\/www.dropbox.com\/scl\/fi\/kd1jc03lf1fpfea392zns\/Liquidaci-del-pressupost.pdf?rlkey=grlqm9ac99p1j4wliq6prlyay&amp;dl=0\">Liquidaci\u00f3 del pressupost 2024<\/a><\/td>\n<\/tr>\n<tr>\n<td><a href=\"https:\/\/www.dropbox.com\/scl\/fi\/jw5j2mebvhhvywt6qyc5e\/Balan-de-situaci.pdf?rlkey=b1pcuthwnm1wascdzcce49gty&amp;dl=0\">Balan\u00e7 de situaci\u00f3 2024<\/a><\/td>\n<\/tr>\n<tr style=\"height: 33px;\">\n<td style=\"height: 33px;\" width=\"576\"><a href=\"https:\/\/www.dropbox.com\/scl\/fi\/8bp34fvcpukxypg3c3slb\/Dades-del-pressupost.pdf?rlkey=3jzj06tez34o4pmv97njpjexk&amp;dl=0\">Dades del pressupost 2025<\/a><\/td>\n<\/tr>\n<\/tbody>\n<\/table>\n<p>&nbsp;<\/p>\n<p><a href=\"https:\/\/agora.xtec.cat\/ceip-pompeufabra-parets\/wp-content\/uploads\/usu1289\/2022\/11\/Gestio-economica.png\"><img loading=\"lazy\" decoding=\"async\" class=\"aligncenter wp-image-13595\" src=\"https:\/\/agora.xtec.cat\/ceip-pompeufabra-parets\/wp-content\/uploads\/usu1289\/2022\/11\/Gestio-economica-1024x256.png\" alt=\"\" width=\"1072\" height=\"268\" srcset=\"https:\/\/agora.xtec.cat\/ceip-pompeufabra-parets\/wp-content\/uploads\/usu1289\/2022\/11\/Gestio-economica-1024x256.png 1024w, https:\/\/agora.xtec.cat\/ceip-pompeufabra-parets\/wp-content\/uploads\/usu1289\/2022\/11\/Gestio-economica-300x75.png 300w, https:\/\/agora.xtec.cat\/ceip-pompeufabra-parets\/wp-content\/uploads\/usu1289\/2022\/11\/Gestio-economica-768x192.png 768w, https:\/\/agora.xtec.cat\/ceip-pompeufabra-parets\/wp-content\/uploads\/usu1289\/2022\/11\/Gestio-economica-1536x384.png 1536w, https:\/\/agora.xtec.cat\/ceip-pompeufabra-parets\/wp-content\/uploads\/usu1289\/2022\/11\/Gestio-economica.png 1920w\" sizes=\"auto, (max-width: 1072px) 100vw, 1072px\" \/><\/a><\/p>\n<p>&nbsp;<\/p>\n","protected":false},"excerpt":{"rendered":"<p>A continuaci\u00f3, podeu consultar les dades econ\u00f2miques vigents de la nostra escola: Liquidaci\u00f3 del pressupost 2024 Balan\u00e7 de situaci\u00f3 2024 Dades del pressupost 2025 &nbsp; &nbsp;<\/p>\n","protected":false},"author":22,"featured_media":0,"parent":22,"menu_order":0,"comment_status":"closed","ping_status":"closed","template":"page-templates\/side-menu.php","meta":{"_bbp_topic_count":0,"_bbp_reply_count":0,"_bbp_total_topic_count":0,"_bbp_total_reply_count":0,"_bbp_voice_count":0,"_bbp_anonymous_reply_count":0,"_bbp_topic_count_hidden":0,"_bbp_reply_count_hidden":0,"_bbp_forum_subforum_count":0,"site-sidebar-layout":"default","site-content-layout":"","ast-site-content-layout":"","site-content-style":"default","site-sidebar-style":"default","ast-global-header-display":"","ast-banner-title-visibility":"","ast-main-header-display":"","ast-hfb-above-header-display":"","ast-hfb-below-header-display":"","ast-hfb-mobile-header-display":"","site-post-title":"","ast-breadcrumbs-content":"","ast-featured-img":"","footer-sml-layout":"","theme-transparent-header-meta":"","adv-header-id-meta":"","stick-header-meta":"","header-above-stick-meta":"","header-main-stick-meta":"","header-below-stick-meta":"","astra-migrate-meta-layouts":"default","ast-page-background-enabled":"default","ast-page-background-meta":{"desktop":{"background-color":"var(--ast-global-color-4)","background-image":"","background-repeat":"repeat","background-position":"center center","background-size":"auto","background-attachment":"scroll","background-type":"","background-media":"","overlay-type":"","overlay-color":"","overlay-opacity":"","overlay-gradient":""},"tablet":{"background-color":"","background-image":"","background-repeat":"repeat","background-position":"center center","background-size":"auto","background-attachment":"scroll","background-type":"","background-media":"","overlay-type":"","overlay-color":"","overlay-opacity":"","overlay-gradient":""},"mobile":{"background-color":"","background-image":"","background-repeat":"repeat","background-position":"center center","background-size":"auto","background-attachment":"scroll","background-type":"","background-media":"","overlay-type":"","overlay-color":"","overlay-opacity":"","overlay-gradient":""}},"ast-content-background-meta":{"desktop":{"background-color":"var(--ast-global-color-5)","background-image":"","background-repeat":"repeat","background-position":"center center","background-size":"auto","background-attachment":"scroll","background-type":"","background-media":"","overlay-type":"","overlay-color":"","overlay-opacity":"","overlay-gradient":""},"tablet":{"background-color":"var(--ast-global-color-5)","background-image":"","background-repeat":"repeat","background-position":"center center","background-size":"auto","background-attachment":"scroll","background-type":"","background-media":"","overlay-type":"","overlay-color":"","overlay-opacity":"","overlay-gradient":""},"mobile":{"background-color":"var(--ast-global-color-5)","background-image":"","background-repeat":"repeat","background-position":"center center","background-size":"auto","background-attachment":"scroll","background-type":"","background-media":"","overlay-type":"","overlay-color":"","overlay-opacity":"","overlay-gradient":""}},"footnotes":""},"class_list":["post-13580","page","type-page","status-publish","hentry"],"post_mailing_queue_ids":[],"_links":{"self":[{"href":"https:\/\/agora.xtec.cat\/ceip-pompeufabra-parets\/wp-json\/wp\/v2\/pages\/13580","targetHints":{"allow":["GET"]}}],"collection":[{"href":"https:\/\/agora.xtec.cat\/ceip-pompeufabra-parets\/wp-json\/wp\/v2\/pages"}],"about":[{"href":"https:\/\/agora.xtec.cat\/ceip-pompeufabra-parets\/wp-json\/wp\/v2\/types\/page"}],"author":[{"embeddable":true,"href":"https:\/\/agora.xtec.cat\/ceip-pompeufabra-parets\/wp-json\/wp\/v2\/users\/22"}],"replies":[{"embeddable":true,"href":"https:\/\/agora.xtec.cat\/ceip-pompeufabra-parets\/wp-json\/wp\/v2\/comments?post=13580"}],"version-history":[{"count":4,"href":"https:\/\/agora.xtec.cat\/ceip-pompeufabra-parets\/wp-json\/wp\/v2\/pages\/13580\/revisions"}],"predecessor-version":[{"id":14569,"href":"https:\/\/agora.xtec.cat\/ceip-pompeufabra-parets\/wp-json\/wp\/v2\/pages\/13580\/revisions\/14569"}],"up":[{"embeddable":true,"href":"https:\/\/agora.xtec.cat\/ceip-pompeufabra-parets\/wp-json\/wp\/v2\/pages\/22"}],"wp:attachment":[{"href":"https:\/\/agora.xtec.cat\/ceip-pompeufabra-parets\/wp-json\/wp\/v2\/media?parent=13580"}],"curies":[{"name":"wp","href":"https:\/\/api.w.org\/{rel}","templated":true}]}}