{"id":13223,"date":"2022-03-14T11:03:19","date_gmt":"2022-03-14T10:03:19","guid":{"rendered":"https:\/\/agora.xtec.cat\/ceip-pompeufabra-parets\/?page_id=13223"},"modified":"2023-01-24T11:27:07","modified_gmt":"2023-01-24T10:27:07","slug":"videos-portes-obertes","status":"publish","type":"page","link":"https:\/\/agora.xtec.cat\/ceip-pompeufabra-parets\/portes-obertes-3\/videos-portes-obertes\/","title":{"rendered":"V\u00eddeos portes obertes"},"content":{"rendered":"<ul>\n<li>\ud83c\udd95<strong>PORTES OBERTES 2023\/24:\u00a0<\/strong><\/li>\n<\/ul>\n<p><a href=\"https:\/\/agora.xtec.cat\/ceip-pompeufabra-parets\/wp-content\/uploads\/usu1289\/2023\/01\/Portes-obertes-1.png\"><img loading=\"lazy\" decoding=\"async\" class=\"aligncenter size-full wp-image-13701\" src=\"https:\/\/agora.xtec.cat\/ceip-pompeufabra-parets\/wp-content\/uploads\/usu1289\/2023\/01\/Portes-obertes-1.png\" alt=\"\" width=\"1080\" height=\"540\" srcset=\"https:\/\/agora.xtec.cat\/ceip-pompeufabra-parets\/wp-content\/uploads\/usu1289\/2023\/01\/Portes-obertes-1.png 1080w, https:\/\/agora.xtec.cat\/ceip-pompeufabra-parets\/wp-content\/uploads\/usu1289\/2023\/01\/Portes-obertes-1-300x150.png 300w, https:\/\/agora.xtec.cat\/ceip-pompeufabra-parets\/wp-content\/uploads\/usu1289\/2023\/01\/Portes-obertes-1-1024x512.png 1024w, https:\/\/agora.xtec.cat\/ceip-pompeufabra-parets\/wp-content\/uploads\/usu1289\/2023\/01\/Portes-obertes-1-768x384.png 768w\" sizes=\"auto, (max-width: 1080px) 100vw, 1080px\" \/><\/a><\/p>\n<p>A continuaci\u00f3 us compartim uns v\u00eddeos perqu\u00e8 pugueu visitar totes les instal\u00b7lacions de la nostra escola de manera virtual.<\/p>\n<ul>\n<li><a href=\"https:\/\/www.dropbox.com\/s\/9blvjutgtlmaeq2\/Llibret%20Escola%20Pompeu%20Fabra.pdf?dl=0\">Llibret informatiu de la nostra escola.<\/a><\/li>\n<\/ul>\n<p><a href=\"https:\/\/www.dropbox.com\/s\/9blvjutgtlmaeq2\/Llibret%20Escola%20Pompeu%20Fabra.pdf?dl=0\"><img loading=\"lazy\" decoding=\"async\" class=\"aligncenter wp-image-13706\" src=\"https:\/\/agora.xtec.cat\/ceip-pompeufabra-parets\/wp-content\/uploads\/usu1289\/2023\/01\/Llibret-Escola-Pompeu-Fabra.jpg\" alt=\"\" width=\"194\" height=\"275\" srcset=\"https:\/\/agora.xtec.cat\/ceip-pompeufabra-parets\/wp-content\/uploads\/usu1289\/2023\/01\/Llibret-Escola-Pompeu-Fabra.jpg 1414w, https:\/\/agora.xtec.cat\/ceip-pompeufabra-parets\/wp-content\/uploads\/usu1289\/2023\/01\/Llibret-Escola-Pompeu-Fabra-212x300.jpg 212w, https:\/\/agora.xtec.cat\/ceip-pompeufabra-parets\/wp-content\/uploads\/usu1289\/2023\/01\/Llibret-Escola-Pompeu-Fabra-724x1024.jpg 724w, https:\/\/agora.xtec.cat\/ceip-pompeufabra-parets\/wp-content\/uploads\/usu1289\/2023\/01\/Llibret-Escola-Pompeu-Fabra-768x1086.jpg 768w, https:\/\/agora.xtec.cat\/ceip-pompeufabra-parets\/wp-content\/uploads\/usu1289\/2023\/01\/Llibret-Escola-Pompeu-Fabra-1086x1536.jpg 1086w\" sizes=\"auto, (max-width: 194px) 100vw, 194px\" \/><\/a><\/p>\n<ul>\n<li><strong><a href=\"https:\/\/www.youtube.com\/watch?v=JikEUa0HKZU\">V\u00eddeo instal\u00b7lacions l\u2019escola<\/a><\/strong>.<\/li>\n<\/ul>\n<p>&nbsp;<\/p>\n<p>Tamb\u00e9 podeu consultar les nostres xarxes socials on pengem moltes de les activitats que duem a terme a l\u2019escola.\u00a0<strong>Instagram:<\/strong>\u00a0<span class=\"\">@<\/span>escolapompeufabraparets o a\u00a0<strong>Twitter:<\/strong>\u00a0@pompeuparets<\/p>\n<p>A m\u00e9s, podeu enviar-nos les vostres preguntes al correu electr\u00f2nic de l\u2019escola: a8022707@xtec.cat<\/p>\n<p>&nbsp;<\/p>\n<p>A continuaci\u00f3 us compartim uns v\u00eddeos, del curs anterior, perqu\u00e8 pugueu visitar totes les instal\u00b7lacions de la nostra escola (en actualitzaci\u00f3)<\/p>\n<ul>\n<li><strong><a href=\"https:\/\/www.youtube.com\/watch?v=JikEUa0HKZU\">V\u00eddeo instal\u00b7lacions l\u2019escola<\/a><\/strong>.<\/li>\n<li><a href=\"https:\/\/www.youtube.com\/watch?v=f0m_AmRMFTA\">V\u00eddeo portes obertes<\/a><\/li>\n<\/ul>\n<p>&nbsp;<\/p>\n<p>Tamb\u00e9 podeu consultar les nostres xarxes socials on pengem moltes de les activitats que duem a terme a l\u2019escola.\u00a0<strong>Instagram:<\/strong>\u00a0<span class=\"\">@<\/span>escolapompeufabraparets o a\u00a0<strong>Twitter:<\/strong>\u00a0@pompeuparets<\/p>\n<p>A m\u00e9s, podeu enviar-nos les vostres preguntes al correu electr\u00f2nic de l\u2019escola: a8022707@xtec.cat<\/p>\n","protected":false},"excerpt":{"rendered":"<p>\ud83c\udd95PORTES OBERTES 2023\/24:\u00a0 A continuaci\u00f3 us compartim uns v\u00eddeos perqu\u00e8 pugueu visitar totes les instal\u00b7lacions de la nostra escola de manera virtual. Llibret informatiu de la nostra escola. V\u00eddeo instal\u00b7lacions l\u2019escola. &nbsp; Tamb\u00e9 podeu consultar les nostres xarxes socials on pengem moltes de les activitats que duem a terme a l\u2019escola.\u00a0Instagram:\u00a0@escolapompeufabraparets o a\u00a0Twitter:\u00a0@pompeuparets A m\u00e9s, [&hellip;]<\/p>\n","protected":false},"author":1,"featured_media":0,"parent":13218,"menu_order":2,"comment_status":"closed","ping_status":"closed","template":"page-templates\/side-menu.php","meta":{"_bbp_topic_count":0,"_bbp_reply_count":0,"_bbp_total_topic_count":0,"_bbp_total_reply_count":0,"_bbp_voice_count":0,"_bbp_anonymous_reply_count":0,"_bbp_topic_count_hidden":0,"_bbp_reply_count_hidden":0,"_bbp_forum_subforum_count":0,"site-sidebar-layout":"default","site-content-layout":"","ast-site-content-layout":"","site-content-style":"default","site-sidebar-style":"default","ast-global-header-display":"","ast-banner-title-visibility":"","ast-main-header-display":"","ast-hfb-above-header-display":"","ast-hfb-below-header-display":"","ast-hfb-mobile-header-display":"","site-post-title":"","ast-breadcrumbs-content":"","ast-featured-img":"","footer-sml-layout":"","theme-transparent-header-meta":"","adv-header-id-meta":"","stick-header-meta":"","header-above-stick-meta":"","header-main-stick-meta":"","header-below-stick-meta":"","astra-migrate-meta-layouts":"default","ast-page-background-enabled":"default","ast-page-background-meta":{"desktop":{"background-color":"var(--ast-global-color-4)","background-image":"","background-repeat":"repeat","background-position":"center center","background-size":"auto","background-attachment":"scroll","background-type":"","background-media":"","overlay-type":"","overlay-color":"","overlay-opacity":"","overlay-gradient":""},"tablet":{"background-color":"","background-image":"","background-repeat":"repeat","background-position":"center center","background-size":"auto","background-attachment":"scroll","background-type":"","background-media":"","overlay-type":"","overlay-color":"","overlay-opacity":"","overlay-gradient":""},"mobile":{"background-color":"","background-image":"","background-repeat":"repeat","background-position":"center center","background-size":"auto","background-attachment":"scroll","background-type":"","background-media":"","overlay-type":"","overlay-color":"","overlay-opacity":"","overlay-gradient":""}},"ast-content-background-meta":{"desktop":{"background-color":"var(--ast-global-color-5)","background-image":"","background-repeat":"repeat","background-position":"center center","background-size":"auto","background-attachment":"scroll","background-type":"","background-media":"","overlay-type":"","overlay-color":"","overlay-opacity":"","overlay-gradient":""},"tablet":{"background-color":"var(--ast-global-color-5)","background-image":"","background-repeat":"repeat","background-position":"center center","background-size":"auto","background-attachment":"scroll","background-type":"","background-media":"","overlay-type":"","overlay-color":"","overlay-opacity":"","overlay-gradient":""},"mobile":{"background-color":"var(--ast-global-color-5)","background-image":"","background-repeat":"repeat","background-position":"center center","background-size":"auto","background-attachment":"scroll","background-type":"","background-media":"","overlay-type":"","overlay-color":"","overlay-opacity":"","overlay-gradient":""}},"footnotes":""},"class_list":["post-13223","page","type-page","status-publish","hentry"],"post_mailing_queue_ids":[],"_links":{"self":[{"href":"https:\/\/agora.xtec.cat\/ceip-pompeufabra-parets\/wp-json\/wp\/v2\/pages\/13223","targetHints":{"allow":["GET"]}}],"collection":[{"href":"https:\/\/agora.xtec.cat\/ceip-pompeufabra-parets\/wp-json\/wp\/v2\/pages"}],"about":[{"href":"https:\/\/agora.xtec.cat\/ceip-pompeufabra-parets\/wp-json\/wp\/v2\/types\/page"}],"author":[{"embeddable":true,"href":"https:\/\/agora.xtec.cat\/ceip-pompeufabra-parets\/wp-json\/wp\/v2\/users\/1"}],"replies":[{"embeddable":true,"href":"https:\/\/agora.xtec.cat\/ceip-pompeufabra-parets\/wp-json\/wp\/v2\/comments?post=13223"}],"version-history":[{"count":3,"href":"https:\/\/agora.xtec.cat\/ceip-pompeufabra-parets\/wp-json\/wp\/v2\/pages\/13223\/revisions"}],"predecessor-version":[{"id":13710,"href":"https:\/\/agora.xtec.cat\/ceip-pompeufabra-parets\/wp-json\/wp\/v2\/pages\/13223\/revisions\/13710"}],"up":[{"embeddable":true,"href":"https:\/\/agora.xtec.cat\/ceip-pompeufabra-parets\/wp-json\/wp\/v2\/pages\/13218"}],"wp:attachment":[{"href":"https:\/\/agora.xtec.cat\/ceip-pompeufabra-parets\/wp-json\/wp\/v2\/media?parent=13223"}],"curies":[{"name":"wp","href":"https:\/\/api.w.org\/{rel}","templated":true}]}}