{"id":13218,"date":"2022-03-14T11:01:41","date_gmt":"2022-03-14T10:01:41","guid":{"rendered":"https:\/\/agora.xtec.cat\/ceip-pompeufabra-parets\/?page_id=13218"},"modified":"2025-02-12T10:01:58","modified_gmt":"2025-02-12T09:01:58","slug":"portes-obertes-3","status":"publish","type":"page","link":"https:\/\/agora.xtec.cat\/ceip-pompeufabra-parets\/portes-obertes-3\/","title":{"rendered":"Portes obertes"},"content":{"rendered":"<h3>\ud83d\udcd1INFORMACI\u00d3 IMPORTANT<\/h3>\n<ul>\n<li>El nostre centre ofereix places des d&#8217;I3 fins a 6\u00e8.<\/li>\n<li>Els alumnes de 6\u00e8 estan adscrits als dos instituts de Parets.<\/li>\n<li>L\u2019escola ofereix horaris d\u2019<strong>atenci\u00f3 individualitzada<\/strong> per si necessiteu ajuda en el proc\u00e9s de preinscripci\u00f3. S\u2019ha de demanar cita pr\u00e8via telef\u00f2nicament.<\/li>\n<li>En els criteris prioritaris si el domicili pertany a Parets, cal marcar la opci\u00f3 <strong>ZONA EDUCATIVA.<\/strong><\/li>\n<li>La informaci\u00f3 dels serveis de <strong>menjador i extraescolars<\/strong>, la teniu publicada a la pestanya <a href=\"https:\/\/agora.xtec.cat\/ceip-pompeufabra-parets\/serveis\/\">&#8220;Serveis&#8221;.<\/a><\/li>\n<\/ul>\n<p>&nbsp;<\/p>\n<h3>\ud83d\udcd1Enlla\u00e7os preinscripci\u00f3 2025\/26<\/h3>\n<h5>La Preinscripci\u00f3 del curs 2025\/26 ser\u00e0 del 12 al 26 de mar\u00e7<\/h5>\n<div class=\"article-content\">\n<div id=\"ctl00_PlaceHolderMain_ctl05__ControlWrapper_RichHtmlField\" class=\"ms-rtestate-field\" aria-labelledby=\"ctl00_PlaceHolderMain_ctl05_label\">\n<p>&nbsp;<\/p>\n<ul>\n<li>Preinscripci\u00f3 a educaci\u00f3 infantil a trav\u00e9s d\u2019aquest\u00a0<strong><a href=\"https:\/\/preinscripcio.gencat.cat\/ca\/estudis\/infantil-3-6\/inici\/\" target=\"_blank\" rel=\"noopener\">enlla\u00e7<\/a><\/strong><\/li>\n<li>Preinscripci\u00f3 a educaci\u00f3 prim\u00e0ria a trav\u00e9s d\u2019aquest\u00a0<strong><a href=\"https:\/\/preinscripcio.gencat.cat\/ca\/estudis\/primaria\/inici\/\" target=\"_blank\" rel=\"noopener\">enlla\u00e7<\/a><\/strong><\/li>\n<\/ul>\n<p>&nbsp;<\/p>\n<\/div>\n<\/div>\n","protected":false},"excerpt":{"rendered":"<p>\ud83d\udcd1INFORMACI\u00d3 IMPORTANT El nostre centre ofereix places des d&#8217;I3 fins a 6\u00e8. Els alumnes de 6\u00e8 estan adscrits als dos instituts de Parets. L\u2019escola ofereix horaris d\u2019atenci\u00f3 individualitzada per si necessiteu ajuda en el proc\u00e9s de preinscripci\u00f3. S\u2019ha de demanar cita pr\u00e8via telef\u00f2nicament. En els criteris prioritaris si el domicili pertany a Parets, cal marcar [&hellip;]<\/p>\n","protected":false},"author":1,"featured_media":0,"parent":0,"menu_order":0,"comment_status":"closed","ping_status":"closed","template":"page-templates\/side-menu.php","meta":{"_bbp_topic_count":0,"_bbp_reply_count":0,"_bbp_total_topic_count":0,"_bbp_total_reply_count":0,"_bbp_voice_count":0,"_bbp_anonymous_reply_count":0,"_bbp_topic_count_hidden":0,"_bbp_reply_count_hidden":0,"_bbp_forum_subforum_count":0,"site-sidebar-layout":"default","site-content-layout":"","ast-site-content-layout":"","site-content-style":"default","site-sidebar-style":"default","ast-global-header-display":"","ast-banner-title-visibility":"","ast-main-header-display":"","ast-hfb-above-header-display":"","ast-hfb-below-header-display":"","ast-hfb-mobile-header-display":"","site-post-title":"","ast-breadcrumbs-content":"","ast-featured-img":"","footer-sml-layout":"","theme-transparent-header-meta":"","adv-header-id-meta":"","stick-header-meta":"","header-above-stick-meta":"","header-main-stick-meta":"","header-below-stick-meta":"","astra-migrate-meta-layouts":"default","ast-page-background-enabled":"default","ast-page-background-meta":{"desktop":{"background-color":"var(--ast-global-color-4)","background-image":"","background-repeat":"repeat","background-position":"center center","background-size":"auto","background-attachment":"scroll","background-type":"","background-media":"","overlay-type":"","overlay-color":"","overlay-opacity":"","overlay-gradient":""},"tablet":{"background-color":"","background-image":"","background-repeat":"repeat","background-position":"center center","background-size":"auto","background-attachment":"scroll","background-type":"","background-media":"","overlay-type":"","overlay-color":"","overlay-opacity":"","overlay-gradient":""},"mobile":{"background-color":"","background-image":"","background-repeat":"repeat","background-position":"center center","background-size":"auto","background-attachment":"scroll","background-type":"","background-media":"","overlay-type":"","overlay-color":"","overlay-opacity":"","overlay-gradient":""}},"ast-content-background-meta":{"desktop":{"background-color":"var(--ast-global-color-5)","background-image":"","background-repeat":"repeat","background-position":"center center","background-size":"auto","background-attachment":"scroll","background-type":"","background-media":"","overlay-type":"","overlay-color":"","overlay-opacity":"","overlay-gradient":""},"tablet":{"background-color":"var(--ast-global-color-5)","background-image":"","background-repeat":"repeat","background-position":"center center","background-size":"auto","background-attachment":"scroll","background-type":"","background-media":"","overlay-type":"","overlay-color":"","overlay-opacity":"","overlay-gradient":""},"mobile":{"background-color":"var(--ast-global-color-5)","background-image":"","background-repeat":"repeat","background-position":"center center","background-size":"auto","background-attachment":"scroll","background-type":"","background-media":"","overlay-type":"","overlay-color":"","overlay-opacity":"","overlay-gradient":""}},"footnotes":""},"class_list":["post-13218","page","type-page","status-publish","hentry"],"post_mailing_queue_ids":[],"_links":{"self":[{"href":"https:\/\/agora.xtec.cat\/ceip-pompeufabra-parets\/wp-json\/wp\/v2\/pages\/13218","targetHints":{"allow":["GET"]}}],"collection":[{"href":"https:\/\/agora.xtec.cat\/ceip-pompeufabra-parets\/wp-json\/wp\/v2\/pages"}],"about":[{"href":"https:\/\/agora.xtec.cat\/ceip-pompeufabra-parets\/wp-json\/wp\/v2\/types\/page"}],"author":[{"embeddable":true,"href":"https:\/\/agora.xtec.cat\/ceip-pompeufabra-parets\/wp-json\/wp\/v2\/users\/1"}],"replies":[{"embeddable":true,"href":"https:\/\/agora.xtec.cat\/ceip-pompeufabra-parets\/wp-json\/wp\/v2\/comments?post=13218"}],"version-history":[{"count":5,"href":"https:\/\/agora.xtec.cat\/ceip-pompeufabra-parets\/wp-json\/wp\/v2\/pages\/13218\/revisions"}],"predecessor-version":[{"id":14582,"href":"https:\/\/agora.xtec.cat\/ceip-pompeufabra-parets\/wp-json\/wp\/v2\/pages\/13218\/revisions\/14582"}],"wp:attachment":[{"href":"https:\/\/agora.xtec.cat\/ceip-pompeufabra-parets\/wp-json\/wp\/v2\/media?parent=13218"}],"curies":[{"name":"wp","href":"https:\/\/api.w.org\/{rel}","templated":true}]}}