{"id":12986,"date":"2022-01-17T16:59:58","date_gmt":"2022-01-17T15:59:58","guid":{"rendered":"https:\/\/agora.xtec.cat\/ceip-pompeufabra-parets\/?page_id=12986"},"modified":"2022-01-17T17:13:26","modified_gmt":"2022-01-17T16:13:26","slug":"english-day","status":"publish","type":"page","link":"https:\/\/agora.xtec.cat\/ceip-pompeufabra-parets\/projectes\/projectes-en-llengua-anglesa\/english-day\/","title":{"rendered":"English day"},"content":{"rendered":"<p>Els alumnes de 2n curs estan participant en un Projecte d&#8217;Angl\u00e8s amb alumnes d&#8217;altres escoles de la zona del Vall\u00e8s Oriental que es diu English Day. Aquest any ens ha tocat l&#8217;escola El Bosc de Mollet del Vall\u00e8s. Aquest projecte t\u00e9 com a objectiu fer intercanvis en angl\u00e8s de manera real o virtual i, com a cloenda, s&#8217;ajunten les dues escoles en una d&#8217;elles i passen una jornada jugant i fent diferents activitats en angl\u00e8s. Degut a la pand\u00e8mia, els intercanvis s&#8217;estan fent preferiblement de manera virtual a l&#8217;igual que la cloenda.<\/p>\n<div>Aqu\u00ed teniu una foto de com es van connectar els alumnes de P5 del curs passat amb els seus\u00a0<i>partners\u00a0<\/i>del Pau Vila:<\/div>\n<div><\/div>\n<div><\/div>\n<div><a href=\"https:\/\/agora.xtec.cat\/ceip-pompeufabra-parets\/wp-content\/uploads\/usu1289\/2022\/01\/Virtual-English-Day-2020-2021-1-scaled.jpg\"><img loading=\"lazy\" decoding=\"async\" class=\"aligncenter  wp-image-12994\" src=\"https:\/\/agora.xtec.cat\/ceip-pompeufabra-parets\/wp-content\/uploads\/usu1289\/2022\/01\/Virtual-English-Day-2020-2021-1-1024x768.jpg\" alt=\"\" width=\"735\" height=\"552\" srcset=\"https:\/\/agora.xtec.cat\/ceip-pompeufabra-parets\/wp-content\/uploads\/usu1289\/2022\/01\/Virtual-English-Day-2020-2021-1-1024x768.jpg 1024w, https:\/\/agora.xtec.cat\/ceip-pompeufabra-parets\/wp-content\/uploads\/usu1289\/2022\/01\/Virtual-English-Day-2020-2021-1-300x225.jpg 300w, https:\/\/agora.xtec.cat\/ceip-pompeufabra-parets\/wp-content\/uploads\/usu1289\/2022\/01\/Virtual-English-Day-2020-2021-1-768x576.jpg 768w, https:\/\/agora.xtec.cat\/ceip-pompeufabra-parets\/wp-content\/uploads\/usu1289\/2022\/01\/Virtual-English-Day-2020-2021-1-1536x1152.jpg 1536w, https:\/\/agora.xtec.cat\/ceip-pompeufabra-parets\/wp-content\/uploads\/usu1289\/2022\/01\/Virtual-English-Day-2020-2021-1-2048x1536.jpg 2048w, https:\/\/agora.xtec.cat\/ceip-pompeufabra-parets\/wp-content\/uploads\/usu1289\/2022\/01\/Virtual-English-Day-2020-2021-1-200x150.jpg 200w\" sizes=\"auto, (max-width: 735px) 100vw, 735px\" \/><\/a><\/div>\n<div>\n<div>I un petit v\u00eddeo de presentaci\u00f3 de la nostra escola per a compartir amb els alumnes de El Bosc.<\/div>\n<div><\/div>\n<\/div>\n<div><\/div>\n<div><\/div>\n<div><\/div>\n","protected":false},"excerpt":{"rendered":"<p>Els alumnes de 2n curs estan participant en un Projecte d&#8217;Angl\u00e8s amb alumnes d&#8217;altres escoles de la zona del Vall\u00e8s Oriental que es diu English Day. Aquest any ens ha tocat l&#8217;escola El Bosc de Mollet del Vall\u00e8s. Aquest projecte t\u00e9 com a objectiu fer intercanvis en angl\u00e8s de manera real o virtual i, com [&hellip;]<\/p>\n","protected":false},"author":1,"featured_media":0,"parent":12923,"menu_order":0,"comment_status":"closed","ping_status":"closed","template":"page-templates\/side-menu.php","meta":{"_bbp_topic_count":0,"_bbp_reply_count":0,"_bbp_total_topic_count":0,"_bbp_total_reply_count":0,"_bbp_voice_count":0,"_bbp_anonymous_reply_count":0,"_bbp_topic_count_hidden":0,"_bbp_reply_count_hidden":0,"_bbp_forum_subforum_count":0,"site-sidebar-layout":"default","site-content-layout":"","ast-site-content-layout":"","site-content-style":"default","site-sidebar-style":"default","ast-global-header-display":"","ast-banner-title-visibility":"","ast-main-header-display":"","ast-hfb-above-header-display":"","ast-hfb-below-header-display":"","ast-hfb-mobile-header-display":"","site-post-title":"","ast-breadcrumbs-content":"","ast-featured-img":"","footer-sml-layout":"","theme-transparent-header-meta":"","adv-header-id-meta":"","stick-header-meta":"","header-above-stick-meta":"","header-main-stick-meta":"","header-below-stick-meta":"","astra-migrate-meta-layouts":"default","ast-page-background-enabled":"default","ast-page-background-meta":{"desktop":{"background-color":"var(--ast-global-color-4)","background-image":"","background-repeat":"repeat","background-position":"center center","background-size":"auto","background-attachment":"scroll","background-type":"","background-media":"","overlay-type":"","overlay-color":"","overlay-opacity":"","overlay-gradient":""},"tablet":{"background-color":"","background-image":"","background-repeat":"repeat","background-position":"center center","background-size":"auto","background-attachment":"scroll","background-type":"","background-media":"","overlay-type":"","overlay-color":"","overlay-opacity":"","overlay-gradient":""},"mobile":{"background-color":"","background-image":"","background-repeat":"repeat","background-position":"center center","background-size":"auto","background-attachment":"scroll","background-type":"","background-media":"","overlay-type":"","overlay-color":"","overlay-opacity":"","overlay-gradient":""}},"ast-content-background-meta":{"desktop":{"background-color":"var(--ast-global-color-5)","background-image":"","background-repeat":"repeat","background-position":"center center","background-size":"auto","background-attachment":"scroll","background-type":"","background-media":"","overlay-type":"","overlay-color":"","overlay-opacity":"","overlay-gradient":""},"tablet":{"background-color":"var(--ast-global-color-5)","background-image":"","background-repeat":"repeat","background-position":"center center","background-size":"auto","background-attachment":"scroll","background-type":"","background-media":"","overlay-type":"","overlay-color":"","overlay-opacity":"","overlay-gradient":""},"mobile":{"background-color":"var(--ast-global-color-5)","background-image":"","background-repeat":"repeat","background-position":"center center","background-size":"auto","background-attachment":"scroll","background-type":"","background-media":"","overlay-type":"","overlay-color":"","overlay-opacity":"","overlay-gradient":""}},"footnotes":""},"class_list":["post-12986","page","type-page","status-publish","hentry"],"post_mailing_queue_ids":[],"_links":{"self":[{"href":"https:\/\/agora.xtec.cat\/ceip-pompeufabra-parets\/wp-json\/wp\/v2\/pages\/12986","targetHints":{"allow":["GET"]}}],"collection":[{"href":"https:\/\/agora.xtec.cat\/ceip-pompeufabra-parets\/wp-json\/wp\/v2\/pages"}],"about":[{"href":"https:\/\/agora.xtec.cat\/ceip-pompeufabra-parets\/wp-json\/wp\/v2\/types\/page"}],"author":[{"embeddable":true,"href":"https:\/\/agora.xtec.cat\/ceip-pompeufabra-parets\/wp-json\/wp\/v2\/users\/1"}],"replies":[{"embeddable":true,"href":"https:\/\/agora.xtec.cat\/ceip-pompeufabra-parets\/wp-json\/wp\/v2\/comments?post=12986"}],"version-history":[{"count":4,"href":"https:\/\/agora.xtec.cat\/ceip-pompeufabra-parets\/wp-json\/wp\/v2\/pages\/12986\/revisions"}],"predecessor-version":[{"id":12996,"href":"https:\/\/agora.xtec.cat\/ceip-pompeufabra-parets\/wp-json\/wp\/v2\/pages\/12986\/revisions\/12996"}],"up":[{"embeddable":true,"href":"https:\/\/agora.xtec.cat\/ceip-pompeufabra-parets\/wp-json\/wp\/v2\/pages\/12923"}],"wp:attachment":[{"href":"https:\/\/agora.xtec.cat\/ceip-pompeufabra-parets\/wp-json\/wp\/v2\/media?parent=12986"}],"curies":[{"name":"wp","href":"https:\/\/api.w.org\/{rel}","templated":true}]}}