{"id":12943,"date":"2022-01-17T09:26:13","date_gmt":"2022-01-17T08:26:13","guid":{"rendered":"https:\/\/agora.xtec.cat\/ceip-pompeufabra-parets\/?page_id=12943"},"modified":"2022-01-26T21:44:32","modified_gmt":"2022-01-26T20:44:32","slug":"projecte-patis","status":"publish","type":"page","link":"https:\/\/agora.xtec.cat\/ceip-pompeufabra-parets\/projectes\/projecte-patis\/","title":{"rendered":"Projecte patis"},"content":{"rendered":"<div class=\"et_pb_row et_pb_row_0\">\n<div class=\"et_pb_column et_pb_column_4_4 et_pb_column_0 et_pb_css_mix_blend_mode_passthrough et-last-child\">\n<div class=\"et_pb_module et_pb_text et_pb_text_0 et_pb_text_align_left et_pb_bg_layout_light\">\n<div class=\"et_pb_text_inner\">\n<p class=\"western\" lang=\"ca-ES\" align=\"justify\">Durant el curs 2020\/21 la nostra escola s&#8217;ha endinsat en el projecte de transformaci\u00f3 i millora de patis amb col\u00b7laboraci\u00f3 amb l&#8217;ajuntament de Parets i tota la comunitat educativa del Pompeu (alumnes, mestres i fam\u00edlies). <strong>El pati \u00e9s el principal espai de joc i moviment que tenen els infants durant la jornada escolar<\/strong>, a part de que tamb\u00e9 s\u2019hi desenvolupen bona part de les interaccions socials entre iguals i els descobriments aut\u00f2noms.\u00a0 El pati, esdev\u00e9 un\u00a0<b>espai plenament educatiu\u00a0<\/b>on es donen un tipus de jocs i relacions pr\u00f2pies i diferents de la resta d\u2019espais de l\u2019escola. \u00c9s el lloc on les din\u00e0miques de grup s\u00f3n plenament vives. Creiem que els espais d\u2019esbarjo han de ser un reflex del projecte educatiu fent que siguin espais que promoguin tamb\u00e9 l\u2019<b>acc\u00e9s a la cultura, s\u2019hi fomentin valors i proporcionin experi\u00e8ncies generadores d\u2019aprenentatge<\/b>.<\/p>\n<p class=\"western\" lang=\"ca-ES\" align=\"justify\">Per aix\u00f2, \u00e9s important tenir en compte l\u2019estructura, el disseny i els elements del pati per afavorir el joc i els aprenentatges, incorporar una mirada amb perspectiva de g\u00e8nere i oferir les mateixes oportunitats de joc i exploraci\u00f3 a totes les nenes i els nens.<\/p>\n<p class=\"western\" lang=\"ca-ES\" align=\"justify\"><span style=\"font-size: 1.6875em; font-weight: bold;\">UN PROJECTE COMPARTIT<\/span><\/p>\n<\/div>\n<\/div>\n<\/div>\n<\/div>\n<div class=\"et_pb_row et_pb_row_1\">\n<div class=\"et_pb_column et_pb_column_4_4 et_pb_column_1 et_pb_css_mix_blend_mode_passthrough et-last-child\">\n<div class=\"et_pb_module et_pb_text et_pb_text_1 et_pb_text_align_left et_pb_bg_layout_light\">\n<div class=\"et_pb_text_inner\">\n<p class=\"western\" lang=\"ca-ES\" align=\"justify\">Ens aquest projecte ens ha acompanyat i assessorat un arquitecte (en Xavi Rodr\u00edguez) i, a m\u00e9s, hem comptat amb la col\u00b7laboraci\u00f3 de l&#8217;AFA per tirar endavant aquest projecte compartit i participatiu en totes les fases del proc\u00e9s de transformaci\u00f3 del pati.<\/p>\n<p class=\"western\" lang=\"ca-ES\" align=\"justify\">A m\u00e9s, un dels reptes m\u00e9s importants d\u2019aquest projecte ha sigut <strong>incloure els infants en tot el proc\u00e9s<\/strong>: en la pluja d\u2019idees per a les noves propostes, en la ubicaci\u00f3 dels nous espais observant els seus racons preferits i en la construcci\u00f3 d\u2019aquests buscant tasques on puguin participar amb seguretat.<\/p>\n<p lang=\"ca-ES\" align=\"justify\">A continuaci\u00f3 us compartim el disseny dels dos patis i us anirem compartint algunes fotografies del proc\u00e9s:<\/p>\n<ol>\n<li lang=\"ca-ES\"><a href=\"https:\/\/www.dropbox.com\/s\/nz7iwta61ozdasr\/Disseny%20patis.pdf?dl=0\">Informe inicial (observaci\u00f3 i proposta de disseny)<\/a><\/li>\n<li lang=\"ca-ES\">Imatges amb el disseny dels patis<\/li>\n<\/ol>\n<p><a href=\"https:\/\/agora.xtec.cat\/ceip-pompeufabra-parets\/wp-content\/uploads\/usu1289\/2022\/01\/Planol-pompeu-infantil1.jpg\"><img loading=\"lazy\" decoding=\"async\" class=\"aligncenter size-large wp-image-12973\" src=\"https:\/\/agora.xtec.cat\/ceip-pompeufabra-parets\/wp-content\/uploads\/usu1289\/2022\/01\/Planol-pompeu-infantil1-1024x724.jpg\" alt=\"\" width=\"1024\" height=\"724\" srcset=\"https:\/\/agora.xtec.cat\/ceip-pompeufabra-parets\/wp-content\/uploads\/usu1289\/2022\/01\/Planol-pompeu-infantil1-1024x724.jpg 1024w, https:\/\/agora.xtec.cat\/ceip-pompeufabra-parets\/wp-content\/uploads\/usu1289\/2022\/01\/Planol-pompeu-infantil1-300x212.jpg 300w, https:\/\/agora.xtec.cat\/ceip-pompeufabra-parets\/wp-content\/uploads\/usu1289\/2022\/01\/Planol-pompeu-infantil1-768x543.jpg 768w, https:\/\/agora.xtec.cat\/ceip-pompeufabra-parets\/wp-content\/uploads\/usu1289\/2022\/01\/Planol-pompeu-infantil1-1536x1086.jpg 1536w, https:\/\/agora.xtec.cat\/ceip-pompeufabra-parets\/wp-content\/uploads\/usu1289\/2022\/01\/Planol-pompeu-infantil1-2048x1448.jpg 2048w\" sizes=\"auto, (max-width: 1024px) 100vw, 1024px\" \/><\/a> <a href=\"https:\/\/agora.xtec.cat\/ceip-pompeufabra-parets\/wp-content\/uploads\/usu1289\/2022\/01\/Planol-pompeu-primaria-.jpg\"><img loading=\"lazy\" decoding=\"async\" class=\"aligncenter size-large wp-image-12974\" src=\"https:\/\/agora.xtec.cat\/ceip-pompeufabra-parets\/wp-content\/uploads\/usu1289\/2022\/01\/Planol-pompeu-primaria--1024x724.jpg\" alt=\"\" width=\"1024\" height=\"724\" srcset=\"https:\/\/agora.xtec.cat\/ceip-pompeufabra-parets\/wp-content\/uploads\/usu1289\/2022\/01\/Planol-pompeu-primaria--1024x724.jpg 1024w, https:\/\/agora.xtec.cat\/ceip-pompeufabra-parets\/wp-content\/uploads\/usu1289\/2022\/01\/Planol-pompeu-primaria--300x212.jpg 300w, https:\/\/agora.xtec.cat\/ceip-pompeufabra-parets\/wp-content\/uploads\/usu1289\/2022\/01\/Planol-pompeu-primaria--768x543.jpg 768w, https:\/\/agora.xtec.cat\/ceip-pompeufabra-parets\/wp-content\/uploads\/usu1289\/2022\/01\/Planol-pompeu-primaria--1536x1086.jpg 1536w, https:\/\/agora.xtec.cat\/ceip-pompeufabra-parets\/wp-content\/uploads\/usu1289\/2022\/01\/Planol-pompeu-primaria--2048x1448.jpg 2048w\" sizes=\"auto, (max-width: 1024px) 100vw, 1024px\" \/><\/a><\/p>\n<p>3. <a href=\"https:\/\/www.dropbox.com\/s\/70qactmj8kcuwpa\/Inversions%202021-2022%20Projecte%20remodelaci%C3%B3%20patis%20i%20espais.mp4?dl=0\">Presentaci\u00f3 projecte (Fases del projecte i primeres invesions)<\/a><\/p>\n<div style=\"width: 1920px;\" class=\"wp-video\"><!--[if lt IE 9]><script>document.createElement('video');<\/script><![endif]-->\n<video class=\"wp-video-shortcode\" id=\"video-12943-1\" width=\"1920\" height=\"1080\" preload=\"metadata\" controls=\"controls\"><source type=\"video\/mp4\" src=\"https:\/\/agora.xtec.cat\/ceip-pompeufabra-parets\/wp-content\/uploads\/usu1289\/2022\/01\/Inversions-2021-2022-Projecte-remodelacio-patis-i-espais-1.mp4?_=1\" \/><a href=\"https:\/\/agora.xtec.cat\/ceip-pompeufabra-parets\/wp-content\/uploads\/usu1289\/2022\/01\/Inversions-2021-2022-Projecte-remodelacio-patis-i-espais-1.mp4\">https:\/\/agora.xtec.cat\/ceip-pompeufabra-parets\/wp-content\/uploads\/usu1289\/2022\/01\/Inversions-2021-2022-Projecte-remodelacio-patis-i-espais-1.mp4<\/a><\/video><\/div>\n<\/div>\n<\/div>\n<\/div>\n<\/div>\n","protected":false},"excerpt":{"rendered":"<p>Durant el curs 2020\/21 la nostra escola s&#8217;ha endinsat en el projecte de transformaci\u00f3 i millora de patis amb col\u00b7laboraci\u00f3 amb l&#8217;ajuntament de Parets i tota la comunitat educativa del Pompeu (alumnes, mestres i fam\u00edlies). El pati \u00e9s el principal espai de joc i moviment que tenen els infants durant la jornada escolar, a part [&hellip;]<\/p>\n","protected":false},"author":1,"featured_media":0,"parent":11377,"menu_order":0,"comment_status":"closed","ping_status":"closed","template":"page-templates\/side-menu.php","meta":{"_bbp_topic_count":0,"_bbp_reply_count":0,"_bbp_total_topic_count":0,"_bbp_total_reply_count":0,"_bbp_voice_count":0,"_bbp_anonymous_reply_count":0,"_bbp_topic_count_hidden":0,"_bbp_reply_count_hidden":0,"_bbp_forum_subforum_count":0,"site-sidebar-layout":"default","site-content-layout":"","ast-site-content-layout":"","site-content-style":"default","site-sidebar-style":"default","ast-global-header-display":"","ast-banner-title-visibility":"","ast-main-header-display":"","ast-hfb-above-header-display":"","ast-hfb-below-header-display":"","ast-hfb-mobile-header-display":"","site-post-title":"","ast-breadcrumbs-content":"","ast-featured-img":"","footer-sml-layout":"","theme-transparent-header-meta":"","adv-header-id-meta":"","stick-header-meta":"","header-above-stick-meta":"","header-main-stick-meta":"","header-below-stick-meta":"","astra-migrate-meta-layouts":"default","ast-page-background-enabled":"default","ast-page-background-meta":{"desktop":{"background-color":"var(--ast-global-color-4)","background-image":"","background-repeat":"repeat","background-position":"center center","background-size":"auto","background-attachment":"scroll","background-type":"","background-media":"","overlay-type":"","overlay-color":"","overlay-opacity":"","overlay-gradient":""},"tablet":{"background-color":"","background-image":"","background-repeat":"repeat","background-position":"center center","background-size":"auto","background-attachment":"scroll","background-type":"","background-media":"","overlay-type":"","overlay-color":"","overlay-opacity":"","overlay-gradient":""},"mobile":{"background-color":"","background-image":"","background-repeat":"repeat","background-position":"center center","background-size":"auto","background-attachment":"scroll","background-type":"","background-media":"","overlay-type":"","overlay-color":"","overlay-opacity":"","overlay-gradient":""}},"ast-content-background-meta":{"desktop":{"background-color":"var(--ast-global-color-5)","background-image":"","background-repeat":"repeat","background-position":"center center","background-size":"auto","background-attachment":"scroll","background-type":"","background-media":"","overlay-type":"","overlay-color":"","overlay-opacity":"","overlay-gradient":""},"tablet":{"background-color":"var(--ast-global-color-5)","background-image":"","background-repeat":"repeat","background-position":"center center","background-size":"auto","background-attachment":"scroll","background-type":"","background-media":"","overlay-type":"","overlay-color":"","overlay-opacity":"","overlay-gradient":""},"mobile":{"background-color":"var(--ast-global-color-5)","background-image":"","background-repeat":"repeat","background-position":"center center","background-size":"auto","background-attachment":"scroll","background-type":"","background-media":"","overlay-type":"","overlay-color":"","overlay-opacity":"","overlay-gradient":""}},"footnotes":""},"class_list":["post-12943","page","type-page","status-publish","hentry"],"post_mailing_queue_ids":[],"_links":{"self":[{"href":"https:\/\/agora.xtec.cat\/ceip-pompeufabra-parets\/wp-json\/wp\/v2\/pages\/12943","targetHints":{"allow":["GET"]}}],"collection":[{"href":"https:\/\/agora.xtec.cat\/ceip-pompeufabra-parets\/wp-json\/wp\/v2\/pages"}],"about":[{"href":"https:\/\/agora.xtec.cat\/ceip-pompeufabra-parets\/wp-json\/wp\/v2\/types\/page"}],"author":[{"embeddable":true,"href":"https:\/\/agora.xtec.cat\/ceip-pompeufabra-parets\/wp-json\/wp\/v2\/users\/1"}],"replies":[{"embeddable":true,"href":"https:\/\/agora.xtec.cat\/ceip-pompeufabra-parets\/wp-json\/wp\/v2\/comments?post=12943"}],"version-history":[{"count":4,"href":"https:\/\/agora.xtec.cat\/ceip-pompeufabra-parets\/wp-json\/wp\/v2\/pages\/12943\/revisions"}],"predecessor-version":[{"id":13064,"href":"https:\/\/agora.xtec.cat\/ceip-pompeufabra-parets\/wp-json\/wp\/v2\/pages\/12943\/revisions\/13064"}],"up":[{"embeddable":true,"href":"https:\/\/agora.xtec.cat\/ceip-pompeufabra-parets\/wp-json\/wp\/v2\/pages\/11377"}],"wp:attachment":[{"href":"https:\/\/agora.xtec.cat\/ceip-pompeufabra-parets\/wp-json\/wp\/v2\/media?parent=12943"}],"curies":[{"name":"wp","href":"https:\/\/api.w.org\/{rel}","templated":true}]}}