{"id":12927,"date":"2022-01-17T09:20:29","date_gmt":"2022-01-17T08:20:29","guid":{"rendered":"https:\/\/agora.xtec.cat\/ceip-pompeufabra-parets\/?page_id=12927"},"modified":"2022-01-17T10:01:29","modified_gmt":"2022-01-17T09:01:29","slug":"canta-parets","status":"publish","type":"page","link":"https:\/\/agora.xtec.cat\/ceip-pompeufabra-parets\/projectes\/projectes-musicals\/canta-parets\/","title":{"rendered":"Canta Parets"},"content":{"rendered":"<p><iframe loading=\"lazy\" src=\"https:\/\/www.youtube.com\/embed\/oiPomyWflso\" width=\"660\" height=\"415\" frameborder=\"0\" data-mce-fragment=\"1\"><\/iframe><br \/>\nCanta Parets! \u00e9s un projecte iniciat l\u2019any 2015 en el qual l\u2019Escola Municipal de M\u00fasica de Parets del Vall\u00e8s proposa i coordina una gran cantata amb la integraci\u00f3 i participaci\u00f3 de totes les escoles d\u2019infantil i prim\u00e0ria del municipi.<\/p>\n<p>Es tracta d\u2019un projecte de poble en el qual es vol donar valor a la participaci\u00f3 col\u00b7lectiva i alhora fomentar el gaudir de la m\u00fasica a trav\u00e9s del cant.<\/p>\n<p>Els nens i les nenes de P-5 dels col\u00b7legis de Parets participen cantant, i l\u2019Escola Municipal de M\u00fasica aporta la direcci\u00f3 i la coordinaci\u00f3 del projecte, aix\u00ed com la m\u00fasica en directe a c\u00e0rrec dels professors i les professores del centre.<\/p>\n<p>L\u2019Escola Municipal de M\u00fasica vol agrair a tot el professorat dels col\u00b7legis de Parets. En aquesta edici\u00f3 han participat:<\/p>\n<ul>\n<li><strong>Escola Pompeu Fabra.<\/strong><\/li>\n<li>Escola ACESCO.<\/li>\n<li>Escola Llu\u00eds Piquer.<\/li>\n<li>Escola Nostra Senyora de Montserrat.<\/li>\n<li>Escola Municipal Pau Vila.<\/li>\n<li>Escola Vila Parietes.<\/li>\n<\/ul>\n","protected":false},"excerpt":{"rendered":"<p>Canta Parets! \u00e9s un projecte iniciat l\u2019any 2015 en el qual l\u2019Escola Municipal de M\u00fasica de Parets del Vall\u00e8s proposa i coordina una gran cantata amb la integraci\u00f3 i participaci\u00f3 de totes les escoles d\u2019infantil i prim\u00e0ria del municipi. Es tracta d\u2019un projecte de poble en el qual es vol donar valor a la participaci\u00f3 [&hellip;]<\/p>\n","protected":false},"author":1,"featured_media":0,"parent":12922,"menu_order":0,"comment_status":"closed","ping_status":"closed","template":"page-templates\/side-menu.php","meta":{"_bbp_topic_count":0,"_bbp_reply_count":0,"_bbp_total_topic_count":0,"_bbp_total_reply_count":0,"_bbp_voice_count":0,"_bbp_anonymous_reply_count":0,"_bbp_topic_count_hidden":0,"_bbp_reply_count_hidden":0,"_bbp_forum_subforum_count":0,"site-sidebar-layout":"default","site-content-layout":"","ast-site-content-layout":"","site-content-style":"default","site-sidebar-style":"default","ast-global-header-display":"","ast-banner-title-visibility":"","ast-main-header-display":"","ast-hfb-above-header-display":"","ast-hfb-below-header-display":"","ast-hfb-mobile-header-display":"","site-post-title":"","ast-breadcrumbs-content":"","ast-featured-img":"","footer-sml-layout":"","theme-transparent-header-meta":"","adv-header-id-meta":"","stick-header-meta":"","header-above-stick-meta":"","header-main-stick-meta":"","header-below-stick-meta":"","astra-migrate-meta-layouts":"default","ast-page-background-enabled":"default","ast-page-background-meta":{"desktop":{"background-color":"var(--ast-global-color-4)","background-image":"","background-repeat":"repeat","background-position":"center center","background-size":"auto","background-attachment":"scroll","background-type":"","background-media":"","overlay-type":"","overlay-color":"","overlay-opacity":"","overlay-gradient":""},"tablet":{"background-color":"","background-image":"","background-repeat":"repeat","background-position":"center center","background-size":"auto","background-attachment":"scroll","background-type":"","background-media":"","overlay-type":"","overlay-color":"","overlay-opacity":"","overlay-gradient":""},"mobile":{"background-color":"","background-image":"","background-repeat":"repeat","background-position":"center center","background-size":"auto","background-attachment":"scroll","background-type":"","background-media":"","overlay-type":"","overlay-color":"","overlay-opacity":"","overlay-gradient":""}},"ast-content-background-meta":{"desktop":{"background-color":"var(--ast-global-color-5)","background-image":"","background-repeat":"repeat","background-position":"center center","background-size":"auto","background-attachment":"scroll","background-type":"","background-media":"","overlay-type":"","overlay-color":"","overlay-opacity":"","overlay-gradient":""},"tablet":{"background-color":"var(--ast-global-color-5)","background-image":"","background-repeat":"repeat","background-position":"center center","background-size":"auto","background-attachment":"scroll","background-type":"","background-media":"","overlay-type":"","overlay-color":"","overlay-opacity":"","overlay-gradient":""},"mobile":{"background-color":"var(--ast-global-color-5)","background-image":"","background-repeat":"repeat","background-position":"center center","background-size":"auto","background-attachment":"scroll","background-type":"","background-media":"","overlay-type":"","overlay-color":"","overlay-opacity":"","overlay-gradient":""}},"footnotes":""},"class_list":["post-12927","page","type-page","status-publish","hentry"],"post_mailing_queue_ids":[],"_links":{"self":[{"href":"https:\/\/agora.xtec.cat\/ceip-pompeufabra-parets\/wp-json\/wp\/v2\/pages\/12927","targetHints":{"allow":["GET"]}}],"collection":[{"href":"https:\/\/agora.xtec.cat\/ceip-pompeufabra-parets\/wp-json\/wp\/v2\/pages"}],"about":[{"href":"https:\/\/agora.xtec.cat\/ceip-pompeufabra-parets\/wp-json\/wp\/v2\/types\/page"}],"author":[{"embeddable":true,"href":"https:\/\/agora.xtec.cat\/ceip-pompeufabra-parets\/wp-json\/wp\/v2\/users\/1"}],"replies":[{"embeddable":true,"href":"https:\/\/agora.xtec.cat\/ceip-pompeufabra-parets\/wp-json\/wp\/v2\/comments?post=12927"}],"version-history":[{"count":2,"href":"https:\/\/agora.xtec.cat\/ceip-pompeufabra-parets\/wp-json\/wp\/v2\/pages\/12927\/revisions"}],"predecessor-version":[{"id":12960,"href":"https:\/\/agora.xtec.cat\/ceip-pompeufabra-parets\/wp-json\/wp\/v2\/pages\/12927\/revisions\/12960"}],"up":[{"embeddable":true,"href":"https:\/\/agora.xtec.cat\/ceip-pompeufabra-parets\/wp-json\/wp\/v2\/pages\/12922"}],"wp:attachment":[{"href":"https:\/\/agora.xtec.cat\/ceip-pompeufabra-parets\/wp-json\/wp\/v2\/media?parent=12927"}],"curies":[{"name":"wp","href":"https:\/\/api.w.org\/{rel}","templated":true}]}}