{"id":12926,"date":"2022-01-17T09:20:29","date_gmt":"2022-01-17T08:20:29","guid":{"rendered":"https:\/\/agora.xtec.cat\/ceip-pompeufabra-parets\/?page_id=12926"},"modified":"2022-01-17T10:04:21","modified_gmt":"2022-01-17T09:04:21","slug":"cantania","status":"publish","type":"page","link":"https:\/\/agora.xtec.cat\/ceip-pompeufabra-parets\/projectes\/projectes-musicals\/cantania\/","title":{"rendered":"Cant\u00e0nia"},"content":{"rendered":"<h3>Cant\u00e0nia, un projecte comarcal \u00fanic amb m\u00e9s de 4.000 nens i nenes participants<\/h3>\n<p><iframe loading=\"lazy\" src=\"https:\/\/www.youtube.com\/embed\/USIV8UnHrNs\" width=\"640\" height=\"390\" frameborder=\"0\" data-mce-fragment=\"1\"><\/iframe><\/p>\n<p>Cant\u00e0nia \u00e9s una\u00a0activitat participativa\u00a0en la que s\u2019inscriuen escolars de cicle mitj\u00e0 i superior de prim\u00e0ria de tot Catalunya. Cada any s\u2019estrena una obra encarregada especialment per a aquesta activitat. Els enc\u00e0rrecs, fins a dia d\u2019avui, s\u2019han fet a\u00a0<a href=\"http:\/\/auditoricantania.blogspot.com\/p\/historic.html\" target=\"_blank\" rel=\"noopener\">compositors i escriptors catalans de reconegut prestigi<\/a>. Al Vall\u00e8s Oriental, el projecte est\u00e0 impulsat\u00a0des dels seus inicis per\u00a0l\u2019Associaci\u00f3 Cultural de Granollers i el Teatre Auditori de Granollers amb la participaci\u00f3 de m\u00e9s de 90 escoles de la comarc i uns 4.000 nens i nenes participants.<\/p>\n<h3>El projecte<\/h3>\n<p>El curs 1989 \u2013 1990 va n\u00e9ixer Cant\u00e0nia a partir de la voluntat de les mestres de m\u00fasica de les 9 escoles municipals de Barcelona de fer alguna activitat conjunta. L\u2019any 1997 es van afegir totes les escoles de la ciutat. L\u2019\u00e8xit va ser tal, que l\u2019any 2002 va comen\u00e7ar a implantar-se a d\u2019altres ciutats de Catalunya per a, l\u2019any 2005, comen\u00e7ar a cr\u00e9ixer arreu del m\u00f3n.<\/p>\n<p>Durant tot el curs escolar es treballa el projecte per organitzar un acte per als alumnes que, per les caracter\u00edstiques globals pensades exclusivament per a ells, per la qualitat i per la implicaci\u00f3 personal i col\u00b7lectiva en l\u2019acte, es converteixi en una viv\u00e8ncia musical inoblidable per a tots.<\/p>\n<p>Fins a dia d\u2019avui, Cant\u00e0nia s\u2019ha realitzat a m\u00e9s de 20 ciutats de 6 pa\u00efsos tant europeus com americans. A Espanya: Argentona, El Vendrell, Figueres, Girona, Granollers, Manresa, Matar\u00f3, Olot, Parla, Reus, Salamanca, Sant Cugat del Vall\u00e8s, Saragossa, Sevilla, Valladolid, Vic i Vilafranca del Pened\u00e8s. A Alemanya: Mainz, Bremen, Biefeld, Neustadt i Koblenz. A B\u00e8lgica: Brussel\u00b7les. A Vene\u00e7uela: Caracas. A It\u00e0lia: Alexandria. I a M\u00e8xic. Les xifres anuals s\u00f3n espectaculars! Al llarg d\u2019un curs escolar passen pels escenaris de totes les ciutats participants aproximadament 45.000 nens, 900 mestres de m\u00fasica de m\u00e9s de 980 escoles i 90.000 espectadors.<\/p>\n<p>Cant\u00e0nia vetlla per l\u2019educaci\u00f3 musical dels nens i nenes a trav\u00e9s d\u2019un cam\u00ed acompanyat de m\u00fasica, cultura i emoci\u00f3.<\/p>\n","protected":false},"excerpt":{"rendered":"<p>Cant\u00e0nia, un projecte comarcal \u00fanic amb m\u00e9s de 4.000 nens i nenes participants Cant\u00e0nia \u00e9s una\u00a0activitat participativa\u00a0en la que s\u2019inscriuen escolars de cicle mitj\u00e0 i superior de prim\u00e0ria de tot Catalunya. Cada any s\u2019estrena una obra encarregada especialment per a aquesta activitat. Els enc\u00e0rrecs, fins a dia d\u2019avui, s\u2019han fet a\u00a0compositors i escriptors catalans de [&hellip;]<\/p>\n","protected":false},"author":1,"featured_media":0,"parent":12922,"menu_order":0,"comment_status":"closed","ping_status":"closed","template":"page-templates\/side-menu.php","meta":{"_bbp_topic_count":0,"_bbp_reply_count":0,"_bbp_total_topic_count":0,"_bbp_total_reply_count":0,"_bbp_voice_count":0,"_bbp_anonymous_reply_count":0,"_bbp_topic_count_hidden":0,"_bbp_reply_count_hidden":0,"_bbp_forum_subforum_count":0,"site-sidebar-layout":"default","site-content-layout":"","ast-site-content-layout":"","site-content-style":"default","site-sidebar-style":"default","ast-global-header-display":"","ast-banner-title-visibility":"","ast-main-header-display":"","ast-hfb-above-header-display":"","ast-hfb-below-header-display":"","ast-hfb-mobile-header-display":"","site-post-title":"","ast-breadcrumbs-content":"","ast-featured-img":"","footer-sml-layout":"","theme-transparent-header-meta":"","adv-header-id-meta":"","stick-header-meta":"","header-above-stick-meta":"","header-main-stick-meta":"","header-below-stick-meta":"","astra-migrate-meta-layouts":"default","ast-page-background-enabled":"default","ast-page-background-meta":{"desktop":{"background-color":"var(--ast-global-color-4)","background-image":"","background-repeat":"repeat","background-position":"center center","background-size":"auto","background-attachment":"scroll","background-type":"","background-media":"","overlay-type":"","overlay-color":"","overlay-opacity":"","overlay-gradient":""},"tablet":{"background-color":"","background-image":"","background-repeat":"repeat","background-position":"center center","background-size":"auto","background-attachment":"scroll","background-type":"","background-media":"","overlay-type":"","overlay-color":"","overlay-opacity":"","overlay-gradient":""},"mobile":{"background-color":"","background-image":"","background-repeat":"repeat","background-position":"center center","background-size":"auto","background-attachment":"scroll","background-type":"","background-media":"","overlay-type":"","overlay-color":"","overlay-opacity":"","overlay-gradient":""}},"ast-content-background-meta":{"desktop":{"background-color":"var(--ast-global-color-5)","background-image":"","background-repeat":"repeat","background-position":"center center","background-size":"auto","background-attachment":"scroll","background-type":"","background-media":"","overlay-type":"","overlay-color":"","overlay-opacity":"","overlay-gradient":""},"tablet":{"background-color":"var(--ast-global-color-5)","background-image":"","background-repeat":"repeat","background-position":"center center","background-size":"auto","background-attachment":"scroll","background-type":"","background-media":"","overlay-type":"","overlay-color":"","overlay-opacity":"","overlay-gradient":""},"mobile":{"background-color":"var(--ast-global-color-5)","background-image":"","background-repeat":"repeat","background-position":"center center","background-size":"auto","background-attachment":"scroll","background-type":"","background-media":"","overlay-type":"","overlay-color":"","overlay-opacity":"","overlay-gradient":""}},"footnotes":""},"class_list":["post-12926","page","type-page","status-publish","hentry"],"post_mailing_queue_ids":[],"_links":{"self":[{"href":"https:\/\/agora.xtec.cat\/ceip-pompeufabra-parets\/wp-json\/wp\/v2\/pages\/12926","targetHints":{"allow":["GET"]}}],"collection":[{"href":"https:\/\/agora.xtec.cat\/ceip-pompeufabra-parets\/wp-json\/wp\/v2\/pages"}],"about":[{"href":"https:\/\/agora.xtec.cat\/ceip-pompeufabra-parets\/wp-json\/wp\/v2\/types\/page"}],"author":[{"embeddable":true,"href":"https:\/\/agora.xtec.cat\/ceip-pompeufabra-parets\/wp-json\/wp\/v2\/users\/1"}],"replies":[{"embeddable":true,"href":"https:\/\/agora.xtec.cat\/ceip-pompeufabra-parets\/wp-json\/wp\/v2\/comments?post=12926"}],"version-history":[{"count":3,"href":"https:\/\/agora.xtec.cat\/ceip-pompeufabra-parets\/wp-json\/wp\/v2\/pages\/12926\/revisions"}],"predecessor-version":[{"id":12963,"href":"https:\/\/agora.xtec.cat\/ceip-pompeufabra-parets\/wp-json\/wp\/v2\/pages\/12926\/revisions\/12963"}],"up":[{"embeddable":true,"href":"https:\/\/agora.xtec.cat\/ceip-pompeufabra-parets\/wp-json\/wp\/v2\/pages\/12922"}],"wp:attachment":[{"href":"https:\/\/agora.xtec.cat\/ceip-pompeufabra-parets\/wp-json\/wp\/v2\/media?parent=12926"}],"curies":[{"name":"wp","href":"https:\/\/api.w.org\/{rel}","templated":true}]}}