{"id":12188,"date":"2021-03-25T12:23:46","date_gmt":"2021-03-25T11:23:46","guid":{"rendered":"http:\/\/agora.xtec.cat\/ceip-pompeufabra-parets\/?page_id=12188"},"modified":"2025-12-11T10:00:08","modified_gmt":"2025-12-11T09:00:08","slug":"consell-escolar","status":"publish","type":"page","link":"https:\/\/agora.xtec.cat\/ceip-pompeufabra-parets\/lescola\/consell-escolar\/","title":{"rendered":"Consell escolar"},"content":{"rendered":"<p><a href=\"https:\/\/agora.xtec.cat\/ceip-pompeufabra-parets\/wp-content\/uploads\/usu1289\/2021\/03\/circulars-2.png\"><img loading=\"lazy\" decoding=\"async\" class=\"aligncenter size-large wp-image-12198\" src=\"https:\/\/agora.xtec.cat\/ceip-pompeufabra-parets\/wp-content\/uploads\/usu1289\/2021\/03\/circulars-2-1024x256.png\" alt=\"\" width=\"1024\" height=\"256\" srcset=\"https:\/\/agora.xtec.cat\/ceip-pompeufabra-parets\/wp-content\/uploads\/usu1289\/2021\/03\/circulars-2-1024x256.png 1024w, https:\/\/agora.xtec.cat\/ceip-pompeufabra-parets\/wp-content\/uploads\/usu1289\/2021\/03\/circulars-2-300x75.png 300w, https:\/\/agora.xtec.cat\/ceip-pompeufabra-parets\/wp-content\/uploads\/usu1289\/2021\/03\/circulars-2-768x192.png 768w, https:\/\/agora.xtec.cat\/ceip-pompeufabra-parets\/wp-content\/uploads\/usu1289\/2021\/03\/circulars-2.png 1584w\" sizes=\"auto, (max-width: 1024px) 100vw, 1024px\" \/><\/a><\/p>\n<p class=\"zfr3Q CDt4Ke \" dir=\"ltr\"><span class=\"C9DxTc \">El consell escolar del centre \u00e9s l&#8217;\u00f2rgan de participaci\u00f3 de la comunitat escolar en el govern del col\u00b7legi i l&#8217;\u00f2rgan de programaci\u00f3, seguiment i avaluaci\u00f3 general de les activitats.<\/span><\/p>\n<p class=\"zfr3Q CDt4Ke \" dir=\"ltr\"><span class=\"C9DxTc \">La funci\u00f3 principal del consell escolar \u00e9s<\/span><span class=\"C9DxTc \">\u00a0participar en la presa de decisions en relaci\u00f3 amb aquells temes importants per al funcionament i l\u2019organitzaci\u00f3 del centre: el projecte educatiu, la programaci\u00f3 general, la gesti\u00f3 econ\u00f2mica, etc.<\/span><\/p>\n<ul>\n<li>Podeu consultar els acords de les sessions del consell escolar en el seg\u00fcent apartat:<a href=\"https:\/\/agora.xtec.cat\/ceip-pompeufabra-parets\/lescola\/consell-escolar\/consell-escolar\/\"> ACORDS CONSELL ESCOLAR<\/a><\/li>\n<\/ul>\n<p class=\"zfr3Q CDt4Ke \" dir=\"ltr\"><span class=\"C9DxTc \">Els membres del consell escolar\u00a0<\/span><span class=\"C9DxTc \">s\u00f3n elegits per un per\u00edode de quatre anys i es renoven per meitats cada dos anys.\u00a0<\/span><\/p>\n<p><a href=\"https:\/\/agora.xtec.cat\/ceip-pompeufabra-parets\/wp-content\/uploads\/usu1289\/2025\/12\/membres-consell-escolar-1.png\"><img loading=\"lazy\" decoding=\"async\" class=\"aligncenter size-full wp-image-14918\" src=\"https:\/\/agora.xtec.cat\/ceip-pompeufabra-parets\/wp-content\/uploads\/usu1289\/2025\/12\/membres-consell-escolar-1.png\" alt=\"\" width=\"1025\" height=\"578\" srcset=\"https:\/\/agora.xtec.cat\/ceip-pompeufabra-parets\/wp-content\/uploads\/usu1289\/2025\/12\/membres-consell-escolar-1.png 1025w, https:\/\/agora.xtec.cat\/ceip-pompeufabra-parets\/wp-content\/uploads\/usu1289\/2025\/12\/membres-consell-escolar-1-300x169.png 300w, https:\/\/agora.xtec.cat\/ceip-pompeufabra-parets\/wp-content\/uploads\/usu1289\/2025\/12\/membres-consell-escolar-1-768x433.png 768w\" sizes=\"auto, (max-width: 1025px) 100vw, 1025px\" \/><\/a><\/p>\n","protected":false},"excerpt":{"rendered":"<p>El consell escolar del centre \u00e9s l&#8217;\u00f2rgan de participaci\u00f3 de la comunitat escolar en el govern del col\u00b7legi i l&#8217;\u00f2rgan de programaci\u00f3, seguiment i avaluaci\u00f3 general de les activitats. La funci\u00f3 principal del consell escolar \u00e9s\u00a0participar en la presa de decisions en relaci\u00f3 amb aquells temes importants per al funcionament i l\u2019organitzaci\u00f3 del centre: el [&hellip;]<\/p>\n","protected":false},"author":1,"featured_media":0,"parent":22,"menu_order":0,"comment_status":"closed","ping_status":"closed","template":"","meta":{"_bbp_topic_count":0,"_bbp_reply_count":0,"_bbp_total_topic_count":0,"_bbp_total_reply_count":0,"_bbp_voice_count":0,"_bbp_anonymous_reply_count":0,"_bbp_topic_count_hidden":0,"_bbp_reply_count_hidden":0,"_bbp_forum_subforum_count":0,"site-sidebar-layout":"default","site-content-layout":"","ast-site-content-layout":"default","site-content-style":"default","site-sidebar-style":"default","ast-global-header-display":"","ast-banner-title-visibility":"","ast-main-header-display":"","ast-hfb-above-header-display":"","ast-hfb-below-header-display":"","ast-hfb-mobile-header-display":"","site-post-title":"","ast-breadcrumbs-content":"","ast-featured-img":"","footer-sml-layout":"","theme-transparent-header-meta":"","adv-header-id-meta":"","stick-header-meta":"","header-above-stick-meta":"","header-main-stick-meta":"","header-below-stick-meta":"","astra-migrate-meta-layouts":"set","ast-page-background-enabled":"default","ast-page-background-meta":{"desktop":{"background-color":"var(--ast-global-color-4)","background-image":"","background-repeat":"repeat","background-position":"center center","background-size":"auto","background-attachment":"scroll","background-type":"","background-media":"","overlay-type":"","overlay-color":"","overlay-opacity":"","overlay-gradient":""},"tablet":{"background-color":"","background-image":"","background-repeat":"repeat","background-position":"center center","background-size":"auto","background-attachment":"scroll","background-type":"","background-media":"","overlay-type":"","overlay-color":"","overlay-opacity":"","overlay-gradient":""},"mobile":{"background-color":"","background-image":"","background-repeat":"repeat","background-position":"center center","background-size":"auto","background-attachment":"scroll","background-type":"","background-media":"","overlay-type":"","overlay-color":"","overlay-opacity":"","overlay-gradient":""}},"ast-content-background-meta":{"desktop":{"background-color":"var(--ast-global-color-5)","background-image":"","background-repeat":"repeat","background-position":"center center","background-size":"auto","background-attachment":"scroll","background-type":"","background-media":"","overlay-type":"","overlay-color":"","overlay-opacity":"","overlay-gradient":""},"tablet":{"background-color":"var(--ast-global-color-5)","background-image":"","background-repeat":"repeat","background-position":"center center","background-size":"auto","background-attachment":"scroll","background-type":"","background-media":"","overlay-type":"","overlay-color":"","overlay-opacity":"","overlay-gradient":""},"mobile":{"background-color":"var(--ast-global-color-5)","background-image":"","background-repeat":"repeat","background-position":"center center","background-size":"auto","background-attachment":"scroll","background-type":"","background-media":"","overlay-type":"","overlay-color":"","overlay-opacity":"","overlay-gradient":""}},"footnotes":""},"class_list":["post-12188","page","type-page","status-publish","hentry"],"post_mailing_queue_ids":[],"_links":{"self":[{"href":"https:\/\/agora.xtec.cat\/ceip-pompeufabra-parets\/wp-json\/wp\/v2\/pages\/12188","targetHints":{"allow":["GET"]}}],"collection":[{"href":"https:\/\/agora.xtec.cat\/ceip-pompeufabra-parets\/wp-json\/wp\/v2\/pages"}],"about":[{"href":"https:\/\/agora.xtec.cat\/ceip-pompeufabra-parets\/wp-json\/wp\/v2\/types\/page"}],"author":[{"embeddable":true,"href":"https:\/\/agora.xtec.cat\/ceip-pompeufabra-parets\/wp-json\/wp\/v2\/users\/1"}],"replies":[{"embeddable":true,"href":"https:\/\/agora.xtec.cat\/ceip-pompeufabra-parets\/wp-json\/wp\/v2\/comments?post=12188"}],"version-history":[{"count":5,"href":"https:\/\/agora.xtec.cat\/ceip-pompeufabra-parets\/wp-json\/wp\/v2\/pages\/12188\/revisions"}],"predecessor-version":[{"id":14919,"href":"https:\/\/agora.xtec.cat\/ceip-pompeufabra-parets\/wp-json\/wp\/v2\/pages\/12188\/revisions\/14919"}],"up":[{"embeddable":true,"href":"https:\/\/agora.xtec.cat\/ceip-pompeufabra-parets\/wp-json\/wp\/v2\/pages\/22"}],"wp:attachment":[{"href":"https:\/\/agora.xtec.cat\/ceip-pompeufabra-parets\/wp-json\/wp\/v2\/media?parent=12188"}],"curies":[{"name":"wp","href":"https:\/\/api.w.org\/{rel}","templated":true}]}}