{"id":11377,"date":"2020-07-14T13:39:25","date_gmt":"2020-07-14T11:39:25","guid":{"rendered":"http:\/\/agora.xtec.cat\/ceip-pompeufabra-parets\/?page_id=11377"},"modified":"2020-11-18T10:22:04","modified_gmt":"2020-11-18T09:22:04","slug":"projectes","status":"publish","type":"page","link":"https:\/\/agora.xtec.cat\/ceip-pompeufabra-parets\/projectes\/","title":{"rendered":"Projectes"},"content":{"rendered":"<p><a href=\"https:\/\/agora.xtec.cat\/ceip-pompeufabra-parets\/wp-content\/uploads\/usu1289\/2020\/11\/Projectes-escola.png\"><img loading=\"lazy\" decoding=\"async\" class=\"size-large wp-image-11731 aligncenter\" src=\"https:\/\/agora.xtec.cat\/ceip-pompeufabra-parets\/wp-content\/uploads\/usu1289\/2020\/11\/Projectes-escola-1024x652.png\" alt=\"\" width=\"1024\" height=\"652\" srcset=\"https:\/\/agora.xtec.cat\/ceip-pompeufabra-parets\/wp-content\/uploads\/usu1289\/2020\/11\/Projectes-escola-1024x652.png 1024w, https:\/\/agora.xtec.cat\/ceip-pompeufabra-parets\/wp-content\/uploads\/usu1289\/2020\/11\/Projectes-escola-300x191.png 300w, https:\/\/agora.xtec.cat\/ceip-pompeufabra-parets\/wp-content\/uploads\/usu1289\/2020\/11\/Projectes-escola-768x489.png 768w, https:\/\/agora.xtec.cat\/ceip-pompeufabra-parets\/wp-content\/uploads\/usu1289\/2020\/11\/Projectes-escola.png 1075w\" sizes=\"auto, (max-width: 1024px) 100vw, 1024px\" \/><\/a><\/p>\n<p>En aquest apartat trobareu tota la informaci\u00f3 referent als nostres projectes d&#8217;escola. Podeu consultar els seg\u00fcents apartats:<\/p>\n<div class=\"section noChildren\">\n<ul>\n<li class=\"page_item page-item-11335 title\"><a title=\"Angl\u00e8s a Educaci\u00f3 Infantil\" href=\"https:\/\/agora.xtec.cat\/ceip-pompeufabra-parets\/projectes\/angles-a-ei\/\">Angl\u00e8s a Educaci\u00f3 Infantil<\/a><\/li>\n<\/ul>\n<\/div>\n<div class=\"section noChildren\">\n<ul>\n<li class=\"page_item page-item-11338 title\"><a title=\"Ambients d'aprenentatge\" href=\"https:\/\/agora.xtec.cat\/ceip-pompeufabra-parets\/projectes\/ambients\/\">Ambients d&#8217;aprenentatge<\/a><\/li>\n<\/ul>\n<\/div>\n<div class=\"section noChildren\">\n<ul>\n<li class=\"page_item page-item-11339 title\"><a title=\"Innovamat\" href=\"https:\/\/agora.xtec.cat\/ceip-pompeufabra-parets\/projectes\/innovamat\/\">Innovamat<\/a><\/li>\n<\/ul>\n<\/div>\n<div class=\"section noChildren\">\n<ul>\n<li class=\"page_item page-item-11337 title\"><a title=\"Hort escolar\" href=\"https:\/\/agora.xtec.cat\/ceip-pompeufabra-parets\/projectes\/hort\/\">Hort escolar<\/a><\/li>\n<\/ul>\n<\/div>\n<div class=\"section noChildren\">\n<ul>\n<li class=\"page_item page-item-11336 title\"><a title=\"Rob\u00f2tica\" href=\"https:\/\/agora.xtec.cat\/ceip-pompeufabra-parets\/projectes\/robotica\/\">Rob\u00f2tica<\/a><\/li>\n<\/ul>\n<\/div>\n<div class=\"section noChildren\">\n<ul>\n<li class=\"page_item page-item-11334 title\"><a title=\"Teatre en angl\u00e8s\" href=\"https:\/\/agora.xtec.cat\/ceip-pompeufabra-parets\/projectes\/lookout\/\">Teatre en angl\u00e8s<\/a><\/li>\n<\/ul>\n<\/div>\n<div class=\"section noChildren\">\n<ul>\n<li class=\"page_item page-item-11340 title\"><a title=\"Save the children\" href=\"https:\/\/agora.xtec.cat\/ceip-pompeufabra-parets\/projectes\/save-the-children\/\">Save the children<\/a><\/li>\n<\/ul>\n<\/div>\n<div class=\"section noChildren\">\n<ul>\n<li class=\"page_item page-item-11341 title\"><a title=\"Pla de lectura\" href=\"https:\/\/agora.xtec.cat\/ceip-pompeufabra-parets\/projectes\/pla-de-lectura\/\">Pla de lectura<\/a><\/li>\n<\/ul>\n<\/div>\n<div class=\"section noChildren\">\n<ul>\n<li class=\"page_item page-item-11342 title\"><a title=\"Consum de fruita\" href=\"https:\/\/agora.xtec.cat\/ceip-pompeufabra-parets\/projectes\/consum-de-fruita\/\">Consum de fruita<\/a><\/li>\n<\/ul>\n<\/div>\n<div class=\"section\">\n<ul>\n<li class=\"page_item page-item-8170 title\"><a title=\"Curs de Scratch\" href=\"https:\/\/agora.xtec.cat\/ceip-pompeufabra-parets\/projectes\/curs-scratch-primaria\/\">Curs de Scratch<\/a><\/li>\n<\/ul>\n<\/div>\n","protected":false},"excerpt":{"rendered":"<p>En aquest apartat trobareu tota la informaci\u00f3 referent als nostres projectes d&#8217;escola. Podeu consultar els seg\u00fcents apartats: Angl\u00e8s a Educaci\u00f3 Infantil Ambients d&#8217;aprenentatge Innovamat Hort escolar Rob\u00f2tica Teatre en angl\u00e8s Save the children Pla de lectura Consum de fruita Curs de Scratch<\/p>\n","protected":false},"author":22,"featured_media":0,"parent":0,"menu_order":0,"comment_status":"closed","ping_status":"closed","template":"page-templates\/side-menu.php","meta":{"_bbp_topic_count":0,"_bbp_reply_count":0,"_bbp_total_topic_count":0,"_bbp_total_reply_count":0,"_bbp_voice_count":0,"_bbp_anonymous_reply_count":0,"_bbp_topic_count_hidden":0,"_bbp_reply_count_hidden":0,"_bbp_forum_subforum_count":0,"site-sidebar-layout":"default","site-content-layout":"","ast-site-content-layout":"","site-content-style":"default","site-sidebar-style":"default","ast-global-header-display":"","ast-banner-title-visibility":"","ast-main-header-display":"","ast-hfb-above-header-display":"","ast-hfb-below-header-display":"","ast-hfb-mobile-header-display":"","site-post-title":"","ast-breadcrumbs-content":"","ast-featured-img":"","footer-sml-layout":"","theme-transparent-header-meta":"","adv-header-id-meta":"","stick-header-meta":"","header-above-stick-meta":"","header-main-stick-meta":"","header-below-stick-meta":"","astra-migrate-meta-layouts":"default","ast-page-background-enabled":"default","ast-page-background-meta":{"desktop":{"background-color":"var(--ast-global-color-4)","background-image":"","background-repeat":"repeat","background-position":"center center","background-size":"auto","background-attachment":"scroll","background-type":"","background-media":"","overlay-type":"","overlay-color":"","overlay-opacity":"","overlay-gradient":""},"tablet":{"background-color":"","background-image":"","background-repeat":"repeat","background-position":"center center","background-size":"auto","background-attachment":"scroll","background-type":"","background-media":"","overlay-type":"","overlay-color":"","overlay-opacity":"","overlay-gradient":""},"mobile":{"background-color":"","background-image":"","background-repeat":"repeat","background-position":"center center","background-size":"auto","background-attachment":"scroll","background-type":"","background-media":"","overlay-type":"","overlay-color":"","overlay-opacity":"","overlay-gradient":""}},"ast-content-background-meta":{"desktop":{"background-color":"var(--ast-global-color-5)","background-image":"","background-repeat":"repeat","background-position":"center center","background-size":"auto","background-attachment":"scroll","background-type":"","background-media":"","overlay-type":"","overlay-color":"","overlay-opacity":"","overlay-gradient":""},"tablet":{"background-color":"var(--ast-global-color-5)","background-image":"","background-repeat":"repeat","background-position":"center center","background-size":"auto","background-attachment":"scroll","background-type":"","background-media":"","overlay-type":"","overlay-color":"","overlay-opacity":"","overlay-gradient":""},"mobile":{"background-color":"var(--ast-global-color-5)","background-image":"","background-repeat":"repeat","background-position":"center center","background-size":"auto","background-attachment":"scroll","background-type":"","background-media":"","overlay-type":"","overlay-color":"","overlay-opacity":"","overlay-gradient":""}},"footnotes":""},"class_list":["post-11377","page","type-page","status-publish","hentry"],"post_mailing_queue_ids":[],"_links":{"self":[{"href":"https:\/\/agora.xtec.cat\/ceip-pompeufabra-parets\/wp-json\/wp\/v2\/pages\/11377","targetHints":{"allow":["GET"]}}],"collection":[{"href":"https:\/\/agora.xtec.cat\/ceip-pompeufabra-parets\/wp-json\/wp\/v2\/pages"}],"about":[{"href":"https:\/\/agora.xtec.cat\/ceip-pompeufabra-parets\/wp-json\/wp\/v2\/types\/page"}],"author":[{"embeddable":true,"href":"https:\/\/agora.xtec.cat\/ceip-pompeufabra-parets\/wp-json\/wp\/v2\/users\/22"}],"replies":[{"embeddable":true,"href":"https:\/\/agora.xtec.cat\/ceip-pompeufabra-parets\/wp-json\/wp\/v2\/comments?post=11377"}],"version-history":[{"count":3,"href":"https:\/\/agora.xtec.cat\/ceip-pompeufabra-parets\/wp-json\/wp\/v2\/pages\/11377\/revisions"}],"predecessor-version":[{"id":11734,"href":"https:\/\/agora.xtec.cat\/ceip-pompeufabra-parets\/wp-json\/wp\/v2\/pages\/11377\/revisions\/11734"}],"wp:attachment":[{"href":"https:\/\/agora.xtec.cat\/ceip-pompeufabra-parets\/wp-json\/wp\/v2\/media?parent=11377"}],"curies":[{"name":"wp","href":"https:\/\/api.w.org\/{rel}","templated":true}]}}