{"id":11342,"date":"2020-07-14T12:57:25","date_gmt":"2020-07-14T10:57:25","guid":{"rendered":"http:\/\/agora.xtec.cat\/ceip-pompeufabra-parets\/?page_id=11342"},"modified":"2020-11-18T09:46:32","modified_gmt":"2020-11-18T08:46:32","slug":"consum-de-fruita","status":"publish","type":"page","link":"https:\/\/agora.xtec.cat\/ceip-pompeufabra-parets\/projectes\/consum-de-fruita\/","title":{"rendered":"Consum de fruita"},"content":{"rendered":"<p style=\"font-family: 'Open Sans', Arial, Helvetica, sans-serif; font-size: 16px; color: #444444;\">Des del curs 2016-2017, la nostra escola participa en el Programa del Pla de consum de fruita a les escoles del Departament d\u2019Agricultura, Ramaderia i Pesca.\u00a0El programa\u00a0 consta de 6 entregues de fruita mensual\/curs, per a repartir entre tots els alumnes del centre durant 4 dies a l\u2019hora de l\u2019esmorzar.<\/p>\n<p style=\"font-family: 'Open Sans', Arial, Helvetica, sans-serif; font-size: 16px; color: #444444;\">L\u2019objectiu \u00e9s promoure h\u00e0bits saludables i un augment de la ingesta de fruita diaria.<\/p>\n<p style=\"font-family: 'Open Sans', Arial, Helvetica, sans-serif; font-size: 16px; color: #444444;\"><a href=\"https:\/\/agora.xtec.cat\/ceip-pompeufabra-parets\/wp-content\/uploads\/usu1289\/2020\/07\/IMG_20190618_142026_313-2.jpg\"><img loading=\"lazy\" decoding=\"async\" class=\"aligncenter size-full wp-image-11468\" src=\"https:\/\/agora.xtec.cat\/ceip-pompeufabra-parets\/wp-content\/uploads\/usu1289\/2020\/07\/IMG_20190618_142026_313-2.jpg\" alt=\"\" width=\"700\" height=\"700\" srcset=\"https:\/\/agora.xtec.cat\/ceip-pompeufabra-parets\/wp-content\/uploads\/usu1289\/2020\/07\/IMG_20190618_142026_313-2.jpg 700w, https:\/\/agora.xtec.cat\/ceip-pompeufabra-parets\/wp-content\/uploads\/usu1289\/2020\/07\/IMG_20190618_142026_313-2-150x150.jpg 150w, https:\/\/agora.xtec.cat\/ceip-pompeufabra-parets\/wp-content\/uploads\/usu1289\/2020\/07\/IMG_20190618_142026_313-2-300x300.jpg 300w\" sizes=\"auto, (max-width: 700px) 100vw, 700px\" \/><\/a><\/p>\n<p style=\"font-family: 'Open Sans', Arial, Helvetica, sans-serif; font-size: 16px; color: #444444;\">Des de la vigil\u00e0ncia de Salut (PRL) ens fan arribar uns \u201ctastets\u201d de salut, unes fitxes informatives, sobre temes de salut diversos, que volem compartir amb vosaltres(desembre 2018):<\/p>\n<p style=\"font-family: 'Open Sans', Arial, Helvetica, sans-serif; font-size: 16px; color: #444444;\"><a style=\"color: #087eb6; background: transparent; font-family: 'Open Sans', sans-serif;\" href=\"http:\/\/canalsalut.gencat.cat\/ca\/vida-saludable\/alimentacio\/piramide_alimentacio_saludable\/\" target=\"_blank\" rel=\"noopener noreferrer\">Recomanacions saludables<\/a><\/p>\n<p style=\"font-family: 'Open Sans', Arial, Helvetica, sans-serif; font-size: 16px; color: #444444;\">Des del Servei de Salut P\u00fablica, ens han facilitat aquest v\u00eddeo sobre h\u00e0bits alimentaris saludables.\u00a0 ( abril 2017)<\/p>\n<p style=\"font-family: 'Open Sans', Arial, Helvetica, sans-serif; font-size: 16px; color: #444444;\"><a style=\"color: #087eb6; background: transparent; font-family: 'Open Sans', sans-serif;\" href=\"https:\/\/drive.google.com\/open?id=1Fq8PTTL6Rr86GHIlYOHQAnm-D5hcGKvP\" target=\"_blank\" rel=\"noopener noreferrer\">Video Menja b\u00e9, tu hi guanyes!<\/a><\/p>\n","protected":false},"excerpt":{"rendered":"<p>Des del curs 2016-2017, la nostra escola participa en el Programa del Pla de consum de fruita a les escoles del Departament d\u2019Agricultura, Ramaderia i Pesca.\u00a0El programa\u00a0 consta de 6 entregues de fruita mensual\/curs, per a repartir entre tots els alumnes del centre durant 4 dies a l\u2019hora de l\u2019esmorzar. L\u2019objectiu \u00e9s promoure h\u00e0bits saludables [&hellip;]<\/p>\n","protected":false},"author":22,"featured_media":0,"parent":11377,"menu_order":9,"comment_status":"closed","ping_status":"closed","template":"page-templates\/side-menu.php","meta":{"_bbp_topic_count":0,"_bbp_reply_count":0,"_bbp_total_topic_count":0,"_bbp_total_reply_count":0,"_bbp_voice_count":0,"_bbp_anonymous_reply_count":0,"_bbp_topic_count_hidden":0,"_bbp_reply_count_hidden":0,"_bbp_forum_subforum_count":0,"site-sidebar-layout":"default","site-content-layout":"","ast-site-content-layout":"","site-content-style":"default","site-sidebar-style":"default","ast-global-header-display":"","ast-banner-title-visibility":"","ast-main-header-display":"","ast-hfb-above-header-display":"","ast-hfb-below-header-display":"","ast-hfb-mobile-header-display":"","site-post-title":"","ast-breadcrumbs-content":"","ast-featured-img":"","footer-sml-layout":"","theme-transparent-header-meta":"","adv-header-id-meta":"","stick-header-meta":"","header-above-stick-meta":"","header-main-stick-meta":"","header-below-stick-meta":"","astra-migrate-meta-layouts":"default","ast-page-background-enabled":"default","ast-page-background-meta":{"desktop":{"background-color":"var(--ast-global-color-4)","background-image":"","background-repeat":"repeat","background-position":"center center","background-size":"auto","background-attachment":"scroll","background-type":"","background-media":"","overlay-type":"","overlay-color":"","overlay-opacity":"","overlay-gradient":""},"tablet":{"background-color":"","background-image":"","background-repeat":"repeat","background-position":"center center","background-size":"auto","background-attachment":"scroll","background-type":"","background-media":"","overlay-type":"","overlay-color":"","overlay-opacity":"","overlay-gradient":""},"mobile":{"background-color":"","background-image":"","background-repeat":"repeat","background-position":"center center","background-size":"auto","background-attachment":"scroll","background-type":"","background-media":"","overlay-type":"","overlay-color":"","overlay-opacity":"","overlay-gradient":""}},"ast-content-background-meta":{"desktop":{"background-color":"var(--ast-global-color-5)","background-image":"","background-repeat":"repeat","background-position":"center center","background-size":"auto","background-attachment":"scroll","background-type":"","background-media":"","overlay-type":"","overlay-color":"","overlay-opacity":"","overlay-gradient":""},"tablet":{"background-color":"var(--ast-global-color-5)","background-image":"","background-repeat":"repeat","background-position":"center center","background-size":"auto","background-attachment":"scroll","background-type":"","background-media":"","overlay-type":"","overlay-color":"","overlay-opacity":"","overlay-gradient":""},"mobile":{"background-color":"var(--ast-global-color-5)","background-image":"","background-repeat":"repeat","background-position":"center center","background-size":"auto","background-attachment":"scroll","background-type":"","background-media":"","overlay-type":"","overlay-color":"","overlay-opacity":"","overlay-gradient":""}},"footnotes":""},"class_list":["post-11342","page","type-page","status-publish","hentry"],"post_mailing_queue_ids":[],"_links":{"self":[{"href":"https:\/\/agora.xtec.cat\/ceip-pompeufabra-parets\/wp-json\/wp\/v2\/pages\/11342","targetHints":{"allow":["GET"]}}],"collection":[{"href":"https:\/\/agora.xtec.cat\/ceip-pompeufabra-parets\/wp-json\/wp\/v2\/pages"}],"about":[{"href":"https:\/\/agora.xtec.cat\/ceip-pompeufabra-parets\/wp-json\/wp\/v2\/types\/page"}],"author":[{"embeddable":true,"href":"https:\/\/agora.xtec.cat\/ceip-pompeufabra-parets\/wp-json\/wp\/v2\/users\/22"}],"replies":[{"embeddable":true,"href":"https:\/\/agora.xtec.cat\/ceip-pompeufabra-parets\/wp-json\/wp\/v2\/comments?post=11342"}],"version-history":[{"count":3,"href":"https:\/\/agora.xtec.cat\/ceip-pompeufabra-parets\/wp-json\/wp\/v2\/pages\/11342\/revisions"}],"predecessor-version":[{"id":11469,"href":"https:\/\/agora.xtec.cat\/ceip-pompeufabra-parets\/wp-json\/wp\/v2\/pages\/11342\/revisions\/11469"}],"up":[{"embeddable":true,"href":"https:\/\/agora.xtec.cat\/ceip-pompeufabra-parets\/wp-json\/wp\/v2\/pages\/11377"}],"wp:attachment":[{"href":"https:\/\/agora.xtec.cat\/ceip-pompeufabra-parets\/wp-json\/wp\/v2\/media?parent=11342"}],"curies":[{"name":"wp","href":"https:\/\/api.w.org\/{rel}","templated":true}]}}