{"id":11340,"date":"2020-07-14T12:57:25","date_gmt":"2020-07-14T10:57:25","guid":{"rendered":"http:\/\/agora.xtec.cat\/ceip-pompeufabra-parets\/?page_id=11340"},"modified":"2022-01-17T09:55:42","modified_gmt":"2022-01-17T08:55:42","slug":"save-the-children","status":"publish","type":"page","link":"https:\/\/agora.xtec.cat\/ceip-pompeufabra-parets\/projectes\/save-the-children\/","title":{"rendered":"Save the children"},"content":{"rendered":"<h3 style=\"margin-top: 0px; margin-bottom: 0.35em; font-weight: normal; font-family: TradeGothicW02-BoldCn20, Helvetica, Arial, 'Nimbus Sans L', sans-serif; outline: 0px; text-transform: uppercase; font-size: 2.4rem; line-height: 1.2; color: #333333;\">M\u00e9S QUE UNA CARRERA ESCOLAR&#8230;<\/h3>\n<p style=\"margin-bottom: 1.5em; color: #333333; font-family: Arial, Helvetica, 'Nimbus Sans L', sans-serif; font-size: 16px;\">La nostra escola conjuntament amb l&#8217;associaci\u00f3 Save the Children, organitza cada curs una cursa solid\u00e0ria. Aquest \u00e9s un projecte <strong>educatiu, esportiu i solidari.<\/strong><\/p>\n<p style=\"margin-bottom: 1.5em; color: #333333; font-family: Arial, Helvetica, 'Nimbus Sans L', sans-serif; font-size: 16px;\"><iframe loading=\"lazy\" src=\"https:\/\/www.youtube.com\/embed\/5JlV4niyrjQ?rel=0&amp;enablejsapi=1&amp;origin=https%3A%2F%2Fwww.savethechildren.es\" width=\"640\" height=\"360\" frameborder=\"0\" data-gtm-yt-inspected-2356752_281=\"true\" data-gtm-yt-inspected-2356752_283=\"true\" data-gtm-yt-inspected-2356752_284=\"true\" data-gtm-yt-inspected-2356752_285=\"true\" data-gtm-yt-inspected-2356752_292=\"true\" data-gtm-yt-inspected-2356752_293=\"true\" data-gtm-yt-inspected-2356752_302=\"true\" data-gtm-yt-inspected-2356752_303=\"true\" data-gtm-yt-inspected-2356752_338=\"true\" data-gtm-yt-inspected-2356752_339=\"true\" data-gtm-yt-inspected-2356752_340=\"true\"><\/iframe><\/p>\n<p>Els alumnes i les alumnes de l&#8217;escola s\u00f3n els encarregat de buscar fons per donar suport als programes d&#8217;educaci\u00f3, superviv\u00e8ncia i protecci\u00f3 de Save the Children. Una activitat molt engrescadora on els alumnes aprenen valors com la solidaritat, la responsabilitat social i el respecte cap a tothom.<\/p>\n","protected":false},"excerpt":{"rendered":"<p>M\u00e9S QUE UNA CARRERA ESCOLAR&#8230; La nostra escola conjuntament amb l&#8217;associaci\u00f3 Save the Children, organitza cada curs una cursa solid\u00e0ria. Aquest \u00e9s un projecte educatiu, esportiu i solidari. Els alumnes i les alumnes de l&#8217;escola s\u00f3n els encarregat de buscar fons per donar suport als programes d&#8217;educaci\u00f3, superviv\u00e8ncia i protecci\u00f3 de Save the Children. Una [&hellip;]<\/p>\n","protected":false},"author":22,"featured_media":0,"parent":11377,"menu_order":9,"comment_status":"closed","ping_status":"closed","template":"page-templates\/side-menu.php","meta":{"_bbp_topic_count":0,"_bbp_reply_count":0,"_bbp_total_topic_count":0,"_bbp_total_reply_count":0,"_bbp_voice_count":0,"_bbp_anonymous_reply_count":0,"_bbp_topic_count_hidden":0,"_bbp_reply_count_hidden":0,"_bbp_forum_subforum_count":0,"site-sidebar-layout":"default","site-content-layout":"","ast-site-content-layout":"","site-content-style":"default","site-sidebar-style":"default","ast-global-header-display":"","ast-banner-title-visibility":"","ast-main-header-display":"","ast-hfb-above-header-display":"","ast-hfb-below-header-display":"","ast-hfb-mobile-header-display":"","site-post-title":"","ast-breadcrumbs-content":"","ast-featured-img":"","footer-sml-layout":"","theme-transparent-header-meta":"","adv-header-id-meta":"","stick-header-meta":"","header-above-stick-meta":"","header-main-stick-meta":"","header-below-stick-meta":"","astra-migrate-meta-layouts":"default","ast-page-background-enabled":"default","ast-page-background-meta":{"desktop":{"background-color":"var(--ast-global-color-4)","background-image":"","background-repeat":"repeat","background-position":"center center","background-size":"auto","background-attachment":"scroll","background-type":"","background-media":"","overlay-type":"","overlay-color":"","overlay-opacity":"","overlay-gradient":""},"tablet":{"background-color":"","background-image":"","background-repeat":"repeat","background-position":"center center","background-size":"auto","background-attachment":"scroll","background-type":"","background-media":"","overlay-type":"","overlay-color":"","overlay-opacity":"","overlay-gradient":""},"mobile":{"background-color":"","background-image":"","background-repeat":"repeat","background-position":"center center","background-size":"auto","background-attachment":"scroll","background-type":"","background-media":"","overlay-type":"","overlay-color":"","overlay-opacity":"","overlay-gradient":""}},"ast-content-background-meta":{"desktop":{"background-color":"var(--ast-global-color-5)","background-image":"","background-repeat":"repeat","background-position":"center center","background-size":"auto","background-attachment":"scroll","background-type":"","background-media":"","overlay-type":"","overlay-color":"","overlay-opacity":"","overlay-gradient":""},"tablet":{"background-color":"var(--ast-global-color-5)","background-image":"","background-repeat":"repeat","background-position":"center center","background-size":"auto","background-attachment":"scroll","background-type":"","background-media":"","overlay-type":"","overlay-color":"","overlay-opacity":"","overlay-gradient":""},"mobile":{"background-color":"var(--ast-global-color-5)","background-image":"","background-repeat":"repeat","background-position":"center center","background-size":"auto","background-attachment":"scroll","background-type":"","background-media":"","overlay-type":"","overlay-color":"","overlay-opacity":"","overlay-gradient":""}},"footnotes":""},"class_list":["post-11340","page","type-page","status-publish","hentry"],"post_mailing_queue_ids":[],"_links":{"self":[{"href":"https:\/\/agora.xtec.cat\/ceip-pompeufabra-parets\/wp-json\/wp\/v2\/pages\/11340","targetHints":{"allow":["GET"]}}],"collection":[{"href":"https:\/\/agora.xtec.cat\/ceip-pompeufabra-parets\/wp-json\/wp\/v2\/pages"}],"about":[{"href":"https:\/\/agora.xtec.cat\/ceip-pompeufabra-parets\/wp-json\/wp\/v2\/types\/page"}],"author":[{"embeddable":true,"href":"https:\/\/agora.xtec.cat\/ceip-pompeufabra-parets\/wp-json\/wp\/v2\/users\/22"}],"replies":[{"embeddable":true,"href":"https:\/\/agora.xtec.cat\/ceip-pompeufabra-parets\/wp-json\/wp\/v2\/comments?post=11340"}],"version-history":[{"count":3,"href":"https:\/\/agora.xtec.cat\/ceip-pompeufabra-parets\/wp-json\/wp\/v2\/pages\/11340\/revisions"}],"predecessor-version":[{"id":11375,"href":"https:\/\/agora.xtec.cat\/ceip-pompeufabra-parets\/wp-json\/wp\/v2\/pages\/11340\/revisions\/11375"}],"up":[{"embeddable":true,"href":"https:\/\/agora.xtec.cat\/ceip-pompeufabra-parets\/wp-json\/wp\/v2\/pages\/11377"}],"wp:attachment":[{"href":"https:\/\/agora.xtec.cat\/ceip-pompeufabra-parets\/wp-json\/wp\/v2\/media?parent=11340"}],"curies":[{"name":"wp","href":"https:\/\/api.w.org\/{rel}","templated":true}]}}