{"id":11339,"date":"2020-07-14T12:57:25","date_gmt":"2020-07-14T10:57:25","guid":{"rendered":"http:\/\/agora.xtec.cat\/ceip-pompeufabra-parets\/?page_id=11339"},"modified":"2023-09-26T09:44:12","modified_gmt":"2023-09-26T07:44:12","slug":"innovamat","status":"publish","type":"page","link":"https:\/\/agora.xtec.cat\/ceip-pompeufabra-parets\/projectes\/innovamat\/","title":{"rendered":"Innovamat"},"content":{"rendered":"<p>Des del curs 2018\/19 l&#8217;Escola Pompeu Fabra ha comen\u00e7at a treballar les matem\u00e0tiques seguint el projecte d&#8217;Innovamat. Actualment tota l&#8217;escola des d&#8217;I3 fins a 6\u00e8 treballa les matem\u00e0tiques amb el projecte Innovamat.(Curs 2022-2023)<\/p>\n<p>Per\u00f2 qu\u00e8 \u00e9s Innovamat? A continuaci\u00f3 us ho expliquem:<\/p>\n<div class=\"ast-oembed-container \" style=\"height: 100%;\"><iframe loading=\"lazy\" title=\"Innovamat: qu\u00e8 \u00e9s fer matem\u00e0tiques?\" width=\"500\" height=\"281\" src=\"https:\/\/www.youtube.com\/embed\/pERXXiZjS14?feature=oembed\" frameborder=\"0\" allow=\"accelerometer; autoplay; clipboard-write; encrypted-media; gyroscope; picture-in-picture; web-share\" referrerpolicy=\"strict-origin-when-cross-origin\" allowfullscreen><\/iframe><\/div>\n<p>&nbsp;<\/p>\n<p>Per Innovamat, fer matem\u00e0tiques \u00e9s\u2026<\/p>\n<div class=\"wrapper\">\n<div class=\"item\">\n<div class=\"wrapper-image\"><img loading=\"lazy\" decoding=\"async\" class=\"\" src=\"https:\/\/innovamat.com\/wp-content\/uploads\/2020\/03\/Resoldre_Problemes_min.png\" width=\"506\" height=\"528\" \/><\/div>\n<div class=\"wrapper-text\">\n<h3 class=\"green \">Resoldre problemes<\/h3>\n<p>Ser capa\u00e7 d\u2019enfrontar-se a situacions desconegudes, de dissenyar estrat\u00e8gies per resoldre-les, d\u2019analitzar les seves possibles solucions i de plantejar-se noves preguntes.<\/p>\n<\/div>\n<\/div>\n<div class=\"item\">\n<div class=\"wrapper-image\"><img loading=\"lazy\" decoding=\"async\" class=\"\" src=\"https:\/\/innovamat.com\/wp-content\/uploads\/2020\/03\/Raonament_proba_min.png\" width=\"497\" height=\"495\" \/><\/div>\n<div class=\"wrapper-text\">\n<h3 class=\"blue \">Raonar i provar<\/h3>\n<p>Ser capa\u00e7 d\u2019analitzar les situacions, fer conjectures i comprovar-les, deduir i argumentar les afirmacions que realitzem.<\/p>\n<\/div>\n<\/div>\n<div class=\"item\">\n<div class=\"wrapper-image\"><img loading=\"lazy\" decoding=\"async\" class=\"\" src=\"https:\/\/innovamat.com\/wp-content\/uploads\/2020\/03\/Conectar_min.png\" width=\"524\" height=\"456\" \/><\/div>\n<div class=\"wrapper-text\">\n<h3 class=\"yellow \">Connectar<\/h3>\n<p>Ser capa\u00e7 de descobrir les relacions existents entre les diferents idees i conceptes del m\u00f3n matem\u00e0tic o d\u2019aquests amb el m\u00f3n que ens envolta.<\/p>\n<\/div>\n<\/div>\n<div class=\"item\">\n<div class=\"wrapper-image\"><img loading=\"lazy\" decoding=\"async\" class=\"\" src=\"https:\/\/innovamat.com\/wp-content\/uploads\/2020\/03\/Comunicar_Representar_min.png\" width=\"509\" height=\"512\" \/><\/div>\n<div class=\"wrapper-text\">\n<h3 class=\"purple \">Comunicar i representar<\/h3>\n<p>Ser capa\u00e7 de transmetre i interpretar la informaci\u00f3 matem\u00e0tica a trav\u00e9s de qualsevol canal: de manera gr\u00e0fica o escrita, oral, amb l\u2019ajuda de material o mitjan\u00e7ant la tecnologia existent.<\/p>\n<\/div>\n<p>&nbsp;<\/p>\n<p>A partir del curs 2020\/21 comen\u00e7arem a aplicar aquest projecte des de P3. Com ho farem? Feu clic en el seg\u00fcent v\u00eddeo per informar-vos.<\/p>\n<\/div>\n<div class=\"ast-oembed-container \" style=\"height: 100%;\"><iframe loading=\"lazy\" title=\"La proposta d&#039;Innovamat per Educaci\u00f3 Infantil\" width=\"500\" height=\"281\" src=\"https:\/\/www.youtube.com\/embed\/Y-4RZrK6uQE?feature=oembed\" frameborder=\"0\" allow=\"accelerometer; autoplay; clipboard-write; encrypted-media; gyroscope; picture-in-picture; web-share\" referrerpolicy=\"strict-origin-when-cross-origin\" allowfullscreen><\/iframe><\/div>\n<p><iframe loading=\"lazy\" src=\"\/\/www.youtube.com\/embed\/mjWvmqZxAWQ\" width=\"560\" height=\"315\" frameborder=\"0\"><\/iframe><\/p>\n<p>&nbsp;<\/p>\n<p>&nbsp;<\/p>\n<\/div>\n","protected":false},"excerpt":{"rendered":"<p>Des del curs 2018\/19 l&#8217;Escola Pompeu Fabra ha comen\u00e7at a treballar les matem\u00e0tiques seguint el projecte d&#8217;Innovamat. Actualment tota l&#8217;escola des d&#8217;I3 fins a 6\u00e8 treballa les matem\u00e0tiques amb el projecte Innovamat.(Curs 2022-2023) Per\u00f2 qu\u00e8 \u00e9s Innovamat? A continuaci\u00f3 us ho expliquem: &nbsp; Per Innovamat, fer matem\u00e0tiques \u00e9s\u2026 Resoldre problemes Ser capa\u00e7 d\u2019enfrontar-se a situacions [&hellip;]<\/p>\n","protected":false},"author":22,"featured_media":0,"parent":11377,"menu_order":3,"comment_status":"closed","ping_status":"closed","template":"page-templates\/side-menu.php","meta":{"_bbp_topic_count":0,"_bbp_reply_count":0,"_bbp_total_topic_count":0,"_bbp_total_reply_count":0,"_bbp_voice_count":0,"_bbp_anonymous_reply_count":0,"_bbp_topic_count_hidden":0,"_bbp_reply_count_hidden":0,"_bbp_forum_subforum_count":0,"site-sidebar-layout":"default","site-content-layout":"","ast-site-content-layout":"","site-content-style":"default","site-sidebar-style":"default","ast-global-header-display":"","ast-banner-title-visibility":"","ast-main-header-display":"","ast-hfb-above-header-display":"","ast-hfb-below-header-display":"","ast-hfb-mobile-header-display":"","site-post-title":"","ast-breadcrumbs-content":"","ast-featured-img":"","footer-sml-layout":"","theme-transparent-header-meta":"","adv-header-id-meta":"","stick-header-meta":"","header-above-stick-meta":"","header-main-stick-meta":"","header-below-stick-meta":"","astra-migrate-meta-layouts":"default","ast-page-background-enabled":"default","ast-page-background-meta":{"desktop":{"background-color":"var(--ast-global-color-4)","background-image":"","background-repeat":"repeat","background-position":"center center","background-size":"auto","background-attachment":"scroll","background-type":"","background-media":"","overlay-type":"","overlay-color":"","overlay-opacity":"","overlay-gradient":""},"tablet":{"background-color":"","background-image":"","background-repeat":"repeat","background-position":"center center","background-size":"auto","background-attachment":"scroll","background-type":"","background-media":"","overlay-type":"","overlay-color":"","overlay-opacity":"","overlay-gradient":""},"mobile":{"background-color":"","background-image":"","background-repeat":"repeat","background-position":"center center","background-size":"auto","background-attachment":"scroll","background-type":"","background-media":"","overlay-type":"","overlay-color":"","overlay-opacity":"","overlay-gradient":""}},"ast-content-background-meta":{"desktop":{"background-color":"var(--ast-global-color-5)","background-image":"","background-repeat":"repeat","background-position":"center center","background-size":"auto","background-attachment":"scroll","background-type":"","background-media":"","overlay-type":"","overlay-color":"","overlay-opacity":"","overlay-gradient":""},"tablet":{"background-color":"var(--ast-global-color-5)","background-image":"","background-repeat":"repeat","background-position":"center center","background-size":"auto","background-attachment":"scroll","background-type":"","background-media":"","overlay-type":"","overlay-color":"","overlay-opacity":"","overlay-gradient":""},"mobile":{"background-color":"var(--ast-global-color-5)","background-image":"","background-repeat":"repeat","background-position":"center center","background-size":"auto","background-attachment":"scroll","background-type":"","background-media":"","overlay-type":"","overlay-color":"","overlay-opacity":"","overlay-gradient":""}},"footnotes":""},"class_list":["post-11339","page","type-page","status-publish","hentry"],"post_mailing_queue_ids":[],"_links":{"self":[{"href":"https:\/\/agora.xtec.cat\/ceip-pompeufabra-parets\/wp-json\/wp\/v2\/pages\/11339","targetHints":{"allow":["GET"]}}],"collection":[{"href":"https:\/\/agora.xtec.cat\/ceip-pompeufabra-parets\/wp-json\/wp\/v2\/pages"}],"about":[{"href":"https:\/\/agora.xtec.cat\/ceip-pompeufabra-parets\/wp-json\/wp\/v2\/types\/page"}],"author":[{"embeddable":true,"href":"https:\/\/agora.xtec.cat\/ceip-pompeufabra-parets\/wp-json\/wp\/v2\/users\/22"}],"replies":[{"embeddable":true,"href":"https:\/\/agora.xtec.cat\/ceip-pompeufabra-parets\/wp-json\/wp\/v2\/comments?post=11339"}],"version-history":[{"count":3,"href":"https:\/\/agora.xtec.cat\/ceip-pompeufabra-parets\/wp-json\/wp\/v2\/pages\/11339\/revisions"}],"predecessor-version":[{"id":13981,"href":"https:\/\/agora.xtec.cat\/ceip-pompeufabra-parets\/wp-json\/wp\/v2\/pages\/11339\/revisions\/13981"}],"up":[{"embeddable":true,"href":"https:\/\/agora.xtec.cat\/ceip-pompeufabra-parets\/wp-json\/wp\/v2\/pages\/11377"}],"wp:attachment":[{"href":"https:\/\/agora.xtec.cat\/ceip-pompeufabra-parets\/wp-json\/wp\/v2\/media?parent=11339"}],"curies":[{"name":"wp","href":"https:\/\/api.w.org\/{rel}","templated":true}]}}