{"id":11335,"date":"2020-07-14T12:57:25","date_gmt":"2020-07-14T10:57:25","guid":{"rendered":"http:\/\/agora.xtec.cat\/ceip-pompeufabra-parets\/?page_id=11335"},"modified":"2026-02-25T10:30:20","modified_gmt":"2026-02-25T09:30:20","slug":"angles-a-ei","status":"publish","type":"page","link":"https:\/\/agora.xtec.cat\/ceip-pompeufabra-parets\/projectes\/projectes-en-llengua-anglesa\/angles-a-ei\/","title":{"rendered":"Angl\u00e8s a Educaci\u00f3 Infantil"},"content":{"rendered":"<p><span style=\"font-weight: 400;\">L\u2019<\/span><b>angl\u00e8s<\/b><span style=\"font-weight: 400;\"> a Educaci\u00f3 Infantil es fa amb el grup desdoblat un cop per setmana de \u00be d\u2019hora.\u00a0<\/span><span style=\"font-weight: 400;\">Treballem amb una mascota, <\/span><i><span style=\"font-weight: 400;\">Mouse<\/span><\/i><span style=\"font-weight: 400;\">, que nom\u00e9s parla angl\u00e8s i \u00e9s la que dirigeix la sessi\u00f3. Comencem cantant amb una can\u00e7\u00f3 de <\/span><i><span style=\"font-weight: 400;\">Hello!<\/span><\/i><span style=\"font-weight: 400;\"> i despr\u00e9s anem saludant al Mouse de diferents maneres segons va avan\u00e7ant el curs. Amb una altra can\u00e7\u00f3 escollim el <\/span><i><span style=\"font-weight: 400;\">Helper <\/span><\/i><span style=\"font-weight: 400;\">del <\/span><i><span style=\"font-weight: 400;\">Mouse <\/span><\/i><span style=\"font-weight: 400;\">que ajudar\u00e0 a I3 fer la rutina de saludar un per un Good morning! i aix\u00ed col\u00b7loquem la seva foto <\/span><i><span style=\"font-weight: 400;\">at the<\/span><\/i> <i><span style=\"font-weight: 400;\">School<\/span><\/i><span style=\"font-weight: 400;\"> or <\/span><i><span style=\"font-weight: 400;\">at<\/span><\/i> <i><span style=\"font-weight: 400;\">Home<\/span><\/i><span style=\"font-weight: 400;\">. A I4 i I5 \u00e9s l\u2019encarregat de mirar el temps que fa i repartir les fitxes el dia que en fem. Treballem un vocabulari clau a partir de can\u00e7ons i hist\u00f2ries sempre acompanyades d\u2019accions i suport audiovisual.<\/span><\/p>\n<p><a href=\"https:\/\/agora.xtec.cat\/ceip-pompeufabra-parets\/wp-content\/uploads\/usu1289\/2022\/01\/cropped-cropped-english3.jpg\"><img loading=\"lazy\" decoding=\"async\" class=\"aligncenter size-full wp-image-12981\" src=\"https:\/\/agora.xtec.cat\/ceip-pompeufabra-parets\/wp-content\/uploads\/usu1289\/2022\/01\/cropped-cropped-english3.jpg\" alt=\"\" width=\"1000\" height=\"343\" srcset=\"https:\/\/agora.xtec.cat\/ceip-pompeufabra-parets\/wp-content\/uploads\/usu1289\/2022\/01\/cropped-cropped-english3.jpg 1000w, https:\/\/agora.xtec.cat\/ceip-pompeufabra-parets\/wp-content\/uploads\/usu1289\/2022\/01\/cropped-cropped-english3-300x103.jpg 300w, https:\/\/agora.xtec.cat\/ceip-pompeufabra-parets\/wp-content\/uploads\/usu1289\/2022\/01\/cropped-cropped-english3-768x263.jpg 768w\" sizes=\"auto, (max-width: 1000px) 100vw, 1000px\" \/><\/a><\/p>\n<p><span style=\"font-weight: 400;\">A les sessions de <\/span><b>psicomotricitat <\/b><span style=\"font-weight: 400;\">tamb\u00e9 treballem en angl\u00e8s. Es fa una sessi\u00f3 desdoblada a la setmana de \u00be d\u2019hora. A l\u2019escalfament repassem i practiquem el vocabulari clau de les sessions d\u2019angl\u00e8s fent les\u00a0 accions, tocant els colors, agrupant-nos en el nombre que diem. Tamb\u00e9 anem introduint vocabulari espec\u00edfic de psicomotricitat, sobretot material i accions. Per acabar acostumem a relaxar-nos tocant les parts de la cara i el cos i aix\u00ed repassem tamb\u00e9 aquest vocabulari en angl\u00e8s.<\/span><\/p>\n<p><span style=\"font-weight: 400;\">Els <\/span><b>ambients<\/b><span style=\"font-weight: 400;\"> que es fan en angl\u00e8s s\u00f3n<\/span> <b><i>Movement<\/i><\/b><span style=\"font-weight: 400;\"> i <\/span><b><i>House<\/i><\/b><b>.\u00a0<\/b><\/p>\n<div><\/div>\n","protected":false},"excerpt":{"rendered":"<p>L\u2019angl\u00e8s a Educaci\u00f3 Infantil es fa amb el grup desdoblat un cop per setmana de \u00be d\u2019hora.\u00a0Treballem amb una mascota, Mouse, que nom\u00e9s parla angl\u00e8s i \u00e9s la que dirigeix la sessi\u00f3. Comencem cantant amb una can\u00e7\u00f3 de Hello! i despr\u00e9s anem saludant al Mouse de diferents maneres segons va avan\u00e7ant el curs. Amb una [&hellip;]<\/p>\n","protected":false},"author":22,"featured_media":0,"parent":12923,"menu_order":0,"comment_status":"closed","ping_status":"closed","template":"","meta":{"_bbp_topic_count":0,"_bbp_reply_count":0,"_bbp_total_topic_count":0,"_bbp_total_reply_count":0,"_bbp_voice_count":0,"_bbp_anonymous_reply_count":0,"_bbp_topic_count_hidden":0,"_bbp_reply_count_hidden":0,"_bbp_forum_subforum_count":0,"site-sidebar-layout":"default","site-content-layout":"","ast-site-content-layout":"default","site-content-style":"default","site-sidebar-style":"default","ast-global-header-display":"","ast-banner-title-visibility":"","ast-main-header-display":"","ast-hfb-above-header-display":"","ast-hfb-below-header-display":"","ast-hfb-mobile-header-display":"","site-post-title":"","ast-breadcrumbs-content":"","ast-featured-img":"","footer-sml-layout":"","theme-transparent-header-meta":"","adv-header-id-meta":"","stick-header-meta":"","header-above-stick-meta":"","header-main-stick-meta":"","header-below-stick-meta":"","astra-migrate-meta-layouts":"set","ast-page-background-enabled":"default","ast-page-background-meta":{"desktop":{"background-color":"var(--ast-global-color-4)","background-image":"","background-repeat":"repeat","background-position":"center center","background-size":"auto","background-attachment":"scroll","background-type":"","background-media":"","overlay-type":"","overlay-color":"","overlay-opacity":"","overlay-gradient":""},"tablet":{"background-color":"","background-image":"","background-repeat":"repeat","background-position":"center center","background-size":"auto","background-attachment":"scroll","background-type":"","background-media":"","overlay-type":"","overlay-color":"","overlay-opacity":"","overlay-gradient":""},"mobile":{"background-color":"","background-image":"","background-repeat":"repeat","background-position":"center center","background-size":"auto","background-attachment":"scroll","background-type":"","background-media":"","overlay-type":"","overlay-color":"","overlay-opacity":"","overlay-gradient":""}},"ast-content-background-meta":{"desktop":{"background-color":"var(--ast-global-color-5)","background-image":"","background-repeat":"repeat","background-position":"center center","background-size":"auto","background-attachment":"scroll","background-type":"","background-media":"","overlay-type":"","overlay-color":"","overlay-opacity":"","overlay-gradient":""},"tablet":{"background-color":"var(--ast-global-color-5)","background-image":"","background-repeat":"repeat","background-position":"center center","background-size":"auto","background-attachment":"scroll","background-type":"","background-media":"","overlay-type":"","overlay-color":"","overlay-opacity":"","overlay-gradient":""},"mobile":{"background-color":"var(--ast-global-color-5)","background-image":"","background-repeat":"repeat","background-position":"center center","background-size":"auto","background-attachment":"scroll","background-type":"","background-media":"","overlay-type":"","overlay-color":"","overlay-opacity":"","overlay-gradient":""}},"footnotes":""},"class_list":["post-11335","page","type-page","status-publish","hentry"],"post_mailing_queue_ids":[],"_links":{"self":[{"href":"https:\/\/agora.xtec.cat\/ceip-pompeufabra-parets\/wp-json\/wp\/v2\/pages\/11335","targetHints":{"allow":["GET"]}}],"collection":[{"href":"https:\/\/agora.xtec.cat\/ceip-pompeufabra-parets\/wp-json\/wp\/v2\/pages"}],"about":[{"href":"https:\/\/agora.xtec.cat\/ceip-pompeufabra-parets\/wp-json\/wp\/v2\/types\/page"}],"author":[{"embeddable":true,"href":"https:\/\/agora.xtec.cat\/ceip-pompeufabra-parets\/wp-json\/wp\/v2\/users\/22"}],"replies":[{"embeddable":true,"href":"https:\/\/agora.xtec.cat\/ceip-pompeufabra-parets\/wp-json\/wp\/v2\/comments?post=11335"}],"version-history":[{"count":4,"href":"https:\/\/agora.xtec.cat\/ceip-pompeufabra-parets\/wp-json\/wp\/v2\/pages\/11335\/revisions"}],"predecessor-version":[{"id":15006,"href":"https:\/\/agora.xtec.cat\/ceip-pompeufabra-parets\/wp-json\/wp\/v2\/pages\/11335\/revisions\/15006"}],"up":[{"embeddable":true,"href":"https:\/\/agora.xtec.cat\/ceip-pompeufabra-parets\/wp-json\/wp\/v2\/pages\/12923"}],"wp:attachment":[{"href":"https:\/\/agora.xtec.cat\/ceip-pompeufabra-parets\/wp-json\/wp\/v2\/media?parent=11335"}],"curies":[{"name":"wp","href":"https:\/\/api.w.org\/{rel}","templated":true}]}}