{"id":11322,"date":"2020-07-14T12:46:29","date_gmt":"2020-07-14T10:46:29","guid":{"rendered":"http:\/\/agora.xtec.cat\/ceip-pompeufabra-parets\/?page_id=11322"},"modified":"2025-03-27T09:01:46","modified_gmt":"2025-03-27T08:01:46","slug":"recollida-taps-piles","status":"publish","type":"page","link":"https:\/\/agora.xtec.cat\/ceip-pompeufabra-parets\/serveis\/recollida-taps-piles\/","title":{"rendered":"Recollida taps\/piles"},"content":{"rendered":"<p>Si b\u00e9 el reciclatge est\u00e0 considerat a nivell social com la principal eina en la gesti\u00f3 dels residus, hi ha dos passos previs que no cal oblidar: la reducci\u00f3 i la reutilitzaci\u00f3. \u00c9s el que es coneix com la \u201cllei de les 3R\u201d:<\/p>\n<ul>\n<li>Primera opci\u00f3: <strong>Reduir <\/strong>sempre que sigui possible<\/li>\n<li><strong>Reutilitzar <\/strong>com a segona opci\u00f3<\/li>\n<li><strong>Reciclar <\/strong>en darrer terme<\/li>\n<\/ul>\n<p dir=\"ltr\" data-placeholder=\"Traducci\u00f3n\">En aquest sentit, la nostra escola col\u00b7labora amb la recollida de taps de pl\u00e0stic i de piles.<\/p>\n<h3>Recollida de piles-Projecte Apilo<\/h3>\n<p><a href=\"https:\/\/agora.xtec.cat\/ceip-pompeufabra-parets\/wp-content\/uploads\/usu1289\/2025\/03\/Apilo.png\"><img loading=\"lazy\" decoding=\"async\" class=\"wp-image-14651 aligncenter\" src=\"https:\/\/agora.xtec.cat\/ceip-pompeufabra-parets\/wp-content\/uploads\/usu1289\/2025\/03\/Apilo.png\" alt=\"\" width=\"716\" height=\"402\" srcset=\"https:\/\/agora.xtec.cat\/ceip-pompeufabra-parets\/wp-content\/uploads\/usu1289\/2025\/03\/Apilo.png 824w, https:\/\/agora.xtec.cat\/ceip-pompeufabra-parets\/wp-content\/uploads\/usu1289\/2025\/03\/Apilo-300x169.png 300w, https:\/\/agora.xtec.cat\/ceip-pompeufabra-parets\/wp-content\/uploads\/usu1289\/2025\/03\/Apilo-768x432.png 768w\" sizes=\"auto, (max-width: 716px) 100vw, 716px\" \/><\/a><\/p>\n<p>A l\u2019Escola participem en el projecte de recollida de piles usades, la Missi\u00f3 Apilo XII. En aquesta missi\u00f3, els Agents Apilo, els alumnes, s\u2019encarreguen de recollir totes les piles, bateries i acumuladors esgotats perqu\u00e8 es reciclin correctament. Entenem per piles i acumuladors port\u00e0tils qualsevol pila, pila bot\u00f3, acumulador o bateria que pugui portar-se amb la m\u00e0 i no sigui industrial ni d\u2019automoci\u00f3, com ara les piles bot\u00f3 i est\u00e0ndard i els acumuladors utilitzats en tel\u00e8fons m\u00f2bils, c\u00e0meres de v\u00eddeo i eines port\u00e0tils.<\/p>\n<p>Les fam\u00edlies i alumnes que vulguin participar en el projecte poden dipositar aquestes piles usades en el contenidor situat a l\u2019entrada de l\u2019escola o en els petits contenidors coets Apilo XII, que es reparteixen als alumnes nous.<\/p>\n<p>Aquest projecte est\u00e0 finan\u00e7at per Ecolec Fundaci\u00f3n, Ecopilas, European Recycling Platform i Unibat, i rep el suport del Departament de Territori i Sostenibilitat de la Generalitat de Catalunya i l\u2019Ag\u00e8ncia de Residus de Catalunya.<\/p>\n<p>Trobareu m\u00e9s informaci\u00f3 a la p\u00e0gina web <a href=\"http:\/\/www.apilo.cat\/\">http:\/\/www.apilo.cat\/<\/a><\/p>\n<h3 dir=\"ltr\" data-placeholder=\"Traducci\u00f3n\">Recollida taps de pl\u00e0stic<\/h3>\n<p>La nostra escola tamb\u00e9 col\u00b7labora amb la recollida municipal de taps de pl\u00e0stic. Aquests taps de pl\u00e0stic es porten a empreses que els compren per processar-los i fer nous productes de pl\u00e0stic. Habitualment els diners que es recullen amb aquestes campanyes es destinen a projectes solidaris.<\/p>\n<h5 id=\"tw-target-text\" class=\"tw-data-text tw-text-large XcVN5d tw-ta\" dir=\"ltr\" data-placeholder=\"Traducci\u00f3n\"><span lang=\"ca\">I QUINS S\u00d3N ELS TAPS QUE PODEM RECICLAR?<\/span><\/h5>\n<ul>\n<li class=\"tw-data-text tw-text-large XcVN5d tw-ta\" dir=\"ltr\" data-placeholder=\"Traducci\u00f3n\"><span lang=\"ca\">Taps d&#8217;ampolles d&#8217;aigua, refrescos, oli, .. <\/span><\/li>\n<li class=\"tw-data-text tw-text-large XcVN5d tw-ta\" dir=\"ltr\" data-placeholder=\"Traducci\u00f3n\"><span lang=\"ca\">Taps de pl\u00e0stic de brics <\/span><\/li>\n<li class=\"tw-data-text tw-text-large XcVN5d tw-ta\" dir=\"ltr\" data-placeholder=\"Traducci\u00f3n\"><span lang=\"ca\">Tapes d&#8217;envasos de mantega, pintura, caixes de tovalloletes <\/span><\/li>\n<li class=\"tw-data-text tw-text-large XcVN5d tw-ta\" dir=\"ltr\" data-placeholder=\"Traducci\u00f3n\"><span lang=\"ca\">Pistoles de pl\u00e0stic de productes de neteja <\/span><\/li>\n<li class=\"tw-data-text tw-text-large XcVN5d tw-ta\" dir=\"ltr\" data-placeholder=\"Traducci\u00f3n\"><span lang=\"ca\">Taps d&#8217;envasos de xamp\u00fa, sab\u00f3, m\u00e0scares, .. <\/span><\/li>\n<li><span lang=\"ca\">Taps d&#8217;envasos de lents de contacte <\/span><\/li>\n<li class=\"tw-data-text tw-text-large XcVN5d tw-ta\" dir=\"ltr\" data-placeholder=\"Traducci\u00f3n\"><span lang=\"ca\">Caixes de seda dental<\/span><\/li>\n<\/ul>\n<p>&nbsp;<\/p>\n","protected":false},"excerpt":{"rendered":"<p>Si b\u00e9 el reciclatge est\u00e0 considerat a nivell social com la principal eina en la gesti\u00f3 dels residus, hi ha dos passos previs que no cal oblidar: la reducci\u00f3 i la reutilitzaci\u00f3. \u00c9s el que es coneix com la \u201cllei de les 3R\u201d: Primera opci\u00f3: Reduir sempre que sigui possible Reutilitzar com a segona opci\u00f3 [&hellip;]<\/p>\n","protected":false},"author":22,"featured_media":0,"parent":66,"menu_order":0,"comment_status":"closed","ping_status":"closed","template":"page-templates\/side-menu.php","meta":{"_bbp_topic_count":0,"_bbp_reply_count":0,"_bbp_total_topic_count":0,"_bbp_total_reply_count":0,"_bbp_voice_count":0,"_bbp_anonymous_reply_count":0,"_bbp_topic_count_hidden":0,"_bbp_reply_count_hidden":0,"_bbp_forum_subforum_count":0,"site-sidebar-layout":"default","site-content-layout":"","ast-site-content-layout":"","site-content-style":"default","site-sidebar-style":"default","ast-global-header-display":"","ast-banner-title-visibility":"","ast-main-header-display":"","ast-hfb-above-header-display":"","ast-hfb-below-header-display":"","ast-hfb-mobile-header-display":"","site-post-title":"","ast-breadcrumbs-content":"","ast-featured-img":"","footer-sml-layout":"","theme-transparent-header-meta":"","adv-header-id-meta":"","stick-header-meta":"","header-above-stick-meta":"","header-main-stick-meta":"","header-below-stick-meta":"","astra-migrate-meta-layouts":"default","ast-page-background-enabled":"default","ast-page-background-meta":{"desktop":{"background-color":"var(--ast-global-color-4)","background-image":"","background-repeat":"repeat","background-position":"center center","background-size":"auto","background-attachment":"scroll","background-type":"","background-media":"","overlay-type":"","overlay-color":"","overlay-opacity":"","overlay-gradient":""},"tablet":{"background-color":"","background-image":"","background-repeat":"repeat","background-position":"center center","background-size":"auto","background-attachment":"scroll","background-type":"","background-media":"","overlay-type":"","overlay-color":"","overlay-opacity":"","overlay-gradient":""},"mobile":{"background-color":"","background-image":"","background-repeat":"repeat","background-position":"center center","background-size":"auto","background-attachment":"scroll","background-type":"","background-media":"","overlay-type":"","overlay-color":"","overlay-opacity":"","overlay-gradient":""}},"ast-content-background-meta":{"desktop":{"background-color":"var(--ast-global-color-5)","background-image":"","background-repeat":"repeat","background-position":"center center","background-size":"auto","background-attachment":"scroll","background-type":"","background-media":"","overlay-type":"","overlay-color":"","overlay-opacity":"","overlay-gradient":""},"tablet":{"background-color":"var(--ast-global-color-5)","background-image":"","background-repeat":"repeat","background-position":"center center","background-size":"auto","background-attachment":"scroll","background-type":"","background-media":"","overlay-type":"","overlay-color":"","overlay-opacity":"","overlay-gradient":""},"mobile":{"background-color":"var(--ast-global-color-5)","background-image":"","background-repeat":"repeat","background-position":"center center","background-size":"auto","background-attachment":"scroll","background-type":"","background-media":"","overlay-type":"","overlay-color":"","overlay-opacity":"","overlay-gradient":""}},"footnotes":""},"class_list":["post-11322","page","type-page","status-publish","hentry"],"post_mailing_queue_ids":[],"_links":{"self":[{"href":"https:\/\/agora.xtec.cat\/ceip-pompeufabra-parets\/wp-json\/wp\/v2\/pages\/11322","targetHints":{"allow":["GET"]}}],"collection":[{"href":"https:\/\/agora.xtec.cat\/ceip-pompeufabra-parets\/wp-json\/wp\/v2\/pages"}],"about":[{"href":"https:\/\/agora.xtec.cat\/ceip-pompeufabra-parets\/wp-json\/wp\/v2\/types\/page"}],"author":[{"embeddable":true,"href":"https:\/\/agora.xtec.cat\/ceip-pompeufabra-parets\/wp-json\/wp\/v2\/users\/22"}],"replies":[{"embeddable":true,"href":"https:\/\/agora.xtec.cat\/ceip-pompeufabra-parets\/wp-json\/wp\/v2\/comments?post=11322"}],"version-history":[{"count":8,"href":"https:\/\/agora.xtec.cat\/ceip-pompeufabra-parets\/wp-json\/wp\/v2\/pages\/11322\/revisions"}],"predecessor-version":[{"id":14654,"href":"https:\/\/agora.xtec.cat\/ceip-pompeufabra-parets\/wp-json\/wp\/v2\/pages\/11322\/revisions\/14654"}],"up":[{"embeddable":true,"href":"https:\/\/agora.xtec.cat\/ceip-pompeufabra-parets\/wp-json\/wp\/v2\/pages\/66"}],"wp:attachment":[{"href":"https:\/\/agora.xtec.cat\/ceip-pompeufabra-parets\/wp-json\/wp\/v2\/media?parent=11322"}],"curies":[{"name":"wp","href":"https:\/\/api.w.org\/{rel}","templated":true}]}}