{"id":11317,"date":"2020-07-14T12:46:29","date_gmt":"2020-07-14T10:46:29","guid":{"rendered":"http:\/\/agora.xtec.cat\/ceip-pompeufabra-parets\/?page_id=11317"},"modified":"2026-02-06T12:45:43","modified_gmt":"2026-02-06T11:45:43","slug":"documents-de-centre","status":"publish","type":"page","link":"https:\/\/agora.xtec.cat\/ceip-pompeufabra-parets\/documents-de-centre\/","title":{"rendered":"Documents de centre"},"content":{"rendered":"<div class=\"section noChildren\">\n<p>En aquest apartat trobareu l&#8217;acc\u00e9s als nostres documents de centre:<\/p>\n<table style=\"width: 35.5014%; height: 446px;\">\n<tbody>\n<tr style=\"height: 33px;\">\n<td style=\"height: 33px;\" width=\"576\"><a href=\"https:\/\/agora.xtec.cat\/ceip-pompeufabra-parets\/documents-de-centre\/projecte-educatiu\/\">Projecte Educatiu de Centre (PEC)<\/a><\/td>\n<\/tr>\n<tr style=\"height: 33px;\">\n<td style=\"height: 33px;\" width=\"576\"><a href=\"https:\/\/agora.xtec.cat\/ceip-pompeufabra-parets\/documents-de-centre\/nofc\/\">NOFC<\/a><\/td>\n<\/tr>\n<tr style=\"height: 33px;\">\n<td style=\"height: 33px;\" width=\"576\"><a href=\"https:\/\/agora.xtec.cat\/ceip-pompeufabra-parets\/documents-de-centre\/pga\/\">PGA<\/a><\/td>\n<\/tr>\n<tr style=\"height: 33px;\">\n<td style=\"height: 33px;\" width=\"576\"><a href=\"https:\/\/agora.xtec.cat\/ceip-pompeufabra-parets\/documents-de-centre\/memoria-anual\/\">Mem\u00f2ria anual<\/a><\/td>\n<\/tr>\n<tr style=\"height: 33px;\">\n<td style=\"height: 33px;\" width=\"576\"><a href=\"https:\/\/agora.xtec.cat\/ceip-pompeufabra-parets\/documents-de-centre\/projecte-de-direccio\/\">Projecte de Direcci\u00f3<\/a><\/td>\n<\/tr>\n<tr style=\"height: 33px;\">\n<td style=\"height: 33px;\" width=\"576\"><a href=\"https:\/\/www.dropbox.com\/s\/ye0h7m4ntpidb2b\/Pla%20TAC_20-21%20.pdf?dl=0\">Pla TAC (Estrat\u00e8gia Digital de Centre)<\/a><\/td>\n<\/tr>\n<tr style=\"height: 33px;\">\n<td style=\"height: 33px;\" width=\"576\"><a href=\"https:\/\/agora.xtec.cat\/ceip-pompeufabra-parets\/documents-de-centre\/projecte-emocional\/\">Projecte emocional<\/a><\/td>\n<\/tr>\n<tr style=\"height: 33px;\">\n<td style=\"height: 33px;\" width=\"576\"><a href=\"https:\/\/agora.xtec.cat\/ceip-pompeufabra-parets\/documents-de-centre\/projecte-de-convivencia\/\">Projecte de conviv\u00e8ncia<\/a><\/td>\n<\/tr>\n<tr style=\"height: 33px;\">\n<td style=\"height: 33px;\" width=\"576\"><a href=\"https:\/\/agora.xtec.cat\/ceip-pompeufabra-parets\/documents-de-centre\/projecte-linguistic\/\">Projecte Ling\u00fc\u00edstic<\/a><\/td>\n<\/tr>\n<tr style=\"height: 33px;\">\n<td style=\"height: 33px;\" width=\"576\"><a href=\"https:\/\/agora.xtec.cat\/ceip-pompeufabra-parets\/documents-de-centre\/carta-de-compromis\/\">Carta de Comprom\u00eds<\/a><\/td>\n<\/tr>\n<tr style=\"height: 33px;\">\n<td style=\"height: 33px;\" width=\"576\"><a href=\"https:\/\/agora.xtec.cat\/ceip-pompeufabra-parets\/documents-de-centre\/pla-datencio-a-la-diversitat\/\">Pla d\u2019Atenci\u00f3 a la diversitat<\/a><\/td>\n<\/tr>\n<tr style=\"height: 33px;\">\n<td style=\"height: 33px;\" width=\"576\"><a href=\"https:\/\/agora.xtec.cat\/ceip-pompeufabra-parets\/documents-de-centre\/pla-dacollida\/\">Pla d\u2019acollida<\/a><\/td>\n<\/tr>\n<tr style=\"height: 33px;\">\n<td style=\"height: 33px;\" width=\"576\">Pla d&#8217;acci\u00f3 tutorial<\/td>\n<\/tr>\n<tr style=\"height: 17px;\">\n<td style=\"height: 17px;\"><a href=\"https:\/\/www.dropbox.com\/scl\/fi\/oexjoax5g6et8n72b6euz\/Circular-quota-material-escolar-curs-25-26.pdf?rlkey=9ui6el7gu1m9senp6t0sdc2ke&amp;dl=0\">Quota material curs 2025-2026<\/a><\/td>\n<\/tr>\n<\/tbody>\n<\/table>\n<\/div>\n<div class=\"section noChildren\">\n<p><strong>Autoritzacions:<\/strong><\/p>\n<table style=\"width: 35.5014%; height: 165px;\">\n<tbody>\n<tr style=\"height: 33px;\">\n<td style=\"height: 33px;\" width=\"576\"><a href=\"https:\/\/www.dropbox.com\/scl\/fi\/y2wjq91rptpbsbarcxx6o\/Autoritzaci-medicaments.pdf?rlkey=y3gmgm2eyj2owo36tnvth72lu&amp;dl=0\">Autoritzaci\u00f3 medicaments<\/a><\/td>\n<\/tr>\n<tr style=\"height: 33px;\">\n<td style=\"height: 33px;\" width=\"576\"><a href=\"https:\/\/www.dropbox.com\/scl\/fi\/b7lar4i6jv4e6qqq1cj64\/autoritzacio-recursos-digitals.pdf?rlkey=j2wep93kwu0ttytcvaiaxb7bz&amp;dl=0\">Autoritzaci\u00f3 recursos digitals<\/a><\/td>\n<\/tr>\n<tr style=\"height: 33px;\">\n<td style=\"height: 33px;\" width=\"576\"><a href=\"https:\/\/www.dropbox.com\/scl\/fi\/ml4xoqgmip15dglmmdag6\/Autoritzaci-drets-d-imatge.pdf?rlkey=b1w25sr4fdy41uifevsdbtmfi&amp;dl=0\">Autoritzaci\u00f3 drets d&#8217;imatge<\/a><\/td>\n<\/tr>\n<tr style=\"height: 33px;\">\n<td style=\"height: 33px;\" width=\"576\"><a href=\"https:\/\/www.dropbox.com\/scl\/fi\/1b1iuflxwub4nmvqkb95m\/Autoritzaci-sortida-germans.doc?rlkey=28ysizzi4tgbbsoshmuvjk62f&amp;dl=0\">Autoritzaci\u00f3 sortida germans<\/a><\/td>\n<\/tr>\n<tr style=\"height: 33px;\">\n<td style=\"height: 33px;\" width=\"576\"><a href=\"https:\/\/www.dropbox.com\/scl\/fi\/ghx9gv81fw801b5o4q5uu\/Autoritzaci-Tokapp.pdf?rlkey=m67cjlst7h0qfp7fcav2511qf&amp;dl=0\">Autoritzaci\u00f3 Tokapp<\/a><\/td>\n<\/tr>\n<\/tbody>\n<\/table>\n<p><a href=\"https:\/\/agora.xtec.cat\/ceip-pompeufabra-parets\/wp-content\/uploads\/usu1289\/2022\/09\/documents.png\"><img loading=\"lazy\" decoding=\"async\" class=\"aligncenter wp-image-13472\" src=\"https:\/\/agora.xtec.cat\/ceip-pompeufabra-parets\/wp-content\/uploads\/usu1289\/2022\/09\/documents.png\" alt=\"\" width=\"1354\" height=\"333\" srcset=\"https:\/\/agora.xtec.cat\/ceip-pompeufabra-parets\/wp-content\/uploads\/usu1289\/2022\/09\/documents.png 1590w, https:\/\/agora.xtec.cat\/ceip-pompeufabra-parets\/wp-content\/uploads\/usu1289\/2022\/09\/documents-300x74.png 300w, https:\/\/agora.xtec.cat\/ceip-pompeufabra-parets\/wp-content\/uploads\/usu1289\/2022\/09\/documents-1024x252.png 1024w, https:\/\/agora.xtec.cat\/ceip-pompeufabra-parets\/wp-content\/uploads\/usu1289\/2022\/09\/documents-768x189.png 768w, https:\/\/agora.xtec.cat\/ceip-pompeufabra-parets\/wp-content\/uploads\/usu1289\/2022\/09\/documents-1536x378.png 1536w\" sizes=\"auto, (max-width: 1354px) 100vw, 1354px\" \/><\/a><\/p>\n<\/div>\n<div id=\"side-menu\" class=\"large-3 small-12 pull-9 columns pull-9\">\n<div class=\"section-container accordion\" data-section=\"accordion\" data-section-small-style=\"true\">\n<div class=\"section noChildren\">\n<p class=\"page_item page-item-843 title\" data-section-title=\"\"><a title=\"Projecte Educatiu de Centre (PEC)\" href=\"https:\/\/agora.xtec.cat\/ceip-pompeufabra-parets\/documents-de-centre\/projecte-educatiu\/\">Projecte Educatiu de Centre<\/a><\/p>\n<\/div>\n<\/div>\n<\/div>\n","protected":false},"excerpt":{"rendered":"<p>En aquest apartat trobareu l&#8217;acc\u00e9s als nostres documents de centre: Projecte Educatiu de Centre (PEC) NOFC PGA Mem\u00f2ria anual Projecte de Direcci\u00f3 Pla TAC (Estrat\u00e8gia Digital de Centre) Projecte emocional Projecte de conviv\u00e8ncia Projecte Ling\u00fc\u00edstic Carta de Comprom\u00eds Pla d\u2019Atenci\u00f3 a la diversitat Pla d\u2019acollida Pla d&#8217;acci\u00f3 tutorial Quota material curs 2025-2026 Autoritzacions: Autoritzaci\u00f3 medicaments [&hellip;]<\/p>\n","protected":false},"author":22,"featured_media":0,"parent":0,"menu_order":0,"comment_status":"closed","ping_status":"closed","template":"","meta":{"_bbp_topic_count":0,"_bbp_reply_count":0,"_bbp_total_topic_count":0,"_bbp_total_reply_count":0,"_bbp_voice_count":0,"_bbp_anonymous_reply_count":0,"_bbp_topic_count_hidden":0,"_bbp_reply_count_hidden":0,"_bbp_forum_subforum_count":0,"site-sidebar-layout":"default","site-content-layout":"","ast-site-content-layout":"default","site-content-style":"default","site-sidebar-style":"default","ast-global-header-display":"","ast-banner-title-visibility":"","ast-main-header-display":"","ast-hfb-above-header-display":"","ast-hfb-below-header-display":"","ast-hfb-mobile-header-display":"","site-post-title":"","ast-breadcrumbs-content":"","ast-featured-img":"","footer-sml-layout":"","theme-transparent-header-meta":"","adv-header-id-meta":"","stick-header-meta":"","header-above-stick-meta":"","header-main-stick-meta":"","header-below-stick-meta":"","astra-migrate-meta-layouts":"set","ast-page-background-enabled":"default","ast-page-background-meta":{"desktop":{"background-color":"var(--ast-global-color-4)","background-image":"","background-repeat":"repeat","background-position":"center center","background-size":"auto","background-attachment":"scroll","background-type":"","background-media":"","overlay-type":"","overlay-color":"","overlay-opacity":"","overlay-gradient":""},"tablet":{"background-color":"","background-image":"","background-repeat":"repeat","background-position":"center center","background-size":"auto","background-attachment":"scroll","background-type":"","background-media":"","overlay-type":"","overlay-color":"","overlay-opacity":"","overlay-gradient":""},"mobile":{"background-color":"","background-image":"","background-repeat":"repeat","background-position":"center center","background-size":"auto","background-attachment":"scroll","background-type":"","background-media":"","overlay-type":"","overlay-color":"","overlay-opacity":"","overlay-gradient":""}},"ast-content-background-meta":{"desktop":{"background-color":"var(--ast-global-color-5)","background-image":"","background-repeat":"repeat","background-position":"center center","background-size":"auto","background-attachment":"scroll","background-type":"","background-media":"","overlay-type":"","overlay-color":"","overlay-opacity":"","overlay-gradient":""},"tablet":{"background-color":"var(--ast-global-color-5)","background-image":"","background-repeat":"repeat","background-position":"center center","background-size":"auto","background-attachment":"scroll","background-type":"","background-media":"","overlay-type":"","overlay-color":"","overlay-opacity":"","overlay-gradient":""},"mobile":{"background-color":"var(--ast-global-color-5)","background-image":"","background-repeat":"repeat","background-position":"center center","background-size":"auto","background-attachment":"scroll","background-type":"","background-media":"","overlay-type":"","overlay-color":"","overlay-opacity":"","overlay-gradient":""}},"footnotes":""},"class_list":["post-11317","page","type-page","status-publish","hentry"],"post_mailing_queue_ids":[],"_links":{"self":[{"href":"https:\/\/agora.xtec.cat\/ceip-pompeufabra-parets\/wp-json\/wp\/v2\/pages\/11317","targetHints":{"allow":["GET"]}}],"collection":[{"href":"https:\/\/agora.xtec.cat\/ceip-pompeufabra-parets\/wp-json\/wp\/v2\/pages"}],"about":[{"href":"https:\/\/agora.xtec.cat\/ceip-pompeufabra-parets\/wp-json\/wp\/v2\/types\/page"}],"author":[{"embeddable":true,"href":"https:\/\/agora.xtec.cat\/ceip-pompeufabra-parets\/wp-json\/wp\/v2\/users\/22"}],"replies":[{"embeddable":true,"href":"https:\/\/agora.xtec.cat\/ceip-pompeufabra-parets\/wp-json\/wp\/v2\/comments?post=11317"}],"version-history":[{"count":6,"href":"https:\/\/agora.xtec.cat\/ceip-pompeufabra-parets\/wp-json\/wp\/v2\/pages\/11317\/revisions"}],"predecessor-version":[{"id":14974,"href":"https:\/\/agora.xtec.cat\/ceip-pompeufabra-parets\/wp-json\/wp\/v2\/pages\/11317\/revisions\/14974"}],"wp:attachment":[{"href":"https:\/\/agora.xtec.cat\/ceip-pompeufabra-parets\/wp-json\/wp\/v2\/media?parent=11317"}],"curies":[{"name":"wp","href":"https:\/\/api.w.org\/{rel}","templated":true}]}}