{"id":10254,"date":"2019-09-18T20:15:56","date_gmt":"2019-09-18T18:15:56","guid":{"rendered":"http:\/\/agora.xtec.cat\/ceip-pompeufabra-parets\/?page_id=10254"},"modified":"2025-11-20T12:09:15","modified_gmt":"2025-11-20T11:09:15","slug":"mestres","status":"publish","type":"page","link":"https:\/\/agora.xtec.cat\/ceip-pompeufabra-parets\/lescola\/mestres\/","title":{"rendered":"Mestres curs 2025\/26"},"content":{"rendered":"<p>&nbsp;<\/p>\n<p><span style=\"font-family: inherit; font-size: 1em;\"> <a href=\"https:\/\/agora.xtec.cat\/ceip-pompeufabra-parets\/wp-content\/uploads\/usu1289\/2025\/09\/foto-claustre-25-26.jpg\"><img loading=\"lazy\" decoding=\"async\" class=\"aligncenter size-large wp-image-14774\" src=\"https:\/\/agora.xtec.cat\/ceip-pompeufabra-parets\/wp-content\/uploads\/usu1289\/2025\/09\/foto-claustre-25-26-1024x819.jpg\" alt=\"\" width=\"1024\" height=\"819\" srcset=\"https:\/\/agora.xtec.cat\/ceip-pompeufabra-parets\/wp-content\/uploads\/usu1289\/2025\/09\/foto-claustre-25-26-1024x819.jpg 1024w, https:\/\/agora.xtec.cat\/ceip-pompeufabra-parets\/wp-content\/uploads\/usu1289\/2025\/09\/foto-claustre-25-26-300x240.jpg 300w, https:\/\/agora.xtec.cat\/ceip-pompeufabra-parets\/wp-content\/uploads\/usu1289\/2025\/09\/foto-claustre-25-26-768x614.jpg 768w, https:\/\/agora.xtec.cat\/ceip-pompeufabra-parets\/wp-content\/uploads\/usu1289\/2025\/09\/foto-claustre-25-26-1536x1229.jpg 1536w, https:\/\/agora.xtec.cat\/ceip-pompeufabra-parets\/wp-content\/uploads\/usu1289\/2025\/09\/foto-claustre-25-26.jpg 1750w\" sizes=\"auto, (max-width: 1024px) 100vw, 1024px\" \/><\/a><br \/>\n<\/span><\/p>\n<p>&nbsp;<\/p>\n<table width=\"96%\">\n<tbody>\n<tr>\n<td rowspan=\"3\" width=\"24%\"><strong>Equip Directiu<\/strong><\/td>\n<td width=\"75%\">Directora: Montse S\u00e1nchez<\/td>\n<\/tr>\n<tr>\n<td width=\"75%\">Cap d\u2019estudis: Marian de Pedro<\/td>\n<\/tr>\n<tr>\n<td width=\"75%\">Secret\u00e0ria: Eli Danot<\/td>\n<\/tr>\n<\/tbody>\n<\/table>\n<p>&nbsp;<\/p>\n<table width=\"97%\">\n<tbody>\n<tr>\n<td colspan=\"2\" width=\"49%\"><strong>Educaci\u00f3 Infantil<\/strong><\/td>\n<td colspan=\"2\" width=\"50%\"><strong>Educaci\u00f3 Prim\u00e0ria<\/strong><\/td>\n<\/tr>\n<tr>\n<td width=\"10%\">I3<\/td>\n<td width=\"38%\">Jesica Casalderrey<\/td>\n<td width=\"5%\">1r<\/td>\n<td width=\"45%\">Ma Carme Alemany<\/td>\n<\/tr>\n<tr>\n<td width=\"10%\">I4<\/td>\n<td width=\"38%\">Marta Henares<\/td>\n<td width=\"5%\">2n<\/td>\n<td width=\"45%\">Ester Caballero<\/td>\n<\/tr>\n<tr>\n<td width=\"10%\">I5<\/td>\n<td width=\"38%\">Nerea Toledano<\/td>\n<td width=\"5%\">3r<\/td>\n<td width=\"45%\">Carme Carbajal<\/td>\n<\/tr>\n<tr>\n<td width=\"10%\">TEI<\/td>\n<td width=\"38%\">Anna Mora<\/td>\n<td width=\"5%\">4t<\/td>\n<td width=\"45%\">Meritxell Suri\u00f1ach<\/td>\n<\/tr>\n<tr>\n<td colspan=\"2\" rowspan=\"2\" width=\"49%\">&nbsp;<\/td>\n<td width=\"5%\">5\u00e8<\/td>\n<td width=\"45%\">Judith Calzada<\/td>\n<\/tr>\n<tr>\n<td width=\"5%\">6\u00e8<\/td>\n<td width=\"45%\">Juanjo Palos<\/td>\n<\/tr>\n<\/tbody>\n<\/table>\n<p>&nbsp;<\/p>\n<table width=\"96%\">\n<tbody>\n<tr>\n<td rowspan=\"2\" width=\"27%\"><strong>Especialista en llengua anglesa<\/strong><\/td>\n<td width=\"72%\">Merche Melero (INFANTIL I CICLE INICIAL)<\/td>\n<\/tr>\n<tr>\n<td width=\"72%\">Laia Ruzafa\/Ainhoa Cornejo (MITJ\u00c0 I SUPERIOR)<\/td>\n<\/tr>\n<tr>\n<td rowspan=\"5\" width=\"27%\"><strong>Especialistes<\/strong><\/td>\n<td width=\"72%\">Prim\u00e0ria: Marta Gonz\u00e0lez (1\/2 jornada)<\/td>\n<\/tr>\n<tr>\n<td width=\"72%\">M\u00fasica: Aida Barrientos<\/td>\n<\/tr>\n<tr>\n<td width=\"72%\">Especial: Estel Monserd\u00e0<\/td>\n<\/tr>\n<tr>\n<td width=\"72%\">Religi\u00f3: Noem\u00ed Egido<\/td>\n<\/tr>\n<tr>\n<td width=\"72%\">Educaci\u00f3 F\u00edsica: Juanjo Palos<\/td>\n<\/tr>\n<\/tbody>\n<\/table>\n<p>&nbsp;<\/p>\n<table width=\"97%\">\n<tbody>\n<tr>\n<td width=\"54%\"><strong>Coordinadora d\u2019Ed. Infantil<\/strong><\/td>\n<td width=\"45%\">Marta Henares<\/td>\n<\/tr>\n<tr>\n<td width=\"54%\"><strong>Coordinadora d\u2019Ed. Prim\u00e0ria<\/strong><\/td>\n<td width=\"45%\">Judith Calzada<\/td>\n<\/tr>\n<tr>\n<td width=\"54%\"><strong>Coordinadora de Riscos Laborals<\/strong><\/td>\n<td width=\"45%\">&#8211;<\/td>\n<\/tr>\n<tr>\n<td width=\"54%\"><strong>Coordinador Estrat\u00e8gia Digital<\/strong><\/td>\n<td width=\"45%\">Juanjo Palos<\/td>\n<\/tr>\n<tr>\n<td width=\"54%\"><strong>Coordinadora LIC<\/strong><\/td>\n<td width=\"45%\">Estel Monserd\u00e0<\/td>\n<\/tr>\n<tr>\n<td width=\"54%\"><strong>Coordinadora de coeducaci\u00f3, conviv\u00e8ncia i benestar de l&#8217;alumnat<\/strong><\/td>\n<td width=\"45%\">Aida Barrientos<\/td>\n<\/tr>\n<\/tbody>\n<\/table>\n<p>&nbsp;<\/p>\n","protected":false},"excerpt":{"rendered":"<p>&nbsp; &nbsp; Equip Directiu Directora: Montse S\u00e1nchez Cap d\u2019estudis: Marian de Pedro Secret\u00e0ria: Eli Danot &nbsp; Educaci\u00f3 Infantil Educaci\u00f3 Prim\u00e0ria I3 Jesica Casalderrey 1r Ma Carme Alemany I4 Marta Henares 2n Ester Caballero I5 Nerea Toledano 3r Carme Carbajal TEI Anna Mora 4t Meritxell Suri\u00f1ach &nbsp; 5\u00e8 Judith Calzada 6\u00e8 Juanjo Palos &nbsp; Especialista en [&hellip;]<\/p>\n","protected":false},"author":1,"featured_media":0,"parent":22,"menu_order":0,"comment_status":"closed","ping_status":"closed","template":"","meta":{"_bbp_topic_count":0,"_bbp_reply_count":0,"_bbp_total_topic_count":0,"_bbp_total_reply_count":0,"_bbp_voice_count":0,"_bbp_anonymous_reply_count":0,"_bbp_topic_count_hidden":0,"_bbp_reply_count_hidden":0,"_bbp_forum_subforum_count":0,"site-sidebar-layout":"default","site-content-layout":"","ast-site-content-layout":"default","site-content-style":"default","site-sidebar-style":"default","ast-global-header-display":"","ast-banner-title-visibility":"","ast-main-header-display":"","ast-hfb-above-header-display":"","ast-hfb-below-header-display":"","ast-hfb-mobile-header-display":"","site-post-title":"","ast-breadcrumbs-content":"","ast-featured-img":"","footer-sml-layout":"","theme-transparent-header-meta":"default","adv-header-id-meta":"","stick-header-meta":"","header-above-stick-meta":"","header-main-stick-meta":"","header-below-stick-meta":"","astra-migrate-meta-layouts":"set","ast-page-background-enabled":"default","ast-page-background-meta":{"desktop":{"background-color":"var(--ast-global-color-4)","background-image":"","background-repeat":"repeat","background-position":"center center","background-size":"auto","background-attachment":"scroll","background-type":"","background-media":"","overlay-type":"","overlay-color":"","overlay-opacity":"","overlay-gradient":""},"tablet":{"background-color":"","background-image":"","background-repeat":"repeat","background-position":"center center","background-size":"auto","background-attachment":"scroll","background-type":"","background-media":"","overlay-type":"","overlay-color":"","overlay-opacity":"","overlay-gradient":""},"mobile":{"background-color":"","background-image":"","background-repeat":"repeat","background-position":"center center","background-size":"auto","background-attachment":"scroll","background-type":"","background-media":"","overlay-type":"","overlay-color":"","overlay-opacity":"","overlay-gradient":""}},"ast-content-background-meta":{"desktop":{"background-color":"var(--ast-global-color-5)","background-image":"","background-repeat":"repeat","background-position":"center center","background-size":"auto","background-attachment":"scroll","background-type":"","background-media":"","overlay-type":"","overlay-color":"","overlay-opacity":"","overlay-gradient":""},"tablet":{"background-color":"var(--ast-global-color-5)","background-image":"","background-repeat":"repeat","background-position":"center center","background-size":"auto","background-attachment":"scroll","background-type":"","background-media":"","overlay-type":"","overlay-color":"","overlay-opacity":"","overlay-gradient":""},"mobile":{"background-color":"var(--ast-global-color-5)","background-image":"","background-repeat":"repeat","background-position":"center center","background-size":"auto","background-attachment":"scroll","background-type":"","background-media":"","overlay-type":"","overlay-color":"","overlay-opacity":"","overlay-gradient":""}},"footnotes":""},"class_list":["post-10254","page","type-page","status-publish","hentry"],"post_mailing_queue_ids":[],"_links":{"self":[{"href":"https:\/\/agora.xtec.cat\/ceip-pompeufabra-parets\/wp-json\/wp\/v2\/pages\/10254","targetHints":{"allow":["GET"]}}],"collection":[{"href":"https:\/\/agora.xtec.cat\/ceip-pompeufabra-parets\/wp-json\/wp\/v2\/pages"}],"about":[{"href":"https:\/\/agora.xtec.cat\/ceip-pompeufabra-parets\/wp-json\/wp\/v2\/types\/page"}],"author":[{"embeddable":true,"href":"https:\/\/agora.xtec.cat\/ceip-pompeufabra-parets\/wp-json\/wp\/v2\/users\/1"}],"replies":[{"embeddable":true,"href":"https:\/\/agora.xtec.cat\/ceip-pompeufabra-parets\/wp-json\/wp\/v2\/comments?post=10254"}],"version-history":[{"count":8,"href":"https:\/\/agora.xtec.cat\/ceip-pompeufabra-parets\/wp-json\/wp\/v2\/pages\/10254\/revisions"}],"predecessor-version":[{"id":14870,"href":"https:\/\/agora.xtec.cat\/ceip-pompeufabra-parets\/wp-json\/wp\/v2\/pages\/10254\/revisions\/14870"}],"up":[{"embeddable":true,"href":"https:\/\/agora.xtec.cat\/ceip-pompeufabra-parets\/wp-json\/wp\/v2\/pages\/22"}],"wp:attachment":[{"href":"https:\/\/agora.xtec.cat\/ceip-pompeufabra-parets\/wp-json\/wp\/v2\/media?parent=10254"}],"curies":[{"name":"wp","href":"https:\/\/api.w.org\/{rel}","templated":true}]}}