{"id":77,"date":"2014-09-18T14:05:08","date_gmt":"2014-09-18T13:05:08","guid":{"rendered":"http:\/\/agora.xtec.cat\/ceip-pompeufabra-manlleu\/?page_id=77"},"modified":"2025-02-03T16:58:48","modified_gmt":"2025-02-03T15:58:48","slug":"acollida","status":"publish","type":"page","link":"https:\/\/agora.xtec.cat\/ceip-pompeufabra-manlleu\/serveis\/acollida\/","title":{"rendered":"Acollida"},"content":{"rendered":"<div class=\"text\"><\/div>\n<div class=\"text\"><\/div>\n<h2 class=\"text\" style=\"text-align: center;\"><span style=\"text-decoration: underline; color: #000000;\"><strong>\u00a0SERVEI D&#8217;ACOLLIDA MATINAL<a href=\"https:\/\/agora.xtec.cat\/ceip-pompeufabra-manlleu\/wp-content\/uploads\/usu846\/2025\/02\/baixa-2.jpg\"><img loading=\"lazy\" decoding=\"async\" class=\"wp-image-20743 alignright\" src=\"https:\/\/agora.xtec.cat\/ceip-pompeufabra-manlleu\/wp-content\/uploads\/usu846\/2025\/02\/baixa-2.jpg\" alt=\"\" width=\"80\" height=\"80\" srcset=\"https:\/\/agora.xtec.cat\/ceip-pompeufabra-manlleu\/wp-content\/uploads\/usu846\/2025\/02\/baixa-2.jpg 225w, https:\/\/agora.xtec.cat\/ceip-pompeufabra-manlleu\/wp-content\/uploads\/usu846\/2025\/02\/baixa-2-150x150.jpg 150w\" sizes=\"auto, (max-width: 80px) 100vw, 80px\" \/><\/a><\/strong><\/span><\/h2>\n<div><span style=\"color: #000000;\">\u00a0<\/span><\/div>\n<div><span style=\"color: #000000;\">\u00a0<\/span><\/div>\n<div class=\"text\" style=\"text-align: center;\"><span style=\"color: #000000;\">\u00a0<\/span><\/div>\n<div class=\"text\" style=\"text-align: center;\"><span style=\"color: #000000;\">\u00a0<\/span><\/div>\n<h4 class=\"text\" style=\"text-align: left;\"><span style=\"color: #000000;\">Existeix un servei d&#8217;acollida matinal de les<b>\u00a07:45h<\/b>\u00a0a les\u00a0<b>9h\u00a0<\/b>del mat\u00ed.<\/span><br \/>\n<span style=\"color: #000000;\"> Aquest servei est\u00e0 organitzat per l&#8217; AFA\u00a0 i gestionat per Oci L\u00fadic<b>.<\/b><\/span><br \/>\n<span style=\"color: #000000;\"> Els horaris i preus s\u00f3n mensuals:<\/span><\/h4>\n<h4 class=\"text\" style=\"text-align: left;\"><span style=\"color: #000000;\">&#8211; Si l&#8217;horari d&#8217;entrada \u00e9s entre 3\/4 de 8 (7:45h) i 2\/4 de 9 (8:30h) el preu \u00e9s de 30\u00a0euros.<\/span><br \/>\n<span style=\"color: #000000;\"> &#8211; Si l&#8217;horari d&#8217;entrada \u00e9s a partir de 2\/4 de 9 (8:30h) el preu \u00e9s de 20 euros. <\/span><\/h4>\n<h4 class=\"text\" style=\"text-align: left;\"><span style=\"color: #000000;\">Els germans tenen un 10% de descompte. Els i les alumnes que es queden espor\u00e0dicament el preu \u00e9s de 3 euros o 1,5 euros (depenent de la durada). Caldr\u00e0 abonar-ho en el moment de deixar el\/la nen\/a.<\/span><\/h4>\n<div class=\"text\">\n<p><em><span style=\"font-weight: 400;\">El Departament de Feminismes i Igualtat, a trav\u00e9s de l\u2019Ajuntament de Manlleu, subvenciona, sempre que estigui justificada la necessitat, aquest servei.\u00a0<\/span><\/em><\/p>\n<\/div>\n<div class=\"text\"><\/div>\n<div class=\"text\"><\/div>\n","protected":false},"excerpt":{"rendered":"<p>\u00a0SERVEI D&#8217;ACOLLIDA MATINAL \u00a0 \u00a0 \u00a0 \u00a0 Existeix un servei d&#8217;acollida matinal de les\u00a07:45h\u00a0a les\u00a09h\u00a0del mat\u00ed. Aquest servei est\u00e0 organitzat per l&#8217; AFA\u00a0 i gestionat per Oci L\u00fadic. Els horaris i preus s\u00f3n mensuals: &#8211; Si l&#8217;horari d&#8217;entrada \u00e9s entre 3\/4 de 8 (7:45h) i 2\/4 de 9 (8:30h) el preu \u00e9s de 30\u00a0euros. &#8211; [&hellip;]<\/p>\n","protected":false},"author":1,"featured_media":0,"parent":66,"menu_order":20,"comment_status":"closed","ping_status":"closed","template":"page-templates\/side-menu.php","meta":{"_bbp_topic_count":0,"_bbp_reply_count":0,"_bbp_total_topic_count":0,"_bbp_total_reply_count":0,"_bbp_voice_count":0,"_bbp_anonymous_reply_count":0,"_bbp_topic_count_hidden":0,"_bbp_reply_count_hidden":0,"_bbp_forum_subforum_count":0,"site-sidebar-layout":"default","site-content-layout":"","ast-site-content-layout":"","site-content-style":"default","site-sidebar-style":"default","ast-global-header-display":"","ast-banner-title-visibility":"","ast-main-header-display":"","ast-hfb-above-header-display":"","ast-hfb-below-header-display":"","ast-hfb-mobile-header-display":"","site-post-title":"","ast-breadcrumbs-content":"","ast-featured-img":"","footer-sml-layout":"","theme-transparent-header-meta":"","adv-header-id-meta":"","stick-header-meta":"","header-above-stick-meta":"","header-main-stick-meta":"","header-below-stick-meta":"","astra-migrate-meta-layouts":"default","ast-page-background-enabled":"default","ast-page-background-meta":{"desktop":{"background-color":"var(--ast-global-color-4)","background-image":"","background-repeat":"repeat","background-position":"center center","background-size":"auto","background-attachment":"scroll","background-type":"","background-media":"","overlay-type":"","overlay-color":"","overlay-opacity":"","overlay-gradient":""},"tablet":{"background-color":"","background-image":"","background-repeat":"repeat","background-position":"center center","background-size":"auto","background-attachment":"scroll","background-type":"","background-media":"","overlay-type":"","overlay-color":"","overlay-opacity":"","overlay-gradient":""},"mobile":{"background-color":"","background-image":"","background-repeat":"repeat","background-position":"center center","background-size":"auto","background-attachment":"scroll","background-type":"","background-media":"","overlay-type":"","overlay-color":"","overlay-opacity":"","overlay-gradient":""}},"ast-content-background-meta":{"desktop":{"background-color":"var(--ast-global-color-5)","background-image":"","background-repeat":"repeat","background-position":"center center","background-size":"auto","background-attachment":"scroll","background-type":"","background-media":"","overlay-type":"","overlay-color":"","overlay-opacity":"","overlay-gradient":""},"tablet":{"background-color":"var(--ast-global-color-5)","background-image":"","background-repeat":"repeat","background-position":"center center","background-size":"auto","background-attachment":"scroll","background-type":"","background-media":"","overlay-type":"","overlay-color":"","overlay-opacity":"","overlay-gradient":""},"mobile":{"background-color":"var(--ast-global-color-5)","background-image":"","background-repeat":"repeat","background-position":"center center","background-size":"auto","background-attachment":"scroll","background-type":"","background-media":"","overlay-type":"","overlay-color":"","overlay-opacity":"","overlay-gradient":""}},"footnotes":""},"class_list":["post-77","page","type-page","status-publish","hentry"],"post_mailing_queue_ids":[],"_links":{"self":[{"href":"https:\/\/agora.xtec.cat\/ceip-pompeufabra-manlleu\/wp-json\/wp\/v2\/pages\/77","targetHints":{"allow":["GET"]}}],"collection":[{"href":"https:\/\/agora.xtec.cat\/ceip-pompeufabra-manlleu\/wp-json\/wp\/v2\/pages"}],"about":[{"href":"https:\/\/agora.xtec.cat\/ceip-pompeufabra-manlleu\/wp-json\/wp\/v2\/types\/page"}],"author":[{"embeddable":true,"href":"https:\/\/agora.xtec.cat\/ceip-pompeufabra-manlleu\/wp-json\/wp\/v2\/users\/1"}],"replies":[{"embeddable":true,"href":"https:\/\/agora.xtec.cat\/ceip-pompeufabra-manlleu\/wp-json\/wp\/v2\/comments?post=77"}],"version-history":[{"count":7,"href":"https:\/\/agora.xtec.cat\/ceip-pompeufabra-manlleu\/wp-json\/wp\/v2\/pages\/77\/revisions"}],"predecessor-version":[{"id":20752,"href":"https:\/\/agora.xtec.cat\/ceip-pompeufabra-manlleu\/wp-json\/wp\/v2\/pages\/77\/revisions\/20752"}],"up":[{"embeddable":true,"href":"https:\/\/agora.xtec.cat\/ceip-pompeufabra-manlleu\/wp-json\/wp\/v2\/pages\/66"}],"wp:attachment":[{"href":"https:\/\/agora.xtec.cat\/ceip-pompeufabra-manlleu\/wp-json\/wp\/v2\/media?parent=77"}],"curies":[{"name":"wp","href":"https:\/\/api.w.org\/{rel}","templated":true}]}}