{"id":516,"date":"2017-06-19T19:19:34","date_gmt":"2017-06-19T17:19:34","guid":{"rendered":"http:\/\/agora.xtec.cat\/ceip-pompeufabra-manlleu\/?page_id=516"},"modified":"2024-06-21T13:45:59","modified_gmt":"2024-06-21T11:45:59","slug":"ampa","status":"publish","type":"page","link":"https:\/\/agora.xtec.cat\/ceip-pompeufabra-manlleu\/ampa\/","title":{"rendered":"AFA Pompeu Fabra"},"content":{"rendered":"<h5>V\u00eddeo Festa de final de curs 2024<\/h5>\n<p>Aqu\u00ed podeu consultar el v\u00eddeo resum de la festa de final de curs 2024<\/p>\n<p><a href=\"https:\/\/drive.google.com\/file\/d\/1Nv7v6dHfa6ALUfYDdHc-59RdZpooU04e\/view?usp=sharing\"><img loading=\"lazy\" decoding=\"async\" class=\"alignnone size-large wp-image-20285\" src=\"https:\/\/agora.xtec.cat\/ceip-pompeufabra-manlleu\/wp-content\/uploads\/usu846\/2024\/06\/IMG-20240529-WA0002-724x1024.jpg\" alt=\"\" width=\"724\" height=\"1024\" srcset=\"https:\/\/agora.xtec.cat\/ceip-pompeufabra-manlleu\/wp-content\/uploads\/usu846\/2024\/06\/IMG-20240529-WA0002-724x1024.jpg 724w, https:\/\/agora.xtec.cat\/ceip-pompeufabra-manlleu\/wp-content\/uploads\/usu846\/2024\/06\/IMG-20240529-WA0002-212x300.jpg 212w, https:\/\/agora.xtec.cat\/ceip-pompeufabra-manlleu\/wp-content\/uploads\/usu846\/2024\/06\/IMG-20240529-WA0002-768x1086.jpg 768w, https:\/\/agora.xtec.cat\/ceip-pompeufabra-manlleu\/wp-content\/uploads\/usu846\/2024\/06\/IMG-20240529-WA0002-1086x1536.jpg 1086w, https:\/\/agora.xtec.cat\/ceip-pompeufabra-manlleu\/wp-content\/uploads\/usu846\/2024\/06\/IMG-20240529-WA0002.jpg 1131w\" sizes=\"auto, (max-width: 724px) 100vw, 724px\" \/><\/a><\/p>\n<h5><a href=\"https:\/\/drive.google.com\/file\/d\/1Nv7v6dHfa6ALUfYDdHc-59RdZpooU04e\/view?usp=sharing\">Festa final de curs 2024<\/a><\/h5>\n<p>&nbsp;<\/p>\n<h5><\/h5>\n<h5><strong>Festa de final de curs 2022<br \/>\n<\/strong><\/h5>\n<p><img loading=\"lazy\" decoding=\"async\" class=\"alignnone size-large wp-image-17972\" src=\"https:\/\/agora.xtec.cat\/ceip-pompeufabra-manlleu\/wp-content\/uploads\/usu846\/2022\/06\/Festa-de-final-de-curs-2022-724x1024.png\" alt=\"\" width=\"724\" height=\"1024\" srcset=\"https:\/\/agora.xtec.cat\/ceip-pompeufabra-manlleu\/wp-content\/uploads\/usu846\/2022\/06\/Festa-de-final-de-curs-2022-724x1024.png 724w, https:\/\/agora.xtec.cat\/ceip-pompeufabra-manlleu\/wp-content\/uploads\/usu846\/2022\/06\/Festa-de-final-de-curs-2022-212x300.png 212w, https:\/\/agora.xtec.cat\/ceip-pompeufabra-manlleu\/wp-content\/uploads\/usu846\/2022\/06\/Festa-de-final-de-curs-2022-768x1086.png 768w, https:\/\/agora.xtec.cat\/ceip-pompeufabra-manlleu\/wp-content\/uploads\/usu846\/2022\/06\/Festa-de-final-de-curs-2022-1086x1536.png 1086w, https:\/\/agora.xtec.cat\/ceip-pompeufabra-manlleu\/wp-content\/uploads\/usu846\/2022\/06\/Festa-de-final-de-curs-2022-1448x2048.png 1448w, https:\/\/agora.xtec.cat\/ceip-pompeufabra-manlleu\/wp-content\/uploads\/usu846\/2022\/06\/Festa-de-final-de-curs-2022.png 1587w\" sizes=\"auto, (max-width: 724px) 100vw, 724px\" \/><\/p>\n<h5>__________________________________________________________________________<\/h5>\n<p>&nbsp;<\/p>\n<h5><strong>Casal d&#8217;estiu 2022 &#8211; L&#8217;artista ets tu!<br \/>\n<\/strong><\/h5>\n<p><img loading=\"lazy\" decoding=\"async\" class=\"alignnone size-full wp-image-17975\" src=\"https:\/\/agora.xtec.cat\/ceip-pompeufabra-manlleu\/wp-content\/uploads\/usu846\/2022\/06\/Casal2022.jpg\" alt=\"\" width=\"963\" height=\"691\" srcset=\"https:\/\/agora.xtec.cat\/ceip-pompeufabra-manlleu\/wp-content\/uploads\/usu846\/2022\/06\/Casal2022.jpg 963w, https:\/\/agora.xtec.cat\/ceip-pompeufabra-manlleu\/wp-content\/uploads\/usu846\/2022\/06\/Casal2022-300x215.jpg 300w, https:\/\/agora.xtec.cat\/ceip-pompeufabra-manlleu\/wp-content\/uploads\/usu846\/2022\/06\/Casal2022-768x551.jpg 768w\" sizes=\"auto, (max-width: 963px) 100vw, 963px\" \/><\/p>\n<p><img loading=\"lazy\" decoding=\"async\" class=\"alignnone size-full wp-image-17976\" src=\"https:\/\/agora.xtec.cat\/ceip-pompeufabra-manlleu\/wp-content\/uploads\/usu846\/2022\/06\/Casal2022-2.jpg\" alt=\"\" width=\"961\" height=\"690\" srcset=\"https:\/\/agora.xtec.cat\/ceip-pompeufabra-manlleu\/wp-content\/uploads\/usu846\/2022\/06\/Casal2022-2.jpg 961w, https:\/\/agora.xtec.cat\/ceip-pompeufabra-manlleu\/wp-content\/uploads\/usu846\/2022\/06\/Casal2022-2-300x215.jpg 300w, https:\/\/agora.xtec.cat\/ceip-pompeufabra-manlleu\/wp-content\/uploads\/usu846\/2022\/06\/Casal2022-2-768x551.jpg 768w\" sizes=\"auto, (max-width: 961px) 100vw, 961px\" \/><\/p>\n<p><strong>Full d&#8217;inscripci\u00f3:<\/strong><\/p>\n<p><a href=\"https:\/\/agora.xtec.cat\/ceip-pompeufabra-manlleu\/wp-content\/uploads\/usu846\/2022\/06\/full-inscripcio_casal-estiu_pompeu-fabra_v2.pdf\">full inscripcio_casal estiu_pompeu fabra_v2<\/a><\/p>\n<h5>____________________________________________________________________________<\/h5>\n<h5><\/h5>\n<h5><strong>Assemblea General anual de l&#8217;AMPA 2021<br \/>\n<\/strong><\/h5>\n<p>L\u2019AMPA de l\u2019Escola Pompeu Fabra convoca a tots els seus socis i s\u00f2cies a l\u2019Assemblea General Ordin\u00e0ria que se celebrar\u00e0 de forma virtual el dimecres <strong>7 d\u2019octubre de 2021 a les 19.30h<\/strong> (<a href=\"https:\/\/meet.google.com\/csn-ivsw-cds?hs=224\" target=\"_blank\" rel=\"noopener noreferrer\" data-saferedirecturl=\"https:\/\/www.google.com\/url?q=https:\/\/meet.google.com\/csn-ivsw-cds?hs%3D224&amp;source=gmail&amp;ust=1644745948091000&amp;usg=AOvVaw2P0_HSfhv9oGbjKXHYH2b8\">meet.google.com\/csn-ivsw-cds<\/a>).<\/p>\n<p>L\u2019ordre del dia ser\u00e0 el seg\u00fcent:<\/p>\n<ul>\n<li>Composici\u00f3 de l&#8217;AMPA<\/li>\n<li>Qu\u00e8 fa l&#8217;AMPA<\/li>\n<li>Relaci\u00f3 d\u2019activitats de l\u2019AMPA durant el curs 20-21<\/li>\n<li>Estat de comptes del curs 20-21<\/li>\n<li>Pressupost i previsi\u00f3 d\u2019activitats pel curs 20-21<\/li>\n<li>Canvi de nom de AMPA a AFA.<\/li>\n<li>Precs i preguntes.<\/li>\n<li>Crida a la participaci\u00f3.<\/li>\n<\/ul>\n<p>Manlleu, 22 de setembre de 2021<\/p>\n<h5>__________________________________________________________________________________<\/h5>\n<h5><strong>Assemblea General anual de l&#8217;AMPA 2020<br \/>\n<\/strong><\/h5>\n<p>L\u2019AMPA de l\u2019Escola Pompeu Fabra convoca a tots els seus socis i s\u00f2cies a l\u2019Assemblea General Ordin\u00e0ria que se celebrar\u00e0 de forma virtual el dimecres <strong>7 d\u2019octubre de 2020 a les 20h<\/strong> (<a href=\"http:\/\/meet.google.com\/wbp-tvgs-dwp\"><span class=\"JtukPc\">meet.google.com\/wbp-tvgs-dwp<\/span><\/a>).<\/p>\n<p>L\u2019ordre del dia ser\u00e0 el seg\u00fcent:<\/p>\n<ul>\n<li>Composici\u00f3 de l&#8217;AMPA<\/li>\n<li>Qu\u00e8 fa l&#8217;AMPA<\/li>\n<li>Relaci\u00f3 d\u2019activitats de l\u2019AMPA durant el curs 19-20<\/li>\n<li>Estat de comptes del curs 19-20<\/li>\n<li>Pressupost i previsi\u00f3 d\u2019activitats pel curs 19-20<\/li>\n<li>Canvi de nom de AMPA a AFA.<\/li>\n<li>Precs i preguntes.<\/li>\n<li>Crida a la participaci\u00f3.<\/li>\n<\/ul>\n<p>Manlleu, 20 de setembre de 2020<\/p>\n<h5>__________________________________________________________________________________<\/h5>\n<h5><strong>Delegats\/des de classe<\/strong><\/h5>\n<p>Benvolgudes fam\u00edlies,<\/p>\n<p>Per fer front als reptes d\u2019aquest curs que comencem, creiem que ser\u00e0 m\u00e9s important que mai que hi hagi <strong>col\u00b7laboraci\u00f3 i confian\u00e7a entre l\u2019escola i les fam\u00edlies<\/strong>. I per aconseguir-ho veiem imprescindible que hi hagi una <strong>bona comunicaci\u00f3<\/strong>. Estem en un escenari molt canviant i durant el curs podem rebre moltes informacions que cal que arribin a tothom de forma r\u00e0pida. Aix\u00ed com tamb\u00e9 ser\u00e0 molt important respondre amb celeritat els dubtes que vagin sorgint a les fam\u00edlies.<\/p>\n<p>Des de l\u2019escola i l\u2019AMPA pensem que per facilitar aquesta comunicaci\u00f3 \u00e9s molt important un enlla\u00e7 actiu entre les fam\u00edlies i l\u2019escola. Per aquest motiu veiem necess\u00e0ria la creaci\u00f3 de la figura del<strong> delegat\/da de classe<\/strong>.<\/p>\n<p>El <strong>delegat\/da \u00e9s un pare, mare o tutor\/a<\/strong> que fa d\u2019enlla\u00e7 entre les fam\u00edlies del grup-classe, l\u2019escola (equip directiu i tutors\/es) i l\u2019AMPA. Les principals funcions que realitza s\u00f3n:<\/p>\n<ul>\n<li>Informar a les fam\u00edlies del seu grup classe d\u2019aquells aspectes que es determini des de l\u2019AMPA i l\u2019escola.<\/li>\n<li>Canalitzar les inquietuds, suggeriments, necessitats i interessos generals de les fam\u00edlies del seu grup-classe cap a l\u2019escola i l\u2019AMPA.<\/li>\n<\/ul>\n<p>Tamb\u00e9 ser\u00e0 una forma d\u2019aconseguir una major representativitat de les fam\u00edlies de cada classe dins l\u2019organitzaci\u00f3\u00a0de l\u2019escola i tamb\u00e9 dins l\u2019AMPA, ja que els delegats\/des formaran part de l\u2019AMPA com a col\u00b7laboradors.<\/p>\n<p>La comunicaci\u00f3 dels delegats\/des amb les fam\u00edlies del grup-classe per transmetre informaci\u00f3 es far\u00e0 preferentment mitjan\u00e7ant els grups de WhatsApp. A nivell individual cada fam\u00edlia pot comunicar-se amb el delegat\/da de la forma acordada que els sigui m\u00e9s f\u00e0cil.<\/p>\n<p><strong>Com es pot ser Delegat\/da<br \/>\n<\/strong><\/p>\n<p>Presentant-se com a voluntari\/a enviant un correu a <a href=\"mailto:ampa@escolapompeufabra.org\"><strong>ampa@escolapompeufabra.org<\/strong><\/a> i donant les seves dades de contacte:<\/p>\n<ul>\n<li>Nom i cognoms<\/li>\n<li>Grup-classe al que representa<\/li>\n<li>Tel\u00e8fon m\u00f2bil<\/li>\n<\/ul>\n<p>Hi poden haver dos delegats\/es per classe si es dona el cas que m\u00e9s d\u2019una persona vol assumir aquest rol. En el cas de que hi hagi m\u00e9s voluntaris s\u2019intentar\u00e0 arribar a un consens entre les parts i, si no fos possible, a una votaci\u00f3 entre les fam\u00edlies de la classe.<\/p>\n<p>Una vegada escollits es publicar\u00e0 el llistat complet de delegats\/des perqu\u00e8 en tinguin coneixement escola i fam\u00edlies.<\/p>\n<h6><a href=\"https:\/\/agora.xtec.cat\/ceip-pompeufabra-manlleu\/wp-content\/uploads\/usu846\/2020\/09\/Funcionament-delegats-delegades.pdf\">Document funcionament delegats-delegades<\/a><\/h6>\n<p>&nbsp;<\/p>\n<p><strong>\u00das dels grups de WhatsApp<\/strong><\/p>\n<p>Recomanem a les fam\u00edlies que formin part dels grups de WhatsApp de curs\/classe i que en facin un bon \u00fas. \u00c9s una eina r\u00e0pida i efica\u00e7 \u00a0per resoldre dubtes i rebre informacions que facilita la comunicaci\u00f3, tan necess\u00e0ria aquest curs. Demanem per\u00f2 que nom\u00e9s es facin servir per aspectes directament relacionats amb l\u2019escola.<\/p>\n<h6><a href=\"https:\/\/agora.xtec.cat\/ceip-pompeufabra-manlleu\/wp-content\/uploads\/usu846\/2020\/09\/Consells-\u00fas-dels-grups-de-WhatsApp.pdf\">Document consells \u00fas dels grups de WhatsApp<\/a><\/h6>\n<p>&nbsp;<\/p>\n<p>Moltes gr\u00e0cies per la vostra col\u00b7laboraci\u00f3.<\/p>\n<p><strong>Aprofitem per desitjar un bon inici de curs a tothom!<\/strong><\/p>\n<p>Setembre 2020<\/p>\n<h5><\/h5>\n<h5>__________________________________________________________________________________<\/h5>\n<h5>Casal d&#8217;Estiu 2020<\/h5>\n<p>INSCRIPCIONS: <a href=\"https:\/\/docs.google.com\/forms\/d\/e\/1FAIpQLSd0MTf_sxJNX9OaY6LWY7ZFdujMir5yHyLr2v2zmjLxJNKpIQ\/viewform?usp=sf_link\" target=\"_blank\" rel=\"noopener noreferrer\" data-saferedirecturl=\"https:\/\/www.google.com\/url?q=https:\/\/docs.google.com\/forms\/d\/e\/1FAIpQLSd0MTf_sxJNX9OaY6LWY7ZFdujMir5yHyLr2v2zmjLxJNKpIQ\/viewform?usp%3Dsf_link&amp;source=gmail&amp;ust=1590559322246000&amp;usg=AFQjCNGb8bLUJGoZnEN2avaLJAXDvUSg2A\">https:\/\/docs.google.com\/forms\/<wbr \/>d\/e\/1FAIpQLSd0MTf_<wbr \/>sxJNX9OaY6LWY7ZFdujMir5yHyLr2v<wbr \/>2zmjLxJNKpIQ\/viewform?usp=sf_<wbr \/>link<\/a><\/p>\n<p><a href=\"https:\/\/agora.xtec.cat\/ceip-pompeufabra-manlleu\/wp-content\/uploads\/usu846\/2020\/05\/Casal3.jpg\"><img loading=\"lazy\" decoding=\"async\" class=\"alignnone size-full wp-image-14326\" src=\"https:\/\/agora.xtec.cat\/ceip-pompeufabra-manlleu\/wp-content\/uploads\/usu846\/2020\/05\/Casal3.jpg\" alt=\"\" width=\"588\" height=\"824\" srcset=\"https:\/\/agora.xtec.cat\/ceip-pompeufabra-manlleu\/wp-content\/uploads\/usu846\/2020\/05\/Casal3.jpg 588w, https:\/\/agora.xtec.cat\/ceip-pompeufabra-manlleu\/wp-content\/uploads\/usu846\/2020\/05\/Casal3-214x300.jpg 214w\" sizes=\"auto, (max-width: 588px) 100vw, 588px\" \/><\/a><\/p>\n<p><a href=\"https:\/\/agora.xtec.cat\/ceip-pompeufabra-manlleu\/wp-content\/uploads\/usu846\/2020\/05\/Casal2.jpg\"><img loading=\"lazy\" decoding=\"async\" class=\"alignnone size-full wp-image-14325\" src=\"https:\/\/agora.xtec.cat\/ceip-pompeufabra-manlleu\/wp-content\/uploads\/usu846\/2020\/05\/Casal2.jpg\" alt=\"\" width=\"596\" height=\"821\" srcset=\"https:\/\/agora.xtec.cat\/ceip-pompeufabra-manlleu\/wp-content\/uploads\/usu846\/2020\/05\/Casal2.jpg 596w, https:\/\/agora.xtec.cat\/ceip-pompeufabra-manlleu\/wp-content\/uploads\/usu846\/2020\/05\/Casal2-218x300.jpg 218w\" sizes=\"auto, (max-width: 596px) 100vw, 596px\" \/><\/a> <a href=\"https:\/\/agora.xtec.cat\/ceip-pompeufabra-manlleu\/wp-content\/uploads\/usu846\/2020\/05\/Casal.jpg\"><img loading=\"lazy\" decoding=\"async\" class=\"alignnone size-full wp-image-14324\" src=\"https:\/\/agora.xtec.cat\/ceip-pompeufabra-manlleu\/wp-content\/uploads\/usu846\/2020\/05\/Casal.jpg\" alt=\"\" width=\"597\" height=\"823\" srcset=\"https:\/\/agora.xtec.cat\/ceip-pompeufabra-manlleu\/wp-content\/uploads\/usu846\/2020\/05\/Casal.jpg 597w, https:\/\/agora.xtec.cat\/ceip-pompeufabra-manlleu\/wp-content\/uploads\/usu846\/2020\/05\/Casal-218x300.jpg 218w\" sizes=\"auto, (max-width: 597px) 100vw, 597px\" \/><\/a><\/p>\n<p>&nbsp;<\/p>\n<p>&nbsp;<\/p>\n<h5>__________________________________________________________________________________<\/h5>\n<h5><strong>Nova junta de l&#8217;AMPA<\/strong><\/h5>\n<p>El passat dijous 3 d&#8217;octubre es va celebrar l&#8217;Assemblea Extraordin\u00e0ria per renovar la Junta de l&#8217;AMPA.<\/p>\n<p>La nova Junta est\u00e0 formada per:<\/p>\n<ul>\n<li><strong>President<\/strong>: Xevi Comas<\/li>\n<li><strong>Vicepresidenta<\/strong>: Isa Arrey<\/li>\n<li><strong>Secret\u00e0ria<\/strong>: Mariona Gavald\u00e0<\/li>\n<li><strong>Tresorera<\/strong>: Pili Camps<\/li>\n<li><strong>Vocals<\/strong>: Camelia Stingaciu, Manoli Hidalgo, Vanessa Vargas, N\u00faria Collelldemont, Raquel Salvans, Anna Casals, Tat Jurado, Anna Diaz, Carlos Cano, Ester Uy\u00e1, Gemma Bl\u00e1zquez i H\u00e9ctor Ortiz.<\/li>\n<\/ul>\n<p>Us recordem que l\u2019AMPA est\u00e0 oberta a tothom i que hi podeu participar assistint a les reunions mensuals o fent arribar les vostres propostes, idees, suggeriments, queixes, preocupacions\u2026 a trav\u00e9s del correu electr\u00f2nic\u00a0<strong>ampa@escolapompeufabra.org<\/strong><\/p>\n<h5>__________________________________________________________________________________<\/h5>\n<h5><\/h5>\n<h5 style=\"text-align: justify;\"><strong>Assemblea General Extraordin\u00e0ria<\/strong><strong> \u00a0<\/strong><\/h5>\n<p style=\"text-align: justify;\">L&#8217;AMPA de l&#8217;Escola Pompeu Fabra convoca a tots els seus socis i s\u00f2cies a l&#8217;Assemblea General Extraordin\u00e0ria que se celebrar\u00e0 a la Biblioteca de l&#8217;Escola el <strong>dijous 3 d&#8217;octubre a les 20.30h<\/strong> <strong>en<\/strong> <strong>primera convocat\u00f2ria<\/strong> i <strong>a les 20.45h en segona convocat\u00f2ria<\/strong>. L&#8217;ordre del dia ser\u00e0 el seg\u00fcent:<b><\/b><\/p>\n<ul>\n<li>Renovaci\u00f3 de c\u00e0rrecs de la Junta.<\/li>\n<li>Informacions de principi de curs<\/li>\n<\/ul>\n<p>Despr\u00e9s de l&#8217;assemblea es far\u00e0 la reuni\u00f3 mensual de l&#8217;AMPA.<\/p>\n<h5>__________________________________________________________________________________<\/h5>\n<p>&nbsp;<\/p>\n<p><span style=\"color: #800080;\"><a href=\"https:\/\/agora.xtec.cat\/ceip-pompeufabra-manlleu\/wp-content\/uploads\/usu846\/2019\/09\/Ajudans-a-fer-cr\u00e9ixer-lAMPA-v2.png\"><img loading=\"lazy\" decoding=\"async\" class=\"wp-image-10515 alignnone\" src=\"https:\/\/agora.xtec.cat\/ceip-pompeufabra-manlleu\/wp-content\/uploads\/usu846\/2019\/09\/Ajudans-a-fer-cr\u00e9ixer-lAMPA-v2-724x1024.png\" alt=\"\" width=\"424\" height=\"600\" srcset=\"https:\/\/agora.xtec.cat\/ceip-pompeufabra-manlleu\/wp-content\/uploads\/usu846\/2019\/09\/Ajudans-a-fer-cr\u00e9ixer-lAMPA-v2-724x1024.png 724w, https:\/\/agora.xtec.cat\/ceip-pompeufabra-manlleu\/wp-content\/uploads\/usu846\/2019\/09\/Ajudans-a-fer-cr\u00e9ixer-lAMPA-v2-212x300.png 212w, https:\/\/agora.xtec.cat\/ceip-pompeufabra-manlleu\/wp-content\/uploads\/usu846\/2019\/09\/Ajudans-a-fer-cr\u00e9ixer-lAMPA-v2-768x1086.png 768w, https:\/\/agora.xtec.cat\/ceip-pompeufabra-manlleu\/wp-content\/uploads\/usu846\/2019\/09\/Ajudans-a-fer-cr\u00e9ixer-lAMPA-v2.png 1587w\" sizes=\"auto, (max-width: 424px) 100vw, 424px\" \/><\/a><\/span><\/p>\n<h5>________________________________________________________________________________<\/h5>\n<h5><\/h5>\n<h5 style=\"text-align: justify;\"><strong>Nou canal de Telegram de l\u2019AMPA<\/strong><strong>\u00a0 <a href=\"https:\/\/agora.xtec.cat\/ceip-pompeufabra-manlleu\/wp-content\/uploads\/usu846\/2019\/09\/Telegram.jpg\"><img loading=\"lazy\" decoding=\"async\" class=\"wp-image-10520 alignright\" src=\"https:\/\/agora.xtec.cat\/ceip-pompeufabra-manlleu\/wp-content\/uploads\/usu846\/2019\/09\/Telegram-150x150.jpg\" alt=\"\" width=\"90\" height=\"90\" srcset=\"https:\/\/agora.xtec.cat\/ceip-pompeufabra-manlleu\/wp-content\/uploads\/usu846\/2019\/09\/Telegram-150x150.jpg 150w, https:\/\/agora.xtec.cat\/ceip-pompeufabra-manlleu\/wp-content\/uploads\/usu846\/2019\/09\/Telegram.jpg 246w\" sizes=\"auto, (max-width: 90px) 100vw, 90px\" \/><\/a><\/strong><\/h5>\n<p style=\"text-align: justify;\">El<strong>\u00a0TELEGRAM<\/strong>\u00a0\u00e9s una aplicaci\u00f3 m\u00f2bil totalment gratu\u00efta i es pot fer servir en tots els dispositius m\u00f2bils intel\u00b7ligents. Com a caracter\u00edstiques b\u00e0siques ens permet\u00a0assegurar l\u2019anonimat de totes les persones que hi participin al canal de l\u2019AMPA i la comunicaci\u00f3 unidireccional (l\u2019AMPA enviar\u00e0 missatges per\u00f2 no es podr\u00e0 establir\u00a0cap tipus de di\u00e0leg, l\u2019aplicaci\u00f3 no ho permet).<\/p>\n<p style=\"text-align: justify;\">Esperem d\u2019aquesta manera arribar a m\u00e9s fam\u00edlies i que tothom tingui la informaci\u00f3 necess\u00e0ria.<\/p>\n<p style=\"text-align: justify;\">Us expliquem pas a pas com descarregar-vos l\u2019aplicaci\u00f3 al vostre dispositiu i com unir-se al canal de comunicaci\u00f3 de l\u2019AMPA en aquest <a href=\"https:\/\/agora.xtec.cat\/ceip-pompeufabra-manlleu\/ampa\/noticies\/\">enlla\u00e7<\/a>.<\/p>\n","protected":false},"excerpt":{"rendered":"<p>V\u00eddeo Festa de final de curs 2024 Aqu\u00ed podeu consultar el v\u00eddeo resum de la festa de final de curs 2024 Festa final de curs 2024 &nbsp; Festa de final de curs 2022 __________________________________________________________________________ &nbsp; Casal d&#8217;estiu 2022 &#8211; L&#8217;artista ets tu! Full d&#8217;inscripci\u00f3: full inscripcio_casal estiu_pompeu fabra_v2 ____________________________________________________________________________ Assemblea General anual de l&#8217;AMPA 2021 [&hellip;]<\/p>\n","protected":false},"author":1,"featured_media":0,"parent":0,"menu_order":0,"comment_status":"closed","ping_status":"closed","template":"","meta":{"_bbp_topic_count":0,"_bbp_reply_count":0,"_bbp_total_topic_count":0,"_bbp_total_reply_count":0,"_bbp_voice_count":0,"_bbp_anonymous_reply_count":0,"_bbp_topic_count_hidden":0,"_bbp_reply_count_hidden":0,"_bbp_forum_subforum_count":0,"site-sidebar-layout":"default","site-content-layout":"","ast-site-content-layout":"","site-content-style":"default","site-sidebar-style":"default","ast-global-header-display":"","ast-banner-title-visibility":"","ast-main-header-display":"","ast-hfb-above-header-display":"","ast-hfb-below-header-display":"","ast-hfb-mobile-header-display":"","site-post-title":"","ast-breadcrumbs-content":"","ast-featured-img":"","footer-sml-layout":"","theme-transparent-header-meta":"","adv-header-id-meta":"","stick-header-meta":"","header-above-stick-meta":"","header-main-stick-meta":"","header-below-stick-meta":"","astra-migrate-meta-layouts":"default","ast-page-background-enabled":"default","ast-page-background-meta":{"desktop":{"background-color":"var(--ast-global-color-4)","background-image":"","background-repeat":"repeat","background-position":"center center","background-size":"auto","background-attachment":"scroll","background-type":"","background-media":"","overlay-type":"","overlay-color":"","overlay-opacity":"","overlay-gradient":""},"tablet":{"background-color":"","background-image":"","background-repeat":"repeat","background-position":"center center","background-size":"auto","background-attachment":"scroll","background-type":"","background-media":"","overlay-type":"","overlay-color":"","overlay-opacity":"","overlay-gradient":""},"mobile":{"background-color":"","background-image":"","background-repeat":"repeat","background-position":"center center","background-size":"auto","background-attachment":"scroll","background-type":"","background-media":"","overlay-type":"","overlay-color":"","overlay-opacity":"","overlay-gradient":""}},"ast-content-background-meta":{"desktop":{"background-color":"var(--ast-global-color-5)","background-image":"","background-repeat":"repeat","background-position":"center center","background-size":"auto","background-attachment":"scroll","background-type":"","background-media":"","overlay-type":"","overlay-color":"","overlay-opacity":"","overlay-gradient":""},"tablet":{"background-color":"var(--ast-global-color-5)","background-image":"","background-repeat":"repeat","background-position":"center center","background-size":"auto","background-attachment":"scroll","background-type":"","background-media":"","overlay-type":"","overlay-color":"","overlay-opacity":"","overlay-gradient":""},"mobile":{"background-color":"var(--ast-global-color-5)","background-image":"","background-repeat":"repeat","background-position":"center center","background-size":"auto","background-attachment":"scroll","background-type":"","background-media":"","overlay-type":"","overlay-color":"","overlay-opacity":"","overlay-gradient":""}},"footnotes":""},"class_list":["post-516","page","type-page","status-publish","hentry"],"post_mailing_queue_ids":[],"_links":{"self":[{"href":"https:\/\/agora.xtec.cat\/ceip-pompeufabra-manlleu\/wp-json\/wp\/v2\/pages\/516","targetHints":{"allow":["GET"]}}],"collection":[{"href":"https:\/\/agora.xtec.cat\/ceip-pompeufabra-manlleu\/wp-json\/wp\/v2\/pages"}],"about":[{"href":"https:\/\/agora.xtec.cat\/ceip-pompeufabra-manlleu\/wp-json\/wp\/v2\/types\/page"}],"author":[{"embeddable":true,"href":"https:\/\/agora.xtec.cat\/ceip-pompeufabra-manlleu\/wp-json\/wp\/v2\/users\/1"}],"replies":[{"embeddable":true,"href":"https:\/\/agora.xtec.cat\/ceip-pompeufabra-manlleu\/wp-json\/wp\/v2\/comments?post=516"}],"version-history":[{"count":6,"href":"https:\/\/agora.xtec.cat\/ceip-pompeufabra-manlleu\/wp-json\/wp\/v2\/pages\/516\/revisions"}],"predecessor-version":[{"id":20289,"href":"https:\/\/agora.xtec.cat\/ceip-pompeufabra-manlleu\/wp-json\/wp\/v2\/pages\/516\/revisions\/20289"}],"wp:attachment":[{"href":"https:\/\/agora.xtec.cat\/ceip-pompeufabra-manlleu\/wp-json\/wp\/v2\/media?parent=516"}],"curies":[{"name":"wp","href":"https:\/\/api.w.org\/{rel}","templated":true}]}}