{"id":491,"date":"2017-06-19T09:57:24","date_gmt":"2017-06-19T07:57:24","guid":{"rendered":"http:\/\/agora.xtec.cat\/ceip-pompeufabra-manlleu\/?page_id=491"},"modified":"2025-10-14T14:03:57","modified_gmt":"2025-10-14T12:03:57","slug":"equip-docent","status":"publish","type":"page","link":"https:\/\/agora.xtec.cat\/ceip-pompeufabra-manlleu\/equip-docent\/","title":{"rendered":"Equip Docent curs 2024-25"},"content":{"rendered":"<div id=\"primary\">\n<div id=\"content\" role=\"main\">\n<div id=\"contingut_central_frontpage\">\n<article id=\"post-18088\">\n<table style=\"border-collapse: collapse; width: 86.5577%; height: 925px;\">\n<tbody>\n<tr style=\"height: 32px;\">\n<td style=\"width: 26.8107%; height: 32px;\">I3 A<\/td>\n<td style=\"width: 26.0093%; height: 32px;\">Eva Florido<\/td>\n<td style=\"width: 54.0092%; height: 224px;\" rowspan=\"7\">Jordina Toneu, Anna Teixid\u00f3, N\u00faria Rif\u00e0,\u00a0 Carla S\u00e1nchez,\u00a0 Anna Mart\u00edn i Anna Casas.<\/td>\n<\/tr>\n<tr style=\"height: 32px;\">\n<td style=\"width: 26.8107%; height: 32px;\">I3 B<\/td>\n<td style=\"width: 26.0093%; height: 32px;\">Griselda Surinyac<\/td>\n<\/tr>\n<tr style=\"height: 32px;\">\n<td style=\"width: 26.8107%; height: 32px;\">TEI<\/td>\n<td style=\"width: 26.0093%; height: 32px;\">Maria Garcia-Talavera<\/td>\n<\/tr>\n<tr style=\"height: 32px;\">\n<td style=\"width: 26.8107%; height: 32px;\">I4 A<\/td>\n<td style=\"width: 26.0093%; height: 32px;\">Mario Mosull<\/td>\n<\/tr>\n<tr style=\"height: 32px;\">\n<td style=\"width: 26.8107%; height: 32px;\">I4 B<\/td>\n<td style=\"width: 26.0093%; height: 32px;\">Laia Solsona<\/td>\n<\/tr>\n<tr style=\"height: 32px;\">\n<td style=\"width: 26.8107%; height: 32px;\">I5 A<\/td>\n<td style=\"width: 26.0093%; height: 32px;\">Laura S\u00f2ria<\/td>\n<\/tr>\n<tr style=\"height: 32px;\">\n<td style=\"width: 26.8107%; height: 32px;\">I5 B<\/td>\n<td style=\"width: 26.0093%; height: 32px;\">Marina Morales<\/td>\n<\/tr>\n<tr style=\"height: 32px;\">\n<td style=\"width: 26.8107%; height: 32px;\">1r A<\/td>\n<td style=\"width: 26.0093%; height: 32px;\">Marc Prat<\/td>\n<td style=\"width: 54.0092%; height: 127px;\" rowspan=\"4\">Judit Aumatell, Tania Gallardo, Toni Rovir\u00f3, Iris Codina i Albert Barrero<\/td>\n<\/tr>\n<tr style=\"height: 32px;\">\n<td style=\"width: 26.8107%; height: 32px;\">1r B<\/td>\n<td style=\"width: 26.0093%; height: 32px;\">Cristina Bruguera<\/td>\n<\/tr>\n<tr style=\"height: 31px;\">\n<td style=\"width: 26.8107%; height: 31px;\">2n A<\/td>\n<td style=\"width: 26.0093%; height: 31px;\">Carme Cubillas<\/td>\n<\/tr>\n<tr style=\"height: 32px;\">\n<td style=\"width: 26.8107%; height: 32px;\">2n B<\/td>\n<td style=\"width: 26.0093%; height: 32px;\">Maite Moral<\/td>\n<\/tr>\n<tr style=\"height: 32px;\">\n<td style=\"width: 26.8107%; height: 32px;\">3r A<\/td>\n<td style=\"width: 26.0093%; height: 32px;\">Eva Calv\u00e9s<\/td>\n<td style=\"width: 54.0092%; height: 160px;\" rowspan=\"5\">Iris Codina, Joan Camps, Anna M. Taulero, Cristina Casas, Ferran Fontarnau, Iris La Rosa, Laura Soriano i Montse Moreno<\/td>\n<\/tr>\n<tr style=\"height: 32px;\">\n<td style=\"width: 26.8107%; height: 32px;\">3r B<\/td>\n<td style=\"width: 26.0093%; height: 32px;\">Sonsoles Mart\u00ednez<\/td>\n<\/tr>\n<tr style=\"height: 32px;\">\n<td style=\"width: 26.8107%; height: 32px;\">3r C<\/td>\n<td style=\"width: 26.0093%; height: 32px;\">Magda Albi<\/td>\n<\/tr>\n<tr style=\"height: 32px;\">\n<td style=\"width: 26.8107%; height: 32px;\">4t A<\/td>\n<td style=\"width: 26.0093%; height: 32px;\">Teresa Codinach<\/td>\n<\/tr>\n<tr style=\"height: 32px;\">\n<td style=\"width: 26.8107%; height: 32px;\">4t B<\/td>\n<td style=\"width: 26.0093%; height: 32px;\">Anna Muntal<\/td>\n<\/tr>\n<tr style=\"height: 32px;\">\n<td style=\"width: 26.8107%; height: 32px;\">5\u00e8 A<\/td>\n<td style=\"width: 26.0093%; height: 32px;\">Roger Usart<\/td>\n<td style=\"width: 54.0092%; height: 128px;\" rowspan=\"4\">Ferran Fontarnau, Yolanda Vil\u00e0, Eloi Bertran i Rosa Fossas<\/td>\n<\/tr>\n<tr style=\"height: 32px;\">\n<td style=\"width: 26.8107%; height: 32px;\">5\u00e8 B<\/td>\n<td style=\"width: 26.0093%; height: 32px;\">Llu\u00eds Bov\u00e9<\/td>\n<\/tr>\n<tr style=\"height: 32px;\">\n<td style=\"width: 26.8107%; height: 32px;\">6\u00e8 A<\/td>\n<td style=\"width: 26.0093%; height: 32px;\">Ariadna Romeu<\/td>\n<\/tr>\n<tr style=\"height: 32px;\">\n<td style=\"width: 26.8107%; height: 32px;\">6\u00e8 B<\/td>\n<td style=\"width: 26.0093%; height: 32px;\">Vanesa Castany<\/td>\n<\/tr>\n<tr style=\"height: 32px;\">\n<td style=\"width: 26.8107%; height: 32px;\">Aula d&#8217;acollida<\/td>\n<td style=\"width: 80.0185%; height: 32px;\" colspan=\"2\">Montse Moreno<\/td>\n<\/tr>\n<tr style=\"height: 32px;\">\n<td style=\"width: 26.8107%; height: 32px;\">M\u00fasica<\/td>\n<td style=\"height: 32px; width: 80.0185%;\" colspan=\"2\">Toni Rovir\u00f3 i Anna Mart\u00edn<\/td>\n<\/tr>\n<tr style=\"height: 32px;\">\n<td style=\"width: 26.8107%; height: 32px;\">Educaci\u00f3 F\u00edsica<\/td>\n<td style=\"width: 80.0185%; height: 32px;\" colspan=\"2\">Albert Barrero, Ferran Fontarnau i Joan Camps<\/td>\n<\/tr>\n<tr style=\"height: 32px;\">\n<td style=\"width: 26.8107%; height: 32px;\">Religi\u00f3<\/td>\n<td style=\"height: 32px; width: 80.0185%;\" colspan=\"2\">Rosa Fossas<\/td>\n<\/tr>\n<tr style=\"height: 32px;\">\n<td style=\"width: 26.8107%; height: 32px;\">Angl\u00e8s<\/td>\n<td style=\"width: 80.0185%; height: 32px;\" colspan=\"2\">Yolanda Vil\u00e0, Iris Codina i Carla S\u00e1nchez.<\/td>\n<\/tr>\n<tr style=\"height: 47px;\">\n<td style=\"width: 26.8107%; height: 47px;\">Educaci\u00f3 Especial<\/td>\n<td style=\"width: 80.0185%; height: 47px;\" colspan=\"2\">Merc\u00e8 Rif\u00e0 i Berta Puig.<\/td>\n<\/tr>\n<tr style=\"height: 47px;\">\n<td style=\"width: 26.8107%; height: 47px;\">Auxiliar d&#8217;Ed. Especial<\/td>\n<td style=\"width: 80.0185%; height: 47px;\" colspan=\"2\">Ruth Polo i Ruth Turon.<\/td>\n<\/tr>\n<tr style=\"height: 32px;\">\n<td style=\"width: 26.8107%; height: 32px;\">TIS<\/td>\n<td style=\"width: 80.0185%; height: 32px;\" colspan=\"2\">Ferran Llagostera.<\/td>\n<\/tr>\n<\/tbody>\n<\/table>\n<pre><\/pre>\n<pre><\/pre>\n<\/article>\n<\/div>\n<div id=\"sidebar-frontpage\" role=\"complementary\">\n<div id=\"sidebar-frontpage-inner\">\n<div id=\"text-9\"><\/div>\n<div id=\"text-11\"><\/div>\n<\/div>\n<\/div>\n<\/div>\n<\/div>\n<footer id=\"footer\" class=\"site-footer\" role=\"contentinfo\">\n<div class=\"row\">\n<div class=\"large-12 small-12 columns\">\n<div class=\"inner-footer\">\n<div class=\"row\">\n<div class=\"large-12 small-12 columns\">\n<div id=\"sidebar-footer\" class=\"sidebar\" role=\"complementary\"><\/div>\n<\/div>\n<\/div>\n<\/div>\n<\/div>\n<\/div>\n<\/footer>\n","protected":false},"excerpt":{"rendered":"<p>I3 A Eva Florido Jordina Toneu, Anna Teixid\u00f3, N\u00faria Rif\u00e0,\u00a0 Carla S\u00e1nchez,\u00a0 Anna Mart\u00edn i Anna Casas. I3 B Griselda Surinyac TEI Maria Garcia-Talavera I4 A Mario Mosull I4 B Laia Solsona I5 A Laura S\u00f2ria I5 B Marina Morales 1r A Marc Prat Judit Aumatell, Tania Gallardo, Toni Rovir\u00f3, Iris Codina i Albert Barrero [&hellip;]<\/p>\n","protected":false},"author":1,"featured_media":0,"parent":0,"menu_order":0,"comment_status":"closed","ping_status":"closed","template":"","meta":{"_bbp_topic_count":0,"_bbp_reply_count":0,"_bbp_total_topic_count":0,"_bbp_total_reply_count":0,"_bbp_voice_count":0,"_bbp_anonymous_reply_count":0,"_bbp_topic_count_hidden":0,"_bbp_reply_count_hidden":0,"_bbp_forum_subforum_count":0,"site-sidebar-layout":"default","site-content-layout":"","ast-site-content-layout":"","site-content-style":"default","site-sidebar-style":"default","ast-global-header-display":"","ast-banner-title-visibility":"","ast-main-header-display":"","ast-hfb-above-header-display":"","ast-hfb-below-header-display":"","ast-hfb-mobile-header-display":"","site-post-title":"","ast-breadcrumbs-content":"","ast-featured-img":"","footer-sml-layout":"","theme-transparent-header-meta":"","adv-header-id-meta":"","stick-header-meta":"","header-above-stick-meta":"","header-main-stick-meta":"","header-below-stick-meta":"","astra-migrate-meta-layouts":"default","ast-page-background-enabled":"default","ast-page-background-meta":{"desktop":{"background-color":"var(--ast-global-color-4)","background-image":"","background-repeat":"repeat","background-position":"center center","background-size":"auto","background-attachment":"scroll","background-type":"","background-media":"","overlay-type":"","overlay-color":"","overlay-opacity":"","overlay-gradient":""},"tablet":{"background-color":"","background-image":"","background-repeat":"repeat","background-position":"center center","background-size":"auto","background-attachment":"scroll","background-type":"","background-media":"","overlay-type":"","overlay-color":"","overlay-opacity":"","overlay-gradient":""},"mobile":{"background-color":"","background-image":"","background-repeat":"repeat","background-position":"center center","background-size":"auto","background-attachment":"scroll","background-type":"","background-media":"","overlay-type":"","overlay-color":"","overlay-opacity":"","overlay-gradient":""}},"ast-content-background-meta":{"desktop":{"background-color":"var(--ast-global-color-5)","background-image":"","background-repeat":"repeat","background-position":"center center","background-size":"auto","background-attachment":"scroll","background-type":"","background-media":"","overlay-type":"","overlay-color":"","overlay-opacity":"","overlay-gradient":""},"tablet":{"background-color":"var(--ast-global-color-5)","background-image":"","background-repeat":"repeat","background-position":"center center","background-size":"auto","background-attachment":"scroll","background-type":"","background-media":"","overlay-type":"","overlay-color":"","overlay-opacity":"","overlay-gradient":""},"mobile":{"background-color":"var(--ast-global-color-5)","background-image":"","background-repeat":"repeat","background-position":"center center","background-size":"auto","background-attachment":"scroll","background-type":"","background-media":"","overlay-type":"","overlay-color":"","overlay-opacity":"","overlay-gradient":""}},"footnotes":""},"class_list":["post-491","page","type-page","status-publish","hentry"],"post_mailing_queue_ids":[],"_links":{"self":[{"href":"https:\/\/agora.xtec.cat\/ceip-pompeufabra-manlleu\/wp-json\/wp\/v2\/pages\/491","targetHints":{"allow":["GET"]}}],"collection":[{"href":"https:\/\/agora.xtec.cat\/ceip-pompeufabra-manlleu\/wp-json\/wp\/v2\/pages"}],"about":[{"href":"https:\/\/agora.xtec.cat\/ceip-pompeufabra-manlleu\/wp-json\/wp\/v2\/types\/page"}],"author":[{"embeddable":true,"href":"https:\/\/agora.xtec.cat\/ceip-pompeufabra-manlleu\/wp-json\/wp\/v2\/users\/1"}],"replies":[{"embeddable":true,"href":"https:\/\/agora.xtec.cat\/ceip-pompeufabra-manlleu\/wp-json\/wp\/v2\/comments?post=491"}],"version-history":[{"count":13,"href":"https:\/\/agora.xtec.cat\/ceip-pompeufabra-manlleu\/wp-json\/wp\/v2\/pages\/491\/revisions"}],"predecessor-version":[{"id":21562,"href":"https:\/\/agora.xtec.cat\/ceip-pompeufabra-manlleu\/wp-json\/wp\/v2\/pages\/491\/revisions\/21562"}],"wp:attachment":[{"href":"https:\/\/agora.xtec.cat\/ceip-pompeufabra-manlleu\/wp-json\/wp\/v2\/media?parent=491"}],"curies":[{"name":"wp","href":"https:\/\/api.w.org\/{rel}","templated":true}]}}