{"id":489,"date":"2017-06-19T09:56:42","date_gmt":"2017-06-19T07:56:42","guid":{"rendered":"http:\/\/agora.xtec.cat\/ceip-pompeufabra-manlleu\/?page_id=489"},"modified":"2019-04-29T09:41:03","modified_gmt":"2019-04-29T07:41:03","slug":"qui-som","status":"publish","type":"page","link":"https:\/\/agora.xtec.cat\/ceip-pompeufabra-manlleu\/qui-som\/","title":{"rendered":"Qui som"},"content":{"rendered":"<h5>L&#8217;escola Pompeu Fabra \u00e9s una escola p\u00fablica, democr\u00e0tica, catalana, inclusiva, oberta, laica, coeducativa, participativa i respectuosa amb el medi ambient.<\/h5>\n<h5>La nostra escola es posa en funcionament el curs 1982-83 i est\u00e0 situada a la part de llevant del municipi de Manlleu, just al llindar del casc urb\u00e0.<\/h5>\n<h5>La construcci\u00f3 de la nostra escola es concreta en dos edificis: Un cos de doble planta on trobem prim\u00e0ria i un edifici constru\u00eft l&#8217;any 2000 on trobem l&#8217;educaci\u00f3 infantil.<\/h5>\n<h5>Pr\u00e0cticament la totalitat dels alumnes de l&#8217;escola resideixen al municipi de Manlleu, procedents de tots els barris. i un petit percentatge de l&#8217;alumnat viu en municipis ve\u00efns: Masies de Roda, Roda de Ter&#8230;<\/h5>\n<h5>El claustre de mestres est\u00e0 format, majorit\u00e0riament, per mestres definitius i que resideixen a la comarca d&#8217;Osona.<\/h5>\n<h5>Pretenem treballar amb els nostres alumnes partint dels seus propis interessos a trav\u00e9s de l&#8217;experimentaci\u00f3, manipulaci\u00f3 i cerca d&#8217;informaci\u00f3. Pretenem arribar a l&#8217;aprenentatge competencial, per tal que sigui significatiu, transferible, permanent, contextualitzat i engrescador.<\/h5>\n","protected":false},"excerpt":{"rendered":"<p>L&#8217;escola Pompeu Fabra \u00e9s una escola p\u00fablica, democr\u00e0tica, catalana, inclusiva, oberta, laica, coeducativa, participativa i respectuosa amb el medi ambient. La nostra escola es posa en funcionament el curs 1982-83 i est\u00e0 situada a la part de llevant del municipi de Manlleu, just al llindar del casc urb\u00e0. La construcci\u00f3 de la nostra escola es [&hellip;]<\/p>\n","protected":false},"author":1,"featured_media":0,"parent":0,"menu_order":0,"comment_status":"closed","ping_status":"closed","template":"","meta":{"_bbp_topic_count":0,"_bbp_reply_count":0,"_bbp_total_topic_count":0,"_bbp_total_reply_count":0,"_bbp_voice_count":0,"_bbp_anonymous_reply_count":0,"_bbp_topic_count_hidden":0,"_bbp_reply_count_hidden":0,"_bbp_forum_subforum_count":0,"site-sidebar-layout":"default","site-content-layout":"","ast-site-content-layout":"","site-content-style":"default","site-sidebar-style":"default","ast-global-header-display":"","ast-banner-title-visibility":"","ast-main-header-display":"","ast-hfb-above-header-display":"","ast-hfb-below-header-display":"","ast-hfb-mobile-header-display":"","site-post-title":"","ast-breadcrumbs-content":"","ast-featured-img":"","footer-sml-layout":"","theme-transparent-header-meta":"","adv-header-id-meta":"","stick-header-meta":"","header-above-stick-meta":"","header-main-stick-meta":"","header-below-stick-meta":"","astra-migrate-meta-layouts":"default","ast-page-background-enabled":"default","ast-page-background-meta":{"desktop":{"background-color":"var(--ast-global-color-4)","background-image":"","background-repeat":"repeat","background-position":"center center","background-size":"auto","background-attachment":"scroll","background-type":"","background-media":"","overlay-type":"","overlay-color":"","overlay-opacity":"","overlay-gradient":""},"tablet":{"background-color":"","background-image":"","background-repeat":"repeat","background-position":"center center","background-size":"auto","background-attachment":"scroll","background-type":"","background-media":"","overlay-type":"","overlay-color":"","overlay-opacity":"","overlay-gradient":""},"mobile":{"background-color":"","background-image":"","background-repeat":"repeat","background-position":"center center","background-size":"auto","background-attachment":"scroll","background-type":"","background-media":"","overlay-type":"","overlay-color":"","overlay-opacity":"","overlay-gradient":""}},"ast-content-background-meta":{"desktop":{"background-color":"var(--ast-global-color-5)","background-image":"","background-repeat":"repeat","background-position":"center center","background-size":"auto","background-attachment":"scroll","background-type":"","background-media":"","overlay-type":"","overlay-color":"","overlay-opacity":"","overlay-gradient":""},"tablet":{"background-color":"var(--ast-global-color-5)","background-image":"","background-repeat":"repeat","background-position":"center center","background-size":"auto","background-attachment":"scroll","background-type":"","background-media":"","overlay-type":"","overlay-color":"","overlay-opacity":"","overlay-gradient":""},"mobile":{"background-color":"var(--ast-global-color-5)","background-image":"","background-repeat":"repeat","background-position":"center center","background-size":"auto","background-attachment":"scroll","background-type":"","background-media":"","overlay-type":"","overlay-color":"","overlay-opacity":"","overlay-gradient":""}},"footnotes":""},"class_list":["post-489","page","type-page","status-publish","hentry"],"post_mailing_queue_ids":[],"_links":{"self":[{"href":"https:\/\/agora.xtec.cat\/ceip-pompeufabra-manlleu\/wp-json\/wp\/v2\/pages\/489","targetHints":{"allow":["GET"]}}],"collection":[{"href":"https:\/\/agora.xtec.cat\/ceip-pompeufabra-manlleu\/wp-json\/wp\/v2\/pages"}],"about":[{"href":"https:\/\/agora.xtec.cat\/ceip-pompeufabra-manlleu\/wp-json\/wp\/v2\/types\/page"}],"author":[{"embeddable":true,"href":"https:\/\/agora.xtec.cat\/ceip-pompeufabra-manlleu\/wp-json\/wp\/v2\/users\/1"}],"replies":[{"embeddable":true,"href":"https:\/\/agora.xtec.cat\/ceip-pompeufabra-manlleu\/wp-json\/wp\/v2\/comments?post=489"}],"version-history":[{"count":3,"href":"https:\/\/agora.xtec.cat\/ceip-pompeufabra-manlleu\/wp-json\/wp\/v2\/pages\/489\/revisions"}],"predecessor-version":[{"id":10101,"href":"https:\/\/agora.xtec.cat\/ceip-pompeufabra-manlleu\/wp-json\/wp\/v2\/pages\/489\/revisions\/10101"}],"wp:attachment":[{"href":"https:\/\/agora.xtec.cat\/ceip-pompeufabra-manlleu\/wp-json\/wp\/v2\/media?parent=489"}],"curies":[{"name":"wp","href":"https:\/\/api.w.org\/{rel}","templated":true}]}}