{"id":34,"date":"2014-09-18T12:32:18","date_gmt":"2014-09-18T11:32:18","guid":{"rendered":"http:\/\/agora.xtec.cat\/ceip-pompeufabra-manlleu\/?page_id=34"},"modified":"2025-03-06T07:14:20","modified_gmt":"2025-03-06T06:14:20","slug":"oferta-educativa","status":"publish","type":"page","link":"https:\/\/agora.xtec.cat\/ceip-pompeufabra-manlleu\/lescola\/oferta-educativa\/","title":{"rendered":"Oferta educativa"},"content":{"rendered":"<p>-Educaci\u00f3 Infantil 2n Cicle (I3, I4 i I5)<\/p>\n<p>-Educaci\u00f3 Prim\u00e0ria (de 1r fins a 6\u00e8)<\/p>\n<p><strong>Adscrit als centres de Secund\u00e0ria<\/strong>: INS &#8220;Antoni Pous&#8221; i INS &#8220;El Ter&#8221;<\/p>\n<p>&nbsp;<\/p>\n<p><strong>Accessibilitat:<\/strong><\/p>\n<p>L\u2019escola disposa de rampes i ascensor per facilitar l\u2019acc\u00e9s a qualsevol tipus de discapacitat motriu.<\/p>\n<p><strong><u>Quotes escolars:<\/u><\/strong><\/p>\n<ul>\n<li><em>Llibres: 75\u20ac curs <\/em><\/li>\n<li><em>Material: 63\u20ac curs<\/em><\/li>\n<li><em>Sortides: 50\u20ac curs<\/em><\/li>\n<li><em>Quota de l\u2019AFA: <\/em><\/li>\n<\/ul>\n<p><em>\u00a0\u00a0\u00a0\u00a0\u00a0\u00a0\u00a0\u00a0 38\u20ac curs fam\u00edlies amb 1 fill escolaritzat<\/em><\/p>\n<p><em>\u00a0 \u00a0 \u00a0 \u00a0 \u00a057\u20ac curs fam\u00edlies amb 2 fills escolaritzats<\/em><\/p>\n<p><em>\u00a0\u00a0\u00a0\u00a0\u00a0\u00a0\u00a0\u00a0 67\u20ac curs fam\u00edlies amb 3 fills o m\u00e9s escolaritzats<\/em><\/p>\n<p>&nbsp;<\/p>\n<p><strong><u>Serveis escolars:<\/u><\/strong><\/p>\n<ul>\n<li>Socialitzaci\u00f3 de llibres de text, dispositius digitals i material did\u00e0ctic.<\/li>\n<li>Nataci\u00f3 durant un trimestre en horari escolar per als alumnes de 1r , 2n i 3r de Prim\u00e0ria (gratu\u00eft)<\/li>\n<li>Biblioteca escolar: servei de pr\u00e9stec gestionat per l&#8217;AFA.<\/li>\n<li>Menjador:\n<ul>\n<li>Preu: <em>6,54\u20ac<\/em> alumnes fixes i 7,19<em>\u20ac<\/em> alumnes espor\u00e0dics<\/li>\n<li>15% de descompte pel tercer germ\u00e0, en fam\u00edlies no becades (pr\u00e8via sol\u00b7licitud)<\/li>\n<li>Possibilitat de demanar beca al Consell Comarcal<\/li>\n<li>Cuina pr\u00f2pia: Adequaci\u00f3 de men\u00fas en casos especials i justificats.<\/li>\n<\/ul>\n<\/li>\n<li>Acollida matinal (a partir de les 7&#8217;45 h.):<\/li>\n<\/ul>\n<p>Abans de les 8:30h: 30\u20ac al mes.(*)<\/p>\n<p>A partir de les 8\u201930: 20\u20ac al mes.(*)<\/p>\n<p>Per als germans hi ha un 10% de descompte.<\/p>\n<p>Els infants que es queden espor\u00e0dicament, el preu \u00e9s de 3\u20ac o 1,5\u20ac (depenent de l&#8217;hora d&#8217;arribada). Caldr\u00e0 abonar-ho en el moment de deixar el\/la nen\/a.<\/p>\n<h4 class=\"text\"><em style=\"font-family: inherit; font-size: 1em; font-weight: normal;\">\u00a0 \u00a0 \u00a0 \u00a0 \u00a0El Departament de Feminismes i Igualtat, a trav\u00e9s de l\u2019Ajuntament de Manlleu, subvenciona, sempre que estigui justificada la necessitat, aquest servei.\u00a0<\/em><\/h4>\n<p>&nbsp;<\/p>\n<p><strong><u>Activitats extraescolars:<\/u><\/strong><\/p>\n<p>Les organitza l\u2019AFA. Cada curs, es programen en funci\u00f3 de la demanda.<\/p>\n<p>Veure les extraescolars a l&#8217;apartat de l&#8217;AFA.<\/p>\n<p>&nbsp;<\/p>\n","protected":false},"excerpt":{"rendered":"<p>-Educaci\u00f3 Infantil 2n Cicle (I3, I4 i I5) -Educaci\u00f3 Prim\u00e0ria (de 1r fins a 6\u00e8) Adscrit als centres de Secund\u00e0ria: INS &#8220;Antoni Pous&#8221; i INS &#8220;El Ter&#8221; &nbsp; Accessibilitat: L\u2019escola disposa de rampes i ascensor per facilitar l\u2019acc\u00e9s a qualsevol tipus de discapacitat motriu. Quotes escolars: Llibres: 75\u20ac curs Material: 63\u20ac curs Sortides: 50\u20ac curs [&hellip;]<\/p>\n","protected":false},"author":1,"featured_media":0,"parent":22,"menu_order":60,"comment_status":"closed","ping_status":"closed","template":"page-templates\/side-menu.php","meta":{"_bbp_topic_count":0,"_bbp_reply_count":0,"_bbp_total_topic_count":0,"_bbp_total_reply_count":0,"_bbp_voice_count":0,"_bbp_anonymous_reply_count":0,"_bbp_topic_count_hidden":0,"_bbp_reply_count_hidden":0,"_bbp_forum_subforum_count":0,"site-sidebar-layout":"default","site-content-layout":"","ast-site-content-layout":"","site-content-style":"default","site-sidebar-style":"default","ast-global-header-display":"","ast-banner-title-visibility":"","ast-main-header-display":"","ast-hfb-above-header-display":"","ast-hfb-below-header-display":"","ast-hfb-mobile-header-display":"","site-post-title":"","ast-breadcrumbs-content":"","ast-featured-img":"","footer-sml-layout":"","theme-transparent-header-meta":"","adv-header-id-meta":"","stick-header-meta":"","header-above-stick-meta":"","header-main-stick-meta":"","header-below-stick-meta":"","astra-migrate-meta-layouts":"default","ast-page-background-enabled":"default","ast-page-background-meta":{"desktop":{"background-color":"var(--ast-global-color-4)","background-image":"","background-repeat":"repeat","background-position":"center center","background-size":"auto","background-attachment":"scroll","background-type":"","background-media":"","overlay-type":"","overlay-color":"","overlay-opacity":"","overlay-gradient":""},"tablet":{"background-color":"","background-image":"","background-repeat":"repeat","background-position":"center center","background-size":"auto","background-attachment":"scroll","background-type":"","background-media":"","overlay-type":"","overlay-color":"","overlay-opacity":"","overlay-gradient":""},"mobile":{"background-color":"","background-image":"","background-repeat":"repeat","background-position":"center center","background-size":"auto","background-attachment":"scroll","background-type":"","background-media":"","overlay-type":"","overlay-color":"","overlay-opacity":"","overlay-gradient":""}},"ast-content-background-meta":{"desktop":{"background-color":"var(--ast-global-color-5)","background-image":"","background-repeat":"repeat","background-position":"center center","background-size":"auto","background-attachment":"scroll","background-type":"","background-media":"","overlay-type":"","overlay-color":"","overlay-opacity":"","overlay-gradient":""},"tablet":{"background-color":"var(--ast-global-color-5)","background-image":"","background-repeat":"repeat","background-position":"center center","background-size":"auto","background-attachment":"scroll","background-type":"","background-media":"","overlay-type":"","overlay-color":"","overlay-opacity":"","overlay-gradient":""},"mobile":{"background-color":"var(--ast-global-color-5)","background-image":"","background-repeat":"repeat","background-position":"center center","background-size":"auto","background-attachment":"scroll","background-type":"","background-media":"","overlay-type":"","overlay-color":"","overlay-opacity":"","overlay-gradient":""}},"footnotes":""},"class_list":["post-34","page","type-page","status-publish","hentry"],"post_mailing_queue_ids":[],"_links":{"self":[{"href":"https:\/\/agora.xtec.cat\/ceip-pompeufabra-manlleu\/wp-json\/wp\/v2\/pages\/34","targetHints":{"allow":["GET"]}}],"collection":[{"href":"https:\/\/agora.xtec.cat\/ceip-pompeufabra-manlleu\/wp-json\/wp\/v2\/pages"}],"about":[{"href":"https:\/\/agora.xtec.cat\/ceip-pompeufabra-manlleu\/wp-json\/wp\/v2\/types\/page"}],"author":[{"embeddable":true,"href":"https:\/\/agora.xtec.cat\/ceip-pompeufabra-manlleu\/wp-json\/wp\/v2\/users\/1"}],"replies":[{"embeddable":true,"href":"https:\/\/agora.xtec.cat\/ceip-pompeufabra-manlleu\/wp-json\/wp\/v2\/comments?post=34"}],"version-history":[{"count":6,"href":"https:\/\/agora.xtec.cat\/ceip-pompeufabra-manlleu\/wp-json\/wp\/v2\/pages\/34\/revisions"}],"predecessor-version":[{"id":20999,"href":"https:\/\/agora.xtec.cat\/ceip-pompeufabra-manlleu\/wp-json\/wp\/v2\/pages\/34\/revisions\/20999"}],"up":[{"embeddable":true,"href":"https:\/\/agora.xtec.cat\/ceip-pompeufabra-manlleu\/wp-json\/wp\/v2\/pages\/22"}],"wp:attachment":[{"href":"https:\/\/agora.xtec.cat\/ceip-pompeufabra-manlleu\/wp-json\/wp\/v2\/media?parent=34"}],"curies":[{"name":"wp","href":"https:\/\/api.w.org\/{rel}","templated":true}]}}