{"id":28,"date":"2014-09-18T12:29:35","date_gmt":"2014-09-18T11:29:35","guid":{"rendered":"http:\/\/agora.xtec.cat\/ceip-pompeufabra-manlleu\/?page_id=28"},"modified":"2026-01-28T15:57:07","modified_gmt":"2026-01-28T14:57:07","slug":"consell-escolar","status":"publish","type":"page","link":"https:\/\/agora.xtec.cat\/ceip-pompeufabra-manlleu\/lescola\/consell-escolar\/","title":{"rendered":"Consell escolar"},"content":{"rendered":"<p><span style=\"text-decoration: underline;\"><strong>MEMBRES DEL CONSELL\u00a0 ESCOLAR CURS<\/strong><\/span><\/p>\n<h6><span style=\"text-decoration: underline;\">Equip Directiu<\/span><\/h6>\n<ul style=\"list-style-type: circle;\">\n<li>Anna Casas Soler<\/li>\n<li>Judit Aumatell Portet<\/li>\n<li>Ferran Fontarnau Bigas<\/li>\n<\/ul>\n<h6><span style=\"text-decoration: underline;\">Representant Ajuntament<\/span><\/h6>\n<ul style=\"list-style-type: circle;\">\n<li>Rafa Cuenca Gamiz<\/li>\n<\/ul>\n<h6><span style=\"text-decoration: underline;\">Representant AFA<\/span><\/h6>\n<ul style=\"list-style-type: circle;\">\n<li>Mireia Fabreg\u00f3<\/li>\n<\/ul>\n<h6><span style=\"text-decoration: underline;\"> Representants Pares\/Mares<\/span><\/h6>\n<ul style=\"list-style-type: circle;\">\n<li>Marisa Botello Jim\u00e9nez<\/li>\n<li>Laura Dom\u00e8nech Solanich<\/li>\n<li>Janira Garc\u00eda S\u00e1nchez<\/li>\n<li>Raquel Cruz Motos<\/li>\n<li>Ant\u00f2nia Garcia Jurado<\/li>\n<\/ul>\n<h6><span style=\"text-decoration: underline;\">Representants mestres<\/span><\/h6>\n<ul style=\"list-style-type: circle;\">\n<li>Joan Camps Esquerr\u00e0<\/li>\n<li>Carme Cubillas Barragan<\/li>\n<li>Eva Florido Vila<\/li>\n<li>Mario Mosull Almir\u00f3n<\/li>\n<li>Laia Solsona Romeu<\/li>\n<li>Jordina Tuneu Garriga<\/li>\n<\/ul>\n<h6><span style=\"text-decoration: underline;\">Representant\u00a0 PAS <\/span><\/h6>\n<ul style=\"list-style-type: circle;\">\n<li>Neus Roura Franc\u00e0s<\/li>\n<\/ul>\n<h6><span style=\"text-decoration: underline;\">Representant\u00a0 PAE<\/span><\/h6>\n<ul style=\"list-style-type: circle;\">\n<li>Ferran Llagostera Bruguerola<\/li>\n<\/ul>\n<p><span style=\"text-decoration: underline;\"><strong>CONVOCAT\u00d2RIA D&#8217;ELECCIONS AL CONSELL ESCOLAR<\/strong><\/span><\/p>\n<p><a href=\"https:\/\/drive.google.com\/file\/d\/1kHzjlZP7xIjyZMoYw40x99v8rxU-E3e5\/view?usp=sharing\">Convocat\u00f2ria eleccions consell escolar 25-26<\/a><\/p>\n<p><span style=\"text-decoration: underline;\"><strong>ACORDS DE LES REUNIONS<\/strong>\u00a0<\/span><\/p>\n<ul>\n<li><a href=\"https:\/\/drive.google.com\/file\/d\/1agW1Gdl9LGZQ1lXNP_l2CD1rS0KccfAa\/view?usp=sharing\">Acords Consell Escolar 27-01-2026<\/a><\/li>\n<li><a href=\"https:\/\/drive.google.com\/file\/d\/14pJdcBL7IsEfNfjZQ0Bc7FFP4lwN2Ufl\/view?usp=sharing\">Acords Consell Escolar 17-12-2025<\/a><\/li>\n<li><a href=\"https:\/\/drive.google.com\/file\/d\/1ypchMswFxAT1qYfccJgaVUQzBjyaZMJ1\/view?usp=sharing\">Acords Consell Escolar 27-10-2025<\/a><\/li>\n<li><a href=\"https:\/\/drive.google.com\/file\/d\/18PAddEGNdPI-m8_PiKm4ku2D2SMMwBHL\/view?usp=sharing\">Acords Consell Escolar 08-10-2025<\/a><\/li>\n<li><a href=\"https:\/\/drive.google.com\/file\/d\/1gyXdfZisOs4EYwS5hFritDsJzHT9yyi_\/view?usp=drive_link\">Acords Consell Escolar 04-06-2025<\/a><\/li>\n<li><a href=\"https:\/\/drive.google.com\/file\/d\/1NxhH9xxmjvMZgW76JgmTRs7CzA8sCmHV\/view?usp=drive_link\">Acords Consell Escolar 22-01-2025<\/a><\/li>\n<li><a href=\"https:\/\/drive.google.com\/file\/d\/1L0ncIsv0jZb_-avvvbMKH08IASxpfvmq\/view?usp=sharing\">Acords Consell Escolar 09-10-2024<\/a><\/li>\n<li><a href=\"https:\/\/drive.google.com\/file\/d\/1izFTbD-NEzUA0lL1uzXVNMQqRbvnnoLu\/view?usp=sharing\">Acords Consell Escolar 15-05-2024<\/a>\u00a0 \u2013\u00a0<a href=\"https:\/\/drive.google.com\/file\/d\/11Im3SqOv4BBDlXUWPxADlQ5syREYoCkD\/view?usp=sharing\">Calendari escolar 2024-2025<\/a><\/li>\n<li><a href=\"https:\/\/drive.google.com\/file\/d\/19pDQ-UrVWe-HrbZs0rCz4xKo94sfeVRu\/view?usp=sharing\">Acords Consell Escolar 24-01-24<\/a><\/li>\n<li><a href=\"https:\/\/drive.google.com\/file\/d\/170P1McJ1xcmpIcOLEirJq0KzseMDMi2G\/view?usp=sharing\">Acords Consell Escolar 11-12-2023 (2)<\/a><\/li>\n<li><a href=\"https:\/\/drive.google.com\/file\/d\/1G9sUR0pGWaBp7K2tgi5DXf2peyPLFHbN\/view?usp=sharing\">Acords Consell Escolar 11-12-2023 (1)<\/a><\/li>\n<li><a href=\"https:\/\/drive.google.com\/file\/d\/1WQf3NO_-nbj3IfcEWIlVsGx7nvpeCFba\/view?usp=sharing\">Acords Consell Escolar 28-11-2023<\/a><\/li>\n<li><a href=\"https:\/\/drive.google.com\/file\/d\/1e0eKDVWV3PMV3cyKfjBHlCLae6plP3RZ\/view?usp=sharing\">Acords Consell Escolar 26-06-2023<\/a><\/li>\n<li><a href=\"https:\/\/drive.google.com\/file\/d\/1HNqq5bqtLq0gEytTyG3Na8_BOFF7s7u7\/view?usp=sharing\">Acords Consell Escolar 30-01-2023<\/a><\/li>\n<li><a href=\"https:\/\/drive.google.com\/file\/d\/10xxN3x01WNBhzTwWMUaK9OcYQGDrQ0nj\/view?usp=sharing\">Acords Consell Escolar 26-09-2022<\/a><\/li>\n<\/ul>\n","protected":false},"excerpt":{"rendered":"<p>MEMBRES DEL CONSELL\u00a0 ESCOLAR CURS Equip Directiu Anna Casas Soler Judit Aumatell Portet Ferran Fontarnau Bigas Representant Ajuntament Rafa Cuenca Gamiz Representant AFA Mireia Fabreg\u00f3 Representants Pares\/Mares Marisa Botello Jim\u00e9nez Laura Dom\u00e8nech Solanich Janira Garc\u00eda S\u00e1nchez Raquel Cruz Motos Ant\u00f2nia Garcia Jurado Representants mestres Joan Camps Esquerr\u00e0 Carme Cubillas Barragan Eva Florido Vila Mario Mosull [&hellip;]<\/p>\n","protected":false},"author":1,"featured_media":0,"parent":22,"menu_order":30,"comment_status":"closed","ping_status":"closed","template":"","meta":{"_bbp_topic_count":0,"_bbp_reply_count":0,"_bbp_total_topic_count":0,"_bbp_total_reply_count":0,"_bbp_voice_count":0,"_bbp_anonymous_reply_count":0,"_bbp_topic_count_hidden":0,"_bbp_reply_count_hidden":0,"_bbp_forum_subforum_count":0,"site-sidebar-layout":"default","site-content-layout":"","ast-site-content-layout":"default","site-content-style":"default","site-sidebar-style":"default","ast-global-header-display":"","ast-banner-title-visibility":"","ast-main-header-display":"","ast-hfb-above-header-display":"","ast-hfb-below-header-display":"","ast-hfb-mobile-header-display":"","site-post-title":"","ast-breadcrumbs-content":"","ast-featured-img":"","footer-sml-layout":"","theme-transparent-header-meta":"","adv-header-id-meta":"","stick-header-meta":"","header-above-stick-meta":"","header-main-stick-meta":"","header-below-stick-meta":"","astra-migrate-meta-layouts":"set","ast-page-background-enabled":"default","ast-page-background-meta":{"desktop":{"background-color":"var(--ast-global-color-4)","background-image":"","background-repeat":"repeat","background-position":"center center","background-size":"auto","background-attachment":"scroll","background-type":"","background-media":"","overlay-type":"","overlay-color":"","overlay-opacity":"","overlay-gradient":""},"tablet":{"background-color":"","background-image":"","background-repeat":"repeat","background-position":"center center","background-size":"auto","background-attachment":"scroll","background-type":"","background-media":"","overlay-type":"","overlay-color":"","overlay-opacity":"","overlay-gradient":""},"mobile":{"background-color":"","background-image":"","background-repeat":"repeat","background-position":"center center","background-size":"auto","background-attachment":"scroll","background-type":"","background-media":"","overlay-type":"","overlay-color":"","overlay-opacity":"","overlay-gradient":""}},"ast-content-background-meta":{"desktop":{"background-color":"var(--ast-global-color-5)","background-image":"","background-repeat":"repeat","background-position":"center center","background-size":"auto","background-attachment":"scroll","background-type":"","background-media":"","overlay-type":"","overlay-color":"","overlay-opacity":"","overlay-gradient":""},"tablet":{"background-color":"var(--ast-global-color-5)","background-image":"","background-repeat":"repeat","background-position":"center center","background-size":"auto","background-attachment":"scroll","background-type":"","background-media":"","overlay-type":"","overlay-color":"","overlay-opacity":"","overlay-gradient":""},"mobile":{"background-color":"var(--ast-global-color-5)","background-image":"","background-repeat":"repeat","background-position":"center center","background-size":"auto","background-attachment":"scroll","background-type":"","background-media":"","overlay-type":"","overlay-color":"","overlay-opacity":"","overlay-gradient":""}},"footnotes":""},"class_list":["post-28","page","type-page","status-publish","hentry"],"post_mailing_queue_ids":[],"_links":{"self":[{"href":"https:\/\/agora.xtec.cat\/ceip-pompeufabra-manlleu\/wp-json\/wp\/v2\/pages\/28","targetHints":{"allow":["GET"]}}],"collection":[{"href":"https:\/\/agora.xtec.cat\/ceip-pompeufabra-manlleu\/wp-json\/wp\/v2\/pages"}],"about":[{"href":"https:\/\/agora.xtec.cat\/ceip-pompeufabra-manlleu\/wp-json\/wp\/v2\/types\/page"}],"author":[{"embeddable":true,"href":"https:\/\/agora.xtec.cat\/ceip-pompeufabra-manlleu\/wp-json\/wp\/v2\/users\/1"}],"replies":[{"embeddable":true,"href":"https:\/\/agora.xtec.cat\/ceip-pompeufabra-manlleu\/wp-json\/wp\/v2\/comments?post=28"}],"version-history":[{"count":6,"href":"https:\/\/agora.xtec.cat\/ceip-pompeufabra-manlleu\/wp-json\/wp\/v2\/pages\/28\/revisions"}],"predecessor-version":[{"id":21908,"href":"https:\/\/agora.xtec.cat\/ceip-pompeufabra-manlleu\/wp-json\/wp\/v2\/pages\/28\/revisions\/21908"}],"up":[{"embeddable":true,"href":"https:\/\/agora.xtec.cat\/ceip-pompeufabra-manlleu\/wp-json\/wp\/v2\/pages\/22"}],"wp:attachment":[{"href":"https:\/\/agora.xtec.cat\/ceip-pompeufabra-manlleu\/wp-json\/wp\/v2\/media?parent=28"}],"curies":[{"name":"wp","href":"https:\/\/api.w.org\/{rel}","templated":true}]}}