{"id":26,"date":"2014-09-18T12:24:32","date_gmt":"2014-09-18T11:24:32","guid":{"rendered":"http:\/\/agora.xtec.cat\/ceip-pompeufabra-manlleu\/?page_id=26"},"modified":"2025-02-25T06:54:12","modified_gmt":"2025-02-25T05:54:12","slug":"historia","status":"publish","type":"page","link":"https:\/\/agora.xtec.cat\/ceip-pompeufabra-manlleu\/lescola\/historia\/","title":{"rendered":"Hist\u00f2ria"},"content":{"rendered":"<p><b><u>SITUACI\u00d3 I ENTORN<\/u><\/b><\/p>\n<div class=\"separator\"><\/div>\n<p><a href=\"https:\/\/agora.xtec.cat\/ceip-pompeufabra-manlleu\/wp-content\/uploads\/usu846\/2025\/02\/escola-1.jpg\"><img loading=\"lazy\" decoding=\"async\" class=\"alignnone  wp-image-20922\" src=\"https:\/\/agora.xtec.cat\/ceip-pompeufabra-manlleu\/wp-content\/uploads\/usu846\/2025\/02\/escola-1.jpg\" alt=\"\" width=\"414\" height=\"361\" srcset=\"https:\/\/agora.xtec.cat\/ceip-pompeufabra-manlleu\/wp-content\/uploads\/usu846\/2025\/02\/escola-1.jpg 726w, https:\/\/agora.xtec.cat\/ceip-pompeufabra-manlleu\/wp-content\/uploads\/usu846\/2025\/02\/escola-1-300x262.jpg 300w\" sizes=\"auto, (max-width: 414px) 100vw, 414px\" \/><\/a><\/p>\n<p style=\"text-align: left;\">Manlleu \u00e9s un municipi de la comarca d\u2019Osona situat en gran part a l\u2019esquerra del riu\u00a0Ter. \u00c9s una ciutat amb una important tradici\u00f3 industrial, agr\u00edcola i ramadera.<br \/>\nActualment el nombre d\u2019habitants es situa al voltant dels 20.000 i \u00e9s un fet destacable\u00a0el percentatge de poblaci\u00f3 nouvinguda.<br \/>\nL&#8217;escola Pompeu Fabra est\u00e0 situada a la\u00a0part de llevant de la poblaci\u00f3, just al\u00a0llindar del casc urb\u00e0 i, concretament, en\u00a0l&#8217;illa que queda definida entre la\u00a0carretera de Roda i la d&#8217;Olot. \u00c9s una<br \/>\nescola oberta a l&#8217;entorn natural, donat\u00a0que el solar limita amb zona rural.<\/p>\n<p style=\"text-align: left;\"><span style=\"text-decoration: underline;\"><strong>Hist\u00f2ria:<\/strong><\/span><\/p>\n<p style=\"text-align: left;\"><strong>Curs 1982-83:<\/strong> Es posa en funcionament\u00a0l\u2019escola Pompeu Fabra. Es fa tot l\u2019ensenyament\u00a0en Catal\u00e0.\u00a0<span style=\"font-family: inherit; font-size: 1em; line-height: 1.6;\">A l\u2019escola funcionen els cursos\u00a0seg\u00fcents: P4, P5, 1r i 2n, 3r i 4t, 5\u00e8, 6\u00e8 i 7\u00e8 (hi\u00a0ha 7 nivells i 142 alumnes en total).<\/span><br \/>\n<strong>Curs 1985-86:<\/strong> Un grup per curs, de P4 a 8\u00e8.<br \/>\n<strong>Curs 1993-94:<\/strong> S\u2019inicia una segona l\u00ednia a l\u2019escola (comencen dos grups de P3) .<br \/>\n<strong>Curs 2000-01:<\/strong> Ampliaci\u00f3 de l\u2019edifici principal del centre i construcci\u00f3 d\u2019un nou edifici destinat a\u00a0ubicar l\u2019Educaci\u00f3 Infantil.<br \/>\n<strong>Curs 2002-03:<\/strong> Comencen 3 grups de P3 a l\u2019escola. A partir d\u2019aquest moment, l\u2019escola tindr\u00e0\u00a0grups triplicats en diferents moments, degut a l\u2019increment de poblaci\u00f3.<br \/>\n<strong>Curs 2014-15: <\/strong>Comencen dos grups a P3 i l\u2019escola ha de tendir a dues l\u00ednies d\u2019escolaritzaci\u00f3.<\/p>\n","protected":false},"excerpt":{"rendered":"<p>SITUACI\u00d3 I ENTORN Manlleu \u00e9s un municipi de la comarca d\u2019Osona situat en gran part a l\u2019esquerra del riu\u00a0Ter. \u00c9s una ciutat amb una important tradici\u00f3 industrial, agr\u00edcola i ramadera. Actualment el nombre d\u2019habitants es situa al voltant dels 20.000 i \u00e9s un fet destacable\u00a0el percentatge de poblaci\u00f3 nouvinguda. L&#8217;escola Pompeu Fabra est\u00e0 situada a [&hellip;]<\/p>\n","protected":false},"author":1,"featured_media":0,"parent":22,"menu_order":20,"comment_status":"closed","ping_status":"closed","template":"page-templates\/side-menu.php","meta":{"_bbp_topic_count":0,"_bbp_reply_count":0,"_bbp_total_topic_count":0,"_bbp_total_reply_count":0,"_bbp_voice_count":0,"_bbp_anonymous_reply_count":0,"_bbp_topic_count_hidden":0,"_bbp_reply_count_hidden":0,"_bbp_forum_subforum_count":0,"site-sidebar-layout":"default","site-content-layout":"","ast-site-content-layout":"","site-content-style":"default","site-sidebar-style":"default","ast-global-header-display":"","ast-banner-title-visibility":"","ast-main-header-display":"","ast-hfb-above-header-display":"","ast-hfb-below-header-display":"","ast-hfb-mobile-header-display":"","site-post-title":"","ast-breadcrumbs-content":"","ast-featured-img":"","footer-sml-layout":"","theme-transparent-header-meta":"","adv-header-id-meta":"","stick-header-meta":"","header-above-stick-meta":"","header-main-stick-meta":"","header-below-stick-meta":"","astra-migrate-meta-layouts":"default","ast-page-background-enabled":"default","ast-page-background-meta":{"desktop":{"background-color":"var(--ast-global-color-4)","background-image":"","background-repeat":"repeat","background-position":"center center","background-size":"auto","background-attachment":"scroll","background-type":"","background-media":"","overlay-type":"","overlay-color":"","overlay-opacity":"","overlay-gradient":""},"tablet":{"background-color":"","background-image":"","background-repeat":"repeat","background-position":"center center","background-size":"auto","background-attachment":"scroll","background-type":"","background-media":"","overlay-type":"","overlay-color":"","overlay-opacity":"","overlay-gradient":""},"mobile":{"background-color":"","background-image":"","background-repeat":"repeat","background-position":"center center","background-size":"auto","background-attachment":"scroll","background-type":"","background-media":"","overlay-type":"","overlay-color":"","overlay-opacity":"","overlay-gradient":""}},"ast-content-background-meta":{"desktop":{"background-color":"var(--ast-global-color-5)","background-image":"","background-repeat":"repeat","background-position":"center center","background-size":"auto","background-attachment":"scroll","background-type":"","background-media":"","overlay-type":"","overlay-color":"","overlay-opacity":"","overlay-gradient":""},"tablet":{"background-color":"var(--ast-global-color-5)","background-image":"","background-repeat":"repeat","background-position":"center center","background-size":"auto","background-attachment":"scroll","background-type":"","background-media":"","overlay-type":"","overlay-color":"","overlay-opacity":"","overlay-gradient":""},"mobile":{"background-color":"var(--ast-global-color-5)","background-image":"","background-repeat":"repeat","background-position":"center center","background-size":"auto","background-attachment":"scroll","background-type":"","background-media":"","overlay-type":"","overlay-color":"","overlay-opacity":"","overlay-gradient":""}},"footnotes":""},"class_list":["post-26","page","type-page","status-publish","hentry"],"post_mailing_queue_ids":[],"_links":{"self":[{"href":"https:\/\/agora.xtec.cat\/ceip-pompeufabra-manlleu\/wp-json\/wp\/v2\/pages\/26","targetHints":{"allow":["GET"]}}],"collection":[{"href":"https:\/\/agora.xtec.cat\/ceip-pompeufabra-manlleu\/wp-json\/wp\/v2\/pages"}],"about":[{"href":"https:\/\/agora.xtec.cat\/ceip-pompeufabra-manlleu\/wp-json\/wp\/v2\/types\/page"}],"author":[{"embeddable":true,"href":"https:\/\/agora.xtec.cat\/ceip-pompeufabra-manlleu\/wp-json\/wp\/v2\/users\/1"}],"replies":[{"embeddable":true,"href":"https:\/\/agora.xtec.cat\/ceip-pompeufabra-manlleu\/wp-json\/wp\/v2\/comments?post=26"}],"version-history":[{"count":4,"href":"https:\/\/agora.xtec.cat\/ceip-pompeufabra-manlleu\/wp-json\/wp\/v2\/pages\/26\/revisions"}],"predecessor-version":[{"id":20923,"href":"https:\/\/agora.xtec.cat\/ceip-pompeufabra-manlleu\/wp-json\/wp\/v2\/pages\/26\/revisions\/20923"}],"up":[{"embeddable":true,"href":"https:\/\/agora.xtec.cat\/ceip-pompeufabra-manlleu\/wp-json\/wp\/v2\/pages\/22"}],"wp:attachment":[{"href":"https:\/\/agora.xtec.cat\/ceip-pompeufabra-manlleu\/wp-json\/wp\/v2\/media?parent=26"}],"curies":[{"name":"wp","href":"https:\/\/api.w.org\/{rel}","templated":true}]}}