{"id":18597,"date":"2023-01-30T15:16:03","date_gmt":"2023-01-30T14:16:03","guid":{"rendered":"https:\/\/agora.xtec.cat\/ceip-pompeufabra-manlleu\/?page_id=18597"},"modified":"2025-03-06T06:32:15","modified_gmt":"2025-03-06T05:32:15","slug":"colonies-2","status":"publish","type":"page","link":"https:\/\/agora.xtec.cat\/ceip-pompeufabra-manlleu\/colonies-2\/","title":{"rendered":"Col\u00f2nies"},"content":{"rendered":"<p>Les alumnes i els alumnes de 2n, 4t i 6\u00e8 de Prim\u00e0ria\u00a0 i els infants d&#8217;I5, cada curs van de col\u00f2nies (al llarg del tercer trimestre escolar).<\/p>\n<p>\u00c9s una activitat inclusiva perqu\u00e8 potenciem la participaci\u00f3 de tots els infants d&#8217;aquests nivells.<\/p>\n<p>Les col\u00f2nies escolars s\u00f3n una experi\u00e8ncia educativa que promou la conviv\u00e8ncia, el contacte amb el territori i l&#8217;aprenentatge vivencial.<\/p>\n<p style=\"text-align: center;\"><a href=\"https:\/\/agora.xtec.cat\/ceip-pompeufabra-manlleu\/wp-content\/uploads\/usu846\/2025\/03\/b3432a72-095f-4533-b1b4-614bbc46c8e1.jpg\"><img loading=\"lazy\" decoding=\"async\" class=\"wp-image-20997 alignleft\" src=\"https:\/\/agora.xtec.cat\/ceip-pompeufabra-manlleu\/wp-content\/uploads\/usu846\/2025\/03\/b3432a72-095f-4533-b1b4-614bbc46c8e1-1024x771.jpg\" alt=\"\" width=\"299\" height=\"225\" srcset=\"https:\/\/agora.xtec.cat\/ceip-pompeufabra-manlleu\/wp-content\/uploads\/usu846\/2025\/03\/b3432a72-095f-4533-b1b4-614bbc46c8e1-1024x771.jpg 1024w, https:\/\/agora.xtec.cat\/ceip-pompeufabra-manlleu\/wp-content\/uploads\/usu846\/2025\/03\/b3432a72-095f-4533-b1b4-614bbc46c8e1-300x226.jpg 300w, https:\/\/agora.xtec.cat\/ceip-pompeufabra-manlleu\/wp-content\/uploads\/usu846\/2025\/03\/b3432a72-095f-4533-b1b4-614bbc46c8e1-768x578.jpg 768w, https:\/\/agora.xtec.cat\/ceip-pompeufabra-manlleu\/wp-content\/uploads\/usu846\/2025\/03\/b3432a72-095f-4533-b1b4-614bbc46c8e1-1536x1156.jpg 1536w, https:\/\/agora.xtec.cat\/ceip-pompeufabra-manlleu\/wp-content\/uploads\/usu846\/2025\/03\/b3432a72-095f-4533-b1b4-614bbc46c8e1-200x150.jpg 200w, https:\/\/agora.xtec.cat\/ceip-pompeufabra-manlleu\/wp-content\/uploads\/usu846\/2025\/03\/b3432a72-095f-4533-b1b4-614bbc46c8e1.jpg 1600w\" sizes=\"auto, (max-width: 299px) 100vw, 299px\" \/><\/a><a href=\"https:\/\/agora.xtec.cat\/ceip-pompeufabra-manlleu\/wp-content\/uploads\/usu846\/2025\/03\/IMG_6471.jpeg\"><img loading=\"lazy\" decoding=\"async\" class=\"wp-image-20996 alignleft\" src=\"https:\/\/agora.xtec.cat\/ceip-pompeufabra-manlleu\/wp-content\/uploads\/usu846\/2025\/03\/IMG_6471-1024x768.jpeg\" alt=\"\" width=\"299\" height=\"225\" srcset=\"https:\/\/agora.xtec.cat\/ceip-pompeufabra-manlleu\/wp-content\/uploads\/usu846\/2025\/03\/IMG_6471-1024x768.jpeg 1024w, https:\/\/agora.xtec.cat\/ceip-pompeufabra-manlleu\/wp-content\/uploads\/usu846\/2025\/03\/IMG_6471-300x225.jpeg 300w, https:\/\/agora.xtec.cat\/ceip-pompeufabra-manlleu\/wp-content\/uploads\/usu846\/2025\/03\/IMG_6471-768x576.jpeg 768w, https:\/\/agora.xtec.cat\/ceip-pompeufabra-manlleu\/wp-content\/uploads\/usu846\/2025\/03\/IMG_6471-1536x1152.jpeg 1536w, https:\/\/agora.xtec.cat\/ceip-pompeufabra-manlleu\/wp-content\/uploads\/usu846\/2025\/03\/IMG_6471-200x150.jpeg 200w, https:\/\/agora.xtec.cat\/ceip-pompeufabra-manlleu\/wp-content\/uploads\/usu846\/2025\/03\/IMG_6471.jpeg 2048w\" sizes=\"auto, (max-width: 299px) 100vw, 299px\" \/><\/a><a href=\"https:\/\/agora.xtec.cat\/ceip-pompeufabra-manlleu\/wp-content\/uploads\/usu846\/2023\/02\/colonies.jpg\"><img loading=\"lazy\" decoding=\"async\" class=\"wp-image-18657 alignleft\" src=\"https:\/\/agora.xtec.cat\/ceip-pompeufabra-manlleu\/wp-content\/uploads\/usu846\/2023\/02\/colonies-1024x768.jpg\" alt=\"\" width=\"611\" height=\"459\" srcset=\"https:\/\/agora.xtec.cat\/ceip-pompeufabra-manlleu\/wp-content\/uploads\/usu846\/2023\/02\/colonies-1024x768.jpg 1024w, https:\/\/agora.xtec.cat\/ceip-pompeufabra-manlleu\/wp-content\/uploads\/usu846\/2023\/02\/colonies-300x225.jpg 300w, https:\/\/agora.xtec.cat\/ceip-pompeufabra-manlleu\/wp-content\/uploads\/usu846\/2023\/02\/colonies-768x576.jpg 768w, https:\/\/agora.xtec.cat\/ceip-pompeufabra-manlleu\/wp-content\/uploads\/usu846\/2023\/02\/colonies-200x150.jpg 200w, https:\/\/agora.xtec.cat\/ceip-pompeufabra-manlleu\/wp-content\/uploads\/usu846\/2023\/02\/colonies.jpg 1218w\" sizes=\"auto, (max-width: 611px) 100vw, 611px\" \/><\/a><\/p>\n","protected":false},"excerpt":{"rendered":"<p>Les alumnes i els alumnes de 2n, 4t i 6\u00e8 de Prim\u00e0ria\u00a0 i els infants d&#8217;I5, cada curs van de col\u00f2nies (al llarg del tercer trimestre escolar). \u00c9s una activitat inclusiva perqu\u00e8 potenciem la participaci\u00f3 de tots els infants d&#8217;aquests nivells. Les col\u00f2nies escolars s\u00f3n una experi\u00e8ncia educativa que promou la conviv\u00e8ncia, el contacte amb [&hellip;]<\/p>\n","protected":false},"author":98,"featured_media":0,"parent":0,"menu_order":0,"comment_status":"closed","ping_status":"closed","template":"","meta":{"_bbp_topic_count":0,"_bbp_reply_count":0,"_bbp_total_topic_count":0,"_bbp_total_reply_count":0,"_bbp_voice_count":0,"_bbp_anonymous_reply_count":0,"_bbp_topic_count_hidden":0,"_bbp_reply_count_hidden":0,"_bbp_forum_subforum_count":0,"site-sidebar-layout":"default","site-content-layout":"","ast-site-content-layout":"","site-content-style":"default","site-sidebar-style":"default","ast-global-header-display":"","ast-banner-title-visibility":"","ast-main-header-display":"","ast-hfb-above-header-display":"","ast-hfb-below-header-display":"","ast-hfb-mobile-header-display":"","site-post-title":"","ast-breadcrumbs-content":"","ast-featured-img":"","footer-sml-layout":"","theme-transparent-header-meta":"","adv-header-id-meta":"","stick-header-meta":"","header-above-stick-meta":"","header-main-stick-meta":"","header-below-stick-meta":"","astra-migrate-meta-layouts":"default","ast-page-background-enabled":"default","ast-page-background-meta":{"desktop":{"background-color":"var(--ast-global-color-4)","background-image":"","background-repeat":"repeat","background-position":"center center","background-size":"auto","background-attachment":"scroll","background-type":"","background-media":"","overlay-type":"","overlay-color":"","overlay-opacity":"","overlay-gradient":""},"tablet":{"background-color":"","background-image":"","background-repeat":"repeat","background-position":"center center","background-size":"auto","background-attachment":"scroll","background-type":"","background-media":"","overlay-type":"","overlay-color":"","overlay-opacity":"","overlay-gradient":""},"mobile":{"background-color":"","background-image":"","background-repeat":"repeat","background-position":"center center","background-size":"auto","background-attachment":"scroll","background-type":"","background-media":"","overlay-type":"","overlay-color":"","overlay-opacity":"","overlay-gradient":""}},"ast-content-background-meta":{"desktop":{"background-color":"var(--ast-global-color-5)","background-image":"","background-repeat":"repeat","background-position":"center center","background-size":"auto","background-attachment":"scroll","background-type":"","background-media":"","overlay-type":"","overlay-color":"","overlay-opacity":"","overlay-gradient":""},"tablet":{"background-color":"var(--ast-global-color-5)","background-image":"","background-repeat":"repeat","background-position":"center center","background-size":"auto","background-attachment":"scroll","background-type":"","background-media":"","overlay-type":"","overlay-color":"","overlay-opacity":"","overlay-gradient":""},"mobile":{"background-color":"var(--ast-global-color-5)","background-image":"","background-repeat":"repeat","background-position":"center center","background-size":"auto","background-attachment":"scroll","background-type":"","background-media":"","overlay-type":"","overlay-color":"","overlay-opacity":"","overlay-gradient":""}},"footnotes":""},"class_list":["post-18597","page","type-page","status-publish","hentry"],"post_mailing_queue_ids":[],"_links":{"self":[{"href":"https:\/\/agora.xtec.cat\/ceip-pompeufabra-manlleu\/wp-json\/wp\/v2\/pages\/18597","targetHints":{"allow":["GET"]}}],"collection":[{"href":"https:\/\/agora.xtec.cat\/ceip-pompeufabra-manlleu\/wp-json\/wp\/v2\/pages"}],"about":[{"href":"https:\/\/agora.xtec.cat\/ceip-pompeufabra-manlleu\/wp-json\/wp\/v2\/types\/page"}],"author":[{"embeddable":true,"href":"https:\/\/agora.xtec.cat\/ceip-pompeufabra-manlleu\/wp-json\/wp\/v2\/users\/98"}],"replies":[{"embeddable":true,"href":"https:\/\/agora.xtec.cat\/ceip-pompeufabra-manlleu\/wp-json\/wp\/v2\/comments?post=18597"}],"version-history":[{"count":4,"href":"https:\/\/agora.xtec.cat\/ceip-pompeufabra-manlleu\/wp-json\/wp\/v2\/pages\/18597\/revisions"}],"predecessor-version":[{"id":20998,"href":"https:\/\/agora.xtec.cat\/ceip-pompeufabra-manlleu\/wp-json\/wp\/v2\/pages\/18597\/revisions\/20998"}],"wp:attachment":[{"href":"https:\/\/agora.xtec.cat\/ceip-pompeufabra-manlleu\/wp-json\/wp\/v2\/media?parent=18597"}],"curies":[{"name":"wp","href":"https:\/\/api.w.org\/{rel}","templated":true}]}}