{"id":11455,"date":"2020-01-28T13:59:28","date_gmt":"2020-01-28T12:59:28","guid":{"rendered":"http:\/\/agora.xtec.cat\/ceip-pompeufabra-manlleu\/?page_id=11455"},"modified":"2025-03-27T22:31:02","modified_gmt":"2025-03-27T21:31:02","slug":"angles-a-educacio-infantil","status":"publish","type":"page","link":"https:\/\/agora.xtec.cat\/ceip-pompeufabra-manlleu\/angles-a-educacio-infantil\/","title":{"rendered":"Angl\u00e8s a educaci\u00f3 infantil"},"content":{"rendered":"<p><strong>ANGL\u00c8S A I5<\/strong><\/p>\n<p style=\"text-align: left;\"><span style=\"font-weight: 400;\">Els alumnes de i5, els m\u00e9s grans d\u2019Educaci\u00f3 Infantil, estan en contacte amb la llengua anglesa 1 hora setmanalment. <\/span><\/p>\n<p style=\"text-align: left;\"><span style=\"font-weight: 400;\">L\u2019objectiu principal \u00e9s desenvolupar el llenguatge oral i la comunicaci\u00f3 en aquesta llengua estrangera. Per aix\u00f2 les sessions es desenvolupen seguint unes rutines molt marcades que donen seguretat als infants i els permeten comen\u00e7ar a utilitzar la llengua anglesa des d\u2019un inici a partir de la repetici\u00f3 de rimes, can\u00e7ons o els primers petits di\u00e0legs de pregunta resposta amb la mestra.\u00a0<\/span><\/p>\n<p style=\"text-align: left;\"><span style=\"font-weight: 400;\">A m\u00e9s a m\u00e9s, a partir de la \u201cEnglish box\u201d es fa una proposta principal a cada sessi\u00f3 a partir de diferents contes (\u201c10 little rubber ducks\u201d, \u201cDear Zoo\u201d, \u201cThe very hungry caterpillar\u201d, etc.) i amb un gran ventall d\u2019activitats (can\u00e7ons, jocs, v\u00eddeos, etc.). A partir del joc i la pr\u00f2pia viv\u00e8ncia amb aquesta llengua estrangera, igual com passa amb l\u2019aprenentatge de la llengua materna, els nens i nenes van adquirint les principals estructures comunicatives de manera contextualitzada i funcional.\u00a0<\/span><\/p>\n<p><a href=\"https:\/\/agora.xtec.cat\/ceip-pompeufabra-manlleu\/wp-content\/uploads\/usu846\/2025\/03\/Collage-blog-3-1.png\"><img loading=\"lazy\" decoding=\"async\" class=\" wp-image-21122 aligncenter\" src=\"https:\/\/agora.xtec.cat\/ceip-pompeufabra-manlleu\/wp-content\/uploads\/usu846\/2025\/03\/Collage-blog-3-1-300x240.png\" alt=\"\" width=\"583\" height=\"467\" srcset=\"https:\/\/agora.xtec.cat\/ceip-pompeufabra-manlleu\/wp-content\/uploads\/usu846\/2025\/03\/Collage-blog-3-1-300x240.png 300w, https:\/\/agora.xtec.cat\/ceip-pompeufabra-manlleu\/wp-content\/uploads\/usu846\/2025\/03\/Collage-blog-3-1-1024x819.png 1024w, https:\/\/agora.xtec.cat\/ceip-pompeufabra-manlleu\/wp-content\/uploads\/usu846\/2025\/03\/Collage-blog-3-1-768x614.png 768w, https:\/\/agora.xtec.cat\/ceip-pompeufabra-manlleu\/wp-content\/uploads\/usu846\/2025\/03\/Collage-blog-3-1-1536x1229.png 1536w, https:\/\/agora.xtec.cat\/ceip-pompeufabra-manlleu\/wp-content\/uploads\/usu846\/2025\/03\/Collage-blog-3-1.png 2000w\" sizes=\"auto, (max-width: 583px) 100vw, 583px\" \/><\/a><\/p>\n<p><i><span style=\"font-weight: 400;\">\u201cEl proc\u00e9s d&#8217;aprenentatge d&#8217;una llengua estrangera en els infants no es tracta nom\u00e9s de memoritzar paraules, sin\u00f3 de viure una nova manera d&#8217;expressar-se i pensar. Cada nova llengua obre una finestra a una cultura i a una manera diferent de veure el m\u00f3n.\u201d<\/span><\/i><\/p>\n<p><i><span style=\"font-weight: 400;\">\u00a0\u00a0\u00a0\u00a0\u00a0\u00a0\u00a0<\/span><\/i><span style=\"font-weight: 400;\">Stephen Krashen\u00a0<\/span><\/p>\n<p>&nbsp;<\/p>\n<p>&nbsp;<\/p>\n<p>&nbsp;<\/p>\n<p>&nbsp;<\/p>\n<p>&nbsp;<\/p>\n<p>&nbsp;<\/p>\n","protected":false},"excerpt":{"rendered":"<p>ANGL\u00c8S A I5 Els alumnes de i5, els m\u00e9s grans d\u2019Educaci\u00f3 Infantil, estan en contacte amb la llengua anglesa 1 hora setmanalment. L\u2019objectiu principal \u00e9s desenvolupar el llenguatge oral i la comunicaci\u00f3 en aquesta llengua estrangera. Per aix\u00f2 les sessions es desenvolupen seguint unes rutines molt marcades que donen seguretat als infants i els permeten [&hellip;]<\/p>\n","protected":false},"author":1,"featured_media":0,"parent":0,"menu_order":0,"comment_status":"closed","ping_status":"closed","template":"","meta":{"_bbp_topic_count":0,"_bbp_reply_count":0,"_bbp_total_topic_count":0,"_bbp_total_reply_count":0,"_bbp_voice_count":0,"_bbp_anonymous_reply_count":0,"_bbp_topic_count_hidden":0,"_bbp_reply_count_hidden":0,"_bbp_forum_subforum_count":0,"site-sidebar-layout":"default","site-content-layout":"","ast-site-content-layout":"","site-content-style":"default","site-sidebar-style":"default","ast-global-header-display":"","ast-banner-title-visibility":"","ast-main-header-display":"","ast-hfb-above-header-display":"","ast-hfb-below-header-display":"","ast-hfb-mobile-header-display":"","site-post-title":"","ast-breadcrumbs-content":"","ast-featured-img":"","footer-sml-layout":"","theme-transparent-header-meta":"","adv-header-id-meta":"","stick-header-meta":"","header-above-stick-meta":"","header-main-stick-meta":"","header-below-stick-meta":"","astra-migrate-meta-layouts":"default","ast-page-background-enabled":"default","ast-page-background-meta":{"desktop":{"background-color":"var(--ast-global-color-4)","background-image":"","background-repeat":"repeat","background-position":"center center","background-size":"auto","background-attachment":"scroll","background-type":"","background-media":"","overlay-type":"","overlay-color":"","overlay-opacity":"","overlay-gradient":""},"tablet":{"background-color":"","background-image":"","background-repeat":"repeat","background-position":"center center","background-size":"auto","background-attachment":"scroll","background-type":"","background-media":"","overlay-type":"","overlay-color":"","overlay-opacity":"","overlay-gradient":""},"mobile":{"background-color":"","background-image":"","background-repeat":"repeat","background-position":"center center","background-size":"auto","background-attachment":"scroll","background-type":"","background-media":"","overlay-type":"","overlay-color":"","overlay-opacity":"","overlay-gradient":""}},"ast-content-background-meta":{"desktop":{"background-color":"var(--ast-global-color-5)","background-image":"","background-repeat":"repeat","background-position":"center center","background-size":"auto","background-attachment":"scroll","background-type":"","background-media":"","overlay-type":"","overlay-color":"","overlay-opacity":"","overlay-gradient":""},"tablet":{"background-color":"var(--ast-global-color-5)","background-image":"","background-repeat":"repeat","background-position":"center center","background-size":"auto","background-attachment":"scroll","background-type":"","background-media":"","overlay-type":"","overlay-color":"","overlay-opacity":"","overlay-gradient":""},"mobile":{"background-color":"var(--ast-global-color-5)","background-image":"","background-repeat":"repeat","background-position":"center center","background-size":"auto","background-attachment":"scroll","background-type":"","background-media":"","overlay-type":"","overlay-color":"","overlay-opacity":"","overlay-gradient":""}},"footnotes":""},"class_list":["post-11455","page","type-page","status-publish","hentry"],"post_mailing_queue_ids":[],"_links":{"self":[{"href":"https:\/\/agora.xtec.cat\/ceip-pompeufabra-manlleu\/wp-json\/wp\/v2\/pages\/11455","targetHints":{"allow":["GET"]}}],"collection":[{"href":"https:\/\/agora.xtec.cat\/ceip-pompeufabra-manlleu\/wp-json\/wp\/v2\/pages"}],"about":[{"href":"https:\/\/agora.xtec.cat\/ceip-pompeufabra-manlleu\/wp-json\/wp\/v2\/types\/page"}],"author":[{"embeddable":true,"href":"https:\/\/agora.xtec.cat\/ceip-pompeufabra-manlleu\/wp-json\/wp\/v2\/users\/1"}],"replies":[{"embeddable":true,"href":"https:\/\/agora.xtec.cat\/ceip-pompeufabra-manlleu\/wp-json\/wp\/v2\/comments?post=11455"}],"version-history":[{"count":5,"href":"https:\/\/agora.xtec.cat\/ceip-pompeufabra-manlleu\/wp-json\/wp\/v2\/pages\/11455\/revisions"}],"predecessor-version":[{"id":21123,"href":"https:\/\/agora.xtec.cat\/ceip-pompeufabra-manlleu\/wp-json\/wp\/v2\/pages\/11455\/revisions\/21123"}],"wp:attachment":[{"href":"https:\/\/agora.xtec.cat\/ceip-pompeufabra-manlleu\/wp-json\/wp\/v2\/media?parent=11455"}],"curies":[{"name":"wp","href":"https:\/\/api.w.org\/{rel}","templated":true}]}}