{"id":11450,"date":"2020-01-28T13:59:27","date_gmt":"2020-01-28T12:59:27","guid":{"rendered":"http:\/\/agora.xtec.cat\/ceip-pompeufabra-manlleu\/?page_id=11450"},"modified":"2025-03-06T06:21:06","modified_gmt":"2025-03-06T05:21:06","slug":"escola-verda","status":"publish","type":"page","link":"https:\/\/agora.xtec.cat\/ceip-pompeufabra-manlleu\/escola-verda\/","title":{"rendered":"Escola Verda"},"content":{"rendered":"<p><strong>L&#8217;HORT ESCOLAR I L&#8217;HIVERNACLE<\/strong><\/p>\n<p>L\u2019hort escolar i l&#8217;hivernacle \u00e9s un recurs del qual gaudeixen els infants d\u2019 I3-I4-I5 , 1r, 3r i 5\u00e8.<\/p>\n<p>Aquest treball es realitza setmanalment (ecoaula).<\/p>\n<p>L\u2019hort ens permet dur a terme activitats d\u2019observaci\u00f3 i experimentaci\u00f3,&#8230; i treballar a trav\u00e9s del m\u00e8tode cient\u00edfic. Algunes tasques que es realitzen s\u00f3n la plantaci\u00f3, el transplantament, la retolaci\u00f3, el rec, l\u2019observaci\u00f3 del creixement i els canvis, la realitzaci\u00f3 de totes les tasques necess\u00e0ries pel correcte manteniment de la terra i la collita de les hortalisses, la qual es reparteix entre tots, i finalment s\u2019emporten a casa.<\/p>\n<p><a href=\"https:\/\/agora.xtec.cat\/ceip-pompeufabra-manlleu\/wp-content\/uploads\/usu846\/2025\/03\/20230925_101751-scaled.jpg\"><img loading=\"lazy\" decoding=\"async\" class=\"alignnone wp-image-20991\" src=\"https:\/\/agora.xtec.cat\/ceip-pompeufabra-manlleu\/wp-content\/uploads\/usu846\/2025\/03\/20230925_101751-1024x768.jpg\" alt=\"\" width=\"256\" height=\"192\" srcset=\"https:\/\/agora.xtec.cat\/ceip-pompeufabra-manlleu\/wp-content\/uploads\/usu846\/2025\/03\/20230925_101751-1024x768.jpg 1024w, https:\/\/agora.xtec.cat\/ceip-pompeufabra-manlleu\/wp-content\/uploads\/usu846\/2025\/03\/20230925_101751-300x225.jpg 300w, https:\/\/agora.xtec.cat\/ceip-pompeufabra-manlleu\/wp-content\/uploads\/usu846\/2025\/03\/20230925_101751-768x576.jpg 768w, https:\/\/agora.xtec.cat\/ceip-pompeufabra-manlleu\/wp-content\/uploads\/usu846\/2025\/03\/20230925_101751-1536x1152.jpg 1536w, https:\/\/agora.xtec.cat\/ceip-pompeufabra-manlleu\/wp-content\/uploads\/usu846\/2025\/03\/20230925_101751-2048x1536.jpg 2048w, https:\/\/agora.xtec.cat\/ceip-pompeufabra-manlleu\/wp-content\/uploads\/usu846\/2025\/03\/20230925_101751-200x150.jpg 200w\" sizes=\"auto, (max-width: 256px) 100vw, 256px\" \/><\/a> <a href=\"https:\/\/agora.xtec.cat\/ceip-pompeufabra-manlleu\/wp-content\/uploads\/usu846\/2025\/03\/20231009_111534-scaled.jpg\"><img loading=\"lazy\" decoding=\"async\" class=\"alignnone wp-image-20992\" src=\"https:\/\/agora.xtec.cat\/ceip-pompeufabra-manlleu\/wp-content\/uploads\/usu846\/2025\/03\/20231009_111534-1024x768.jpg\" alt=\"\" width=\"254\" height=\"190\" srcset=\"https:\/\/agora.xtec.cat\/ceip-pompeufabra-manlleu\/wp-content\/uploads\/usu846\/2025\/03\/20231009_111534-1024x768.jpg 1024w, https:\/\/agora.xtec.cat\/ceip-pompeufabra-manlleu\/wp-content\/uploads\/usu846\/2025\/03\/20231009_111534-300x225.jpg 300w, https:\/\/agora.xtec.cat\/ceip-pompeufabra-manlleu\/wp-content\/uploads\/usu846\/2025\/03\/20231009_111534-768x576.jpg 768w, https:\/\/agora.xtec.cat\/ceip-pompeufabra-manlleu\/wp-content\/uploads\/usu846\/2025\/03\/20231009_111534-1536x1152.jpg 1536w, https:\/\/agora.xtec.cat\/ceip-pompeufabra-manlleu\/wp-content\/uploads\/usu846\/2025\/03\/20231009_111534-2048x1536.jpg 2048w, https:\/\/agora.xtec.cat\/ceip-pompeufabra-manlleu\/wp-content\/uploads\/usu846\/2025\/03\/20231009_111534-200x150.jpg 200w\" sizes=\"auto, (max-width: 254px) 100vw, 254px\" \/><\/a><\/p>\n<p><strong>GAUDEIX DEL SILENCI<\/strong><\/p>\n<p>Coincidint amb la Setmana de Sant Jordi, hem celebrat la Setmana Sense Soroll a l&#8217;escola (SSS\u00b424), sota el lema &#8220;Gaudeix el silenci&#8221;.Aprofitant l&#8217;escolta activa que requereix gaudir\u00a0 de l&#8217;explicaci\u00f3 d&#8217;un bon conte, la comissi\u00f3 d&#8217;escola verda vam proposar una activitat per posar en valor i\u00a0 fer conscient als infants de la import\u00e0ncia del silenci i de la\u00a0 millora de la qualitat ac\u00fastica del nostre entorn.<\/p>\n<p>Els quatre delegats verds de l&#8217;Escola i dues mestres de la comissi\u00f3 d&#8217;Escoles Verdes vam assistir al F\u00f2rum d&#8217;Escoles Verdes d&#8217;Osona, el dia 12 de mar\u00e7 a Hostalets de Baleny\u00e0. All\u00e0 v\u00e0rem poder compartir experi\u00e8ncies amb altres escoles d&#8217;Osona, i va ser molt enriquidor ! En podeu veure un recull clicant <a href=\"https:\/\/photos.app.goo.gl\/PEozW6i8t9iV8s1Y8\">aqu\u00ed.<\/a><\/p>\n<p>&nbsp;<\/p>\n<p><a href=\"https:\/\/agora.xtec.cat\/ceip-pompeufabra-manlleu\/wp-content\/uploads\/usu846\/2024\/03\/IMG-20240312-WA0010-COLLAGE.jpg\"><img loading=\"lazy\" decoding=\"async\" class=\"alignnone size-large wp-image-19988\" src=\"https:\/\/agora.xtec.cat\/ceip-pompeufabra-manlleu\/wp-content\/uploads\/usu846\/2024\/03\/IMG-20240312-WA0010-COLLAGE-769x1024.jpg\" alt=\"\" width=\"769\" height=\"1024\" srcset=\"https:\/\/agora.xtec.cat\/ceip-pompeufabra-manlleu\/wp-content\/uploads\/usu846\/2024\/03\/IMG-20240312-WA0010-COLLAGE-769x1024.jpg 769w, https:\/\/agora.xtec.cat\/ceip-pompeufabra-manlleu\/wp-content\/uploads\/usu846\/2024\/03\/IMG-20240312-WA0010-COLLAGE-225x300.jpg 225w, https:\/\/agora.xtec.cat\/ceip-pompeufabra-manlleu\/wp-content\/uploads\/usu846\/2024\/03\/IMG-20240312-WA0010-COLLAGE-768x1023.jpg 768w, https:\/\/agora.xtec.cat\/ceip-pompeufabra-manlleu\/wp-content\/uploads\/usu846\/2024\/03\/IMG-20240312-WA0010-COLLAGE-1153x1536.jpg 1153w, https:\/\/agora.xtec.cat\/ceip-pompeufabra-manlleu\/wp-content\/uploads\/usu846\/2024\/03\/IMG-20240312-WA0010-COLLAGE.jpg 1246w\" sizes=\"auto, (max-width: 769px) 100vw, 769px\" \/><\/a><\/p>\n<p>&nbsp;<\/p>\n<p>Les diferents activitats i campanyes que portem a terme per potenciar un entorn saludable i la protecci\u00f3 del medi ambient s\u00f3n:<\/p>\n<p>Recollida de piles dins la campanya Apilo:<\/p>\n<table style=\"width: 725px;\">\n<tbody>\n<tr>\n<td style=\"width: 358px;\"><img loading=\"lazy\" decoding=\"async\" class=\"wp-image-11859 alignleft\" src=\"https:\/\/agora.xtec.cat\/ceip-pompeufabra-manlleu\/wp-content\/uploads\/usu846\/2020\/02\/IMG-20200217-WA0009-768x1024.jpg\" alt=\"\" width=\"332\" height=\"442\" srcset=\"https:\/\/agora.xtec.cat\/ceip-pompeufabra-manlleu\/wp-content\/uploads\/usu846\/2020\/02\/IMG-20200217-WA0009-768x1024.jpg 768w, https:\/\/agora.xtec.cat\/ceip-pompeufabra-manlleu\/wp-content\/uploads\/usu846\/2020\/02\/IMG-20200217-WA0009-225x300.jpg 225w, https:\/\/agora.xtec.cat\/ceip-pompeufabra-manlleu\/wp-content\/uploads\/usu846\/2020\/02\/IMG-20200217-WA0009.jpg 1200w\" sizes=\"auto, (max-width: 332px) 100vw, 332px\" \/><\/td>\n<td style=\"width: 359px;\"><a href=\"https:\/\/agora.xtec.cat\/ceip-pompeufabra-manlleu\/wp-content\/uploads\/usu846\/2020\/02\/IMG-20200217-WA0006.jpg\"><img loading=\"lazy\" decoding=\"async\" class=\"alignnone wp-image-11858\" src=\"https:\/\/agora.xtec.cat\/ceip-pompeufabra-manlleu\/wp-content\/uploads\/usu846\/2020\/02\/IMG-20200217-WA0006-768x1024.jpg\" alt=\"\" width=\"334\" height=\"446\" srcset=\"https:\/\/agora.xtec.cat\/ceip-pompeufabra-manlleu\/wp-content\/uploads\/usu846\/2020\/02\/IMG-20200217-WA0006-768x1024.jpg 768w, https:\/\/agora.xtec.cat\/ceip-pompeufabra-manlleu\/wp-content\/uploads\/usu846\/2020\/02\/IMG-20200217-WA0006-225x300.jpg 225w, https:\/\/agora.xtec.cat\/ceip-pompeufabra-manlleu\/wp-content\/uploads\/usu846\/2020\/02\/IMG-20200217-WA0006.jpg 1200w\" sizes=\"auto, (max-width: 334px) 100vw, 334px\" \/><\/a><\/td>\n<\/tr>\n<\/tbody>\n<\/table>\n<p>&nbsp;<\/p>\n<p>Conscienciar als infants de la import\u00e0ncia de la recollida i selecci\u00f3 de deixalles<\/p>\n<table>\n<tbody>\n<tr>\n<td><img loading=\"lazy\" decoding=\"async\" class=\"wp-image-11856 alignleft\" src=\"https:\/\/agora.xtec.cat\/ceip-pompeufabra-manlleu\/wp-content\/uploads\/usu846\/2020\/02\/pati-1024x768.jpg\" alt=\"\" width=\"574\" height=\"430\" srcset=\"https:\/\/agora.xtec.cat\/ceip-pompeufabra-manlleu\/wp-content\/uploads\/usu846\/2020\/02\/pati-1024x768.jpg 1024w, https:\/\/agora.xtec.cat\/ceip-pompeufabra-manlleu\/wp-content\/uploads\/usu846\/2020\/02\/pati-300x225.jpg 300w, https:\/\/agora.xtec.cat\/ceip-pompeufabra-manlleu\/wp-content\/uploads\/usu846\/2020\/02\/pati-768x576.jpg 768w, https:\/\/agora.xtec.cat\/ceip-pompeufabra-manlleu\/wp-content\/uploads\/usu846\/2020\/02\/pati-200x150.jpg 200w, https:\/\/agora.xtec.cat\/ceip-pompeufabra-manlleu\/wp-content\/uploads\/usu846\/2020\/02\/pati.jpg 1599w\" sizes=\"auto, (max-width: 574px) 100vw, 574px\" \/><\/td>\n<td><a href=\"https:\/\/agora.xtec.cat\/ceip-pompeufabra-manlleu\/wp-content\/uploads\/usu846\/2020\/02\/bf7f8ee7-b9f5-4b6a-b8dc-342eb5af4aa6.jpg\"><img loading=\"lazy\" decoding=\"async\" class=\"alignnone wp-image-11854\" src=\"https:\/\/agora.xtec.cat\/ceip-pompeufabra-manlleu\/wp-content\/uploads\/usu846\/2020\/02\/bf7f8ee7-b9f5-4b6a-b8dc-342eb5af4aa6-1024x768.jpg\" alt=\"\" width=\"572\" height=\"429\" srcset=\"https:\/\/agora.xtec.cat\/ceip-pompeufabra-manlleu\/wp-content\/uploads\/usu846\/2020\/02\/bf7f8ee7-b9f5-4b6a-b8dc-342eb5af4aa6-1024x768.jpg 1024w, https:\/\/agora.xtec.cat\/ceip-pompeufabra-manlleu\/wp-content\/uploads\/usu846\/2020\/02\/bf7f8ee7-b9f5-4b6a-b8dc-342eb5af4aa6-300x225.jpg 300w, https:\/\/agora.xtec.cat\/ceip-pompeufabra-manlleu\/wp-content\/uploads\/usu846\/2020\/02\/bf7f8ee7-b9f5-4b6a-b8dc-342eb5af4aa6-768x576.jpg 768w, https:\/\/agora.xtec.cat\/ceip-pompeufabra-manlleu\/wp-content\/uploads\/usu846\/2020\/02\/bf7f8ee7-b9f5-4b6a-b8dc-342eb5af4aa6-200x150.jpg 200w, https:\/\/agora.xtec.cat\/ceip-pompeufabra-manlleu\/wp-content\/uploads\/usu846\/2020\/02\/bf7f8ee7-b9f5-4b6a-b8dc-342eb5af4aa6.jpg 1599w\" sizes=\"auto, (max-width: 572px) 100vw, 572px\" \/><\/a><\/td>\n<\/tr>\n<\/tbody>\n<\/table>\n<p>Ensenyem a les classes tot el que hem recollit i avisem a tots,\u00a0 que s&#8217;han de tirar els papers a les papereres.<\/p>\n<p>&nbsp;<\/p>\n<p>S&#8217;aprofita l&#8217;hort i l&#8217;hivernacle per plantar cultius de temporada, ara els alumnes hi han plantat faves, alls i p\u00e8sols.<\/p>\n<table style=\"width: 1028px;\">\n<tbody>\n<tr>\n<td style=\"width: 645px;\"><a href=\"https:\/\/agora.xtec.cat\/ceip-pompeufabra-manlleu\/wp-content\/uploads\/usu846\/2020\/02\/1b62fc0a-fd26-4085-80d7-707f50bbb260.jpg\"><img loading=\"lazy\" decoding=\"async\" class=\"alignnone wp-image-11926\" src=\"https:\/\/agora.xtec.cat\/ceip-pompeufabra-manlleu\/wp-content\/uploads\/usu846\/2020\/02\/1b62fc0a-fd26-4085-80d7-707f50bbb260-1024x768.jpg\" alt=\"\" width=\"636\" height=\"477\" srcset=\"https:\/\/agora.xtec.cat\/ceip-pompeufabra-manlleu\/wp-content\/uploads\/usu846\/2020\/02\/1b62fc0a-fd26-4085-80d7-707f50bbb260-1024x768.jpg 1024w, https:\/\/agora.xtec.cat\/ceip-pompeufabra-manlleu\/wp-content\/uploads\/usu846\/2020\/02\/1b62fc0a-fd26-4085-80d7-707f50bbb260-300x225.jpg 300w, https:\/\/agora.xtec.cat\/ceip-pompeufabra-manlleu\/wp-content\/uploads\/usu846\/2020\/02\/1b62fc0a-fd26-4085-80d7-707f50bbb260-768x576.jpg 768w, https:\/\/agora.xtec.cat\/ceip-pompeufabra-manlleu\/wp-content\/uploads\/usu846\/2020\/02\/1b62fc0a-fd26-4085-80d7-707f50bbb260-200x150.jpg 200w, https:\/\/agora.xtec.cat\/ceip-pompeufabra-manlleu\/wp-content\/uploads\/usu846\/2020\/02\/1b62fc0a-fd26-4085-80d7-707f50bbb260.jpg 1599w\" sizes=\"auto, (max-width: 636px) 100vw, 636px\" \/><\/a><\/td>\n<td style=\"width: 375px;\"><a href=\"https:\/\/agora.xtec.cat\/ceip-pompeufabra-manlleu\/wp-content\/uploads\/usu846\/2020\/02\/a7a13c90-afa3-49ac-bca3-a39e8205f558-1.jpg\"><img loading=\"lazy\" decoding=\"async\" class=\"alignnone wp-image-11928\" src=\"https:\/\/agora.xtec.cat\/ceip-pompeufabra-manlleu\/wp-content\/uploads\/usu846\/2020\/02\/a7a13c90-afa3-49ac-bca3-a39e8205f558-1-768x1024.jpg\" alt=\"\" width=\"359\" height=\"479\" srcset=\"https:\/\/agora.xtec.cat\/ceip-pompeufabra-manlleu\/wp-content\/uploads\/usu846\/2020\/02\/a7a13c90-afa3-49ac-bca3-a39e8205f558-1-768x1024.jpg 768w, https:\/\/agora.xtec.cat\/ceip-pompeufabra-manlleu\/wp-content\/uploads\/usu846\/2020\/02\/a7a13c90-afa3-49ac-bca3-a39e8205f558-1-225x300.jpg 225w, https:\/\/agora.xtec.cat\/ceip-pompeufabra-manlleu\/wp-content\/uploads\/usu846\/2020\/02\/a7a13c90-afa3-49ac-bca3-a39e8205f558-1.jpg 1200w\" sizes=\"auto, (max-width: 359px) 100vw, 359px\" \/><\/a><\/td>\n<\/tr>\n<\/tbody>\n<\/table>\n<p>&nbsp;<\/p>\n<p>Gr\u00e0cies a una donaci\u00f3 externa, els alumnes de cicle superior de 6\u00e8 dediquen un dia a la setmana a gestionar el compostatge de l&#8217;escola<\/p>\n<p><img loading=\"lazy\" decoding=\"async\" class=\"alignnone size-full wp-image-17635\" src=\"https:\/\/agora.xtec.cat\/ceip-pompeufabra-manlleu\/wp-content\/uploads\/usu846\/2022\/03\/IMG-20220322-WA0003.jpg\" alt=\"\" width=\"1024\" height=\"768\" srcset=\"https:\/\/agora.xtec.cat\/ceip-pompeufabra-manlleu\/wp-content\/uploads\/usu846\/2022\/03\/IMG-20220322-WA0003.jpg 1024w, https:\/\/agora.xtec.cat\/ceip-pompeufabra-manlleu\/wp-content\/uploads\/usu846\/2022\/03\/IMG-20220322-WA0003-300x225.jpg 300w, https:\/\/agora.xtec.cat\/ceip-pompeufabra-manlleu\/wp-content\/uploads\/usu846\/2022\/03\/IMG-20220322-WA0003-768x576.jpg 768w, https:\/\/agora.xtec.cat\/ceip-pompeufabra-manlleu\/wp-content\/uploads\/usu846\/2022\/03\/IMG-20220322-WA0003-200x150.jpg 200w\" sizes=\"auto, (max-width: 1024px) 100vw, 1024px\" \/><\/p>\n<p>A l&#8217;escola disposem d&#8217;una caixa niu, amb una c\u00e0mera interior, on els nostres alumnes poden visualitzar en directe el qu\u00e8 succeeix a dins: veure el niu, els ous&#8230;<\/p>\n<p><img loading=\"lazy\" decoding=\"async\" class=\"alignnone wp-image-17641\" src=\"https:\/\/agora.xtec.cat\/ceip-pompeufabra-manlleu\/wp-content\/uploads\/usu846\/2022\/03\/IMG-20220322-WA0004.jpg\" alt=\"\" width=\"323\" height=\"430\" srcset=\"https:\/\/agora.xtec.cat\/ceip-pompeufabra-manlleu\/wp-content\/uploads\/usu846\/2022\/03\/IMG-20220322-WA0004.jpg 768w, https:\/\/agora.xtec.cat\/ceip-pompeufabra-manlleu\/wp-content\/uploads\/usu846\/2022\/03\/IMG-20220322-WA0004-225x300.jpg 225w\" sizes=\"auto, (max-width: 323px) 100vw, 323px\" \/> <img loading=\"lazy\" decoding=\"async\" class=\"wp-image-17644 alignnone\" src=\"https:\/\/agora.xtec.cat\/ceip-pompeufabra-manlleu\/wp-content\/uploads\/usu846\/2022\/03\/IMG-20220322-WA0005.jpg\" alt=\"\" width=\"352\" height=\"264\" srcset=\"https:\/\/agora.xtec.cat\/ceip-pompeufabra-manlleu\/wp-content\/uploads\/usu846\/2022\/03\/IMG-20220322-WA0005.jpg 1024w, https:\/\/agora.xtec.cat\/ceip-pompeufabra-manlleu\/wp-content\/uploads\/usu846\/2022\/03\/IMG-20220322-WA0005-300x225.jpg 300w, https:\/\/agora.xtec.cat\/ceip-pompeufabra-manlleu\/wp-content\/uploads\/usu846\/2022\/03\/IMG-20220322-WA0005-768x576.jpg 768w, https:\/\/agora.xtec.cat\/ceip-pompeufabra-manlleu\/wp-content\/uploads\/usu846\/2022\/03\/IMG-20220322-WA0005-200x150.jpg 200w\" sizes=\"auto, (max-width: 352px) 100vw, 352px\" \/><img loading=\"lazy\" decoding=\"async\" class=\"alignnone wp-image-17643\" src=\"https:\/\/agora.xtec.cat\/ceip-pompeufabra-manlleu\/wp-content\/uploads\/usu846\/2022\/03\/IMG-20220322-WA0006.jpg\" alt=\"\" width=\"354\" height=\"265\" srcset=\"https:\/\/agora.xtec.cat\/ceip-pompeufabra-manlleu\/wp-content\/uploads\/usu846\/2022\/03\/IMG-20220322-WA0006.jpg 1024w, https:\/\/agora.xtec.cat\/ceip-pompeufabra-manlleu\/wp-content\/uploads\/usu846\/2022\/03\/IMG-20220322-WA0006-300x225.jpg 300w, https:\/\/agora.xtec.cat\/ceip-pompeufabra-manlleu\/wp-content\/uploads\/usu846\/2022\/03\/IMG-20220322-WA0006-768x576.jpg 768w, https:\/\/agora.xtec.cat\/ceip-pompeufabra-manlleu\/wp-content\/uploads\/usu846\/2022\/03\/IMG-20220322-WA0006-200x150.jpg 200w\" sizes=\"auto, (max-width: 354px) 100vw, 354px\" \/><\/p>\n<p>Programa desendolla&#8217;t, que tota la comunitat educativa recordi que cal apagar i estalviar llum quan no \u00e9s necessari.<\/p>\n<p><img loading=\"lazy\" decoding=\"async\" class=\"alignnone size-full wp-image-17642\" src=\"https:\/\/agora.xtec.cat\/ceip-pompeufabra-manlleu\/wp-content\/uploads\/usu846\/2022\/03\/IMG-20220322-WA0007.jpg\" alt=\"\" width=\"768\" height=\"1024\" srcset=\"https:\/\/agora.xtec.cat\/ceip-pompeufabra-manlleu\/wp-content\/uploads\/usu846\/2022\/03\/IMG-20220322-WA0007.jpg 768w, https:\/\/agora.xtec.cat\/ceip-pompeufabra-manlleu\/wp-content\/uploads\/usu846\/2022\/03\/IMG-20220322-WA0007-225x300.jpg 225w\" sizes=\"auto, (max-width: 768px) 100vw, 768px\" \/><\/p>\n","protected":false},"excerpt":{"rendered":"<p>L&#8217;HORT ESCOLAR I L&#8217;HIVERNACLE L\u2019hort escolar i l&#8217;hivernacle \u00e9s un recurs del qual gaudeixen els infants d\u2019 I3-I4-I5 , 1r, 3r i 5\u00e8. Aquest treball es realitza setmanalment (ecoaula). L\u2019hort ens permet dur a terme activitats d\u2019observaci\u00f3 i experimentaci\u00f3,&#8230; i treballar a trav\u00e9s del m\u00e8tode cient\u00edfic. Algunes tasques que es realitzen s\u00f3n la plantaci\u00f3, el [&hellip;]<\/p>\n","protected":false},"author":1,"featured_media":0,"parent":0,"menu_order":0,"comment_status":"closed","ping_status":"closed","template":"","meta":{"_bbp_topic_count":0,"_bbp_reply_count":0,"_bbp_total_topic_count":0,"_bbp_total_reply_count":0,"_bbp_voice_count":0,"_bbp_anonymous_reply_count":0,"_bbp_topic_count_hidden":0,"_bbp_reply_count_hidden":0,"_bbp_forum_subforum_count":0,"site-sidebar-layout":"default","site-content-layout":"","ast-site-content-layout":"","site-content-style":"default","site-sidebar-style":"default","ast-global-header-display":"","ast-banner-title-visibility":"","ast-main-header-display":"","ast-hfb-above-header-display":"","ast-hfb-below-header-display":"","ast-hfb-mobile-header-display":"","site-post-title":"","ast-breadcrumbs-content":"","ast-featured-img":"","footer-sml-layout":"","theme-transparent-header-meta":"","adv-header-id-meta":"","stick-header-meta":"","header-above-stick-meta":"","header-main-stick-meta":"","header-below-stick-meta":"","astra-migrate-meta-layouts":"default","ast-page-background-enabled":"default","ast-page-background-meta":{"desktop":{"background-color":"var(--ast-global-color-4)","background-image":"","background-repeat":"repeat","background-position":"center center","background-size":"auto","background-attachment":"scroll","background-type":"","background-media":"","overlay-type":"","overlay-color":"","overlay-opacity":"","overlay-gradient":""},"tablet":{"background-color":"","background-image":"","background-repeat":"repeat","background-position":"center center","background-size":"auto","background-attachment":"scroll","background-type":"","background-media":"","overlay-type":"","overlay-color":"","overlay-opacity":"","overlay-gradient":""},"mobile":{"background-color":"","background-image":"","background-repeat":"repeat","background-position":"center center","background-size":"auto","background-attachment":"scroll","background-type":"","background-media":"","overlay-type":"","overlay-color":"","overlay-opacity":"","overlay-gradient":""}},"ast-content-background-meta":{"desktop":{"background-color":"var(--ast-global-color-5)","background-image":"","background-repeat":"repeat","background-position":"center center","background-size":"auto","background-attachment":"scroll","background-type":"","background-media":"","overlay-type":"","overlay-color":"","overlay-opacity":"","overlay-gradient":""},"tablet":{"background-color":"var(--ast-global-color-5)","background-image":"","background-repeat":"repeat","background-position":"center center","background-size":"auto","background-attachment":"scroll","background-type":"","background-media":"","overlay-type":"","overlay-color":"","overlay-opacity":"","overlay-gradient":""},"mobile":{"background-color":"var(--ast-global-color-5)","background-image":"","background-repeat":"repeat","background-position":"center center","background-size":"auto","background-attachment":"scroll","background-type":"","background-media":"","overlay-type":"","overlay-color":"","overlay-opacity":"","overlay-gradient":""}},"footnotes":""},"class_list":["post-11450","page","type-page","status-publish","hentry"],"post_mailing_queue_ids":[],"_links":{"self":[{"href":"https:\/\/agora.xtec.cat\/ceip-pompeufabra-manlleu\/wp-json\/wp\/v2\/pages\/11450","targetHints":{"allow":["GET"]}}],"collection":[{"href":"https:\/\/agora.xtec.cat\/ceip-pompeufabra-manlleu\/wp-json\/wp\/v2\/pages"}],"about":[{"href":"https:\/\/agora.xtec.cat\/ceip-pompeufabra-manlleu\/wp-json\/wp\/v2\/types\/page"}],"author":[{"embeddable":true,"href":"https:\/\/agora.xtec.cat\/ceip-pompeufabra-manlleu\/wp-json\/wp\/v2\/users\/1"}],"replies":[{"embeddable":true,"href":"https:\/\/agora.xtec.cat\/ceip-pompeufabra-manlleu\/wp-json\/wp\/v2\/comments?post=11450"}],"version-history":[{"count":9,"href":"https:\/\/agora.xtec.cat\/ceip-pompeufabra-manlleu\/wp-json\/wp\/v2\/pages\/11450\/revisions"}],"predecessor-version":[{"id":20995,"href":"https:\/\/agora.xtec.cat\/ceip-pompeufabra-manlleu\/wp-json\/wp\/v2\/pages\/11450\/revisions\/20995"}],"wp:attachment":[{"href":"https:\/\/agora.xtec.cat\/ceip-pompeufabra-manlleu\/wp-json\/wp\/v2\/media?parent=11450"}],"curies":[{"name":"wp","href":"https:\/\/api.w.org\/{rel}","templated":true}]}}