{"id":11414,"date":"2020-01-28T13:33:22","date_gmt":"2020-01-28T12:33:22","guid":{"rendered":"http:\/\/agora.xtec.cat\/ceip-pompeufabra-manlleu\/?page_id=11414"},"modified":"2025-02-24T11:00:13","modified_gmt":"2025-02-24T10:00:13","slug":"millora-de-laprenentatge-del-calcul","status":"publish","type":"page","link":"https:\/\/agora.xtec.cat\/ceip-pompeufabra-manlleu\/millora-de-laprenentatge-del-calcul\/","title":{"rendered":"Matem\u00e0tica competencial i manipulativa"},"content":{"rendered":"<p>Al men\u00fa de l&#8217;esquerra hi ha les estrat\u00e8gies de c\u00e0lcul que es treballen als diferents nivells.<\/p>\n<p>Des de ja fa uns quants cursos, l&#8217;escola treballa les matem\u00e0tiques de manera manipulativa i competencial, des d&#8217;Educaci\u00f3 infantil fins a tots els nivells de Prim\u00e0ria.<\/p>\n<p>Treballar les matem\u00e0tiques de manera vivencial i manipulativa es tracta d\u2019un m\u00e8tode, que comen\u00e7a amb <strong>l\u2019experimentaci\u00f3 i la manipulaci\u00f3<\/strong>\u00a0d\u2019objectes diversos, per facilitar l\u2019acc\u00e9s als infants als\u00a0<strong>aprenentatges abstractes. <\/strong><\/p>\n<p>Sabem que parlar de matem\u00e0tiques manipulatives \u00e9s un proc\u00e9s m\u00e9s llarg del qual la fase manipulativa \u00e9s nom\u00e9s una part. Aquesta fase \u00e9s la primera a treballar-se, per\u00f2 els aprenentatges que es produeixen tenen\u00a0 continu\u00eftat en la fase gr\u00e0fica i simb\u00f2lica<strong>.<\/strong><\/p>\n<p>Aquest material s&#8217;adiu b\u00e9 al nostre enfocament de les matem\u00e0tiques i a la nostra metodologia.<\/p>\n<table>\n<tbody>\n<tr>\n<td><\/td>\n<td><a href=\"https:\/\/agora.xtec.cat\/ceip-pompeufabra-manlleu\/wp-content\/uploads\/usu846\/2025\/02\/IMG_1313.jpg\"><img loading=\"lazy\" decoding=\"async\" class=\"alignnone  wp-image-20905\" src=\"https:\/\/agora.xtec.cat\/ceip-pompeufabra-manlleu\/wp-content\/uploads\/usu846\/2025\/02\/IMG_1313.jpg\" alt=\"\" width=\"303\" height=\"227\" srcset=\"https:\/\/agora.xtec.cat\/ceip-pompeufabra-manlleu\/wp-content\/uploads\/usu846\/2025\/02\/IMG_1313.jpg 640w, https:\/\/agora.xtec.cat\/ceip-pompeufabra-manlleu\/wp-content\/uploads\/usu846\/2025\/02\/IMG_1313-300x225.jpg 300w, https:\/\/agora.xtec.cat\/ceip-pompeufabra-manlleu\/wp-content\/uploads\/usu846\/2025\/02\/IMG_1313-200x150.jpg 200w\" sizes=\"auto, (max-width: 303px) 100vw, 303px\" \/><\/a> <a href=\"https:\/\/agora.xtec.cat\/ceip-pompeufabra-manlleu\/wp-content\/uploads\/usu846\/2025\/02\/IMG_1397-rotated.jpg\"><img loading=\"lazy\" decoding=\"async\" class=\"alignnone  wp-image-20906\" src=\"https:\/\/agora.xtec.cat\/ceip-pompeufabra-manlleu\/wp-content\/uploads\/usu846\/2025\/02\/IMG_1397-rotated.jpg\" alt=\"\" width=\"178\" height=\"238\" srcset=\"https:\/\/agora.xtec.cat\/ceip-pompeufabra-manlleu\/wp-content\/uploads\/usu846\/2025\/02\/IMG_1397-rotated.jpg 480w, https:\/\/agora.xtec.cat\/ceip-pompeufabra-manlleu\/wp-content\/uploads\/usu846\/2025\/02\/IMG_1397-225x300.jpg 225w\" sizes=\"auto, (max-width: 178px) 100vw, 178px\" \/><\/a> <a href=\"https:\/\/agora.xtec.cat\/ceip-pompeufabra-manlleu\/wp-content\/uploads\/usu846\/2025\/02\/WhatsApp-Image-2025-01-17-at-18.14.52-1.jpeg\"><img loading=\"lazy\" decoding=\"async\" class=\"alignnone  wp-image-20907\" src=\"https:\/\/agora.xtec.cat\/ceip-pompeufabra-manlleu\/wp-content\/uploads\/usu846\/2025\/02\/WhatsApp-Image-2025-01-17-at-18.14.52-1-1024x766.jpeg\" alt=\"\" width=\"321\" height=\"240\" srcset=\"https:\/\/agora.xtec.cat\/ceip-pompeufabra-manlleu\/wp-content\/uploads\/usu846\/2025\/02\/WhatsApp-Image-2025-01-17-at-18.14.52-1-1024x766.jpeg 1024w, https:\/\/agora.xtec.cat\/ceip-pompeufabra-manlleu\/wp-content\/uploads\/usu846\/2025\/02\/WhatsApp-Image-2025-01-17-at-18.14.52-1-300x224.jpeg 300w, https:\/\/agora.xtec.cat\/ceip-pompeufabra-manlleu\/wp-content\/uploads\/usu846\/2025\/02\/WhatsApp-Image-2025-01-17-at-18.14.52-1-768x575.jpeg 768w, https:\/\/agora.xtec.cat\/ceip-pompeufabra-manlleu\/wp-content\/uploads\/usu846\/2025\/02\/WhatsApp-Image-2025-01-17-at-18.14.52-1-1536x1149.jpeg 1536w, https:\/\/agora.xtec.cat\/ceip-pompeufabra-manlleu\/wp-content\/uploads\/usu846\/2025\/02\/WhatsApp-Image-2025-01-17-at-18.14.52-1-200x150.jpeg 200w, https:\/\/agora.xtec.cat\/ceip-pompeufabra-manlleu\/wp-content\/uploads\/usu846\/2025\/02\/WhatsApp-Image-2025-01-17-at-18.14.52-1.jpeg 1600w\" sizes=\"auto, (max-width: 321px) 100vw, 321px\" \/><\/a><\/td>\n<\/tr>\n<\/tbody>\n<\/table>\n","protected":false},"excerpt":{"rendered":"<p>Al men\u00fa de l&#8217;esquerra hi ha les estrat\u00e8gies de c\u00e0lcul que es treballen als diferents nivells. Des de ja fa uns quants cursos, l&#8217;escola treballa les matem\u00e0tiques de manera manipulativa i competencial, des d&#8217;Educaci\u00f3 infantil fins a tots els nivells de Prim\u00e0ria. Treballar les matem\u00e0tiques de manera vivencial i manipulativa es tracta d\u2019un m\u00e8tode, que [&hellip;]<\/p>\n","protected":false},"author":1,"featured_media":0,"parent":0,"menu_order":0,"comment_status":"closed","ping_status":"closed","template":"page-templates\/side-menu.php","meta":{"_bbp_topic_count":0,"_bbp_reply_count":0,"_bbp_total_topic_count":0,"_bbp_total_reply_count":0,"_bbp_voice_count":0,"_bbp_anonymous_reply_count":0,"_bbp_topic_count_hidden":0,"_bbp_reply_count_hidden":0,"_bbp_forum_subforum_count":0,"site-sidebar-layout":"default","site-content-layout":"","ast-site-content-layout":"","site-content-style":"default","site-sidebar-style":"default","ast-global-header-display":"","ast-banner-title-visibility":"","ast-main-header-display":"","ast-hfb-above-header-display":"","ast-hfb-below-header-display":"","ast-hfb-mobile-header-display":"","site-post-title":"","ast-breadcrumbs-content":"","ast-featured-img":"","footer-sml-layout":"","theme-transparent-header-meta":"","adv-header-id-meta":"","stick-header-meta":"","header-above-stick-meta":"","header-main-stick-meta":"","header-below-stick-meta":"","astra-migrate-meta-layouts":"default","ast-page-background-enabled":"default","ast-page-background-meta":{"desktop":{"background-color":"var(--ast-global-color-4)","background-image":"","background-repeat":"repeat","background-position":"center center","background-size":"auto","background-attachment":"scroll","background-type":"","background-media":"","overlay-type":"","overlay-color":"","overlay-opacity":"","overlay-gradient":""},"tablet":{"background-color":"","background-image":"","background-repeat":"repeat","background-position":"center center","background-size":"auto","background-attachment":"scroll","background-type":"","background-media":"","overlay-type":"","overlay-color":"","overlay-opacity":"","overlay-gradient":""},"mobile":{"background-color":"","background-image":"","background-repeat":"repeat","background-position":"center center","background-size":"auto","background-attachment":"scroll","background-type":"","background-media":"","overlay-type":"","overlay-color":"","overlay-opacity":"","overlay-gradient":""}},"ast-content-background-meta":{"desktop":{"background-color":"var(--ast-global-color-5)","background-image":"","background-repeat":"repeat","background-position":"center center","background-size":"auto","background-attachment":"scroll","background-type":"","background-media":"","overlay-type":"","overlay-color":"","overlay-opacity":"","overlay-gradient":""},"tablet":{"background-color":"var(--ast-global-color-5)","background-image":"","background-repeat":"repeat","background-position":"center center","background-size":"auto","background-attachment":"scroll","background-type":"","background-media":"","overlay-type":"","overlay-color":"","overlay-opacity":"","overlay-gradient":""},"mobile":{"background-color":"var(--ast-global-color-5)","background-image":"","background-repeat":"repeat","background-position":"center center","background-size":"auto","background-attachment":"scroll","background-type":"","background-media":"","overlay-type":"","overlay-color":"","overlay-opacity":"","overlay-gradient":""}},"footnotes":""},"class_list":["post-11414","page","type-page","status-publish","hentry"],"post_mailing_queue_ids":[],"_links":{"self":[{"href":"https:\/\/agora.xtec.cat\/ceip-pompeufabra-manlleu\/wp-json\/wp\/v2\/pages\/11414","targetHints":{"allow":["GET"]}}],"collection":[{"href":"https:\/\/agora.xtec.cat\/ceip-pompeufabra-manlleu\/wp-json\/wp\/v2\/pages"}],"about":[{"href":"https:\/\/agora.xtec.cat\/ceip-pompeufabra-manlleu\/wp-json\/wp\/v2\/types\/page"}],"author":[{"embeddable":true,"href":"https:\/\/agora.xtec.cat\/ceip-pompeufabra-manlleu\/wp-json\/wp\/v2\/users\/1"}],"replies":[{"embeddable":true,"href":"https:\/\/agora.xtec.cat\/ceip-pompeufabra-manlleu\/wp-json\/wp\/v2\/comments?post=11414"}],"version-history":[{"count":6,"href":"https:\/\/agora.xtec.cat\/ceip-pompeufabra-manlleu\/wp-json\/wp\/v2\/pages\/11414\/revisions"}],"predecessor-version":[{"id":20908,"href":"https:\/\/agora.xtec.cat\/ceip-pompeufabra-manlleu\/wp-json\/wp\/v2\/pages\/11414\/revisions\/20908"}],"wp:attachment":[{"href":"https:\/\/agora.xtec.cat\/ceip-pompeufabra-manlleu\/wp-json\/wp\/v2\/media?parent=11414"}],"curies":[{"name":"wp","href":"https:\/\/api.w.org\/{rel}","templated":true}]}}