{"id":10567,"date":"2019-09-06T14:46:53","date_gmt":"2019-09-06T12:46:53","guid":{"rendered":"http:\/\/agora.xtec.cat\/ceip-pompeufabra-manlleu\/?page_id=10567"},"modified":"2022-02-12T10:51:04","modified_gmt":"2022-02-12T09:51:04","slug":"colonies","status":"publish","type":"page","link":"https:\/\/agora.xtec.cat\/ceip-pompeufabra-manlleu\/ampa\/colonies\/","title":{"rendered":"Col\u00f2nies"},"content":{"rendered":"<p>MEMBRES DE LA COMISSI\u00d3: Mariona Gavald\u00e0 (1rB i P3B)<\/p>\n<p>L&#8217;objectiu d&#8217;aquesta comissi\u00f3 \u00e9s coordinar les col\u00f2nies d&#8217;estiu, vetllant en tot moment per la seva qualitat i millora continua.<\/p>\n<h4 data-fontsize=\"26\" data-lineheight=\"42\">Tasques:<\/h4>\n<ul>\n<li>Coordinar amb el prove\u00efdor del servei, l\u2019organitzaci\u00f3 de les col\u00f2nies d\u2019estiu.<\/li>\n<li>En coordinaci\u00f3 amb la comissi\u00f3 de comunicaci\u00f3, facilitar informaci\u00f3 a totes les fam\u00edlies interessades en inscriure&#8217;s (xerrades informatives, comunicats).<\/li>\n<li>Fer el seguiment del funcionament de les col\u00f2nies i resol les incid\u00e8ncies.<\/li>\n<li>Facilita la comunicaci\u00f3 entre el prove\u00efdor i les fam\u00edlies: Informant de tot all\u00f2 necessari per a l&#8217;activitat, recollint qualsevol proposta o inquietud de les fam\u00edlies, aix\u00ed com resolent dubtes.<\/li>\n<li>Vetlla per la qualitat del servei i la seva millora continua.<\/li>\n<\/ul>\n<p>Podeu contactar-hi a trav\u00e9s del correu <span style=\"color: #008000;\">ampa.colonies@escolapompeufabra.org.<\/span><\/p>\n<div class=\"fusion-fullwidth fullwidth-box nonhundred-percent-fullwidth\">\n<div class=\"fusion-builder-row fusion-row \">\n<div class=\"fusion-layout-column fusion_builder_column fusion_builder_column_1_1 fusion-one-full fusion-column-first fusion-column-last fusion-column-no-min-height 1_1\">\n<div class=\"fusion-column-wrapper\" data-bg-url=\"\">\n<p data-fontsize=\"26\" data-lineheight=\"42\"><span style=\"text-decoration: underline;\"><strong>Vols participar?<\/strong><\/span> Envia&#8217;ns un correu a ampa@escolapompeufabra.org,i en breu ens posarem amb contacte amb tu! Gr\u00e0cies<\/p>\n<\/div>\n<\/div>\n<\/div>\n<\/div>\n","protected":false},"excerpt":{"rendered":"<p>MEMBRES DE LA COMISSI\u00d3: Mariona Gavald\u00e0 (1rB i P3B) L&#8217;objectiu d&#8217;aquesta comissi\u00f3 \u00e9s coordinar les col\u00f2nies d&#8217;estiu, vetllant en tot moment per la seva qualitat i millora continua. Tasques: Coordinar amb el prove\u00efdor del servei, l\u2019organitzaci\u00f3 de les col\u00f2nies d\u2019estiu. En coordinaci\u00f3 amb la comissi\u00f3 de comunicaci\u00f3, facilitar informaci\u00f3 a totes les fam\u00edlies interessades en [&hellip;]<\/p>\n","protected":false},"author":58,"featured_media":0,"parent":516,"menu_order":0,"comment_status":"closed","ping_status":"closed","template":"","meta":{"_bbp_topic_count":0,"_bbp_reply_count":0,"_bbp_total_topic_count":0,"_bbp_total_reply_count":0,"_bbp_voice_count":0,"_bbp_anonymous_reply_count":0,"_bbp_topic_count_hidden":0,"_bbp_reply_count_hidden":0,"_bbp_forum_subforum_count":0,"site-sidebar-layout":"default","site-content-layout":"","ast-site-content-layout":"","site-content-style":"default","site-sidebar-style":"default","ast-global-header-display":"","ast-banner-title-visibility":"","ast-main-header-display":"","ast-hfb-above-header-display":"","ast-hfb-below-header-display":"","ast-hfb-mobile-header-display":"","site-post-title":"","ast-breadcrumbs-content":"","ast-featured-img":"","footer-sml-layout":"","theme-transparent-header-meta":"","adv-header-id-meta":"","stick-header-meta":"","header-above-stick-meta":"","header-main-stick-meta":"","header-below-stick-meta":"","astra-migrate-meta-layouts":"default","ast-page-background-enabled":"default","ast-page-background-meta":{"desktop":{"background-color":"var(--ast-global-color-4)","background-image":"","background-repeat":"repeat","background-position":"center center","background-size":"auto","background-attachment":"scroll","background-type":"","background-media":"","overlay-type":"","overlay-color":"","overlay-opacity":"","overlay-gradient":""},"tablet":{"background-color":"","background-image":"","background-repeat":"repeat","background-position":"center center","background-size":"auto","background-attachment":"scroll","background-type":"","background-media":"","overlay-type":"","overlay-color":"","overlay-opacity":"","overlay-gradient":""},"mobile":{"background-color":"","background-image":"","background-repeat":"repeat","background-position":"center center","background-size":"auto","background-attachment":"scroll","background-type":"","background-media":"","overlay-type":"","overlay-color":"","overlay-opacity":"","overlay-gradient":""}},"ast-content-background-meta":{"desktop":{"background-color":"var(--ast-global-color-5)","background-image":"","background-repeat":"repeat","background-position":"center center","background-size":"auto","background-attachment":"scroll","background-type":"","background-media":"","overlay-type":"","overlay-color":"","overlay-opacity":"","overlay-gradient":""},"tablet":{"background-color":"var(--ast-global-color-5)","background-image":"","background-repeat":"repeat","background-position":"center center","background-size":"auto","background-attachment":"scroll","background-type":"","background-media":"","overlay-type":"","overlay-color":"","overlay-opacity":"","overlay-gradient":""},"mobile":{"background-color":"var(--ast-global-color-5)","background-image":"","background-repeat":"repeat","background-position":"center center","background-size":"auto","background-attachment":"scroll","background-type":"","background-media":"","overlay-type":"","overlay-color":"","overlay-opacity":"","overlay-gradient":""}},"footnotes":""},"class_list":["post-10567","page","type-page","status-publish","hentry"],"post_mailing_queue_ids":[],"_links":{"self":[{"href":"https:\/\/agora.xtec.cat\/ceip-pompeufabra-manlleu\/wp-json\/wp\/v2\/pages\/10567","targetHints":{"allow":["GET"]}}],"collection":[{"href":"https:\/\/agora.xtec.cat\/ceip-pompeufabra-manlleu\/wp-json\/wp\/v2\/pages"}],"about":[{"href":"https:\/\/agora.xtec.cat\/ceip-pompeufabra-manlleu\/wp-json\/wp\/v2\/types\/page"}],"author":[{"embeddable":true,"href":"https:\/\/agora.xtec.cat\/ceip-pompeufabra-manlleu\/wp-json\/wp\/v2\/users\/58"}],"replies":[{"embeddable":true,"href":"https:\/\/agora.xtec.cat\/ceip-pompeufabra-manlleu\/wp-json\/wp\/v2\/comments?post=10567"}],"version-history":[{"count":3,"href":"https:\/\/agora.xtec.cat\/ceip-pompeufabra-manlleu\/wp-json\/wp\/v2\/pages\/10567\/revisions"}],"predecessor-version":[{"id":17324,"href":"https:\/\/agora.xtec.cat\/ceip-pompeufabra-manlleu\/wp-json\/wp\/v2\/pages\/10567\/revisions\/17324"}],"up":[{"embeddable":true,"href":"https:\/\/agora.xtec.cat\/ceip-pompeufabra-manlleu\/wp-json\/wp\/v2\/pages\/516"}],"wp:attachment":[{"href":"https:\/\/agora.xtec.cat\/ceip-pompeufabra-manlleu\/wp-json\/wp\/v2\/media?parent=10567"}],"curies":[{"name":"wp","href":"https:\/\/api.w.org\/{rel}","templated":true}]}}